{"id":911,"date":"1944-03-18T10:28:18","date_gmt":"1944-03-18T09:28:18","guid":{"rendered":"https:\/\/mwb.com.pl\/wdrodze\/?page_id=911"},"modified":"2021-04-23T08:38:30","modified_gmt":"2021-04-23T06:38:30","slug":"1944-2","status":"publish","type":"page","link":"https:\/\/mwb.com.pl\/wdrodze\/kalendarium\/1944-2\/","title":{"rendered":"1944"},"content":{"rendered":"\t\t<div data-elementor-type=\"wp-page\" data-elementor-id=\"911\" class=\"elementor elementor-911\">\n\t\t\t\t\t\t<section class=\"elementor-section elementor-top-section elementor-element elementor-element-7bf8d9c elementor-section-boxed elementor-section-height-default elementor-section-height-default\" data-id=\"7bf8d9c\" data-element_type=\"section\" data-e-type=\"section\">\n\t\t\t\t\t\t<div class=\"elementor-container elementor-column-gap-default\">\n\t\t\t\t\t<div class=\"elementor-column elementor-col-33 elementor-top-column elementor-element elementor-element-1ffd6b8\" data-id=\"1ffd6b8\" data-element_type=\"column\" data-e-type=\"column\">\n\t\t\t<div class=\"elementor-widget-wrap\">\n\t\t\t\t\t\t\t<\/div>\n\t\t<\/div>\n\t\t\t\t<div class=\"elementor-column elementor-col-33 elementor-top-column elementor-element elementor-element-7bc8c82\" data-id=\"7bc8c82\" data-element_type=\"column\" data-e-type=\"column\">\n\t\t\t<div class=\"elementor-widget-wrap elementor-element-populated\">\n\t\t\t\t\t\t<div class=\"elementor-element elementor-element-f6f474b elementor-widget elementor-widget-image\" data-id=\"f6f474b\" data-element_type=\"widget\" data-e-type=\"widget\" data-widget_type=\"image.default\">\n\t\t\t\t<div class=\"elementor-widget-container\">\n\t\t\t\t\t\t\t\t\t\t\t\t\t\t\t<img fetchpriority=\"high\" decoding=\"async\" width=\"723\" height=\"502\" src=\"https:\/\/mwb.com.pl\/wdrodze\/wp-content\/uploads\/2021\/03\/1944_sepia.jpg\" class=\"attachment-full size-full wp-image-1266\" alt=\"Na zdj\u0119ciu: Ruiny klasztoru na Monte Cassino, W\u0142ochy, 1944 r. Fotografia ze zbior\u00f3w Muzeum Wojska w Bia\u0142ymstoku, nr inw. MWB\/D\/2806\" srcset=\"https:\/\/mwb.com.pl\/wdrodze\/wp-content\/uploads\/2021\/03\/1944_sepia.jpg 723w, https:\/\/mwb.com.pl\/wdrodze\/wp-content\/uploads\/2021\/03\/1944_sepia-300x208.jpg 300w, https:\/\/mwb.com.pl\/wdrodze\/wp-content\/uploads\/2021\/03\/1944_sepia-230x160.jpg 230w, https:\/\/mwb.com.pl\/wdrodze\/wp-content\/uploads\/2021\/03\/1944_sepia-350x243.jpg 350w, https:\/\/mwb.com.pl\/wdrodze\/wp-content\/uploads\/2021\/03\/1944_sepia-480x333.jpg 480w\" sizes=\"(max-width: 723px) 100vw, 723px\" \/>\t\t\t\t\t\t\t\t\t\t\t\t\t\t\t<\/div>\n\t\t\t\t<\/div>\n\t\t\t\t\t<\/div>\n\t\t<\/div>\n\t\t\t\t<div class=\"elementor-column elementor-col-33 elementor-top-column elementor-element elementor-element-0f8bcec\" data-id=\"0f8bcec\" data-element_type=\"column\" data-e-type=\"column\">\n\t\t\t<div class=\"elementor-widget-wrap\">\n\t\t\t\t\t\t\t<\/div>\n\t\t<\/div>\n\t\t\t\t\t<\/div>\n\t\t<\/section>\n\t\t\t\t<section class=\"elementor-section elementor-top-section elementor-element elementor-element-d89f038 elementor-section-boxed elementor-section-height-default elementor-section-height-default\" data-id=\"d89f038\" data-element_type=\"section\" data-e-type=\"section\">\n\t\t\t\t\t\t<div class=\"elementor-container elementor-column-gap-default\">\n\t\t\t\t\t<div class=\"elementor-column elementor-col-33 elementor-top-column elementor-element elementor-element-1dfd19f\" data-id=\"1dfd19f\" data-element_type=\"column\" data-e-type=\"column\">\n\t\t\t<div class=\"elementor-widget-wrap\">\n\t\t\t\t\t\t\t<\/div>\n\t\t<\/div>\n\t\t\t\t<div class=\"elementor-column elementor-col-33 elementor-top-column elementor-element elementor-element-6a04912\" data-id=\"6a04912\" data-element_type=\"column\" data-e-type=\"column\">\n\t\t\t<div class=\"elementor-widget-wrap elementor-element-populated\">\n\t\t\t\t\t\t<div class=\"elementor-element elementor-element-4fd9324 elementor-widget elementor-widget-text-editor\" data-id=\"4fd9324\" data-element_type=\"widget\" data-e-type=\"widget\" data-widget_type=\"text-editor.default\">\n\t\t\t\t<div class=\"elementor-widget-container\">\n\t\t\t\t\t\t\t\t\t<p>Na zdj\u0119ciu: Ruiny klasztoru na Monte Cassino, W\u0142ochy, 1944 r. Fotografia ze zbior\u00f3w Muzeum Wojska w Bia\u0142ymstoku, nr inw. MWB\/D\/2806<\/p>\t\t\t\t\t\t\t\t<\/div>\n\t\t\t\t<\/div>\n\t\t\t\t\t<\/div>\n\t\t<\/div>\n\t\t\t\t<div class=\"elementor-column elementor-col-33 elementor-top-column elementor-element elementor-element-7024b62\" data-id=\"7024b62\" data-element_type=\"column\" data-e-type=\"column\">\n\t\t\t<div class=\"elementor-widget-wrap\">\n\t\t\t\t\t\t\t<\/div>\n\t\t<\/div>\n\t\t\t\t\t<\/div>\n\t\t<\/section>\n\t\t\t\t<section class=\"elementor-section elementor-top-section elementor-element elementor-element-a1b3382 elementor-section-boxed elementor-section-height-default elementor-section-height-default\" data-id=\"a1b3382\" data-element_type=\"section\" data-e-type=\"section\">\n\t\t\t\t\t\t<div class=\"elementor-container elementor-column-gap-default\">\n\t\t\t\t\t<div class=\"elementor-column elementor-col-100 elementor-top-column elementor-element elementor-element-5c56356\" data-id=\"5c56356\" data-element_type=\"column\" data-e-type=\"column\">\n\t\t\t<div class=\"elementor-widget-wrap elementor-element-populated\">\n\t\t\t\t\t\t<div class=\"elementor-element elementor-element-2c6107d elementor-widget elementor-widget-text-editor\" data-id=\"2c6107d\" data-element_type=\"widget\" data-e-type=\"widget\" data-widget_type=\"text-editor.default\">\n\t\t\t\t<div class=\"elementor-widget-container\">\n\t\t\t\t\t\t\t\t\t<p><strong>2.02.<\/strong> \u017bo\u0142nierze 3. DSK rozpocz\u0119li luzowanie brytyjskiej 78. Dywizji Piechoty nad rzek\u0105 Sangro. Do ko\u0144ca marca trwa\u0142 przerzut oddzia\u0142\u00f3w 2. KP. Dzia\u0142ania bojowe ogranicza\u0142y si\u0119 do akcji patrolowych.<\/p><p><strong>24.03.<\/strong> Dow\u00f3dca brytyjskiej 8. Armii gen-por Olivier Leese poinformowa\u0142 gen. W. Andersa o przygotowaniach do czwartej bitwy o Monte Cassino. Natarcie mia\u0142o na celu prze\u0142amanie Linii Gustawa i Hitlera, kt\u00f3re zagradza\u0142y aliantom drog\u0119 do Rzymu. W jego planach 2. KP mia\u0142 prze\u0142ama\u0107 niemieckie pozycje w masywie Monte Cassino \u2013 zdoby\u0107 klasztor i miejscowo\u015b\u0107 Piedimonte. Gen. W. Anders mia\u0142 10 minut na przyj\u0119cie lub odrzucenie zadania, ostatecznie wyrazi\u0142 zgod\u0119. Decyzja zosta\u0142a podj\u0119ta bez powiadomienia gen. K. Sosnkowskiego.<\/p><p><strong>24\u201327.04.<\/strong> Jednostki polskie wesz\u0142y na odcinek Monte Cassino.<\/p><p><strong>12\u201318.05.<\/strong> Walki o wzg\u00f3rze i klasztor, w kt\u00f3rych zgin\u0119\u0142o 923 \u017co\u0142nierzy, 2931 zosta\u0142o rannych, a 345 uznano za zaginionych.<\/p><p><strong>18.05.<\/strong> Rankiem 3. DSK zdoby\u0142a ostatecznie wzg\u00f3rze 593. Oko\u0142o godz. 10:00 do klasztoru wkroczy\u0142 patrol 12. Pu\u0142ku U\u0142an\u00f3w Podolskich, dowodzony przez ppor. Kazimierza Gurbiela, kt\u00f3ry na ruinach klasztoru zawiesi\u0142 proporczyk pu\u0142kowy. Wkr\u00f3tce na murach opactwa pojawi\u0142a si\u0119 bia\u0142o-czerwona flaga, a nast\u0119pnie obok flaga brytyjska. Po po\u0142udniu na wzg\u00f3rzu odegrany zosta\u0142 hejna\u0142 mariacki.<\/p><p><strong>25.05.<\/strong> Pole bitwy wizytowa\u0142 gen. W. Anders.<\/p><p><strong>8.06.<\/strong> \u017bo\u0142nierze 2. KP otrzymali zadanie rozwini\u0119cia natarcia na samodzielnym kierunku operacyjnym wzd\u0142u\u017c Adriatyku na Ankon\u0119.<\/p><p><strong>18.07.<\/strong> Zdobycie Ankony.<\/p><p><strong>Sierpie\u0144.<\/strong> Zaci\u0119te walki w rejonie rzek Cesano i Metauro.<\/p><p><strong>Pa\u017adziernik.<\/strong> Po trwaj\u0105cym niespe\u0142na miesi\u0105c odpoczynku \u017co\u0142nierze 2. KP weszli do pierwszego rzutu 8. Armii i walczyli wzd\u0142u\u017c drogi numer 9 z Ankony do Bolonii.<\/p><p><strong>17.12.<\/strong> 2. KP doszed\u0142 do rzeki Senio, na kt\u00f3rej przez kilka miesi\u0119cy ustabilizowa\u0142a si\u0119 linia frontu. <\/p>\t\t\t\t\t\t\t\t<\/div>\n\t\t\t\t<\/div>\n\t\t\t\t\t<\/div>\n\t\t<\/div>\n\t\t\t\t\t<\/div>\n\t\t<\/section>\n\t\t\t\t<section class=\"elementor-section elementor-top-section elementor-element elementor-element-869e904 elementor-section-boxed elementor-section-height-default elementor-section-height-default\" data-id=\"869e904\" data-element_type=\"section\" data-e-type=\"section\">\n\t\t\t\t\t\t<div class=\"elementor-container elementor-column-gap-default\">\n\t\t\t\t\t<div class=\"elementor-column elementor-col-100 elementor-top-column elementor-element elementor-element-65fb24c\" data-id=\"65fb24c\" data-element_type=\"column\" data-e-type=\"column\">\n\t\t\t<div class=\"elementor-widget-wrap elementor-element-populated\">\n\t\t\t\t\t\t<div class=\"elementor-element elementor-element-49ec3db elementor-widget elementor-widget-html\" data-id=\"49ec3db\" data-element_type=\"widget\" data-e-type=\"widget\" data-widget_type=\"html.default\">\n\t\t\t\t<div class=\"elementor-widget-container\">\n\t\t\t\t\t<a href=\"https:\/\/mwb.com.pl\/wdrodze\/kalendarium\/\">POWR\u00d3T DO KALENDARIUM<\/a>\n\t\t\t\t<\/div>\n\t\t\t\t<\/div>\n\t\t\t\t\t<\/div>\n\t\t<\/div>\n\t\t\t\t\t<\/div>\n\t\t<\/section>\n\t\t\t\t<\/div>\n\t\t","protected":false},"excerpt":{"rendered":"<p>Na zdj\u0119ciu: Ruiny klasztoru na Monte Cassino, W\u0142ochy, 1944 r. Fotografia ze zbior\u00f3w Muzeum Wojska w Bia\u0142ymstoku, nr inw. MWB\/D\/2806 2.02. \u017bo\u0142nierze 3. DSK rozpocz\u0119li luzowanie brytyjskiej 78. Dywizji Piechoty nad rzek\u0105 Sangro. Do ko\u0144ca marca trwa\u0142 przerzut oddzia\u0142\u00f3w 2. KP. Dzia\u0142ania bojowe ogranicza\u0142y si\u0119 do akcji patrolowych. 24.03. Dow\u00f3dca brytyjskiej 8. Armii gen-por Olivier [&hellip;]<\/p>\n","protected":false},"author":1,"featured_media":1266,"parent":12,"menu_order":0,"comment_status":"closed","ping_status":"closed","template":"page-templates\/page_fullwidth.php","meta":{"footnotes":""},"class_list":["post-911","page","type-page","status-publish","has-post-thumbnail","hentry"],"_links":{"self":[{"href":"https:\/\/mwb.com.pl\/wdrodze\/wp-json\/wp\/v2\/pages\/911","targetHints":{"allow":["GET"]}}],"collection":[{"href":"https:\/\/mwb.com.pl\/wdrodze\/wp-json\/wp\/v2\/pages"}],"about":[{"href":"https:\/\/mwb.com.pl\/wdrodze\/wp-json\/wp\/v2\/types\/page"}],"author":[{"embeddable":true,"href":"https:\/\/mwb.com.pl\/wdrodze\/wp-json\/wp\/v2\/users\/1"}],"replies":[{"embeddable":true,"href":"https:\/\/mwb.com.pl\/wdrodze\/wp-json\/wp\/v2\/comments?post=911"}],"version-history":[{"count":34,"href":"https:\/\/mwb.com.pl\/wdrodze\/wp-json\/wp\/v2\/pages\/911\/revisions"}],"predecessor-version":[{"id":1821,"href":"https:\/\/mwb.com.pl\/wdrodze\/wp-json\/wp\/v2\/pages\/911\/revisions\/1821"}],"up":[{"embeddable":true,"href":"https:\/\/mwb.com.pl\/wdrodze\/wp-json\/wp\/v2\/pages\/12"}],"wp:featuredmedia":[{"embeddable":true,"href":"https:\/\/mwb.com.pl\/wdrodze\/wp-json\/wp\/v2\/media\/1266"}],"wp:attachment":[{"href":"https:\/\/mwb.com.pl\/wdrodze\/wp-json\/wp\/v2\/media?parent=911"}],"curies":[{"name":"wp","href":"https:\/\/api.w.org\/{rel}","templated":true}]}}