{"id":889,"date":"1942-03-18T10:19:05","date_gmt":"1942-03-18T08:19:05","guid":{"rendered":"https:\/\/mwb.com.pl\/wdrodze\/?page_id=889"},"modified":"2021-04-23T08:36:06","modified_gmt":"2021-04-23T06:36:06","slug":"1942-2","status":"publish","type":"page","link":"https:\/\/mwb.com.pl\/wdrodze\/kalendarium\/1942-2\/","title":{"rendered":"1942"},"content":{"rendered":"\t\t<div data-elementor-type=\"wp-page\" data-elementor-id=\"889\" class=\"elementor elementor-889\">\n\t\t\t\t\t\t<section class=\"elementor-section elementor-top-section elementor-element elementor-element-b63c470 elementor-section-boxed elementor-section-height-default elementor-section-height-default\" data-id=\"b63c470\" data-element_type=\"section\" data-e-type=\"section\">\n\t\t\t\t\t\t<div class=\"elementor-container elementor-column-gap-default\">\n\t\t\t\t\t<div class=\"elementor-column elementor-col-33 elementor-top-column elementor-element elementor-element-c43fbd4\" data-id=\"c43fbd4\" data-element_type=\"column\" data-e-type=\"column\">\n\t\t\t<div class=\"elementor-widget-wrap\">\n\t\t\t\t\t\t\t<\/div>\n\t\t<\/div>\n\t\t\t\t<div class=\"elementor-column elementor-col-33 elementor-top-column elementor-element elementor-element-9025653\" data-id=\"9025653\" data-element_type=\"column\" data-e-type=\"column\">\n\t\t\t<div class=\"elementor-widget-wrap elementor-element-populated\">\n\t\t\t\t\t\t<div class=\"elementor-element elementor-element-dae48c9 elementor-widget elementor-widget-image\" data-id=\"dae48c9\" data-element_type=\"widget\" data-e-type=\"widget\" data-widget_type=\"image.default\">\n\t\t\t\t<div class=\"elementor-widget-container\">\n\t\t\t\t\t\t\t\t\t\t\t\t\t\t\t<img fetchpriority=\"high\" decoding=\"async\" width=\"723\" height=\"502\" src=\"https:\/\/mwb.com.pl\/wdrodze\/wp-content\/uploads\/2021\/03\/1942_sepia.jpg\" class=\"attachment-full size-full wp-image-1250\" alt=\"Na zdj\u0119ciu: \u017bo\u0142nierze 5. Kresowej Dywizji Piechoty, Irak, 1942 r. Fotografia ze zbior\u00f3w Muzeum Wojska w Bia\u0142ymstoku, nr inw. MWB\/D\/2818\" srcset=\"https:\/\/mwb.com.pl\/wdrodze\/wp-content\/uploads\/2021\/03\/1942_sepia.jpg 723w, https:\/\/mwb.com.pl\/wdrodze\/wp-content\/uploads\/2021\/03\/1942_sepia-300x208.jpg 300w, https:\/\/mwb.com.pl\/wdrodze\/wp-content\/uploads\/2021\/03\/1942_sepia-230x160.jpg 230w, https:\/\/mwb.com.pl\/wdrodze\/wp-content\/uploads\/2021\/03\/1942_sepia-350x243.jpg 350w, https:\/\/mwb.com.pl\/wdrodze\/wp-content\/uploads\/2021\/03\/1942_sepia-480x333.jpg 480w\" sizes=\"(max-width: 723px) 100vw, 723px\" \/>\t\t\t\t\t\t\t\t\t\t\t\t\t\t\t<\/div>\n\t\t\t\t<\/div>\n\t\t\t\t\t<\/div>\n\t\t<\/div>\n\t\t\t\t<div class=\"elementor-column elementor-col-33 elementor-top-column elementor-element elementor-element-2ae02ad\" data-id=\"2ae02ad\" data-element_type=\"column\" data-e-type=\"column\">\n\t\t\t<div class=\"elementor-widget-wrap\">\n\t\t\t\t\t\t\t<\/div>\n\t\t<\/div>\n\t\t\t\t\t<\/div>\n\t\t<\/section>\n\t\t\t\t<section class=\"elementor-section elementor-top-section elementor-element elementor-element-f51a755 elementor-section-boxed elementor-section-height-default elementor-section-height-default\" data-id=\"f51a755\" data-element_type=\"section\" data-e-type=\"section\">\n\t\t\t\t\t\t<div class=\"elementor-container elementor-column-gap-default\">\n\t\t\t\t\t<div class=\"elementor-column elementor-col-33 elementor-top-column elementor-element elementor-element-2a203aa\" data-id=\"2a203aa\" data-element_type=\"column\" data-e-type=\"column\">\n\t\t\t<div class=\"elementor-widget-wrap\">\n\t\t\t\t\t\t\t<\/div>\n\t\t<\/div>\n\t\t\t\t<div class=\"elementor-column elementor-col-33 elementor-top-column elementor-element elementor-element-da3d061\" data-id=\"da3d061\" data-element_type=\"column\" data-e-type=\"column\">\n\t\t\t<div class=\"elementor-widget-wrap elementor-element-populated\">\n\t\t\t\t\t\t<div class=\"elementor-element elementor-element-fb284b9 elementor-widget elementor-widget-text-editor\" data-id=\"fb284b9\" data-element_type=\"widget\" data-e-type=\"widget\" data-widget_type=\"text-editor.default\">\n\t\t\t\t<div class=\"elementor-widget-container\">\n\t\t\t\t\t\t\t\t\t<p>Na zdj\u0119ciu: \u017bo\u0142nierze 5. Kresowej Dywizji Piechoty, Irak, 1942 r. Fotografia ze zbior\u00f3w Muzeum Wojska w Bia\u0142ymstoku, nr inw. MWB\/D\/2818<\/p>\t\t\t\t\t\t\t\t<\/div>\n\t\t\t\t<\/div>\n\t\t\t\t\t<\/div>\n\t\t<\/div>\n\t\t\t\t<div class=\"elementor-column elementor-col-33 elementor-top-column elementor-element elementor-element-1fd1c29\" data-id=\"1fd1c29\" data-element_type=\"column\" data-e-type=\"column\">\n\t\t\t<div class=\"elementor-widget-wrap\">\n\t\t\t\t\t\t\t<\/div>\n\t\t<\/div>\n\t\t\t\t\t<\/div>\n\t\t<\/section>\n\t\t\t\t<section class=\"elementor-section elementor-top-section elementor-element elementor-element-773c15d elementor-section-boxed elementor-section-height-default elementor-section-height-default\" data-id=\"773c15d\" data-element_type=\"section\" data-e-type=\"section\">\n\t\t\t\t\t\t<div class=\"elementor-container elementor-column-gap-default\">\n\t\t\t\t\t<div class=\"elementor-column elementor-col-100 elementor-top-column elementor-element elementor-element-7da16d3\" data-id=\"7da16d3\" data-element_type=\"column\" data-e-type=\"column\">\n\t\t\t<div class=\"elementor-widget-wrap elementor-element-populated\">\n\t\t\t\t\t\t<div class=\"elementor-element elementor-element-3432ae9 elementor-widget elementor-widget-text-editor\" data-id=\"3432ae9\" data-element_type=\"widget\" data-e-type=\"widget\" data-widget_type=\"text-editor.default\">\n\t\t\t\t<div class=\"elementor-widget-container\">\n\t\t\t\t\t\t\t\t\t<p><strong>15.01.\u201325.02.<\/strong> Przejazd oddzia\u0142\u00f3w Armii Polskiej do republik azjatyckich, wyznaczonych przez w\u0142adze sowieckie jako nowe miejsce postoju. W trakcie transportu do Kazachstanu, Uzbekistanu i Kirgizji zmar\u0142o wielu \u017co\u0142nierzy.<\/p><p><strong>6.03.<\/strong> Sowieci zawiadomili o zmniejszeniu liczby racji \u017cywno\u015bciowych do 26 000 porcji. Kilkana\u015bcie dni p\u00f3\u017aniej gen. W. Anders i p\u0142k Leopold Okulicki zostali przyj\u0119ci przez J\u00f3zefa Stalina. W trakcie spotkania dow\u00f3dca armii uzyska\u0142 zgod\u0119 na zwi\u0119kszenie racji do 44 000, a nadwy\u017cka \u017co\u0142nierzy mia\u0142a by\u0107 ewakuowana do Persji.<\/p><p><strong>17.03.<\/strong> Dow\u00f3dztwo armii polskiej utworzy\u0142o Rad\u0119 Opieki Spo\u0142ecznej dla polskich cywil\u00f3w; komitety obj\u0119\u0142y dzia\u0142alno\u015bci\u0105 ok. 370 000 os\u00f3b.<\/p><p><strong>24.03.\u20134.04.<\/strong> Pierwsza ewakuacja: przez Krasnowodzk do Iranu trafi\u0142o ponad 33 000 \u017co\u0142nierzy, ok. 11 000 os\u00f3b cywilnych (w tym 3000 dzieci).<\/p><p><strong>5.04.<\/strong> Pozostaj\u0105cy w ZSRS obywatele polscy otrzymali zakaz podr\u00f3\u017cowania. Pogorszy\u0142a si\u0119 tak\u017ce sytuacja \u017cywieniowa polskich \u017co\u0142nierzy.<\/p><p><strong>Czerwiec.<\/strong> Wielka Brytania negocjowa\u0142a z ZSRR ewakuacj\u0119 \u017co\u0142nierzy armii polskiej do Iranu, a nast\u0119pnie Iraku. Wzmacniaj\u0105c brytyjsk\u0105 8. Armi\u0119 mia\u0142a pom\u00f3c w ochronie p\u00f3l naftowych przed Niemcami.<\/p><p><strong>2.07.<\/strong> Brytyjski Minister Spraw Zagranicznych powiadomi\u0142 polskie w\u0142adze o zgodzie ZSRS na ewakuacj\u0119.<\/p><p><strong>5-25.08.<\/strong> Druga ewakuacja Armii Polskiej obj\u0119\u0142a 44 832 \u017co\u0142nierzy i 25 457 os\u00f3b cywilnych. Na radzieckich statkach \u201eKaganowicz\u201d i \u201e\u017bdanow\u201d ewakuowani Polacy trafili przez Morze Kaspijskie do Pahlevi w Iranie. W miejscowym obozie \u017co\u0142nierze otrzymali mundury tropikalne i przeszli kwarantann\u0119. W ZSRS pozosta\u0142y polskie biura wojskowe, ale i one wkr\u00f3tce zosta\u0142y ewakuowane.<\/p><p><strong>12.09.<\/strong> Na podstawie rozkazu Naczelnego Wodza gen. W. Sikorskiego, z po\u0142\u0105czenia Wojska Polskiego na \u015arodkowym Wschodzie i Polskich Si\u0142 Zbrojnych w ZSRS powsta\u0142a Armia Polska na Wschodzie. Jej dow\u00f3dc\u0105 zosta\u0142 gen. W. Anders.<\/p><p><strong>Pa\u017adziernik\u2013listopad.<\/strong> Armia Polska na Wschodzie liczy ok. 74 000 \u017co\u0142nierzy oraz 4 500 junak\u00f3w (m\u0142odocianych) i ochotniczek Pomocniczej S\u0142u\u017cby Kobiet. W jej sk\u0142ad wesz\u0142y 4 dywizje: 3. Strzelc\u00f3w Karpackich (3. DSK), 5. Kresowa Piechoty (5. KDP), 6. Lwowska Piechoty (6. DP) i 7. Piechoty (7. DP) oraz Centrum Wyszkolenia Armii. Ca\u0142o\u015b\u0107 si\u0142 rozmieszczona by\u0142a w p\u00f3\u0142nocno-wschodnim Iraku. Rozpocz\u0119\u0142o si\u0119 programowe szkolenie.<\/p>\t\t\t\t\t\t\t\t<\/div>\n\t\t\t\t<\/div>\n\t\t\t\t\t<\/div>\n\t\t<\/div>\n\t\t\t\t\t<\/div>\n\t\t<\/section>\n\t\t\t\t<section class=\"elementor-section elementor-top-section elementor-element elementor-element-9250c5b elementor-section-boxed elementor-section-height-default elementor-section-height-default\" data-id=\"9250c5b\" data-element_type=\"section\" data-e-type=\"section\">\n\t\t\t\t\t\t<div class=\"elementor-container elementor-column-gap-default\">\n\t\t\t\t\t<div class=\"elementor-column elementor-col-100 elementor-top-column elementor-element elementor-element-cc540dc\" data-id=\"cc540dc\" data-element_type=\"column\" data-e-type=\"column\">\n\t\t\t<div class=\"elementor-widget-wrap elementor-element-populated\">\n\t\t\t\t\t\t<div class=\"elementor-element elementor-element-6938854 elementor-widget elementor-widget-html\" data-id=\"6938854\" data-element_type=\"widget\" data-e-type=\"widget\" data-widget_type=\"html.default\">\n\t\t\t\t<div class=\"elementor-widget-container\">\n\t\t\t\t\t<a href=\"https:\/\/mwb.com.pl\/wdrodze\/kalendarium\/\">POWR\u00d3T DO KALENDARIUM<\/a>\n\t\t\t\t<\/div>\n\t\t\t\t<\/div>\n\t\t\t\t\t<\/div>\n\t\t<\/div>\n\t\t\t\t\t<\/div>\n\t\t<\/section>\n\t\t\t\t<\/div>\n\t\t","protected":false},"excerpt":{"rendered":"<p>Na zdj\u0119ciu: \u017bo\u0142nierze 5. Kresowej Dywizji Piechoty, Irak, 1942 r. Fotografia ze zbior\u00f3w Muzeum Wojska w Bia\u0142ymstoku, nr inw. MWB\/D\/2818 15.01.\u201325.02. Przejazd oddzia\u0142\u00f3w Armii Polskiej do republik azjatyckich, wyznaczonych przez w\u0142adze sowieckie jako nowe miejsce postoju. W trakcie transportu do Kazachstanu, Uzbekistanu i Kirgizji zmar\u0142o wielu \u017co\u0142nierzy. 6.03. Sowieci zawiadomili o zmniejszeniu liczby racji \u017cywno\u015bciowych [&hellip;]<\/p>\n","protected":false},"author":1,"featured_media":1250,"parent":12,"menu_order":0,"comment_status":"closed","ping_status":"closed","template":"page-templates\/page_fullwidth.php","meta":{"footnotes":""},"class_list":["post-889","page","type-page","status-publish","has-post-thumbnail","hentry"],"_links":{"self":[{"href":"https:\/\/mwb.com.pl\/wdrodze\/wp-json\/wp\/v2\/pages\/889","targetHints":{"allow":["GET"]}}],"collection":[{"href":"https:\/\/mwb.com.pl\/wdrodze\/wp-json\/wp\/v2\/pages"}],"about":[{"href":"https:\/\/mwb.com.pl\/wdrodze\/wp-json\/wp\/v2\/types\/page"}],"author":[{"embeddable":true,"href":"https:\/\/mwb.com.pl\/wdrodze\/wp-json\/wp\/v2\/users\/1"}],"replies":[{"embeddable":true,"href":"https:\/\/mwb.com.pl\/wdrodze\/wp-json\/wp\/v2\/comments?post=889"}],"version-history":[{"count":34,"href":"https:\/\/mwb.com.pl\/wdrodze\/wp-json\/wp\/v2\/pages\/889\/revisions"}],"predecessor-version":[{"id":1813,"href":"https:\/\/mwb.com.pl\/wdrodze\/wp-json\/wp\/v2\/pages\/889\/revisions\/1813"}],"up":[{"embeddable":true,"href":"https:\/\/mwb.com.pl\/wdrodze\/wp-json\/wp\/v2\/pages\/12"}],"wp:featuredmedia":[{"embeddable":true,"href":"https:\/\/mwb.com.pl\/wdrodze\/wp-json\/wp\/v2\/media\/1250"}],"wp:attachment":[{"href":"https:\/\/mwb.com.pl\/wdrodze\/wp-json\/wp\/v2\/media?parent=889"}],"curies":[{"name":"wp","href":"https:\/\/api.w.org\/{rel}","templated":true}]}}