{"id":848,"date":"1941-03-17T14:48:19","date_gmt":"1941-03-17T12:48:19","guid":{"rendered":"https:\/\/mwb.com.pl\/wdrodze\/?page_id=848"},"modified":"2021-04-23T08:34:55","modified_gmt":"2021-04-23T06:34:55","slug":"1941-2","status":"publish","type":"page","link":"https:\/\/mwb.com.pl\/wdrodze\/kalendarium\/1941-2\/","title":{"rendered":"1941"},"content":{"rendered":"\t\t<div data-elementor-type=\"wp-page\" data-elementor-id=\"848\" class=\"elementor elementor-848\">\n\t\t\t\t\t\t<section class=\"elementor-section elementor-top-section elementor-element elementor-element-88ffb55 elementor-section-boxed elementor-section-height-default elementor-section-height-default\" data-id=\"88ffb55\" data-element_type=\"section\" data-e-type=\"section\">\n\t\t\t\t\t\t<div class=\"elementor-container elementor-column-gap-default\">\n\t\t\t\t\t<div class=\"elementor-column elementor-col-33 elementor-top-column elementor-element elementor-element-a487013\" data-id=\"a487013\" data-element_type=\"column\" data-e-type=\"column\">\n\t\t\t<div class=\"elementor-widget-wrap\">\n\t\t\t\t\t\t\t<\/div>\n\t\t<\/div>\n\t\t\t\t<div class=\"elementor-column elementor-col-33 elementor-top-column elementor-element elementor-element-df194c0\" data-id=\"df194c0\" data-element_type=\"column\" data-e-type=\"column\">\n\t\t\t<div class=\"elementor-widget-wrap elementor-element-populated\">\n\t\t\t\t\t\t<div class=\"elementor-element elementor-element-6b52c95 elementor-widget elementor-widget-image\" data-id=\"6b52c95\" data-element_type=\"widget\" data-e-type=\"widget\" data-widget_type=\"image.default\">\n\t\t\t\t<div class=\"elementor-widget-container\">\n\t\t\t\t\t\t\t\t\t\t\t\t\t\t\t<img fetchpriority=\"high\" decoding=\"async\" width=\"723\" height=\"502\" src=\"https:\/\/mwb.com.pl\/wdrodze\/wp-content\/uploads\/2021\/03\/1941_sepia.jpg\" class=\"attachment-full size-full wp-image-1245\" alt=\"Na zdj\u0119ciu: Gen. W. Sikorski i gen. W. Anders podczas rozmowy z \u017co\u0142nierzami Polskich Si\u0142 Zbrojnych w ZSRR, w Tockoje, ZSRR, 1941 r. Fotografia ze zbior\u00f3w Muzeum Wojska w Bia\u0142ymstoku, nr inw. MWB\/D\/4219\/2\" srcset=\"https:\/\/mwb.com.pl\/wdrodze\/wp-content\/uploads\/2021\/03\/1941_sepia.jpg 723w, https:\/\/mwb.com.pl\/wdrodze\/wp-content\/uploads\/2021\/03\/1941_sepia-300x208.jpg 300w, https:\/\/mwb.com.pl\/wdrodze\/wp-content\/uploads\/2021\/03\/1941_sepia-230x160.jpg 230w, https:\/\/mwb.com.pl\/wdrodze\/wp-content\/uploads\/2021\/03\/1941_sepia-350x243.jpg 350w, https:\/\/mwb.com.pl\/wdrodze\/wp-content\/uploads\/2021\/03\/1941_sepia-480x333.jpg 480w\" sizes=\"(max-width: 723px) 100vw, 723px\" \/>\t\t\t\t\t\t\t\t\t\t\t\t\t\t\t<\/div>\n\t\t\t\t<\/div>\n\t\t\t\t\t<\/div>\n\t\t<\/div>\n\t\t\t\t<div class=\"elementor-column elementor-col-33 elementor-top-column elementor-element elementor-element-7805e2b\" data-id=\"7805e2b\" data-element_type=\"column\" data-e-type=\"column\">\n\t\t\t<div class=\"elementor-widget-wrap\">\n\t\t\t\t\t\t\t<\/div>\n\t\t<\/div>\n\t\t\t\t\t<\/div>\n\t\t<\/section>\n\t\t\t\t<section class=\"elementor-section elementor-top-section elementor-element elementor-element-4d995c5 elementor-section-boxed elementor-section-height-default elementor-section-height-default\" data-id=\"4d995c5\" data-element_type=\"section\" data-e-type=\"section\">\n\t\t\t\t\t\t<div class=\"elementor-container elementor-column-gap-default\">\n\t\t\t\t\t<div class=\"elementor-column elementor-col-33 elementor-top-column elementor-element elementor-element-5e3036f\" data-id=\"5e3036f\" data-element_type=\"column\" data-e-type=\"column\">\n\t\t\t<div class=\"elementor-widget-wrap\">\n\t\t\t\t\t\t\t<\/div>\n\t\t<\/div>\n\t\t\t\t<div class=\"elementor-column elementor-col-33 elementor-top-column elementor-element elementor-element-25c604b\" data-id=\"25c604b\" data-element_type=\"column\" data-e-type=\"column\">\n\t\t\t<div class=\"elementor-widget-wrap elementor-element-populated\">\n\t\t\t\t\t\t<div class=\"elementor-element elementor-element-49150cd elementor-widget elementor-widget-text-editor\" data-id=\"49150cd\" data-element_type=\"widget\" data-e-type=\"widget\" data-widget_type=\"text-editor.default\">\n\t\t\t\t<div class=\"elementor-widget-container\">\n\t\t\t\t\t\t\t\t\t<p>Na zdj\u0119ciu: Gen. W. Sikorski i gen. W. Anders podczas rozmowy z \u017co\u0142nierzami Polskich Si\u0142 Zbrojnych w ZSRR, w Tockoje, ZSRR, 1941 r. Fotografia ze zbior\u00f3w Muzeum Wojska w Bia\u0142ymstoku, nr inw. MWB\/D\/4219\/2<\/p>\t\t\t\t\t\t\t\t<\/div>\n\t\t\t\t<\/div>\n\t\t\t\t\t<\/div>\n\t\t<\/div>\n\t\t\t\t<div class=\"elementor-column elementor-col-33 elementor-top-column elementor-element elementor-element-bc6a02e\" data-id=\"bc6a02e\" data-element_type=\"column\" data-e-type=\"column\">\n\t\t\t<div class=\"elementor-widget-wrap\">\n\t\t\t\t\t\t\t<\/div>\n\t\t<\/div>\n\t\t\t\t\t<\/div>\n\t\t<\/section>\n\t\t\t\t<section class=\"elementor-section elementor-top-section elementor-element elementor-element-af544d8 elementor-section-boxed elementor-section-height-default elementor-section-height-default\" data-id=\"af544d8\" data-element_type=\"section\" data-e-type=\"section\">\n\t\t\t\t\t\t<div class=\"elementor-container elementor-column-gap-default\">\n\t\t\t\t\t<div class=\"elementor-column elementor-col-100 elementor-top-column elementor-element elementor-element-2077efd\" data-id=\"2077efd\" data-element_type=\"column\" data-e-type=\"column\">\n\t\t\t<div class=\"elementor-widget-wrap elementor-element-populated\">\n\t\t\t\t\t\t<div class=\"elementor-element elementor-element-2f27f2e elementor-widget elementor-widget-text-editor\" data-id=\"2f27f2e\" data-element_type=\"widget\" data-e-type=\"widget\" data-widget_type=\"text-editor.default\">\n\t\t\t\t<div class=\"elementor-widget-container\">\n\t\t\t\t\t\t\t\t\t<p><strong>30.07.<\/strong> Podpisanie porozumienia mi\u0119dzy Polsk\u0105 a ZSRS (uk\u0142ad \u201eSikorski-Majski\u201d); jeden z punkt\u00f3w zak\u0142ada\u0142 utworzenie na terytorium ZSRS armii polskiej.<\/p><p><strong>4.08.<\/strong> Na wolno\u015b\u0107 wyszed\u0142 gen. bryg. W\u0142adys\u0142aw Anders, wi\u0119ziony od jesieni 1939 r. przez NKWD na \u0141ubiance w Moskwie. Tydzie\u0144 p\u00f3\u017aniej, po awansie na genera\u0142a dywizji, obj\u0105\u0142 dow\u00f3dztwo nad armi\u0105 polsk\u0105 w ZSRS.<\/p><p><strong>14.08.<\/strong> Podpisanie polsko-sowieckiej umowy wojskowej, kt\u00f3ra sta\u0142a si\u0119 podstaw\u0105 do formowania armii polskiej w ZSRS. Jej stan wyj\u015bciowy oszacowano na ok. 30 000 \u017co\u0142nierzy.<\/p><p><strong>27.08.<\/strong> W gmachu Ambasady Polskiej w Moskwie odby\u0142a si\u0119 pierwsza odprawa, na kt\u00f3rej ustalona zosta\u0142a obsada dow\u00f3dztw wielkich jednostek. Mia\u0142y si\u0119 one organizowa\u0107: w Tatiszczewie \u2013 5. Dywizja Piechoty, Tockoje \u2013 6. Dywizja Piechoty oraz O\u015brodek Zapasowy Armii, Buzu\u0142uku \u2013 Dow\u00f3dztwo Armii.<\/p><p><strong>do 10.09.<\/strong> Do punkt\u00f3w mobilizacyjnych przyby\u0142o z oboz\u00f3w jenieckich 983 oficer\u00f3w i 21 662 \u017co\u0142nierzy polskich.<\/p><p><strong>13.10.<\/strong> Wobec trudno\u015bci w dostawie \u017cywno\u015bci, uzbrojenia i lekarstw rz\u0105d Wielkiej Brytanii zaproponowa\u0142 ewakuacj\u0119 cz\u0119\u015bci armii do Iranu; gen. broni W\u0142adys\u0142aw Sikorski zaakceptowa\u0142 t\u0105 propozycj\u0119.<\/p><p><strong>4.12.<\/strong> W trakcie polsko-sowieckich rozm\u00f3w wojskowych ustalono, \u017ce armia polska b\u0119dzie liczy\u0142a 96 000 \u017co\u0142nierzy, a 25 000 zostanie ewakuowanych do Wielkiej Brytanii i na \u015arodkowy Wsch\u00f3d. Uzgodniono r\u00f3wnie\u017c, \u017ce cztery nowe polskie dywizje b\u0119d\u0105 organizowane wed\u0142ug etat\u00f3w brytyjskich. <\/p>\t\t\t\t\t\t\t\t<\/div>\n\t\t\t\t<\/div>\n\t\t\t\t\t<\/div>\n\t\t<\/div>\n\t\t\t\t\t<\/div>\n\t\t<\/section>\n\t\t\t\t<section class=\"elementor-section elementor-top-section elementor-element elementor-element-6a316b3 elementor-section-boxed elementor-section-height-default elementor-section-height-default\" data-id=\"6a316b3\" data-element_type=\"section\" data-e-type=\"section\">\n\t\t\t\t\t\t<div class=\"elementor-container elementor-column-gap-default\">\n\t\t\t\t\t<div class=\"elementor-column elementor-col-100 elementor-top-column elementor-element elementor-element-0ab3fae\" data-id=\"0ab3fae\" data-element_type=\"column\" data-e-type=\"column\">\n\t\t\t<div class=\"elementor-widget-wrap elementor-element-populated\">\n\t\t\t\t\t\t<div class=\"elementor-element elementor-element-c10aae8 elementor-widget elementor-widget-html\" data-id=\"c10aae8\" data-element_type=\"widget\" data-e-type=\"widget\" data-widget_type=\"html.default\">\n\t\t\t\t<div class=\"elementor-widget-container\">\n\t\t\t\t\t<a href=\"https:\/\/mwb.com.pl\/wdrodze\/kalendarium\/\">POWR\u00d3T DO KALENDARIUM<\/a>\n\t\t\t\t<\/div>\n\t\t\t\t<\/div>\n\t\t\t\t\t<\/div>\n\t\t<\/div>\n\t\t\t\t\t<\/div>\n\t\t<\/section>\n\t\t\t\t<\/div>\n\t\t","protected":false},"excerpt":{"rendered":"<p>Na zdj\u0119ciu: Gen. W. Sikorski i gen. W. Anders podczas rozmowy z \u017co\u0142nierzami Polskich Si\u0142 Zbrojnych w ZSRR, w Tockoje, ZSRR, 1941 r. Fotografia ze zbior\u00f3w Muzeum Wojska w Bia\u0142ymstoku, nr inw. MWB\/D\/4219\/2 30.07. Podpisanie porozumienia mi\u0119dzy Polsk\u0105 a ZSRS (uk\u0142ad \u201eSikorski-Majski\u201d); jeden z punkt\u00f3w zak\u0142ada\u0142 utworzenie na terytorium ZSRS armii polskiej. 4.08. Na wolno\u015b\u0107 [&hellip;]<\/p>\n","protected":false},"author":1,"featured_media":1245,"parent":12,"menu_order":0,"comment_status":"closed","ping_status":"closed","template":"page-templates\/page_fullwidth.php","meta":{"footnotes":""},"class_list":["post-848","page","type-page","status-publish","has-post-thumbnail","hentry"],"_links":{"self":[{"href":"https:\/\/mwb.com.pl\/wdrodze\/wp-json\/wp\/v2\/pages\/848","targetHints":{"allow":["GET"]}}],"collection":[{"href":"https:\/\/mwb.com.pl\/wdrodze\/wp-json\/wp\/v2\/pages"}],"about":[{"href":"https:\/\/mwb.com.pl\/wdrodze\/wp-json\/wp\/v2\/types\/page"}],"author":[{"embeddable":true,"href":"https:\/\/mwb.com.pl\/wdrodze\/wp-json\/wp\/v2\/users\/1"}],"replies":[{"embeddable":true,"href":"https:\/\/mwb.com.pl\/wdrodze\/wp-json\/wp\/v2\/comments?post=848"}],"version-history":[{"count":62,"href":"https:\/\/mwb.com.pl\/wdrodze\/wp-json\/wp\/v2\/pages\/848\/revisions"}],"predecessor-version":[{"id":1809,"href":"https:\/\/mwb.com.pl\/wdrodze\/wp-json\/wp\/v2\/pages\/848\/revisions\/1809"}],"up":[{"embeddable":true,"href":"https:\/\/mwb.com.pl\/wdrodze\/wp-json\/wp\/v2\/pages\/12"}],"wp:featuredmedia":[{"embeddable":true,"href":"https:\/\/mwb.com.pl\/wdrodze\/wp-json\/wp\/v2\/media\/1245"}],"wp:attachment":[{"href":"https:\/\/mwb.com.pl\/wdrodze\/wp-json\/wp\/v2\/media?parent=848"}],"curies":[{"name":"wp","href":"https:\/\/api.w.org\/{rel}","templated":true}]}}