{"id":8,"date":"2021-03-08T12:55:11","date_gmt":"2021-03-08T11:55:11","guid":{"rendered":"https:\/\/mwb.com.pl\/wdrodze\/?page_id=8"},"modified":"2022-02-11T15:02:48","modified_gmt":"2022-02-11T14:02:48","slug":"strona-glowna","status":"publish","type":"page","link":"https:\/\/mwb.com.pl\/wdrodze\/","title":{"rendered":"Strona g\u0142\u00f3wna"},"content":{"rendered":"\t\t<div data-elementor-type=\"wp-page\" data-elementor-id=\"8\" class=\"elementor elementor-8\">\n\t\t\t\t\t\t<section class=\"elementor-section elementor-top-section elementor-element elementor-element-5977cdd elementor-section-content-middle elementor-section-stretched elementor-section-full_width elementor-section-height-default elementor-section-height-default\" data-id=\"5977cdd\" data-element_type=\"section\" data-e-type=\"section\" data-settings=\"{&quot;stretch_section&quot;:&quot;section-stretched&quot;}\">\n\t\t\t\t\t\t<div class=\"elementor-container elementor-column-gap-default\">\n\t\t\t\t\t<div class=\"elementor-column elementor-col-100 elementor-top-column elementor-element elementor-element-af5d4ee\" data-id=\"af5d4ee\" data-element_type=\"column\" data-e-type=\"column\" data-settings=\"{&quot;background_background&quot;:&quot;classic&quot;}\">\n\t\t\t<div class=\"elementor-widget-wrap elementor-element-populated\">\n\t\t\t\t\t\t<div class=\"elementor-element elementor-element-6486729 elementor-widget__width-auto elementor-widget elementor-widget-html\" data-id=\"6486729\" data-element_type=\"widget\" data-e-type=\"widget\" data-widget_type=\"html.default\">\n\t\t\t\t<div class=\"elementor-widget-container\">\n\t\t\t\t\t<div id=\"fotografia\">\n  <img decoding=\"async\" class=\"bottom\" src=\"https:\/\/mwb.com.pl\/wdrodze\/wp-content\/uploads\/zdjecia\/kolor.jpg\" alt=\"\u017bo\u0142nierze 5. Kresowej Dywizji Piechoty, Palestyna, 1943 rok. - kolor\" \/>\n  <img decoding=\"async\" class=\"top\" src=\"https:\/\/mwb.com.pl\/wdrodze\/wp-content\/uploads\/zdjecia\/mono.jpg\" alt=\"\u017bo\u0142nierze 5. Kresowej Dywizji Piechoty, Palestyna, 1943 rok. - mono\"\/>\n<\/div>\t\t\t\t<\/div>\n\t\t\t\t<\/div>\n\t\t\t\t<div class=\"elementor-element elementor-element-c1b576a elementor-widget elementor-widget-heading\" data-id=\"c1b576a\" data-element_type=\"widget\" data-e-type=\"widget\" data-widget_type=\"heading.default\">\n\t\t\t\t<div class=\"elementor-widget-container\">\n\t\t\t\t\t<h3 class=\"elementor-heading-title elementor-size-default\">W drodze. \u017bo\u0142nierze \u201earmii Andersa\u201d 1941-1946<\/h3>\t\t\t\t<\/div>\n\t\t\t\t<\/div>\n\t\t\t\t\t<\/div>\n\t\t<\/div>\n\t\t\t\t\t<\/div>\n\t\t<\/section>\n\t\t\t\t<section class=\"elementor-section elementor-top-section elementor-element elementor-element-dbd4186 elementor-section-boxed elementor-section-height-default elementor-section-height-default\" data-id=\"dbd4186\" data-element_type=\"section\" data-e-type=\"section\">\n\t\t\t\t\t\t<div class=\"elementor-container elementor-column-gap-default\">\n\t\t\t\t\t<div class=\"elementor-column elementor-col-100 elementor-top-column elementor-element elementor-element-e5e7867\" data-id=\"e5e7867\" data-element_type=\"column\" data-e-type=\"column\">\n\t\t\t<div class=\"elementor-widget-wrap elementor-element-populated\">\n\t\t\t\t\t\t<div class=\"elementor-element elementor-element-d865eb4 elementor-drop-cap-yes elementor-drop-cap-view-default elementor-widget elementor-widget-text-editor\" data-id=\"d865eb4\" data-element_type=\"widget\" data-e-type=\"widget\" data-settings=\"{&quot;drop_cap&quot;:&quot;yes&quot;}\" data-widget_type=\"text-editor.default\">\n\t\t\t\t<div class=\"elementor-widget-container\">\n\t\t\t\t\t\t\t\t\t<p>Po agresji Niemiec na Zwi\u0105zek Socjalistycznych Republik Sowieckich, 22 czerwca 1941 r., Wielka Brytania podj\u0119\u0142a si\u0119 po\u015brednictwa w rozmowach zmierzaj\u0105cych do uregulowania polsko-radzieckich stosunk\u00f3w dyplomatycznych. By\u0142o to istotne dla utworzenia koalicji antyhitlerowskiej. Prowadzone rokowania zako\u0144czy\u0142o podpisanie porozumienia, nazwanego od nazwisk sygnatariuszy \u201euk\u0142adem Sikorski-Majski\u201d. Pakt zak\u0142ada\u0142 m.in. utworzenie na terytorium ZSRS armii polskiej. W dodatkowym protokole do dokumentu, strona radziecka gwarantowa\u0142a udzielenie amnestii wszystkim obywatelom polskim, kt\u00f3rzy s\u0105 obecnie pozbawieni swobody na terytorium Zwi\u0105zku Socjalistycznych Republik Rad b\u0105d\u017a jako je\u0144cy wojenni, b\u0105d\u017a z innych odpowiednich powod\u00f3w.<\/p>\t\t\t\t\t\t\t\t<\/div>\n\t\t\t\t<\/div>\n\t\t\t\t\t<\/div>\n\t\t<\/div>\n\t\t\t\t\t<\/div>\n\t\t<\/section>\n\t\t\t\t<section class=\"elementor-section elementor-top-section elementor-element elementor-element-8ec6674 elementor-section-boxed elementor-section-height-default elementor-section-height-default\" data-id=\"8ec6674\" data-element_type=\"section\" data-e-type=\"section\">\n\t\t\t\t\t\t<div class=\"elementor-container elementor-column-gap-default\">\n\t\t\t\t\t<div class=\"elementor-column elementor-col-100 elementor-top-column elementor-element elementor-element-a01a202\" data-id=\"a01a202\" data-element_type=\"column\" data-e-type=\"column\">\n\t\t\t<div class=\"elementor-widget-wrap elementor-element-populated\">\n\t\t\t\t\t\t<div class=\"elementor-element elementor-element-eb0d4c8 elementor-drop-cap-yes elementor-drop-cap-view-default elementor-widget elementor-widget-text-editor\" data-id=\"eb0d4c8\" data-element_type=\"widget\" data-e-type=\"widget\" data-settings=\"{&quot;drop_cap&quot;:&quot;yes&quot;}\" data-widget_type=\"text-editor.default\">\n\t\t\t\t<div class=\"elementor-widget-container\">\n\t\t\t\t\t\t\t\t\t<p>Dow\u00f3dc\u0105 Polskich Si\u0142 Zbrojnych w Zwi\u0105zku Sowieckim rz\u0105d Rzeczypospolitej Polskiej mianowa\u0142 gen. dyw. W\u0142adys\u0142awa Andersa, od jesieni 1939 r. wi\u0119zionego przez NKWD na \u0141ubiance w Moskwie. Od nazwiska oficera powsta\u0142o popularne wyra\u017cenie \u201earmia Andersa\u201d, u\u017cyte tak\u017ce w tytule wystawy. Jego stosowno\u015b\u0107 podkre\u015bla m.in. prof. Norman Davies w ksi\u0105\u017cce pt. \u201eSzlak nadziei. Armia Andersa. Marsz przez trzy kontynenty\u201d: [\u2026] <em>stosowanie kt\u00f3rej\u015b z innych wersji by\u0142oby niezwykle skomplikowane. Wojsko, nad kt\u00f3rym Anders obj\u0105\u0142 dow\u00f3dztwo w sierpniu 1941 roku nazywa\u0142o si\u0119 oficjalnie Polskimi Si\u0142ami Zbrojnymi w ZSRS. Po ewakuacji do Persji przemianowano je na Polskie Si\u0142y Zbrojne na Bliskim Wschodzie (spotyka si\u0119 r\u00f3wnie\u017c nazw\u0119 PSZ na Wschodzie). Jednak w marcu 1943 roku Armi\u0119 podzielono na dwie cz\u0119\u015bci: 2 Korpus Polski, kt\u00f3ry zosta\u0142 w\u0142\u0105czony do 8 Armii, oraz 3 Korpus Polski, kt\u00f3ry mia\u0142 pozosta\u0107 na Bliskim Wschodzie.<\/em> Pod terminem \u201earmia Andersa\u201d kryje si\u0119 r\u00f3wnie\u017c wsp\u00f3lny los wielu tysi\u0119cy polskich obywateli, kt\u00f3rzy dzi\u0119ki niej mogli opu\u015bci\u0107 wi\u0119zienia, \u0142agry i miejsca zes\u0142ania, a p\u00f3\u017aniej przeby\u0107 drog\u0119 od ZSRS przez Azj\u0119 \u015arodkow\u0105 (Kazachstan, Uzbekistan, Turkmenistan, Tad\u017cykistan), Persj\u0119 (Iran), Bliski Wsch\u00f3d (Irak, Palestyna) po W\u0142ochy i Wielk\u0105 Brytani\u0119.<\/p>\t\t\t\t\t\t\t\t<\/div>\n\t\t\t\t<\/div>\n\t\t\t\t\t<\/div>\n\t\t<\/div>\n\t\t\t\t\t<\/div>\n\t\t<\/section>\n\t\t\t\t<section class=\"elementor-section elementor-top-section elementor-element elementor-element-d8721e0 elementor-section-boxed elementor-section-height-default elementor-section-height-default\" data-id=\"d8721e0\" data-element_type=\"section\" data-e-type=\"section\">\n\t\t\t\t\t\t<div class=\"elementor-container elementor-column-gap-default\">\n\t\t\t\t\t<div class=\"elementor-column elementor-col-100 elementor-top-column elementor-element elementor-element-4adce31\" data-id=\"4adce31\" data-element_type=\"column\" data-e-type=\"column\">\n\t\t\t<div class=\"elementor-widget-wrap elementor-element-populated\">\n\t\t\t\t\t\t<div class=\"elementor-element elementor-element-6bdad93 elementor-drop-cap-yes elementor-drop-cap-view-default elementor-widget elementor-widget-text-editor\" data-id=\"6bdad93\" data-element_type=\"widget\" data-e-type=\"widget\" data-settings=\"{&quot;drop_cap&quot;:&quot;yes&quot;}\" data-widget_type=\"text-editor.default\">\n\t\t\t\t<div class=\"elementor-widget-container\">\n\t\t\t\t\t\t\t\t\t<p>Muzeum Wojska w Bia\u0142ymstoku posiada w zbiorach liczne eksponaty zwi\u0105zane ze s\u0142u\u017cb\u0105 \u017co\u0142nierzy w \u201earmii Andersa\u201d. W\u015br\u00f3d nich s\u0105 m.in. fotografie \u017co\u0142nierzy, wykonane przez nich samych lub Wojskowe Biuro Propagandy i O\u015bwiaty PSZ w ZSRS, Oddzia\u0142 Propagandy i Kultury Dow\u00f3dztwo Armii Polskiej na Wschodzie, Referat Fotograficzny Oddzia\u0142u Kultury i Prasy 2 Korpusu Polskiego w latach 1941-1946. To zdj\u0119cia o r\u00f3\u017cnej wielko\u015bci i stanie zachowania, czasami opisane na odwrocie, niemal wszystkie czarno-bia\u0142e lub w sepii. Bior\u0105c je w d\u0142onie mamy poczucie kontaktu z odleg\u0142\u0105 histori\u0105. Jak sprawi\u0107, by sta\u0142a si\u0119 bli\u017csza? Mo\u017ce pr\u00f3ba przywr\u00f3cenia kolor\u00f3w starym fotografiom pozwoli lepiej wej\u015b\u0107 w \u015bwiat ich bohater\u00f3w?<\/p>\t\t\t\t\t\t\t\t<\/div>\n\t\t\t\t<\/div>\n\t\t\t\t\t<\/div>\n\t\t<\/div>\n\t\t\t\t\t<\/div>\n\t\t<\/section>\n\t\t\t\t<section class=\"elementor-section elementor-top-section elementor-element elementor-element-4347652 elementor-section-boxed elementor-section-height-default elementor-section-height-default\" data-id=\"4347652\" data-element_type=\"section\" data-e-type=\"section\">\n\t\t\t\t\t\t<div class=\"elementor-container elementor-column-gap-default\">\n\t\t\t\t\t<div class=\"elementor-column elementor-col-100 elementor-top-column elementor-element elementor-element-8fead21\" data-id=\"8fead21\" data-element_type=\"column\" data-e-type=\"column\">\n\t\t\t<div class=\"elementor-widget-wrap elementor-element-populated\">\n\t\t\t\t\t\t<div class=\"elementor-element elementor-element-dc10812 elementor-drop-cap-yes elementor-drop-cap-view-default elementor-widget elementor-widget-text-editor\" data-id=\"dc10812\" data-element_type=\"widget\" data-e-type=\"widget\" data-settings=\"{&quot;drop_cap&quot;:&quot;yes&quot;}\" data-widget_type=\"text-editor.default\">\n\t\t\t\t<div class=\"elementor-widget-container\">\n\t\t\t\t\t\t\t\t\t<p>Koloryzowane na cele wystawy zdj\u0119cia uzupe\u0142niaj\u0105 koresponduj\u0105ce z ich tematem fragmenty wspomnie\u0144 oficer\u00f3w i \u017co\u0142nierzy \u201earmii Andersa\u201d.<\/p>\t\t\t\t\t\t\t\t<\/div>\n\t\t\t\t<\/div>\n\t\t\t\t\t<\/div>\n\t\t<\/div>\n\t\t\t\t\t<\/div>\n\t\t<\/section>\n\t\t\t\t<\/div>\n\t\t","protected":false},"excerpt":{"rendered":"<p>W drodze. \u017bo\u0142nierze \u201earmii Andersa\u201d 1941-1946 Po agresji Niemiec na Zwi\u0105zek Socjalistycznych Republik Sowieckich, 22 czerwca 1941 r., Wielka Brytania podj\u0119\u0142a si\u0119 po\u015brednictwa w rozmowach zmierzaj\u0105cych do uregulowania polsko-radzieckich stosunk\u00f3w dyplomatycznych. By\u0142o to istotne dla utworzenia koalicji antyhitlerowskiej. Prowadzone rokowania zako\u0144czy\u0142o podpisanie porozumienia, nazwanego od nazwisk sygnatariuszy \u201euk\u0142adem Sikorski-Majski\u201d. Pakt zak\u0142ada\u0142 m.in. utworzenie na terytorium [&hellip;]<\/p>\n","protected":false},"author":1,"featured_media":0,"parent":0,"menu_order":0,"comment_status":"closed","ping_status":"closed","template":"page-templates\/page_front-page.php","meta":{"footnotes":""},"class_list":["post-8","page","type-page","status-publish","hentry"],"_links":{"self":[{"href":"https:\/\/mwb.com.pl\/wdrodze\/wp-json\/wp\/v2\/pages\/8","targetHints":{"allow":["GET"]}}],"collection":[{"href":"https:\/\/mwb.com.pl\/wdrodze\/wp-json\/wp\/v2\/pages"}],"about":[{"href":"https:\/\/mwb.com.pl\/wdrodze\/wp-json\/wp\/v2\/types\/page"}],"author":[{"embeddable":true,"href":"https:\/\/mwb.com.pl\/wdrodze\/wp-json\/wp\/v2\/users\/1"}],"replies":[{"embeddable":true,"href":"https:\/\/mwb.com.pl\/wdrodze\/wp-json\/wp\/v2\/comments?post=8"}],"version-history":[{"count":313,"href":"https:\/\/mwb.com.pl\/wdrodze\/wp-json\/wp\/v2\/pages\/8\/revisions"}],"predecessor-version":[{"id":1902,"href":"https:\/\/mwb.com.pl\/wdrodze\/wp-json\/wp\/v2\/pages\/8\/revisions\/1902"}],"wp:attachment":[{"href":"https:\/\/mwb.com.pl\/wdrodze\/wp-json\/wp\/v2\/media?parent=8"}],"curies":[{"name":"wp","href":"https:\/\/api.w.org\/{rel}","templated":true}]}}