{"id":22,"date":"2021-03-08T12:57:51","date_gmt":"2021-03-08T11:57:51","guid":{"rendered":"https:\/\/mwb.com.pl\/wdrodze\/?page_id=22"},"modified":"2021-04-22T13:00:24","modified_gmt":"2021-04-22T11:00:24","slug":"autorzy","status":"publish","type":"page","link":"https:\/\/mwb.com.pl\/wdrodze\/autorzy\/","title":{"rendered":"Autorzy"},"content":{"rendered":"\t\t<div data-elementor-type=\"wp-page\" data-elementor-id=\"22\" class=\"elementor elementor-22\">\n\t\t\t\t\t\t<section class=\"elementor-section elementor-top-section elementor-element elementor-element-59be38b elementor-section-boxed elementor-section-height-default elementor-section-height-default\" data-id=\"59be38b\" data-element_type=\"section\" data-e-type=\"section\">\n\t\t\t\t\t\t<div class=\"elementor-container elementor-column-gap-default\">\n\t\t\t\t\t<div class=\"elementor-column elementor-col-100 elementor-top-column elementor-element elementor-element-2518b2c\" data-id=\"2518b2c\" data-element_type=\"column\" data-e-type=\"column\">\n\t\t\t<div class=\"elementor-widget-wrap elementor-element-populated\">\n\t\t\t\t\t\t<div class=\"elementor-element elementor-element-f55cc5a elementor-widget elementor-widget-text-editor\" data-id=\"f55cc5a\" data-element_type=\"widget\" data-e-type=\"widget\" data-widget_type=\"text-editor.default\">\n\t\t\t\t<div class=\"elementor-widget-container\">\n\t\t\t\t\t\t\t\t\t<p>\u201eW drodze. \u017bo\u0142nierze \u00abarmii Andersa\u00bb 1941\u20131946\u201d<br \/>Wystawa Muzeum Wojska w Bia\u0142ymstoku<\/p><p>Autor wystawy: <strong>Marcin Kozi\u0144ski<\/strong><br \/>tel.: <strong>535623007<\/strong><br \/>email: <strong>mkozi\u0144ski@mwb.com.pl<\/strong><\/p><p>Koloryzacja zdj\u0119\u0107: <strong>Miros\u0142aw Szponar<\/strong><\/p><p>Sk\u0142ad: <strong>Barbara Bielawiec<\/strong><\/p><p>Korekta tekst\u00f3w: <strong>Natalia Filinowicz<\/strong><\/p><p>Strona internetowa wystawy: <strong>Beata Wi\u015bniewska-Lewoc, Marcin Kozi\u0144ski<\/strong><\/p><p>Na stronie g\u0142\u00f3wnej: <strong>\u017bo\u0142nierze 5. Kresowej Dywizji Piechoty, Palestyna, 1943 rok. Fotografia ze zbior\u00f3w Muzeum Wojska w Bia\u0142ymstoku, nr inw. MWB\/D\/4540.<\/strong><\/p>\t\t\t\t\t\t\t\t<\/div>\n\t\t\t\t<\/div>\n\t\t\t\t\t<\/div>\n\t\t<\/div>\n\t\t\t\t\t<\/div>\n\t\t<\/section>\n\t\t\t\t<\/div>\n\t\t","protected":false},"excerpt":{"rendered":"<p>\u201eW drodze. \u017bo\u0142nierze \u00abarmii Andersa\u00bb 1941\u20131946\u201dWystawa Muzeum Wojska w Bia\u0142ymstoku Autor wystawy: Marcin Kozi\u0144skitel.: 535623007email: mkozi\u0144ski@mwb.com.pl Koloryzacja zdj\u0119\u0107: Miros\u0142aw Szponar Sk\u0142ad: Barbara Bielawiec Korekta tekst\u00f3w: Natalia Filinowicz Strona internetowa wystawy: Beata Wi\u015bniewska-Lewoc, Marcin Kozi\u0144ski Na stronie g\u0142\u00f3wnej: \u017bo\u0142nierze 5. Kresowej Dywizji Piechoty, Palestyna, 1943 rok. Fotografia ze zbior\u00f3w Muzeum Wojska w Bia\u0142ymstoku, nr inw. MWB\/D\/4540.<\/p>\n","protected":false},"author":1,"featured_media":0,"parent":0,"menu_order":0,"comment_status":"closed","ping_status":"closed","template":"page-templates\/page_fullwidth.php","meta":{"footnotes":""},"class_list":["post-22","page","type-page","status-publish","hentry"],"_links":{"self":[{"href":"https:\/\/mwb.com.pl\/wdrodze\/wp-json\/wp\/v2\/pages\/22","targetHints":{"allow":["GET"]}}],"collection":[{"href":"https:\/\/mwb.com.pl\/wdrodze\/wp-json\/wp\/v2\/pages"}],"about":[{"href":"https:\/\/mwb.com.pl\/wdrodze\/wp-json\/wp\/v2\/types\/page"}],"author":[{"embeddable":true,"href":"https:\/\/mwb.com.pl\/wdrodze\/wp-json\/wp\/v2\/users\/1"}],"replies":[{"embeddable":true,"href":"https:\/\/mwb.com.pl\/wdrodze\/wp-json\/wp\/v2\/comments?post=22"}],"version-history":[{"count":16,"href":"https:\/\/mwb.com.pl\/wdrodze\/wp-json\/wp\/v2\/pages\/22\/revisions"}],"predecessor-version":[{"id":1771,"href":"https:\/\/mwb.com.pl\/wdrodze\/wp-json\/wp\/v2\/pages\/22\/revisions\/1771"}],"wp:attachment":[{"href":"https:\/\/mwb.com.pl\/wdrodze\/wp-json\/wp\/v2\/media?parent=22"}],"curies":[{"name":"wp","href":"https:\/\/api.w.org\/{rel}","templated":true}]}}