{"id":18,"date":"2021-03-08T12:57:14","date_gmt":"2021-03-08T11:57:14","guid":{"rendered":"https:\/\/mwb.com.pl\/wdrodze\/?page_id=18"},"modified":"2021-05-18T12:57:55","modified_gmt":"2021-05-18T10:57:55","slug":"wystawa","status":"publish","type":"page","link":"https:\/\/mwb.com.pl\/wdrodze\/wystawa\/","title":{"rendered":"Wystawa"},"content":{"rendered":"\t\t<div data-elementor-type=\"wp-page\" data-elementor-id=\"18\" class=\"elementor elementor-18\">\n\t\t\t\t\t\t<section class=\"elementor-section elementor-top-section elementor-element elementor-element-635908f elementor-section-boxed elementor-section-height-default elementor-section-height-default\" data-id=\"635908f\" data-element_type=\"section\" data-e-type=\"section\">\n\t\t\t\t\t\t<div class=\"elementor-container elementor-column-gap-default\">\n\t\t\t\t\t<div class=\"elementor-column elementor-col-100 elementor-top-column elementor-element elementor-element-2db1c51\" data-id=\"2db1c51\" data-element_type=\"column\" data-e-type=\"column\">\n\t\t\t<div class=\"elementor-widget-wrap elementor-element-populated\">\n\t\t\t\t\t\t<div class=\"elementor-element elementor-element-abdbc1e elementor-widget elementor-widget-text-editor\" data-id=\"abdbc1e\" data-element_type=\"widget\" data-e-type=\"widget\" data-widget_type=\"text-editor.default\">\n\t\t\t\t<div class=\"elementor-widget-container\">\n\t\t\t\t\t\t\t\t\t<p>Wystawa prezentowana b\u0119dzie w dniach<strong> 17 maja &#8211; 21 czerwca br.<\/strong> w Bia\u0142ymstoku, na Placu Polskich Si\u0142 Zbrojnych na Zachodzie.<\/p>\t\t\t\t\t\t\t\t<\/div>\n\t\t\t\t<\/div>\n\t\t\t\t\t<\/div>\n\t\t<\/div>\n\t\t\t\t\t<\/div>\n\t\t<\/section>\n\t\t\t\t<section class=\"elementor-section elementor-top-section elementor-element elementor-element-79f2828 elementor-section-boxed elementor-section-height-default elementor-section-height-default\" data-id=\"79f2828\" data-element_type=\"section\" data-e-type=\"section\">\n\t\t\t\t\t\t<div class=\"elementor-container elementor-column-gap-default\">\n\t\t\t\t\t<div class=\"elementor-column elementor-col-100 elementor-top-column elementor-element elementor-element-fe4010f\" data-id=\"fe4010f\" data-element_type=\"column\" data-e-type=\"column\">\n\t\t\t<div class=\"elementor-widget-wrap elementor-element-populated\">\n\t\t\t\t\t\t<div class=\"elementor-element elementor-element-48b6a26 elementor-widget elementor-widget-google_maps\" data-id=\"48b6a26\" data-element_type=\"widget\" data-e-type=\"widget\" data-widget_type=\"google_maps.default\">\n\t\t\t\t<div class=\"elementor-widget-container\">\n\t\t\t\t\t\t\t<div class=\"elementor-custom-embed\">\n\t\t\t<iframe loading=\"lazy\"\n\t\t\t\t\tsrc=\"https:\/\/maps.google.com\/maps?q=Bia%C5%82ystok%2CPlac%20Polskich%20Si%C5%82%20Zbrojnych%20na%20Zachodzie&#038;t=m&#038;z=15&#038;output=embed&#038;iwloc=near\"\n\t\t\t\t\ttitle=\"Bia\u0142ystok,Plac Polskich Si\u0142 Zbrojnych na Zachodzie\"\n\t\t\t\t\taria-label=\"Bia\u0142ystok,Plac Polskich Si\u0142 Zbrojnych na Zachodzie\"\n\t\t\t><\/iframe>\n\t\t<\/div>\n\t\t\t\t\t\t<\/div>\n\t\t\t\t<\/div>\n\t\t\t\t\t<\/div>\n\t\t<\/div>\n\t\t\t\t\t<\/div>\n\t\t<\/section>\n\t\t\t\t<section class=\"elementor-section elementor-top-section elementor-element elementor-element-98e8314 elementor-section-boxed elementor-section-height-default elementor-section-height-default\" data-id=\"98e8314\" data-element_type=\"section\" data-e-type=\"section\">\n\t\t\t\t\t\t<div class=\"elementor-container elementor-column-gap-default\">\n\t\t\t\t\t<div class=\"elementor-column elementor-col-100 elementor-top-column elementor-element elementor-element-80dfe44\" data-id=\"80dfe44\" data-element_type=\"column\" data-e-type=\"column\">\n\t\t\t<div class=\"elementor-widget-wrap elementor-element-populated\">\n\t\t\t\t\t\t<div class=\"elementor-element elementor-element-3d5f072 gallery-spacing-custom elementor-widget elementor-widget-image-gallery\" data-id=\"3d5f072\" data-element_type=\"widget\" data-e-type=\"widget\" data-widget_type=\"image-gallery.default\">\n\t\t\t\t<div class=\"elementor-widget-container\">\n\t\t\t\t\t\t\t<div class=\"elementor-image-gallery\">\n\t\t\t<div id='gallery-1' class='gallery galleryid-18 gallery-columns-3 gallery-size-full'><figure class='gallery-item'>\n\t\t\t<div class='gallery-icon landscape'>\n\t\t\t\t<a data-elementor-open-lightbox=\"yes\" data-elementor-lightbox-slideshow=\"3d5f072\" data-elementor-lightbox-title=\"Zdj\u0119cia z wystawy plenerowej\" data-e-action-hash=\"#elementor-action%3Aaction%3Dlightbox%26settings%3DeyJpZCI6MTg2NSwidXJsIjoiaHR0cHM6XC9cL213Yi5jb20ucGxcL3dkcm9kemVcL3dwLWNvbnRlbnRcL3VwbG9hZHNcLzIwMjFcLzA1XC9QU1owMDI3LmpwZyIsInNsaWRlc2hvdyI6IjNkNWYwNzIifQ%3D%3D\" href='https:\/\/mwb.com.pl\/wdrodze\/wp-content\/uploads\/2021\/05\/PSZ0027.jpg'><img fetchpriority=\"high\" decoding=\"async\" width=\"900\" height=\"600\" src=\"https:\/\/mwb.com.pl\/wdrodze\/wp-content\/uploads\/2021\/05\/PSZ0027.jpg\" class=\"attachment-full size-full\" alt=\"Zdj\u0119cia z wystawy plenerowej\" srcset=\"https:\/\/mwb.com.pl\/wdrodze\/wp-content\/uploads\/2021\/05\/PSZ0027.jpg 900w, https:\/\/mwb.com.pl\/wdrodze\/wp-content\/uploads\/2021\/05\/PSZ0027-300x200.jpg 300w, https:\/\/mwb.com.pl\/wdrodze\/wp-content\/uploads\/2021\/05\/PSZ0027-768x512.jpg 768w, https:\/\/mwb.com.pl\/wdrodze\/wp-content\/uploads\/2021\/05\/PSZ0027-830x553.jpg 830w, https:\/\/mwb.com.pl\/wdrodze\/wp-content\/uploads\/2021\/05\/PSZ0027-230x153.jpg 230w, https:\/\/mwb.com.pl\/wdrodze\/wp-content\/uploads\/2021\/05\/PSZ0027-350x233.jpg 350w, https:\/\/mwb.com.pl\/wdrodze\/wp-content\/uploads\/2021\/05\/PSZ0027-480x320.jpg 480w\" sizes=\"(max-width: 900px) 100vw, 900px\" \/><\/a>\n\t\t\t<\/div><\/figure><figure class='gallery-item'>\n\t\t\t<div class='gallery-icon landscape'>\n\t\t\t\t<a data-elementor-open-lightbox=\"yes\" data-elementor-lightbox-slideshow=\"3d5f072\" data-elementor-lightbox-title=\"Zdj\u0119cia z wystawy plenerowej\" data-e-action-hash=\"#elementor-action%3Aaction%3Dlightbox%26settings%3DeyJpZCI6MTg2NiwidXJsIjoiaHR0cHM6XC9cL213Yi5jb20ucGxcL3dkcm9kemVcL3dwLWNvbnRlbnRcL3VwbG9hZHNcLzIwMjFcLzA1XC9QU1owMDM4LmpwZyIsInNsaWRlc2hvdyI6IjNkNWYwNzIifQ%3D%3D\" href='https:\/\/mwb.com.pl\/wdrodze\/wp-content\/uploads\/2021\/05\/PSZ0038.jpg'><img decoding=\"async\" width=\"900\" height=\"600\" src=\"https:\/\/mwb.com.pl\/wdrodze\/wp-content\/uploads\/2021\/05\/PSZ0038.jpg\" class=\"attachment-full size-full\" alt=\"Zdj\u0119cia z wystawy plenerowej\" srcset=\"https:\/\/mwb.com.pl\/wdrodze\/wp-content\/uploads\/2021\/05\/PSZ0038.jpg 900w, https:\/\/mwb.com.pl\/wdrodze\/wp-content\/uploads\/2021\/05\/PSZ0038-300x200.jpg 300w, https:\/\/mwb.com.pl\/wdrodze\/wp-content\/uploads\/2021\/05\/PSZ0038-768x512.jpg 768w, https:\/\/mwb.com.pl\/wdrodze\/wp-content\/uploads\/2021\/05\/PSZ0038-830x553.jpg 830w, https:\/\/mwb.com.pl\/wdrodze\/wp-content\/uploads\/2021\/05\/PSZ0038-230x153.jpg 230w, https:\/\/mwb.com.pl\/wdrodze\/wp-content\/uploads\/2021\/05\/PSZ0038-350x233.jpg 350w, https:\/\/mwb.com.pl\/wdrodze\/wp-content\/uploads\/2021\/05\/PSZ0038-480x320.jpg 480w\" sizes=\"(max-width: 900px) 100vw, 900px\" \/><\/a>\n\t\t\t<\/div><\/figure><figure class='gallery-item'>\n\t\t\t<div class='gallery-icon landscape'>\n\t\t\t\t<a data-elementor-open-lightbox=\"yes\" data-elementor-lightbox-slideshow=\"3d5f072\" data-elementor-lightbox-title=\"Zdj\u0119cia z wystawy plenerowej\" data-e-action-hash=\"#elementor-action%3Aaction%3Dlightbox%26settings%3DeyJpZCI6MTg2NywidXJsIjoiaHR0cHM6XC9cL213Yi5jb20ucGxcL3dkcm9kemVcL3dwLWNvbnRlbnRcL3VwbG9hZHNcLzIwMjFcLzA1XC9QU1owMDM5LmpwZyIsInNsaWRlc2hvdyI6IjNkNWYwNzIifQ%3D%3D\" href='https:\/\/mwb.com.pl\/wdrodze\/wp-content\/uploads\/2021\/05\/PSZ0039.jpg'><img decoding=\"async\" width=\"900\" height=\"600\" src=\"https:\/\/mwb.com.pl\/wdrodze\/wp-content\/uploads\/2021\/05\/PSZ0039.jpg\" class=\"attachment-full size-full\" alt=\"Zdj\u0119cia z wystawy plenerowej\" srcset=\"https:\/\/mwb.com.pl\/wdrodze\/wp-content\/uploads\/2021\/05\/PSZ0039.jpg 900w, https:\/\/mwb.com.pl\/wdrodze\/wp-content\/uploads\/2021\/05\/PSZ0039-300x200.jpg 300w, https:\/\/mwb.com.pl\/wdrodze\/wp-content\/uploads\/2021\/05\/PSZ0039-768x512.jpg 768w, https:\/\/mwb.com.pl\/wdrodze\/wp-content\/uploads\/2021\/05\/PSZ0039-830x553.jpg 830w, https:\/\/mwb.com.pl\/wdrodze\/wp-content\/uploads\/2021\/05\/PSZ0039-230x153.jpg 230w, https:\/\/mwb.com.pl\/wdrodze\/wp-content\/uploads\/2021\/05\/PSZ0039-350x233.jpg 350w, https:\/\/mwb.com.pl\/wdrodze\/wp-content\/uploads\/2021\/05\/PSZ0039-480x320.jpg 480w\" sizes=\"(max-width: 900px) 100vw, 900px\" \/><\/a>\n\t\t\t<\/div><\/figure>\n\t\t<\/div>\n\t\t<\/div>\n\t\t\t\t\t\t<\/div>\n\t\t\t\t<\/div>\n\t\t\t\t\t<\/div>\n\t\t<\/div>\n\t\t\t\t\t<\/div>\n\t\t<\/section>\n\t\t\t\t<\/div>\n\t\t","protected":false},"excerpt":{"rendered":"<p>Wystawa prezentowana b\u0119dzie w dniach 17 maja &#8211; 21 czerwca br. w Bia\u0142ymstoku, na Placu Polskich Si\u0142 Zbrojnych na Zachodzie.<\/p>\n","protected":false},"author":1,"featured_media":0,"parent":0,"menu_order":0,"comment_status":"closed","ping_status":"closed","template":"page-templates\/page_fullwidth.php","meta":{"footnotes":""},"class_list":["post-18","page","type-page","status-publish","hentry"],"_links":{"self":[{"href":"https:\/\/mwb.com.pl\/wdrodze\/wp-json\/wp\/v2\/pages\/18","targetHints":{"allow":["GET"]}}],"collection":[{"href":"https:\/\/mwb.com.pl\/wdrodze\/wp-json\/wp\/v2\/pages"}],"about":[{"href":"https:\/\/mwb.com.pl\/wdrodze\/wp-json\/wp\/v2\/types\/page"}],"author":[{"embeddable":true,"href":"https:\/\/mwb.com.pl\/wdrodze\/wp-json\/wp\/v2\/users\/1"}],"replies":[{"embeddable":true,"href":"https:\/\/mwb.com.pl\/wdrodze\/wp-json\/wp\/v2\/comments?post=18"}],"version-history":[{"count":31,"href":"https:\/\/mwb.com.pl\/wdrodze\/wp-json\/wp\/v2\/pages\/18\/revisions"}],"predecessor-version":[{"id":1880,"href":"https:\/\/mwb.com.pl\/wdrodze\/wp-json\/wp\/v2\/pages\/18\/revisions\/1880"}],"wp:attachment":[{"href":"https:\/\/mwb.com.pl\/wdrodze\/wp-json\/wp\/v2\/media?parent=18"}],"curies":[{"name":"wp","href":"https:\/\/api.w.org\/{rel}","templated":true}]}}