{"id":12,"date":"2021-03-08T12:55:54","date_gmt":"2021-03-08T11:55:54","guid":{"rendered":"https:\/\/mwb.com.pl\/wdrodze\/?page_id=12"},"modified":"2021-04-07T13:40:05","modified_gmt":"2021-04-07T11:40:05","slug":"kalendarium","status":"publish","type":"page","link":"https:\/\/mwb.com.pl\/wdrodze\/kalendarium\/","title":{"rendered":"Kalendarium"},"content":{"rendered":"\t\t<div data-elementor-type=\"wp-page\" data-elementor-id=\"12\" class=\"elementor elementor-12\">\n\t\t\t\t\t\t<section class=\"elementor-section elementor-top-section elementor-element elementor-element-a1105c2 elementor-section-boxed elementor-section-height-default elementor-section-height-default\" data-id=\"a1105c2\" data-element_type=\"section\" data-e-type=\"section\">\n\t\t\t\t\t\t<div class=\"elementor-container elementor-column-gap-default\">\n\t\t\t\t\t<div class=\"elementor-column elementor-col-100 elementor-top-column elementor-element elementor-element-7b4ae53\" data-id=\"7b4ae53\" data-element_type=\"column\" data-e-type=\"column\">\n\t\t\t<div class=\"elementor-widget-wrap elementor-element-populated\">\n\t\t\t\t\t\t<div class=\"elementor-element elementor-element-cfb1c75 elementor-widget elementor-widget-eael-post-timeline\" data-id=\"cfb1c75\" data-element_type=\"widget\" data-e-type=\"widget\" data-widget_type=\"eael-post-timeline.default\">\n\t\t\t\t<div class=\"elementor-widget-container\">\n\t\t\t\t\t<div id=\"eael-post-timeline-cfb1c75\" class=\"eael-post-timeline timeline-layout-default eael-post-timeline-arrow-\">\n            <div class=\"eael-post-timeline eael-post-appender eael-post-appender-cfb1c75\"><article class=\"eael-timeline-post eael-timeline-column\">\n    <div class=\"eael-timeline-bullet\"><\/div>\n    <div class=\"eael-timeline-post-inner\">\n        <a class=\"eael-timeline-post-link\" href=\"https:\/\/mwb.com.pl\/wdrodze\/kalendarium\/1941-2\/\" title=\"1941\">\n            <time datetime=\"17 marca 1941\">17 marca 1941<\/time>\n            <div class=\"eael-timeline-post-image  attachment-full size-full\" style=\"background-image: url(https:\/\/mwb.com.pl\/wdrodze\/wp-content\/uploads\/2021\/03\/1941_sepia.jpg);\"><\/div><div class=\"eael-timeline-post-excerpt\"><p>Na zdj\u0119ciu: Gen. W. Sikorski i gen. W. Anders podczas rozmowy z \u017co\u0142nierzami Polskich Si\u0142...<\/p><\/div><div class=\"eael-timeline-post-title\">\n                    <h2 class=\"eael-timeline-post-title-text\">1941<\/h2>\n                <\/div><\/a>\n    <\/div>\n<\/article><article class=\"eael-timeline-post eael-timeline-column\">\n    <div class=\"eael-timeline-bullet\"><\/div>\n    <div class=\"eael-timeline-post-inner\">\n        <a class=\"eael-timeline-post-link\" href=\"https:\/\/mwb.com.pl\/wdrodze\/kalendarium\/1942-2\/\" title=\"1942\">\n            <time datetime=\"18 marca 1942\">18 marca 1942<\/time>\n            <div class=\"eael-timeline-post-image  attachment-full size-full\" style=\"background-image: url(https:\/\/mwb.com.pl\/wdrodze\/wp-content\/uploads\/2021\/03\/1942_sepia.jpg);\"><\/div><div class=\"eael-timeline-post-excerpt\"><p>Na zdj\u0119ciu: \u017bo\u0142nierze 5. Kresowej Dywizji Piechoty, Irak, 1942 r. Fotografia ze zbior\u00f3w Muzeum Wojska...<\/p><\/div><div class=\"eael-timeline-post-title\">\n                    <h2 class=\"eael-timeline-post-title-text\">1942<\/h2>\n                <\/div><\/a>\n    <\/div>\n<\/article><article class=\"eael-timeline-post eael-timeline-column\">\n    <div class=\"eael-timeline-bullet\"><\/div>\n    <div class=\"eael-timeline-post-inner\">\n        <a class=\"eael-timeline-post-link\" href=\"https:\/\/mwb.com.pl\/wdrodze\/kalendarium\/1943-2\/\" title=\"1943\">\n            <time datetime=\"18 marca 1943\">18 marca 1943<\/time>\n            <div class=\"eael-timeline-post-image  attachment-full size-full\" style=\"background-image: url(https:\/\/mwb.com.pl\/wdrodze\/wp-content\/uploads\/2021\/03\/1943_sepia.jpg);\"><\/div><div class=\"eael-timeline-post-excerpt\"><p>Na zdj\u0119ciu: \u017bo\u0142nierze 2. Korpusu podczas podr\u00f3\u017cy poci\u0105giem, 1943 r. Fotografia ze zbior\u00f3w Muzeum Wojska...<\/p><\/div><div class=\"eael-timeline-post-title\">\n                    <h2 class=\"eael-timeline-post-title-text\">1943<\/h2>\n                <\/div><\/a>\n    <\/div>\n<\/article><article class=\"eael-timeline-post eael-timeline-column\">\n    <div class=\"eael-timeline-bullet\"><\/div>\n    <div class=\"eael-timeline-post-inner\">\n        <a class=\"eael-timeline-post-link\" href=\"https:\/\/mwb.com.pl\/wdrodze\/kalendarium\/1944-2\/\" title=\"1944\">\n            <time datetime=\"18 marca 1944\">18 marca 1944<\/time>\n            <div class=\"eael-timeline-post-image  attachment-full size-full\" style=\"background-image: url(https:\/\/mwb.com.pl\/wdrodze\/wp-content\/uploads\/2021\/03\/1944_sepia.jpg);\"><\/div><div class=\"eael-timeline-post-excerpt\"><p>Na zdj\u0119ciu: Ruiny klasztoru na Monte Cassino, W\u0142ochy, 1944 r. Fotografia ze zbior\u00f3w Muzeum Wojska...<\/p><\/div><div class=\"eael-timeline-post-title\">\n                    <h2 class=\"eael-timeline-post-title-text\">1944<\/h2>\n                <\/div><\/a>\n    <\/div>\n<\/article><article class=\"eael-timeline-post eael-timeline-column\">\n    <div class=\"eael-timeline-bullet\"><\/div>\n    <div class=\"eael-timeline-post-inner\">\n        <a class=\"eael-timeline-post-link\" href=\"https:\/\/mwb.com.pl\/wdrodze\/kalendarium\/1945-2\/\" title=\"1945\">\n            <time datetime=\"18 marca 1945\">18 marca 1945<\/time>\n            <div class=\"eael-timeline-post-image  attachment-full size-full\" style=\"background-image: url(https:\/\/mwb.com.pl\/wdrodze\/wp-content\/uploads\/2021\/03\/1945.jpg);\"><\/div><div class=\"eael-timeline-post-excerpt\"><p>Na zdj\u0119ciu: \u017bo\u0142nierze 5. Kresowej Dywizji Piechoty, W\u0142ochy, 1945. Fotografia (kolorowana oryginalnie) ze zbior\u00f3w Muzeum...<\/p><\/div><div class=\"eael-timeline-post-title\">\n                    <h2 class=\"eael-timeline-post-title-text\">1945<\/h2>\n                <\/div><\/a>\n    <\/div>\n<\/article><article class=\"eael-timeline-post eael-timeline-column\">\n    <div class=\"eael-timeline-bullet\"><\/div>\n    <div class=\"eael-timeline-post-inner\">\n        <a class=\"eael-timeline-post-link\" href=\"https:\/\/mwb.com.pl\/wdrodze\/kalendarium\/1946-2\/\" title=\"1946\">\n            <time datetime=\"18 marca 1946\">18 marca 1946<\/time>\n            <div class=\"eael-timeline-post-image  attachment-full size-full\" style=\"background-image: url(https:\/\/mwb.com.pl\/wdrodze\/wp-content\/uploads\/2021\/03\/1946_sepia.jpg);\"><\/div><div class=\"eael-timeline-post-excerpt\"><p>Na zdj\u0119ciu: Kompania honorowa 2. Korpusu podczas uroczysto\u015bci wojskowych, W\u0142ochy, 1946 r. Fotografia ze zbior\u00f3w...<\/p><\/div><div class=\"eael-timeline-post-title\">\n                    <h2 class=\"eael-timeline-post-title-text\">1946<\/h2>\n                <\/div><\/a>\n    <\/div>\n<\/article><\/div>\n\t\t<\/div>\t\t\t\t<\/div>\n\t\t\t\t<\/div>\n\t\t\t\t\t<\/div>\n\t\t<\/div>\n\t\t\t\t\t<\/div>\n\t\t<\/section>\n\t\t\t\t<\/div>\n\t\t","protected":false},"excerpt":{"rendered":"<p>1941 Na zdj\u0119ciu: \u017bo\u0142nierze 16. Lwowskiego Batalionu Strzelc\u00f3w 5. Kresowej Dywizji Piechoty na froncie w\u0142oskim, W\u0142ochy,&#8230; 1941 1942 Na zdj\u0119ciu: \u017bo\u0142nierze 16. Lwowskiego Batalionu Strzelc\u00f3w 5. Kresowej Dywizji Piechoty na froncie w\u0142oskim, W\u0142ochy,&#8230; 1942 1943 Na zdj\u0119ciu: \u017bo\u0142nierze 16. Lwowskiego Batalionu Strzelc\u00f3w 5. Kresowej Dywizji Piechoty na froncie w\u0142oskim, W\u0142ochy,&#8230; 1943 1944 Na zdj\u0119ciu: \u017bo\u0142nierze [&hellip;]<\/p>\n","protected":false},"author":1,"featured_media":0,"parent":0,"menu_order":0,"comment_status":"closed","ping_status":"closed","template":"page-templates\/page_fullwidth.php","meta":{"footnotes":""},"class_list":["post-12","page","type-page","status-publish","hentry"],"_links":{"self":[{"href":"https:\/\/mwb.com.pl\/wdrodze\/wp-json\/wp\/v2\/pages\/12","targetHints":{"allow":["GET"]}}],"collection":[{"href":"https:\/\/mwb.com.pl\/wdrodze\/wp-json\/wp\/v2\/pages"}],"about":[{"href":"https:\/\/mwb.com.pl\/wdrodze\/wp-json\/wp\/v2\/types\/page"}],"author":[{"embeddable":true,"href":"https:\/\/mwb.com.pl\/wdrodze\/wp-json\/wp\/v2\/users\/1"}],"replies":[{"embeddable":true,"href":"https:\/\/mwb.com.pl\/wdrodze\/wp-json\/wp\/v2\/comments?post=12"}],"version-history":[{"count":77,"href":"https:\/\/mwb.com.pl\/wdrodze\/wp-json\/wp\/v2\/pages\/12\/revisions"}],"predecessor-version":[{"id":1538,"href":"https:\/\/mwb.com.pl\/wdrodze\/wp-json\/wp\/v2\/pages\/12\/revisions\/1538"}],"wp:attachment":[{"href":"https:\/\/mwb.com.pl\/wdrodze\/wp-json\/wp\/v2\/media?parent=12"}],"curies":[{"name":"wp","href":"https:\/\/api.w.org\/{rel}","templated":true}]}}