{"id":967,"date":"2024-09-04T11:13:08","date_gmt":"2024-09-04T09:13:08","guid":{"rendered":"https:\/\/mwb.com.pl\/teatr\/?page_id=967"},"modified":"2024-12-04T08:38:19","modified_gmt":"2024-12-04T07:38:19","slug":"spektakle","status":"publish","type":"page","link":"https:\/\/mwb.com.pl\/teatr\/spektakle\/","title":{"rendered":"Spektakle"},"content":{"rendered":"\t\t<div data-elementor-type=\"wp-page\" data-elementor-id=\"967\" class=\"elementor elementor-967\">\n\t\t\t\t<div class=\"elementor-element elementor-element-aad0b26 e-flex e-con-boxed e-con e-parent\" data-id=\"aad0b26\" data-element_type=\"container\" data-e-type=\"container\">\n\t\t\t\t\t<div class=\"e-con-inner\">\n\t\t<div class=\"elementor-element elementor-element-9a41d2b e-con-full e-flex e-con e-child\" data-id=\"9a41d2b\" data-element_type=\"container\" data-e-type=\"container\">\n\t\t\t\t<div class=\"elementor-element elementor-element-1a8b4dc elementor-widget elementor-widget-heading\" data-id=\"1a8b4dc\" data-element_type=\"widget\" data-e-type=\"widget\" data-widget_type=\"heading.default\">\n\t\t\t\t<div class=\"elementor-widget-container\">\n\t\t\t\t\t<h2 class=\"elementor-heading-title elementor-size-default\">Spektakle<\/h2>\t\t\t\t<\/div>\n\t\t\t\t<\/div>\n\t\t\t\t<div class=\"elementor-element elementor-element-6a0a9ac elementor-widget-divider--view-line elementor-widget elementor-widget-divider\" data-id=\"6a0a9ac\" data-element_type=\"widget\" data-e-type=\"widget\" data-widget_type=\"divider.default\">\n\t\t\t\t<div class=\"elementor-widget-container\">\n\t\t\t\t\t\t\t<div class=\"elementor-divider\">\n\t\t\t<span class=\"elementor-divider-separator\">\n\t\t\t\t\t\t<\/span>\n\t\t<\/div>\n\t\t\t\t\t\t<\/div>\n\t\t\t\t<\/div>\n\t\t\t\t<\/div>\n\t\t\t\t\t<\/div>\n\t\t\t\t<\/div>\n\t\t<div class=\"elementor-element elementor-element-75f43c2 e-con-full e-flex e-con e-parent\" data-id=\"75f43c2\" data-element_type=\"container\" data-e-type=\"container\">\n\t\t\t\t<div class=\"elementor-element elementor-element-62f5c47 elementor-widget elementor-widget-text-editor\" data-id=\"62f5c47\" data-element_type=\"widget\" data-e-type=\"widget\" data-widget_type=\"text-editor.default\">\n\t\t\t\t<div class=\"elementor-widget-container\">\n\t\t\t\t\t\t\t\t\t<p>Muzeum Wojska w Bia\u0142ymstoku zaprasza na interaktywny spektakl pt. \u201eWr\u00f3g\u201d, kt\u00f3ry powsta\u0142 w ramach projektu M\u0142odzie\u017cowy teatr w\u0142\u0105czaj\u0105cy. W roli aktor\u00f3w wyst\u0105pi\u0105 wychowankowie Specjalnego O\u015brodka Szkolno-Wychowawczego w Bia\u0142ymstoku. M\u0142odzi arty\u015bci wyst\u0105pi\u0105 w czterech miejscowo\u015bciach: w Mo\u0144kach, Gr\u00f3dku, Augustowie oraz Bia\u0142ymstoku. Ostatniej prezentacji b\u0119dzie towarzyszy\u0107 piknik integracyjno-edukacyjny oraz fina\u0142 projektu. Spektakl jest dedykowany do wszystkich, bez ogranicze\u0144 wiekowych.<\/p><p>Przedstawienie performatywne pt. \u201eWr\u00f3g\u201d jest efektem pracy tw\u00f3rczej dzieci i m\u0142odzie\u017cy na warsztatach teatralnych i historycznych prowadzonych przez pracownik\u00f3w Muzeum oraz Akademii Teatralnej im. A. Zelwerowicza w Bia\u0142ymstoku. Opracowany na podstawie wsp\u00f3\u0142pracy z wychowankami SOSW scenariusz dotyka problemu wojny w og\u00f3lnym uj\u0119ciu, cho\u0107 punktem odniesienia dla aktor\u00f3w jest obecnie trwaj\u0105ca wojna w Ukrainie. M\u0142odzi aktorzy nie tylko poka\u017c\u0105 jak w sw\u00f3j dzieci\u0119cy spos\u00f3b widz\u0105 i rozumiej\u0105 wojn\u0119, ale przede wszystkim zaprosz\u0105 widz\u00f3w do refleksji nad jej okrucie\u0144stwem i bezsensowno\u015bci\u0105. Obna\u017c\u0105 tytu\u0142owego wroga, pokazuj\u0105c \u017ce w gruncie rzeczy jest takim samym cz\u0142owiekiem jak my sami, a instrukcja prowadzenia wojny i dramat osobisty jej uczestnik\u00f3w po obu stronach konfliktu jest taki sam. Barwny, oparty na naturalno\u015bci m\u0142odych aktor\u00f3w i interakcji z publiczno\u015bci\u0105 spektakl b\u0119dzie wypowiedzi\u0105 tych kt\u00f3rzy g\u0142osu w sprawach politycznych nie maj\u0105.<\/p><p>19 wrze\u015bnia &#8211; Mediateka (we wsp\u00f3\u0142pracy z Monieckim O\u015brodkiem Kultury), ul. S\u0142owackiego 4 <a href=\"https:\/\/mwb.com.pl\/teatr\/wp-content\/uploads\/spektakle\/monki.pdf\" target=\"_blank\" rel=\"noopener noreferrer\">&#8211; zaproszenie<\/a><br \/>26 wrze\u015bnia &#8211; Gminne Centrum Kultury w Gr\u00f3dku, ul. Aleksandra i Grzegorza Chodkiewicz\u00f3w 4<a href=\"https:\/\/mwb.com.pl\/teatr\/wp-content\/uploads\/spektakle\/grodek.pdf\" target=\"_blank\" rel=\"noopener noreferrer\">&#8211; zaproszenie<\/a><br \/>3 pa\u017adziernika &#8211; Miejski Dom Kultury w Augustowie (Augustowskie Plac\u00f3wkami Kultury w Augustowie), Rynek Zygmunta Augusta 9<a href=\"https:\/\/mwb.com.pl\/teatr\/wp-content\/uploads\/spektakle\/augustow.pdf\" target=\"_blank\" rel=\"noopener noreferrer\">&#8211; zaproszenie<\/a><br \/>10 pa\u017adziernika &#8211; Specjalny O\u015brodek Szkolno-Wychowawczy w Bia\u0142ymstoku (po spektaklu o godz. 11.45 Piknik)<a href=\"https:\/\/mwb.com.pl\/teatr\/wp-content\/uploads\/spektakle\/bialystok.pdf\" target=\"_blank\" rel=\"noopener noreferrer\">&#8211; zaproszenie<\/a><\/p><p>Wszystkie spektakle rozpoczynaj\u0105 si\u0119 o godz. 11.00. Wst\u0119p bezp\u0142atny.<\/p><p>Wyst\u0119puj\u0105: Wychowankowie Specjalnego O\u015brodka Szkolno-Wychowawczego w Bia\u0142ymstoku im. Waldemara Kikolskiego oraz studenci Akademii Teatralnej im. A. Zelwerowicza w Bia\u0142ymstoku<br \/>Scenariusz: Paula Czarnecka<br \/>Choreografia: Dorota Baranowska<br \/>Teksty i dialogi: Karolina Czarnecka<br \/>Scenografia: Maria \u017bynel<br \/>Muzyka: Rafa\u0142 Przytocki<\/p>\t\t\t\t\t\t\t\t<\/div>\n\t\t\t\t<\/div>\n\t\t\t\t<\/div>\n\t\t<div class=\"elementor-element elementor-element-bee3fc3 e-flex e-con-boxed e-con e-parent\" data-id=\"bee3fc3\" data-element_type=\"container\" data-e-type=\"container\">\n\t\t\t\t\t<div class=\"e-con-inner\">\n\t\t<div class=\"elementor-element elementor-element-9776690 e-con-full e-flex e-con e-child\" data-id=\"9776690\" data-element_type=\"container\" data-e-type=\"container\">\n\t\t\t\t<div class=\"elementor-element elementor-element-cf3f8ee elementor-widget elementor-widget-image\" data-id=\"cf3f8ee\" data-element_type=\"widget\" data-e-type=\"widget\" data-widget_type=\"image.default\">\n\t\t\t\t<div class=\"elementor-widget-container\">\n\t\t\t\t\t\t\t\t\t\t\t\t\t\t\t\t<a href=\"https:\/\/mwb.com.pl\/teatr\/wp-content\/uploads\/spektakle\/monki.jpg\" data-elementor-open-lightbox=\"yes\" data-e-action-hash=\"#elementor-action%3Aaction%3Dlightbox%26settings%3DW10%3D\">\n\t\t\t\t\t\t\t<img decoding=\"async\" src=\"https:\/\/mwb.com.pl\/teatr\/wp-content\/uploads\/spektakle\/monki.jpg\" title=\"\" alt=\"plakat - spektakl w Mo\u0144kach\" loading=\"lazy\" \/>\t\t\t\t\t\t\t\t<\/a>\n\t\t\t\t\t\t\t\t\t\t\t\t\t\t\t<\/div>\n\t\t\t\t<\/div>\n\t\t\t\t<\/div>\n\t\t<div class=\"elementor-element elementor-element-cfd9abc e-con-full e-flex e-con e-child\" data-id=\"cfd9abc\" data-element_type=\"container\" data-e-type=\"container\">\n\t\t\t\t<div class=\"elementor-element elementor-element-6aebae4 elementor-widget elementor-widget-image\" data-id=\"6aebae4\" data-element_type=\"widget\" data-e-type=\"widget\" data-widget_type=\"image.default\">\n\t\t\t\t<div class=\"elementor-widget-container\">\n\t\t\t\t\t\t\t\t\t\t\t\t\t\t\t\t<a href=\"https:\/\/mwb.com.pl\/teatr\/wp-content\/uploads\/spektakle\/grodek.jpg\" data-elementor-open-lightbox=\"yes\" data-e-action-hash=\"#elementor-action%3Aaction%3Dlightbox%26settings%3DW10%3D\">\n\t\t\t\t\t\t\t<img decoding=\"async\" src=\"https:\/\/mwb.com.pl\/teatr\/wp-content\/uploads\/spektakle\/grodek.jpg\" title=\"\" alt=\"plakat - spektakl w Gr\u00f3dku\" loading=\"lazy\" \/>\t\t\t\t\t\t\t\t<\/a>\n\t\t\t\t\t\t\t\t\t\t\t\t\t\t\t<\/div>\n\t\t\t\t<\/div>\n\t\t\t\t<\/div>\n\t\t<div class=\"elementor-element elementor-element-b0946d6 e-con-full e-flex e-con e-child\" data-id=\"b0946d6\" data-element_type=\"container\" data-e-type=\"container\">\n\t\t\t\t<div class=\"elementor-element elementor-element-5e3f101 elementor-widget elementor-widget-image\" data-id=\"5e3f101\" data-element_type=\"widget\" data-e-type=\"widget\" data-widget_type=\"image.default\">\n\t\t\t\t<div class=\"elementor-widget-container\">\n\t\t\t\t\t\t\t\t\t\t\t\t\t\t\t\t<a href=\"https:\/\/mwb.com.pl\/teatr\/wp-content\/uploads\/spektakle\/augustow.jpg\" data-elementor-open-lightbox=\"yes\" data-e-action-hash=\"#elementor-action%3Aaction%3Dlightbox%26settings%3DW10%3D\">\n\t\t\t\t\t\t\t<img decoding=\"async\" src=\"https:\/\/mwb.com.pl\/teatr\/wp-content\/uploads\/spektakle\/augustow.jpg\" title=\"\" alt=\"plakat - spektakl w Augustowie\" loading=\"lazy\" \/>\t\t\t\t\t\t\t\t<\/a>\n\t\t\t\t\t\t\t\t\t\t\t\t\t\t\t<\/div>\n\t\t\t\t<\/div>\n\t\t\t\t<\/div>\n\t\t<div class=\"elementor-element elementor-element-794799e e-con-full e-flex e-con e-child\" data-id=\"794799e\" data-element_type=\"container\" data-e-type=\"container\">\n\t\t\t\t<div class=\"elementor-element elementor-element-6ae215a elementor-widget elementor-widget-image\" data-id=\"6ae215a\" data-element_type=\"widget\" data-e-type=\"widget\" data-widget_type=\"image.default\">\n\t\t\t\t<div class=\"elementor-widget-container\">\n\t\t\t\t\t\t\t\t\t\t\t\t\t\t\t\t<a href=\"https:\/\/mwb.com.pl\/teatr\/wp-content\/uploads\/spektakle\/bialystok.jpg\" data-elementor-open-lightbox=\"yes\" data-e-action-hash=\"#elementor-action%3Aaction%3Dlightbox%26settings%3DW10%3D\">\n\t\t\t\t\t\t\t<img decoding=\"async\" src=\"https:\/\/mwb.com.pl\/teatr\/wp-content\/uploads\/spektakle\/bialystok.jpg\" title=\"\" alt=\"plakat - spektakl w Bia\u0142ymstoku\" loading=\"lazy\" \/>\t\t\t\t\t\t\t\t<\/a>\n\t\t\t\t\t\t\t\t\t\t\t\t\t\t\t<\/div>\n\t\t\t\t<\/div>\n\t\t\t\t<\/div>\n\t\t\t\t\t<\/div>\n\t\t\t\t<\/div>\n\t\t<div class=\"elementor-element elementor-element-133fc1a e-flex e-con-boxed e-con e-parent\" data-id=\"133fc1a\" data-element_type=\"container\" data-e-type=\"container\">\n\t\t\t\t\t<div class=\"e-con-inner\">\n\t\t<div class=\"elementor-element elementor-element-e1d74da e-con-full e-flex e-con e-child\" data-id=\"e1d74da\" data-element_type=\"container\" data-e-type=\"container\">\n\t\t\t\t<div class=\"elementor-element elementor-element-408dfc3 elementor-widget elementor-widget-video\" data-id=\"408dfc3\" data-element_type=\"widget\" data-e-type=\"widget\" data-settings=\"{&quot;youtube_url&quot;:&quot;https:\\\/\\\/youtu.be\\\/a8WeFUum9no&quot;,&quot;video_type&quot;:&quot;youtube&quot;,&quot;controls&quot;:&quot;yes&quot;}\" data-widget_type=\"video.default\">\n\t\t\t\t<div class=\"elementor-widget-container\">\n\t\t\t\t\t\t\t<div class=\"elementor-wrapper elementor-open-inline\">\n\t\t\t<div class=\"elementor-video\"><\/div>\t\t<\/div>\n\t\t\t\t\t\t<\/div>\n\t\t\t\t<\/div>\n\t\t\t\t<\/div>\n\t\t<div class=\"elementor-element elementor-element-3b22b85 e-con-full e-flex e-con e-child\" data-id=\"3b22b85\" data-element_type=\"container\" data-e-type=\"container\">\n\t\t\t\t<div class=\"elementor-element elementor-element-7feb47c elementor-widget elementor-widget-video\" data-id=\"7feb47c\" data-element_type=\"widget\" data-e-type=\"widget\" data-settings=\"{&quot;youtube_url&quot;:&quot;https:\\\/\\\/youtu.be\\\/esVFU1MKosw&quot;,&quot;video_type&quot;:&quot;youtube&quot;,&quot;controls&quot;:&quot;yes&quot;}\" data-widget_type=\"video.default\">\n\t\t\t\t<div class=\"elementor-widget-container\">\n\t\t\t\t\t\t\t<div class=\"elementor-wrapper elementor-open-inline\">\n\t\t\t<div class=\"elementor-video\"><\/div>\t\t<\/div>\n\t\t\t\t\t\t<\/div>\n\t\t\t\t<\/div>\n\t\t\t\t<\/div>\n\t\t\t\t\t<\/div>\n\t\t\t\t<\/div>\n\t\t<div class=\"elementor-element elementor-element-e2bd453 e-flex e-con-boxed e-con e-parent\" data-id=\"e2bd453\" data-element_type=\"container\" data-e-type=\"container\">\n\t\t\t\t\t<div class=\"e-con-inner\">\n\t\t<div class=\"elementor-element elementor-element-611b243 e-con-full e-flex e-con e-child\" data-id=\"611b243\" data-element_type=\"container\" data-e-type=\"container\">\n\t\t\t\t<div class=\"elementor-element elementor-element-a43e06d elementor-widget elementor-widget-video\" data-id=\"a43e06d\" data-element_type=\"widget\" data-e-type=\"widget\" data-settings=\"{&quot;youtube_url&quot;:&quot;https:\\\/\\\/youtu.be\\\/fmszZ438Axo&quot;,&quot;video_type&quot;:&quot;youtube&quot;,&quot;controls&quot;:&quot;yes&quot;}\" data-widget_type=\"video.default\">\n\t\t\t\t<div class=\"elementor-widget-container\">\n\t\t\t\t\t\t\t<div class=\"elementor-wrapper elementor-open-inline\">\n\t\t\t<div class=\"elementor-video\"><\/div>\t\t<\/div>\n\t\t\t\t\t\t<\/div>\n\t\t\t\t<\/div>\n\t\t\t\t<\/div>\n\t\t<div class=\"elementor-element elementor-element-62068a2 e-con-full e-flex e-con e-child\" data-id=\"62068a2\" data-element_type=\"container\" data-e-type=\"container\">\n\t\t\t\t<div class=\"elementor-element elementor-element-657d92a elementor-widget elementor-widget-video\" data-id=\"657d92a\" data-element_type=\"widget\" data-e-type=\"widget\" data-settings=\"{&quot;youtube_url&quot;:&quot;https:\\\/\\\/www.youtube.com\\\/watch?v=pKslQmMzzHU&quot;,&quot;video_type&quot;:&quot;youtube&quot;,&quot;controls&quot;:&quot;yes&quot;}\" data-widget_type=\"video.default\">\n\t\t\t\t<div class=\"elementor-widget-container\">\n\t\t\t\t\t\t\t<div class=\"elementor-wrapper elementor-open-inline\">\n\t\t\t<div class=\"elementor-video\"><\/div>\t\t<\/div>\n\t\t\t\t\t\t<\/div>\n\t\t\t\t<\/div>\n\t\t\t\t<\/div>\n\t\t\t\t\t<\/div>\n\t\t\t\t<\/div>\n\t\t<div class=\"elementor-element elementor-element-46fdb66 e-flex e-con-boxed e-con e-parent\" data-id=\"46fdb66\" data-element_type=\"container\" data-e-type=\"container\">\n\t\t\t\t\t<div class=\"e-con-inner\">\n\t\t\t\t<div class=\"elementor-element elementor-element-ec4ca48 elementor-widget elementor-widget-heading\" data-id=\"ec4ca48\" data-element_type=\"widget\" data-e-type=\"widget\" data-widget_type=\"heading.default\">\n\t\t\t\t<div class=\"elementor-widget-container\">\n\t\t\t\t\t<h4 class=\"elementor-heading-title elementor-size-default\">Tablica wykonana przez wychowank\u00f3w Specjalnego O\u015brodka Szkolno-Wychowawczego w Bia\u0142ymstoku, wype\u0142niona napisami przez widz\u00f3w spektaklu<\/h4>\t\t\t\t<\/div>\n\t\t\t\t<\/div>\n\t\t\t\t\t<\/div>\n\t\t\t\t<\/div>\n\t\t<div class=\"elementor-element elementor-element-b89ee15 e-flex e-con-boxed e-con e-parent\" data-id=\"b89ee15\" data-element_type=\"container\" data-e-type=\"container\">\n\t\t\t\t\t<div class=\"e-con-inner\">\n\t\t\t\t<div class=\"elementor-element elementor-element-0e65bed gallery-spacing-custom elementor-widget elementor-widget-image-gallery\" data-id=\"0e65bed\" data-element_type=\"widget\" data-e-type=\"widget\" data-widget_type=\"image-gallery.default\">\n\t\t\t\t<div class=\"elementor-widget-container\">\n\t\t\t\t\t\t\t<div class=\"elementor-image-gallery\">\n\t\t\t<div id='gallery-1' class='gallery galleryid-967 gallery-columns-6 gallery-size-medium'><figure class='gallery-item'>\n\t\t\t<div class='gallery-icon landscape'>\n\t\t\t\t<a data-elementor-open-lightbox=\"yes\" data-elementor-lightbox-slideshow=\"0e65bed\" data-elementor-lightbox-title=\"Spektakl - fotosy\" data-e-action-hash=\"#elementor-action%3Aaction%3Dlightbox%26settings%3DeyJpZCI6MTI1NiwidXJsIjoiaHR0cHM6XC9cL213Yi5jb20ucGxcL3RlYXRyXC93cC1jb250ZW50XC91cGxvYWRzXC8yMDI0XC8xMVwvVGFibGljYV8yLmpwZyIsInNsaWRlc2hvdyI6IjBlNjViZWQifQ%3D%3D\" href='https:\/\/mwb.com.pl\/teatr\/wp-content\/uploads\/2024\/11\/Tablica_2.jpg'><img fetchpriority=\"high\" decoding=\"async\" width=\"300\" height=\"200\" src=\"https:\/\/mwb.com.pl\/teatr\/wp-content\/uploads\/2024\/11\/Tablica_2-300x200.jpg\" class=\"attachment-medium size-medium\" alt=\"Spektakl - fotosy\" srcset=\"https:\/\/mwb.com.pl\/teatr\/wp-content\/uploads\/2024\/11\/Tablica_2-300x200.jpg 300w, https:\/\/mwb.com.pl\/teatr\/wp-content\/uploads\/2024\/11\/Tablica_2-768x512.jpg 768w, https:\/\/mwb.com.pl\/teatr\/wp-content\/uploads\/2024\/11\/Tablica_2-230x153.jpg 230w, https:\/\/mwb.com.pl\/teatr\/wp-content\/uploads\/2024\/11\/Tablica_2-350x233.jpg 350w, https:\/\/mwb.com.pl\/teatr\/wp-content\/uploads\/2024\/11\/Tablica_2-480x320.jpg 480w, https:\/\/mwb.com.pl\/teatr\/wp-content\/uploads\/2024\/11\/Tablica_2.jpg 800w\" sizes=\"(max-width: 300px) 100vw, 300px\" \/><\/a>\n\t\t\t<\/div><\/figure><figure class='gallery-item'>\n\t\t\t<div class='gallery-icon landscape'>\n\t\t\t\t<a data-elementor-open-lightbox=\"yes\" data-elementor-lightbox-slideshow=\"0e65bed\" data-elementor-lightbox-title=\"Spektakl - fotosy\" data-e-action-hash=\"#elementor-action%3Aaction%3Dlightbox%26settings%3DeyJpZCI6MTI1NywidXJsIjoiaHR0cHM6XC9cL213Yi5jb20ucGxcL3RlYXRyXC93cC1jb250ZW50XC91cGxvYWRzXC8yMDI0XC8xMVwvVGFibGljYV8zLmpwZyIsInNsaWRlc2hvdyI6IjBlNjViZWQifQ%3D%3D\" href='https:\/\/mwb.com.pl\/teatr\/wp-content\/uploads\/2024\/11\/Tablica_3.jpg'><img decoding=\"async\" width=\"300\" height=\"200\" src=\"https:\/\/mwb.com.pl\/teatr\/wp-content\/uploads\/2024\/11\/Tablica_3-300x200.jpg\" class=\"attachment-medium size-medium\" alt=\"Spektakl - fotosy\" srcset=\"https:\/\/mwb.com.pl\/teatr\/wp-content\/uploads\/2024\/11\/Tablica_3-300x200.jpg 300w, https:\/\/mwb.com.pl\/teatr\/wp-content\/uploads\/2024\/11\/Tablica_3-768x512.jpg 768w, https:\/\/mwb.com.pl\/teatr\/wp-content\/uploads\/2024\/11\/Tablica_3-230x153.jpg 230w, https:\/\/mwb.com.pl\/teatr\/wp-content\/uploads\/2024\/11\/Tablica_3-350x233.jpg 350w, https:\/\/mwb.com.pl\/teatr\/wp-content\/uploads\/2024\/11\/Tablica_3-480x320.jpg 480w, https:\/\/mwb.com.pl\/teatr\/wp-content\/uploads\/2024\/11\/Tablica_3.jpg 800w\" sizes=\"(max-width: 300px) 100vw, 300px\" \/><\/a>\n\t\t\t<\/div><\/figure><figure class='gallery-item'>\n\t\t\t<div class='gallery-icon landscape'>\n\t\t\t\t<a data-elementor-open-lightbox=\"yes\" data-elementor-lightbox-slideshow=\"0e65bed\" data-elementor-lightbox-title=\"Spektakl - fotosy\" data-e-action-hash=\"#elementor-action%3Aaction%3Dlightbox%26settings%3DeyJpZCI6MTI1OCwidXJsIjoiaHR0cHM6XC9cL213Yi5jb20ucGxcL3RlYXRyXC93cC1jb250ZW50XC91cGxvYWRzXC8yMDI0XC8xMVwvVGFibGljYV83LmpwZyIsInNsaWRlc2hvdyI6IjBlNjViZWQifQ%3D%3D\" href='https:\/\/mwb.com.pl\/teatr\/wp-content\/uploads\/2024\/11\/Tablica_7.jpg'><img decoding=\"async\" width=\"300\" height=\"200\" src=\"https:\/\/mwb.com.pl\/teatr\/wp-content\/uploads\/2024\/11\/Tablica_7-300x200.jpg\" class=\"attachment-medium size-medium\" alt=\"Spektakl - fotosy\" srcset=\"https:\/\/mwb.com.pl\/teatr\/wp-content\/uploads\/2024\/11\/Tablica_7-300x200.jpg 300w, https:\/\/mwb.com.pl\/teatr\/wp-content\/uploads\/2024\/11\/Tablica_7-768x512.jpg 768w, https:\/\/mwb.com.pl\/teatr\/wp-content\/uploads\/2024\/11\/Tablica_7-230x153.jpg 230w, https:\/\/mwb.com.pl\/teatr\/wp-content\/uploads\/2024\/11\/Tablica_7-350x233.jpg 350w, https:\/\/mwb.com.pl\/teatr\/wp-content\/uploads\/2024\/11\/Tablica_7-480x320.jpg 480w, https:\/\/mwb.com.pl\/teatr\/wp-content\/uploads\/2024\/11\/Tablica_7.jpg 800w\" sizes=\"(max-width: 300px) 100vw, 300px\" \/><\/a>\n\t\t\t<\/div><\/figure><figure class='gallery-item'>\n\t\t\t<div class='gallery-icon landscape'>\n\t\t\t\t<a data-elementor-open-lightbox=\"yes\" data-elementor-lightbox-slideshow=\"0e65bed\" data-elementor-lightbox-title=\"Spektakl - fotosy\" data-e-action-hash=\"#elementor-action%3Aaction%3Dlightbox%26settings%3DeyJpZCI6MTI1OSwidXJsIjoiaHR0cHM6XC9cL213Yi5jb20ucGxcL3RlYXRyXC93cC1jb250ZW50XC91cGxvYWRzXC8yMDI0XC8xMVwvVGFibGljYV85LmpwZyIsInNsaWRlc2hvdyI6IjBlNjViZWQifQ%3D%3D\" href='https:\/\/mwb.com.pl\/teatr\/wp-content\/uploads\/2024\/11\/Tablica_9.jpg'><img loading=\"lazy\" decoding=\"async\" width=\"300\" height=\"200\" src=\"https:\/\/mwb.com.pl\/teatr\/wp-content\/uploads\/2024\/11\/Tablica_9-300x200.jpg\" class=\"attachment-medium size-medium\" alt=\"Spektakl - fotosy\" srcset=\"https:\/\/mwb.com.pl\/teatr\/wp-content\/uploads\/2024\/11\/Tablica_9-300x200.jpg 300w, https:\/\/mwb.com.pl\/teatr\/wp-content\/uploads\/2024\/11\/Tablica_9-768x512.jpg 768w, https:\/\/mwb.com.pl\/teatr\/wp-content\/uploads\/2024\/11\/Tablica_9-230x153.jpg 230w, https:\/\/mwb.com.pl\/teatr\/wp-content\/uploads\/2024\/11\/Tablica_9-350x233.jpg 350w, https:\/\/mwb.com.pl\/teatr\/wp-content\/uploads\/2024\/11\/Tablica_9-480x320.jpg 480w, https:\/\/mwb.com.pl\/teatr\/wp-content\/uploads\/2024\/11\/Tablica_9.jpg 800w\" sizes=\"(max-width: 300px) 100vw, 300px\" \/><\/a>\n\t\t\t<\/div><\/figure><figure class='gallery-item'>\n\t\t\t<div class='gallery-icon landscape'>\n\t\t\t\t<a data-elementor-open-lightbox=\"yes\" data-elementor-lightbox-slideshow=\"0e65bed\" data-elementor-lightbox-title=\"Spektakl - fotosy\" data-e-action-hash=\"#elementor-action%3Aaction%3Dlightbox%26settings%3DeyJpZCI6MTI2MCwidXJsIjoiaHR0cHM6XC9cL213Yi5jb20ucGxcL3RlYXRyXC93cC1jb250ZW50XC91cGxvYWRzXC8yMDI0XC8xMVwvVGFibGljYV8xMi5qcGciLCJzbGlkZXNob3ciOiIwZTY1YmVkIn0%3D\" href='https:\/\/mwb.com.pl\/teatr\/wp-content\/uploads\/2024\/11\/Tablica_12.jpg'><img loading=\"lazy\" decoding=\"async\" width=\"300\" height=\"200\" src=\"https:\/\/mwb.com.pl\/teatr\/wp-content\/uploads\/2024\/11\/Tablica_12-300x200.jpg\" class=\"attachment-medium size-medium\" alt=\"Spektakl - fotosy\" srcset=\"https:\/\/mwb.com.pl\/teatr\/wp-content\/uploads\/2024\/11\/Tablica_12-300x200.jpg 300w, https:\/\/mwb.com.pl\/teatr\/wp-content\/uploads\/2024\/11\/Tablica_12-768x512.jpg 768w, https:\/\/mwb.com.pl\/teatr\/wp-content\/uploads\/2024\/11\/Tablica_12-230x153.jpg 230w, https:\/\/mwb.com.pl\/teatr\/wp-content\/uploads\/2024\/11\/Tablica_12-350x233.jpg 350w, https:\/\/mwb.com.pl\/teatr\/wp-content\/uploads\/2024\/11\/Tablica_12-480x320.jpg 480w, https:\/\/mwb.com.pl\/teatr\/wp-content\/uploads\/2024\/11\/Tablica_12.jpg 800w\" sizes=\"(max-width: 300px) 100vw, 300px\" \/><\/a>\n\t\t\t<\/div><\/figure><figure class='gallery-item'>\n\t\t\t<div class='gallery-icon landscape'>\n\t\t\t\t<a data-elementor-open-lightbox=\"yes\" data-elementor-lightbox-slideshow=\"0e65bed\" data-elementor-lightbox-title=\"Spektakl - fotosy\" data-e-action-hash=\"#elementor-action%3Aaction%3Dlightbox%26settings%3DeyJpZCI6MTI2MSwidXJsIjoiaHR0cHM6XC9cL213Yi5jb20ucGxcL3RlYXRyXC93cC1jb250ZW50XC91cGxvYWRzXC8yMDI0XC8xMVwvVGFibGljYV8xNS5qcGciLCJzbGlkZXNob3ciOiIwZTY1YmVkIn0%3D\" href='https:\/\/mwb.com.pl\/teatr\/wp-content\/uploads\/2024\/11\/Tablica_15.jpg'><img loading=\"lazy\" decoding=\"async\" width=\"300\" height=\"200\" src=\"https:\/\/mwb.com.pl\/teatr\/wp-content\/uploads\/2024\/11\/Tablica_15-300x200.jpg\" class=\"attachment-medium size-medium\" alt=\"Spektakl - fotosy\" srcset=\"https:\/\/mwb.com.pl\/teatr\/wp-content\/uploads\/2024\/11\/Tablica_15-300x200.jpg 300w, https:\/\/mwb.com.pl\/teatr\/wp-content\/uploads\/2024\/11\/Tablica_15-768x512.jpg 768w, https:\/\/mwb.com.pl\/teatr\/wp-content\/uploads\/2024\/11\/Tablica_15-230x153.jpg 230w, https:\/\/mwb.com.pl\/teatr\/wp-content\/uploads\/2024\/11\/Tablica_15-350x233.jpg 350w, https:\/\/mwb.com.pl\/teatr\/wp-content\/uploads\/2024\/11\/Tablica_15-480x320.jpg 480w, https:\/\/mwb.com.pl\/teatr\/wp-content\/uploads\/2024\/11\/Tablica_15.jpg 800w\" sizes=\"(max-width: 300px) 100vw, 300px\" \/><\/a>\n\t\t\t<\/div><\/figure>\n\t\t<\/div>\n\t\t<\/div>\n\t\t\t\t\t\t<\/div>\n\t\t\t\t<\/div>\n\t\t\t\t\t<\/div>\n\t\t\t\t<\/div>\n\t\t\t\t<\/div>\n\t\t","protected":false},"excerpt":{"rendered":"<p>Spektakle Muzeum Wojska w Bia\u0142ymstoku zaprasza na interaktywny spektakl pt. \u201eWr\u00f3g\u201d, kt\u00f3ry powsta\u0142 w ramach projektu M\u0142odzie\u017cowy teatr w\u0142\u0105czaj\u0105cy. W roli aktor\u00f3w [&hellip;]<\/p>\n","protected":false},"author":1,"featured_media":0,"parent":0,"menu_order":0,"comment_status":"closed","ping_status":"closed","template":"elementor_header_footer","meta":{"h5ap_radio_sources":[],"footnotes":""},"class_list":["post-967","page","type-page","status-publish","hentry"],"_links":{"self":[{"href":"https:\/\/mwb.com.pl\/teatr\/wp-json\/wp\/v2\/pages\/967","targetHints":{"allow":["GET"]}}],"collection":[{"href":"https:\/\/mwb.com.pl\/teatr\/wp-json\/wp\/v2\/pages"}],"about":[{"href":"https:\/\/mwb.com.pl\/teatr\/wp-json\/wp\/v2\/types\/page"}],"author":[{"embeddable":true,"href":"https:\/\/mwb.com.pl\/teatr\/wp-json\/wp\/v2\/users\/1"}],"replies":[{"embeddable":true,"href":"https:\/\/mwb.com.pl\/teatr\/wp-json\/wp\/v2\/comments?post=967"}],"version-history":[{"count":65,"href":"https:\/\/mwb.com.pl\/teatr\/wp-json\/wp\/v2\/pages\/967\/revisions"}],"predecessor-version":[{"id":1413,"href":"https:\/\/mwb.com.pl\/teatr\/wp-json\/wp\/v2\/pages\/967\/revisions\/1413"}],"wp:attachment":[{"href":"https:\/\/mwb.com.pl\/teatr\/wp-json\/wp\/v2\/media?parent=967"}],"curies":[{"name":"wp","href":"https:\/\/api.w.org\/{rel}","templated":true}]}}