{"id":29,"date":"2017-05-15T11:22:52","date_gmt":"2017-05-15T09:22:52","guid":{"rendered":"http:\/\/mwb.com.pl\/studia\/?page_id=29"},"modified":"2017-05-31T13:39:50","modified_gmt":"2017-05-31T11:39:50","slug":"wszystkie-numery","status":"publish","type":"page","link":"https:\/\/mwb.com.pl\/studia\/wszystkie-numery\/","title":{"rendered":"Wszystkie numery"},"content":{"rendered":"<p><img loading=\"lazy\" decoding=\"async\" class=\"alignleft size-medium wp-image-193\" src=\"http:\/\/mwb.com.pl\/studia\/wp-content\/uploads\/2017\/05\/SzDW_V-211x300.jpg\" alt=\"\" width=\"211\" height=\"300\" srcset=\"https:\/\/mwb.com.pl\/studia\/wp-content\/uploads\/2017\/05\/SzDW_V-211x300.jpg 211w, https:\/\/mwb.com.pl\/studia\/wp-content\/uploads\/2017\/05\/SzDW_V-768x1094.jpg 768w, https:\/\/mwb.com.pl\/studia\/wp-content\/uploads\/2017\/05\/SzDW_V-719x1024.jpg 719w\" sizes=\"auto, (max-width: 211px) 100vw, 211px\" \/><\/p>\n<p><a href=\"http:\/\/mwb.com.pl\/studia\/2017\/05\/17\/studia-z-dziejow-wojskowosci-t-v\/\">Studia z Dziej\u00f3w Wojskowo\u015bci, t. V<\/a><\/p>\n<p>&nbsp;<\/p>\n<p>&nbsp;<\/p>\n<p>&nbsp;<\/p>\n<p>&nbsp;<\/p>\n<p>&nbsp;<\/p>\n<p>&nbsp;<\/p>\n<p>&nbsp;<\/p>\n<p>&nbsp;<\/p>\n<p>&nbsp;<\/p>\n<p>&nbsp;<\/p>\n<p>&nbsp;<\/p>\n<p><img loading=\"lazy\" decoding=\"async\" class=\"alignleft size-medium wp-image-175\" src=\"http:\/\/mwb.com.pl\/studia\/wp-content\/uploads\/2017\/05\/SzDW_IV-211x300.jpg\" alt=\"\" width=\"211\" height=\"300\" srcset=\"https:\/\/mwb.com.pl\/studia\/wp-content\/uploads\/2017\/05\/SzDW_IV-211x300.jpg 211w, https:\/\/mwb.com.pl\/studia\/wp-content\/uploads\/2017\/05\/SzDW_IV-768x1094.jpg 768w, https:\/\/mwb.com.pl\/studia\/wp-content\/uploads\/2017\/05\/SzDW_IV-719x1024.jpg 719w\" sizes=\"auto, (max-width: 211px) 100vw, 211px\" \/><\/p>\n<p><a href=\"http:\/\/mwb.com.pl\/studia\/2017\/05\/17\/studia-z-dziejow-wojskowosci-t-iv\/\">Studia z Dziej\u00f3w Wojskowo\u015bci, t. IV<\/a><\/p>\n<p>&nbsp;<\/p>\n<p>&nbsp;<\/p>\n<p>&nbsp;<\/p>\n<p>&nbsp;<\/p>\n<p>&nbsp;<\/p>\n<p>&nbsp;<\/p>\n<p>&nbsp;<\/p>\n<p>&nbsp;<\/p>\n<p>&nbsp;<\/p>\n<p>&nbsp;<\/p>\n<p>&nbsp;<\/p>\n<p><img loading=\"lazy\" decoding=\"async\" class=\"alignleft size-medium wp-image-131\" src=\"http:\/\/mwb.com.pl\/studia\/wp-content\/uploads\/2017\/05\/SzDW_III-205x300.jpg\" alt=\"\" width=\"205\" height=\"300\" srcset=\"https:\/\/mwb.com.pl\/studia\/wp-content\/uploads\/2017\/05\/SzDW_III-205x300.jpg 205w, https:\/\/mwb.com.pl\/studia\/wp-content\/uploads\/2017\/05\/SzDW_III-768x1122.jpg 768w, https:\/\/mwb.com.pl\/studia\/wp-content\/uploads\/2017\/05\/SzDW_III-701x1024.jpg 701w\" sizes=\"auto, (max-width: 205px) 100vw, 205px\" \/><\/p>\n<p><a href=\"http:\/\/mwb.com.pl\/studia\/2017\/05\/17\/studia-z-dziejow-wojskowosci-t-iii\/\">Studia z Dziej\u00f3w Wojskowo\u015bci, t. III<\/a><\/p>\n<p>&nbsp;<\/p>\n<p>&nbsp;<\/p>\n<p>&nbsp;<\/p>\n<p>&nbsp;<\/p>\n<p>&nbsp;<\/p>\n<p>&nbsp;<\/p>\n<p>&nbsp;<\/p>\n<p>&nbsp;<\/p>\n<p>&nbsp;<\/p>\n<p>&nbsp;<\/p>\n<p>&nbsp;<\/p>\n<p><img loading=\"lazy\" decoding=\"async\" class=\"size-medium wp-image-104 alignleft\" src=\"http:\/\/mwb.com.pl\/studia\/wp-content\/uploads\/2017\/05\/SzDW_II-211x300.jpg\" alt=\"\" width=\"211\" height=\"300\" srcset=\"https:\/\/mwb.com.pl\/studia\/wp-content\/uploads\/2017\/05\/SzDW_II-211x300.jpg 211w, https:\/\/mwb.com.pl\/studia\/wp-content\/uploads\/2017\/05\/SzDW_II-768x1094.jpg 768w, https:\/\/mwb.com.pl\/studia\/wp-content\/uploads\/2017\/05\/SzDW_II-719x1024.jpg 719w\" sizes=\"auto, (max-width: 211px) 100vw, 211px\" \/><\/p>\n<p><a href=\"http:\/\/mwb.com.pl\/studia\/2017\/05\/16\/studia-z-dziejow-wojskowosci-t-ii\/\">Studia z Dziej\u00f3w Wojskowo\u015bci, t. II<\/a><\/p>\n<p>&nbsp;<\/p>\n<p>&nbsp;<\/p>\n<p>&nbsp;<\/p>\n<p>&nbsp;<\/p>\n<p>&nbsp;<\/p>\n<p>&nbsp;<\/p>\n<p>&nbsp;<\/p>\n<p>&nbsp;<\/p>\n<p>&nbsp;<\/p>\n<p>&nbsp;<\/p>\n<p>&nbsp;<\/p>\n<p><a href=\"http:\/\/mwb.com.pl\/studia\/2017\/05\/15\/studia-z-dziejow-wojskowosci-t-i\/\">Studia z Dziej\u00f3w Wojskowo\u015bci, t. I<\/a><img loading=\"lazy\" decoding=\"async\" class=\"wp-image-92 size-medium alignleft\" src=\"http:\/\/mwb.com.pl\/studia\/wp-content\/uploads\/2017\/05\/SzDW_I-211x300.jpg\" alt=\"\" width=\"211\" height=\"300\" srcset=\"https:\/\/mwb.com.pl\/studia\/wp-content\/uploads\/2017\/05\/SzDW_I-211x300.jpg 211w, https:\/\/mwb.com.pl\/studia\/wp-content\/uploads\/2017\/05\/SzDW_I-768x1094.jpg 768w, https:\/\/mwb.com.pl\/studia\/wp-content\/uploads\/2017\/05\/SzDW_I-719x1024.jpg 719w\" sizes=\"auto, (max-width: 211px) 100vw, 211px\" \/><\/p>\n<p>&nbsp;<\/p>\n<p>&nbsp;<\/p>\n","protected":false},"excerpt":{"rendered":"<p>Studia z Dziej\u00f3w Wojskowo\u015bci, t. V &nbsp; &nbsp; &nbsp; &nbsp; &nbsp; &nbsp; &nbsp; &nbsp; &nbsp; &nbsp; &nbsp; Studia z Dziej\u00f3w Wojskowo\u015bci, t. IV &nbsp; &nbsp; &nbsp; &nbsp; &nbsp; &nbsp; &nbsp; &nbsp; &nbsp; &nbsp; &nbsp; Studia z Dziej\u00f3w Wojskowo\u015bci, t. III &nbsp; &nbsp; &nbsp; &nbsp; &nbsp; &nbsp; &nbsp; &nbsp; &nbsp; &nbsp; &nbsp; Studia z Dziej\u00f3w Wojskowo\u015bci, [&hellip;]<\/p>\n","protected":false},"author":2,"featured_media":0,"parent":0,"menu_order":0,"comment_status":"closed","ping_status":"closed","template":"","meta":{"footnotes":""},"class_list":["post-29","page","type-page","status-publish","hentry"],"_links":{"self":[{"href":"https:\/\/mwb.com.pl\/studia\/wp-json\/wp\/v2\/pages\/29","targetHints":{"allow":["GET"]}}],"collection":[{"href":"https:\/\/mwb.com.pl\/studia\/wp-json\/wp\/v2\/pages"}],"about":[{"href":"https:\/\/mwb.com.pl\/studia\/wp-json\/wp\/v2\/types\/page"}],"author":[{"embeddable":true,"href":"https:\/\/mwb.com.pl\/studia\/wp-json\/wp\/v2\/users\/2"}],"replies":[{"embeddable":true,"href":"https:\/\/mwb.com.pl\/studia\/wp-json\/wp\/v2\/comments?post=29"}],"version-history":[{"count":7,"href":"https:\/\/mwb.com.pl\/studia\/wp-json\/wp\/v2\/pages\/29\/revisions"}],"predecessor-version":[{"id":102,"href":"https:\/\/mwb.com.pl\/studia\/wp-json\/wp\/v2\/pages\/29\/revisions\/102"}],"wp:attachment":[{"href":"https:\/\/mwb.com.pl\/studia\/wp-json\/wp\/v2\/media?parent=29"}],"curies":[{"name":"wp","href":"https:\/\/api.w.org\/{rel}","templated":true}]}}