{"id":27,"date":"2017-05-15T11:22:38","date_gmt":"2017-05-15T09:22:38","guid":{"rendered":"http:\/\/mwb.com.pl\/studia\/?page_id=27"},"modified":"2019-04-24T08:58:59","modified_gmt":"2019-04-24T06:58:59","slug":"lista-recenzentow","status":"publish","type":"page","link":"https:\/\/mwb.com.pl\/studia\/lista-recenzentow\/","title":{"rendered":"Lista Recenzent\u00f3w"},"content":{"rendered":"<p>dr hab. S\u0142awomir Augusiewicz<br \/>\ndr hab. Aleksander Bo\u0142dyrew<br \/>\ndr hab. Tomasz Ciesielski<br \/>\ndr hab. Maciej Franz<br \/>\ndr hab. Tadeusz Grabarczyk<br \/>\ndr hab. Witold Jarno<br \/>\ndr hab. Jacek Legie\u0107<br \/>\ndr hab. Miros\u0142aw Lenart<br \/>\ndr hab. Robert Jerzy Majzner<br \/>\ndr hab. Andrzej Niewi\u0144ski<br \/>\nprof. dr hab. Janusz Odziemkowski<br \/>\ndr hab. Adam Per\u0142akowski<br \/>\ndr hab. Zbigniew Pilarczyk<br \/>\ndr hab. Jan Ptak<br \/>\nprof. dr hab. Aleksander Smoli\u0144ski<br \/>\ndr hab. Tomasz Strze\u017cek<br \/>\ndr hab. Jacek Szczepa\u0144ski<br \/>\np\u0142k prof. dr hab Janusz Zuziak<br \/>\ndr hab. Tadeusz Zych<\/p>\n","protected":false},"excerpt":{"rendered":"<p>dr hab. S\u0142awomir Augusiewicz dr hab. Aleksander Bo\u0142dyrew dr hab. Tomasz Ciesielski dr hab. Maciej Franz dr hab. Tadeusz Grabarczyk dr hab. Witold Jarno dr hab. Jacek Legie\u0107 dr hab. Miros\u0142aw Lenart dr hab. Robert Jerzy Majzner dr hab. Andrzej Niewi\u0144ski prof. dr hab. Janusz Odziemkowski dr hab. Adam Per\u0142akowski dr hab. Zbigniew Pilarczyk dr [&hellip;]<\/p>\n","protected":false},"author":2,"featured_media":0,"parent":0,"menu_order":0,"comment_status":"closed","ping_status":"closed","template":"","meta":{"footnotes":""},"class_list":["post-27","page","type-page","status-publish","hentry"],"_links":{"self":[{"href":"https:\/\/mwb.com.pl\/studia\/wp-json\/wp\/v2\/pages\/27","targetHints":{"allow":["GET"]}}],"collection":[{"href":"https:\/\/mwb.com.pl\/studia\/wp-json\/wp\/v2\/pages"}],"about":[{"href":"https:\/\/mwb.com.pl\/studia\/wp-json\/wp\/v2\/types\/page"}],"author":[{"embeddable":true,"href":"https:\/\/mwb.com.pl\/studia\/wp-json\/wp\/v2\/users\/2"}],"replies":[{"embeddable":true,"href":"https:\/\/mwb.com.pl\/studia\/wp-json\/wp\/v2\/comments?post=27"}],"version-history":[{"count":6,"href":"https:\/\/mwb.com.pl\/studia\/wp-json\/wp\/v2\/pages\/27\/revisions"}],"predecessor-version":[{"id":465,"href":"https:\/\/mwb.com.pl\/studia\/wp-json\/wp\/v2\/pages\/27\/revisions\/465"}],"wp:attachment":[{"href":"https:\/\/mwb.com.pl\/studia\/wp-json\/wp\/v2\/media?parent=27"}],"curies":[{"name":"wp","href":"https:\/\/api.w.org\/{rel}","templated":true}]}}