{"id":25,"date":"2017-05-15T11:22:24","date_gmt":"2017-05-15T09:22:24","guid":{"rendered":"http:\/\/mwb.com.pl\/studia\/?page_id=25"},"modified":"2017-05-31T13:05:46","modified_gmt":"2017-05-31T11:05:46","slug":"kontakt-do-redakcji","status":"publish","type":"page","link":"https:\/\/mwb.com.pl\/studia\/kontakt-do-redakcji\/","title":{"rendered":"Kontakt do redakcji"},"content":{"rendered":"<p>O\u015brodek Bada\u0144 Historii Wojskowej<br \/>\nMuzeum Wojska w Bia\u0142ymstoku<\/p>\n<p>ul. Jana Kili\u0144skiego 7<br \/>\n15-089 Bia\u0142ystok<br \/>\ntel. 85 741 64 49 wew. 16; 535 942 007<br \/>\ne-mail: obhw@mwb.com.pl<\/p>\n","protected":false},"excerpt":{"rendered":"<p>O\u015brodek Bada\u0144 Historii Wojskowej Muzeum Wojska w Bia\u0142ymstoku ul. Jana Kili\u0144skiego 7 15-089 Bia\u0142ystok tel. 85 741 64 49 wew. 16; 535 942 007 e-mail: obhw@mwb.com.pl<\/p>\n","protected":false},"author":2,"featured_media":0,"parent":0,"menu_order":0,"comment_status":"closed","ping_status":"closed","template":"","meta":{"footnotes":""},"class_list":["post-25","page","type-page","status-publish","hentry"],"_links":{"self":[{"href":"https:\/\/mwb.com.pl\/studia\/wp-json\/wp\/v2\/pages\/25","targetHints":{"allow":["GET"]}}],"collection":[{"href":"https:\/\/mwb.com.pl\/studia\/wp-json\/wp\/v2\/pages"}],"about":[{"href":"https:\/\/mwb.com.pl\/studia\/wp-json\/wp\/v2\/types\/page"}],"author":[{"embeddable":true,"href":"https:\/\/mwb.com.pl\/studia\/wp-json\/wp\/v2\/users\/2"}],"replies":[{"embeddable":true,"href":"https:\/\/mwb.com.pl\/studia\/wp-json\/wp\/v2\/comments?post=25"}],"version-history":[{"count":2,"href":"https:\/\/mwb.com.pl\/studia\/wp-json\/wp\/v2\/pages\/25\/revisions"}],"predecessor-version":[{"id":66,"href":"https:\/\/mwb.com.pl\/studia\/wp-json\/wp\/v2\/pages\/25\/revisions\/66"}],"wp:attachment":[{"href":"https:\/\/mwb.com.pl\/studia\/wp-json\/wp\/v2\/media?parent=25"}],"curies":[{"name":"wp","href":"https:\/\/api.w.org\/{rel}","templated":true}]}}