{"id":15,"date":"2017-05-15T11:21:18","date_gmt":"2017-05-15T09:21:18","guid":{"rendered":"http:\/\/mwb.com.pl\/studia\/?page_id=15"},"modified":"2018-10-04T11:24:43","modified_gmt":"2018-10-04T09:24:43","slug":"kolegium-redakcyjne","status":"publish","type":"page","link":"https:\/\/mwb.com.pl\/studia\/kolegium-redakcyjne\/","title":{"rendered":"Kolegium Redakcyjne"},"content":{"rendered":"<p>prof. dr hab. Karol Olejnik &#8211; redaktor naczelny<br \/>\ndr hab. Adam Dobro\u0144ski &#8211; zast\u0119pca redaktora naczelnego<br \/>\ndr Tomasz Weso\u0142owski &#8211; sekretarz<br \/>\nmgr \u0141ukasz Radulski, mgr Natalia Filinowicz &#8211; cz\u0142onkowie redakcji<\/p>\n","protected":false},"excerpt":{"rendered":"<p>prof. dr hab. Karol Olejnik &#8211; redaktor naczelny dr hab. Adam Dobro\u0144ski &#8211; zast\u0119pca redaktora naczelnego dr Tomasz Weso\u0142owski &#8211; sekretarz mgr \u0141ukasz Radulski, mgr Natalia Filinowicz &#8211; cz\u0142onkowie redakcji<\/p>\n","protected":false},"author":2,"featured_media":0,"parent":0,"menu_order":0,"comment_status":"closed","ping_status":"closed","template":"","meta":{"footnotes":""},"class_list":["post-15","page","type-page","status-publish","hentry"],"_links":{"self":[{"href":"https:\/\/mwb.com.pl\/studia\/wp-json\/wp\/v2\/pages\/15","targetHints":{"allow":["GET"]}}],"collection":[{"href":"https:\/\/mwb.com.pl\/studia\/wp-json\/wp\/v2\/pages"}],"about":[{"href":"https:\/\/mwb.com.pl\/studia\/wp-json\/wp\/v2\/types\/page"}],"author":[{"embeddable":true,"href":"https:\/\/mwb.com.pl\/studia\/wp-json\/wp\/v2\/users\/2"}],"replies":[{"embeddable":true,"href":"https:\/\/mwb.com.pl\/studia\/wp-json\/wp\/v2\/comments?post=15"}],"version-history":[{"count":7,"href":"https:\/\/mwb.com.pl\/studia\/wp-json\/wp\/v2\/pages\/15\/revisions"}],"predecessor-version":[{"id":401,"href":"https:\/\/mwb.com.pl\/studia\/wp-json\/wp\/v2\/pages\/15\/revisions\/401"}],"wp:attachment":[{"href":"https:\/\/mwb.com.pl\/studia\/wp-json\/wp\/v2\/media?parent=15"}],"curies":[{"name":"wp","href":"https:\/\/api.w.org\/{rel}","templated":true}]}}