{"id":14,"date":"2017-05-15T11:29:31","date_gmt":"2017-05-15T09:29:31","guid":{"rendered":"http:\/\/mwb.com.pl\/studia\/?page_id=14"},"modified":"2018-10-04T11:25:39","modified_gmt":"2018-10-04T09:25:39","slug":"rada-naukowa","status":"publish","type":"page","link":"https:\/\/mwb.com.pl\/studia\/rada-naukowa\/","title":{"rendered":"Rada Naukowa SzDW"},"content":{"rendered":"<h4>Rada Naukowa \u201eStudi\u00f3w z Dziej\u00f3w Wojskowo\u015bci\u201d<\/h4>\n<p>prof. dr hab. Zbigniew Anusik<br \/>\nprof. dr hab. Wies\u0142aw Caban<br \/>\nprof. dr hab. Czes\u0142aw K. Grzelak<br \/>\nprof. dr hab. Norbert Kasparek<br \/>\ndr Paul Chester Latawski, prof. Royal Military Academy Sandhurst<br \/>\nprof. dr hab. Jerzy Maro\u0144<br \/>\nprof. dr hab. Zygmunt Matuszak<br \/>\nprof. dr hab. Grzegorz Nowik<br \/>\nprof. dr hab. Marek Plewczy\u0144ski<br \/>\nprof. dr hab. Andrzej Rachuba<br \/>\nprof. dr hab. Waldemar Rezmer<br \/>\nprof. dr hab. Wanda Krystyna Roman<br \/>\nprof. dr hab. Witold \u015awi\u0119tos\u0142awski<br \/>\np\u0142k dr hab. Juliusz S. Tym<br \/>\nprof. dr hab. Henryk Wisner<br \/>\nprof. dr hab. Wojciech W\u0142odarkiewicz<\/p>\n","protected":false},"excerpt":{"rendered":"<p>Rada Naukowa \u201eStudi\u00f3w z Dziej\u00f3w Wojskowo\u015bci\u201d prof. dr hab. Zbigniew Anusik prof. dr hab. Wies\u0142aw Caban prof. dr hab. Czes\u0142aw K. Grzelak prof. dr hab. Norbert Kasparek dr Paul Chester Latawski, prof. Royal Military Academy Sandhurst prof. dr hab. Jerzy Maro\u0144 prof. dr hab. Zygmunt Matuszak prof. dr hab. Grzegorz Nowik prof. dr hab. Marek [&hellip;]<\/p>\n","protected":false},"author":2,"featured_media":0,"parent":0,"menu_order":0,"comment_status":"closed","ping_status":"closed","template":"","meta":{"footnotes":""},"class_list":["post-14","page","type-page","status-publish","hentry"],"_links":{"self":[{"href":"https:\/\/mwb.com.pl\/studia\/wp-json\/wp\/v2\/pages\/14","targetHints":{"allow":["GET"]}}],"collection":[{"href":"https:\/\/mwb.com.pl\/studia\/wp-json\/wp\/v2\/pages"}],"about":[{"href":"https:\/\/mwb.com.pl\/studia\/wp-json\/wp\/v2\/types\/page"}],"author":[{"embeddable":true,"href":"https:\/\/mwb.com.pl\/studia\/wp-json\/wp\/v2\/users\/2"}],"replies":[{"embeddable":true,"href":"https:\/\/mwb.com.pl\/studia\/wp-json\/wp\/v2\/comments?post=14"}],"version-history":[{"count":7,"href":"https:\/\/mwb.com.pl\/studia\/wp-json\/wp\/v2\/pages\/14\/revisions"}],"predecessor-version":[{"id":402,"href":"https:\/\/mwb.com.pl\/studia\/wp-json\/wp\/v2\/pages\/14\/revisions\/402"}],"wp:attachment":[{"href":"https:\/\/mwb.com.pl\/studia\/wp-json\/wp\/v2\/media?parent=14"}],"curies":[{"name":"wp","href":"https:\/\/api.w.org\/{rel}","templated":true}]}}