{"id":12,"date":"2017-05-15T11:20:25","date_gmt":"2017-05-15T09:20:25","guid":{"rendered":"http:\/\/mwb.com.pl\/studia\/?page_id=12"},"modified":"2017-05-31T13:38:37","modified_gmt":"2017-05-31T11:38:37","slug":"strona-glowna-czasopisma","status":"publish","type":"page","link":"https:\/\/mwb.com.pl\/studia\/strona-glowna-czasopisma\/","title":{"rendered":"O czasopi\u015bmie"},"content":{"rendered":"<p>\u201eStudia z Dziej\u00f3w Wojskowo\u015bci\u201d ukazuj\u0105 si\u0119 od 2012 r. Czasopismo jest kontynuacj\u0105 tytu\u0142u \u201eStudia i Materia\u0142y z Dziej\u00f3w Wojskowo\u015bci\u201d \u2013 jednego z najbardziej rozpoznawalnych i najd\u0142u\u017cej ukazuj\u0105cych si\u0119 periodyk\u00f3w historyczno-wojskowych, kt\u00f3ry wydawany by\u0142 przez O\u015brodek Bada\u0144 Historii Wojskowej Muzeum Wojska w Bia\u0142ymstoku w latach 2003-2009. Chc\u0105c uzupe\u0142ni\u0107 luk\u0119 po wydawnictwie, bia\u0142ostocki o\u015brodek zdecydowa\u0142 si\u0119 na wydanie r\u00f3wnorz\u0119dnego rocznika zatytu\u0142owanego \u201eStudia z Dziej\u00f3w Wojskowo\u015bci\u201d. Stanowi on kontynuacj\u0119 wieloletniej tradycji publikowania rozpraw i \u017ar\u00f3de\u0142 zwi\u0105zanych z polsk\u0105 i powszechn\u0105 histori\u0105 militarn\u0105 bez ogranicze\u0144 chronologicznych i terytorialnych.<\/p>\n<p>ISSN 2299-3916<\/p>\n","protected":false},"excerpt":{"rendered":"<p>\u201eStudia z Dziej\u00f3w Wojskowo\u015bci\u201d ukazuj\u0105 si\u0119 od 2012 r. Czasopismo jest kontynuacj\u0105 tytu\u0142u \u201eStudia i Materia\u0142y z Dziej\u00f3w Wojskowo\u015bci\u201d \u2013 jednego z najbardziej rozpoznawalnych i najd\u0142u\u017cej ukazuj\u0105cych si\u0119 periodyk\u00f3w historyczno-wojskowych, kt\u00f3ry wydawany by\u0142 przez O\u015brodek Bada\u0144 Historii Wojskowej Muzeum Wojska w Bia\u0142ymstoku w latach 2003-2009. Chc\u0105c uzupe\u0142ni\u0107 luk\u0119 po wydawnictwie, bia\u0142ostocki o\u015brodek zdecydowa\u0142 si\u0119 na [&hellip;]<\/p>\n","protected":false},"author":2,"featured_media":0,"parent":0,"menu_order":0,"comment_status":"closed","ping_status":"closed","template":"","meta":{"footnotes":""},"class_list":["post-12","page","type-page","status-publish","hentry"],"_links":{"self":[{"href":"https:\/\/mwb.com.pl\/studia\/wp-json\/wp\/v2\/pages\/12","targetHints":{"allow":["GET"]}}],"collection":[{"href":"https:\/\/mwb.com.pl\/studia\/wp-json\/wp\/v2\/pages"}],"about":[{"href":"https:\/\/mwb.com.pl\/studia\/wp-json\/wp\/v2\/types\/page"}],"author":[{"embeddable":true,"href":"https:\/\/mwb.com.pl\/studia\/wp-json\/wp\/v2\/users\/2"}],"replies":[{"embeddable":true,"href":"https:\/\/mwb.com.pl\/studia\/wp-json\/wp\/v2\/comments?post=12"}],"version-history":[{"count":5,"href":"https:\/\/mwb.com.pl\/studia\/wp-json\/wp\/v2\/pages\/12\/revisions"}],"predecessor-version":[{"id":129,"href":"https:\/\/mwb.com.pl\/studia\/wp-json\/wp\/v2\/pages\/12\/revisions\/129"}],"wp:attachment":[{"href":"https:\/\/mwb.com.pl\/studia\/wp-json\/wp\/v2\/media?parent=12"}],"curies":[{"name":"wp","href":"https:\/\/api.w.org\/{rel}","templated":true}]}}