{"id":32,"date":"2023-07-18T11:31:07","date_gmt":"2023-07-18T09:31:07","guid":{"rendered":"https:\/\/mwb.com.pl\/smp\/?page_id=32"},"modified":"2023-09-08T10:10:56","modified_gmt":"2023-09-08T08:10:56","slug":"czlonkowie","status":"publish","type":"page","link":"https:\/\/mwb.com.pl\/smp\/czlonkowie\/","title":{"rendered":"Cz\u0142onkowie"},"content":{"rendered":"\t\t<div data-elementor-type=\"wp-page\" data-elementor-id=\"32\" class=\"elementor elementor-32\">\n\t\t\t\t\t\t<section class=\"elementor-section elementor-top-section elementor-element elementor-element-339d13d elementor-section-boxed elementor-section-height-default elementor-section-height-default\" data-id=\"339d13d\" data-element_type=\"section\" data-e-type=\"section\">\n\t\t\t\t\t\t<div class=\"elementor-container elementor-column-gap-default\">\n\t\t\t\t\t<div class=\"elementor-column elementor-col-100 elementor-top-column elementor-element elementor-element-153fe88\" data-id=\"153fe88\" data-element_type=\"column\" data-e-type=\"column\">\n\t\t\t<div class=\"elementor-widget-wrap elementor-element-populated\">\n\t\t\t\t\t\t<div class=\"elementor-element elementor-element-daaffd1 elementor-widget elementor-widget-heading\" data-id=\"daaffd1\" data-element_type=\"widget\" data-e-type=\"widget\" data-widget_type=\"heading.default\">\n\t\t\t\t<div class=\"elementor-widget-container\">\n\t\t\t\t\t<h4 class=\"elementor-heading-title elementor-size-default\">Cz\u0142onkowie<\/h4>\t\t\t\t<\/div>\n\t\t\t\t<\/div>\n\t\t\t\t\t<\/div>\n\t\t<\/div>\n\t\t\t\t\t<\/div>\n\t\t<\/section>\n\t\t\t\t<section class=\"elementor-section elementor-top-section elementor-element elementor-element-9c1ae7d elementor-section-boxed elementor-section-height-default elementor-section-height-default\" data-id=\"9c1ae7d\" data-element_type=\"section\" data-e-type=\"section\">\n\t\t\t\t\t\t<div class=\"elementor-container elementor-column-gap-default\">\n\t\t\t\t\t<div class=\"elementor-column elementor-col-100 elementor-top-column elementor-element elementor-element-4b396ed\" data-id=\"4b396ed\" data-element_type=\"column\" data-e-type=\"column\">\n\t\t\t<div class=\"elementor-widget-wrap elementor-element-populated\">\n\t\t\t\t\t\t<div class=\"elementor-element elementor-element-0f98de3 elementor-widget elementor-widget-text-editor\" data-id=\"0f98de3\" data-element_type=\"widget\" data-e-type=\"widget\" data-widget_type=\"text-editor.default\">\n\t\t\t\t<div class=\"elementor-widget-container\">\n\t\t\t\t\t\t\t\t\t<p style=\"text-align: justify;\">Stowarzyszenie Muzealnik\u00f3w Polskich sk\u0142ada si\u0119 z cz\u0142onk\u00f3w: zwyczajnych, honorowych i wspieraj\u0105cych.<\/p><p style=\"text-align: justify;\">Cz\u0142onkiem zwyczajnym Stowarzyszenia mo\u017ce zosta\u0107 ka\u017cdy z przedstawicieli grupy zawodowej polskich muzealnik\u00f3w, zdefiniowanej jak w Ustawie o muzeach z\u00a0dnia 26 listopada 1996. Cz\u0142onk\u00f3w zwyczajnych przyjmuje, na podstawie pisemnej deklaracji, Zarz\u0105d Oddzia\u0142u i zatwierdza Zarz\u0105d G\u0142\u00f3wny. Ka\u017cdy z\u00a0cz\u0142onk\u00f3w Stowarzyszenia nale\u017cy do Oddzia\u0142u, na terenie kt\u00f3rego zamieszkuje lub pracuje. Cz\u0142onkiem zwyczajnym Stowarzyszenia mo\u017ce by\u0107 osoba niezatrudniona w\u00a0muzeum, je\u015bli odesz\u0142a z muzeum a zajmowa\u0142a stanowisko kustosza. Osoby przechodz\u0105ce na emerytur\u0119 lub rent\u0119 zachowuj\u0105 cz\u0142onkostwo w\u00a0Stowarzyszeniu.<\/p><p style=\"text-align: justify;\">Godno\u015b\u0107 cz\u0142onka honorowego Stowarzyszenia nadaje Walny Zjazd Delegat\u00f3w Oddzia\u0142\u00f3w, na wniosek Zarz\u0105du G\u0142\u00f3wnego, osobom wybitnie zas\u0142u\u017conym na polu muzealnictwa lub dla rozwoju Stowarzyszenia. Cz\u0142onkowie honorowi korzystaj\u0105 z\u00a0wszelkich praw cz\u0142onk\u00f3w zwyczajnych, natomiast nie op\u0142acaj\u0105 sk\u0142adek.<\/p><p style=\"text-align: justify;\">Cz\u0142onkiem wspieraj\u0105cym Stowarzyszenia mo\u017ce zosta\u0107 osoba fizyczna lub prawna, kt\u00f3ra zadeklaruje pomoc dla Stowarzyszenia. Cz\u0142onk\u00f3w wspieraj\u0105cych przyjmuje Zarz\u0105d G\u0142\u00f3wny na podstawie pisemnych deklaracji. Cz\u0142onkowie wspieraj\u0105cy b\u0119d\u0105cy osobami prawnymi dzia\u0142aj\u0105 w Stowarzyszeniu za po\u015brednictwem upowa\u017cnionych przedstawicieli. Cz\u0142onkowie wspieraj\u0105cy korzystaj\u0105 z\u00a0wszelkich praw cz\u0142onk\u00f3w zwyczajnych za wyj\u0105tkiem czynnego i biernego prawa wyborczego.<\/p><p style=\"text-align: justify;\">Cz\u0142onkom Stowarzyszenia przys\u0142uguje prawo uczestniczenia we wszystkich zjazdach, zebraniach, konferencjach i innych przedsi\u0119wzi\u0119ciach organizowanych przez Stowarzyszenie, prawo korzystania\u00a0 z biernego i czynnego prawa wyborczego (za wyj\u0105tkiem cz\u0142onk\u00f3w wspieraj\u0105cych), prawo korzystania ze zbior\u00f3w, urz\u0105dze\u0144 i \u015brodk\u00f3w b\u0119d\u0105cych w dyspozycji Stowarzyszenia oraz prawo otrzymywania wydawnictw Stowarzyszenia na prawach okre\u015blonych przez Zarz\u0105d G\u0142\u00f3wny.<\/p><p style=\"text-align: justify;\">Cz\u0142onkowie Stowarzyszenia maj\u0105 obowi\u0105zek bra\u0107 udzia\u0142 w pracach Stowarzyszenia, przestrzega\u0107 postanowie\u0144 statutu, regulamin\u00f3w, uchwa\u0142 i\u00a0zarz\u0105dze\u0144 w\u0142adz Stowarzyszenia, terminowo op\u0142aca\u0107 sk\u0142adk\u0119 cz\u0142onkowsk\u0105 w\u00a0wysoko\u015bci ustalonej przez Walny Zjazd Delegat\u00f3w Oddzia\u0142\u00f3w oraz przestrzega\u0107 solidarno\u015bci kole\u017ce\u0144skiej i dba\u0107 o rozw\u00f3j Stowarzyszenia.<\/p><p style=\"text-align: justify;\">Cz\u0142onkostwo ustaje na skutek dobrowolnego wyst\u0105pienia, skre\u015blenia b\u0105d\u017a wykluczenia i \u015bmierci.<\/p><p style=\"text-align: justify;\">Pisemne o\u015bwiadczenie o wyst\u0105pieniu cz\u0142onek jest zobowi\u0105zany skierowa\u0107 do Zarz\u0105du Oddzia\u0142u, w kt\u00f3rym jest wpisany lub do Zarz\u0105du G\u0142\u00f3wnego. Skre\u015blenia z\u00a0listy cz\u0142onk\u00f3w dokonuje Zarz\u0105d G\u0142\u00f3wny na wniosek Zarz\u0105du Oddzia\u0142u, z powodu zalegania z op\u0142at\u0105 sk\u0142adek cz\u0142onkowskich za okres przekraczaj\u0105cy 12 miesi\u0119cy, pomimo dwukrotnych pisemnych upomnie\u0144. Od tej decyzji przys\u0142uguje skre\u015blonemu prawo odwo\u0142ania, w ci\u0105gu 30 dni, do Walnego Zjazdu Delegat\u00f3w. Osoby skre\u015blone z listy cz\u0142onk\u00f3w Stowarzyszenia mog\u0105 by\u0107 ponownie na ni\u0105 wpisane po uregulowaniu wszelkich zaleg\u0142o\u015bci w op\u0142acaniu sk\u0142adek. Osoby wykluczone ze Stowarzyszenia mog\u0105 si\u0119 ubiega\u0107 o ponowne cz\u0142onkostwo po up\u0142ywie 2 lat od daty wykluczenia.<\/p><p style=\"text-align: justify;\">do pobrania:<\/p><p style=\"text-align: justify;\"><strong>deklaracja <a href=\"https:\/\/mwb.com.pl\/smp\/wp-content\/uploads\/pobieranie\/czlonkostwo\/deklaracja.pdf\" target=\"_blank\" rel=\"noopener\">PDF<\/a><\/strong><\/p><p style=\"text-align: justify;\"><strong>rezygnacja <a href=\"https:\/\/mwb.com.pl\/smp\/wp-content\/uploads\/pobieranie\/czlonkostwo\/rezygnacja.doc\" target=\"_blank\" rel=\"noopener\">WORD<\/a> \/ <a href=\"https:\/\/mwb.com.pl\/smp\/wp-content\/uploads\/pobieranie\/czlonkostwo\/rezygnacja.pdf\" target=\"_blank\" rel=\"noopener\">PDF<\/a><\/strong><\/p>\t\t\t\t\t\t\t\t<\/div>\n\t\t\t\t<\/div>\n\t\t\t\t\t<\/div>\n\t\t<\/div>\n\t\t\t\t\t<\/div>\n\t\t<\/section>\n\t\t\t\t<\/div>\n\t\t","protected":false},"excerpt":{"rendered":"<p>Cz\u0142onkowie Stowarzyszenie Muzealnik\u00f3w Polskich sk\u0142ada si\u0119 z cz\u0142onk\u00f3w: zwyczajnych, honorowych i wspieraj\u0105cych. Cz\u0142onkiem zwyczajnym Stowarzyszenia mo\u017ce zosta\u0107 ka\u017cdy z przedstawicieli grupy zawodowej [&hellip;]<\/p>\n","protected":false},"author":1,"featured_media":0,"parent":0,"menu_order":0,"comment_status":"closed","ping_status":"closed","template":"elementor_header_footer","meta":{"footnotes":""},"class_list":["post-32","page","type-page","status-publish","hentry"],"_links":{"self":[{"href":"https:\/\/mwb.com.pl\/smp\/wp-json\/wp\/v2\/pages\/32","targetHints":{"allow":["GET"]}}],"collection":[{"href":"https:\/\/mwb.com.pl\/smp\/wp-json\/wp\/v2\/pages"}],"about":[{"href":"https:\/\/mwb.com.pl\/smp\/wp-json\/wp\/v2\/types\/page"}],"author":[{"embeddable":true,"href":"https:\/\/mwb.com.pl\/smp\/wp-json\/wp\/v2\/users\/1"}],"replies":[{"embeddable":true,"href":"https:\/\/mwb.com.pl\/smp\/wp-json\/wp\/v2\/comments?post=32"}],"version-history":[{"count":13,"href":"https:\/\/mwb.com.pl\/smp\/wp-json\/wp\/v2\/pages\/32\/revisions"}],"predecessor-version":[{"id":525,"href":"https:\/\/mwb.com.pl\/smp\/wp-json\/wp\/v2\/pages\/32\/revisions\/525"}],"wp:attachment":[{"href":"https:\/\/mwb.com.pl\/smp\/wp-json\/wp\/v2\/media?parent=32"}],"curies":[{"name":"wp","href":"https:\/\/api.w.org\/{rel}","templated":true}]}}