{"id":9,"date":"2014-06-09T05:43:11","date_gmt":"2014-06-09T05:43:11","guid":{"rendered":"http:\/\/mwb.com.pl\/s3d\/?page_id=9"},"modified":"2014-08-25T11:37:25","modified_gmt":"2014-08-25T09:37:25","slug":"partnerzy","status":"publish","type":"page","link":"https:\/\/mwb.com.pl\/s3d\/partnerzy\/","title":{"rendered":"Partnerzy"},"content":{"rendered":"<p style=\"text-align: justify;\">Projekt dofinansowany zosta\u0142 ze \u015brodk\u00f3w Ministra Kultury i Dziedzictwa Narodowego<\/p>\n<p style=\"text-align: center;\"><a href=\"http:\/\/mwb.com.pl\/s3d\/wp-content\/uploads\/2014\/06\/mkidn.jpg\"><img loading=\"lazy\" decoding=\"async\" class=\"alignnone size-full wp-image-135\" src=\"http:\/\/mwb.com.pl\/s3d\/wp-content\/uploads\/2014\/06\/mkidn.jpg\" alt=\"mkidn\" width=\"118\" height=\"129\" \/><\/a> <a href=\"http:\/\/mwb.com.pl\/s3d\/wp-content\/uploads\/2014\/06\/mps.jpg\"><img loading=\"lazy\" decoding=\"async\" class=\"alignnone size-full wp-image-137\" src=\"http:\/\/mwb.com.pl\/s3d\/wp-content\/uploads\/2014\/06\/mwb.jpg\" alt=\"mwb\" width=\"129\" height=\"129\" \/><img loading=\"lazy\" decoding=\"async\" class=\"alignnone size-full wp-image-136\" src=\"http:\/\/mwb.com.pl\/s3d\/wp-content\/uploads\/2014\/06\/mps.jpg\" alt=\"mps\" width=\"345\" height=\"129\" srcset=\"https:\/\/mwb.com.pl\/s3d\/wp-content\/uploads\/2014\/06\/mps.jpg 345w, https:\/\/mwb.com.pl\/s3d\/wp-content\/uploads\/2014\/06\/mps-300x112.jpg 300w\" sizes=\"auto, (max-width: 345px) 100vw, 345px\" \/><\/a>\u00a0 <a href=\"http:\/\/mwb.com.pl\/s3d\/wp-content\/uploads\/2014\/06\/wschodzacy_bialystok.jpg\"><img loading=\"lazy\" decoding=\"async\" class=\"alignnone size-full wp-image-143\" src=\"http:\/\/mwb.com.pl\/s3d\/wp-content\/uploads\/2014\/06\/wschodzacy_bialystok.jpg\" alt=\"wschodzacy_bialystok\" width=\"172\" height=\"129\" \/><\/a><\/p>\n<p style=\"text-align: justify;\">Partnerami projektu s\u0105:<\/p>\n<p style=\"text-align: justify;\">Politechnika Bia\u0142ostocka, Wydzia\u0142 Architektury Politechniki Bia\u0142ostockiej, Studenckie Ko\u0142o Naukowe CAVE Politechniki Bia\u0142ostockiej, Bia\u0142ostocki Park Naukowo &#8211; Technologiczny, Stowarzyszenie Pomocy Nies\u0142ysz\u0105cym &#8222;MIG-iem&#8221;, Polski Zwi\u0105zek Niewidomych Okr\u0119g Podlaski, Fundacja Kultury Bez Barier<\/p>\n<p style=\"text-align: center;\"><a href=\"http:\/\/mwb.com.pl\/s3d\/wp-content\/uploads\/2014\/06\/politechnika_bialostocka.jpg\"><img loading=\"lazy\" decoding=\"async\" class=\"alignnone size-full wp-image-140\" src=\"http:\/\/mwb.com.pl\/s3d\/wp-content\/uploads\/2014\/06\/politechnika_bialostocka.jpg\" alt=\"politechnika_bialostocka\" width=\"129\" height=\"129\" \/><\/a> <a href=\"http:\/\/mwb.com.pl\/s3d\/wp-content\/uploads\/2014\/06\/wydzial_architektury.jpg\"><img loading=\"lazy\" decoding=\"async\" class=\"alignnone size-full wp-image-145\" src=\"http:\/\/mwb.com.pl\/s3d\/wp-content\/uploads\/2014\/06\/wydzial_architektury.jpg\" alt=\"wydzial_architektury\" width=\"188\" height=\"129\" \/><\/a> <a href=\"http:\/\/mwb.com.pl\/s3d\/wp-content\/uploads\/2014\/06\/centrum.jpg\"><img loading=\"lazy\" decoding=\"async\" class=\"alignnone size-full wp-image-133\" src=\"http:\/\/mwb.com.pl\/s3d\/wp-content\/uploads\/2014\/06\/centrum.jpg\" alt=\"centrum\" width=\"238\" height=\"129\" \/><\/a> <a href=\"http:\/\/mwb.com.pl\/s3d\/wp-content\/uploads\/2014\/06\/park_naukowo_technologiczny.jpg\"><img loading=\"lazy\" decoding=\"async\" class=\"alignnone size-full wp-image-138\" src=\"http:\/\/mwb.com.pl\/s3d\/wp-content\/uploads\/2014\/06\/park_naukowo_technologiczny.jpg\" alt=\"park_naukowo_technologiczny\" width=\"129\" height=\"129\" \/><\/a><\/p>\n<p style=\"text-align: center;\"><a href=\"http:\/\/mwb.com.pl\/s3d\/wp-content\/uploads\/2014\/06\/migiem.jpg\"><img loading=\"lazy\" decoding=\"async\" class=\"alignnone size-full wp-image-134\" src=\"http:\/\/mwb.com.pl\/s3d\/wp-content\/uploads\/2014\/06\/migiem.jpg\" alt=\"migiem\" width=\"418\" height=\"129\" srcset=\"https:\/\/mwb.com.pl\/s3d\/wp-content\/uploads\/2014\/06\/migiem.jpg 418w, https:\/\/mwb.com.pl\/s3d\/wp-content\/uploads\/2014\/06\/migiem-300x92.jpg 300w\" sizes=\"auto, (max-width: 418px) 100vw, 418px\" \/><\/a><img loading=\"lazy\" decoding=\"async\" class=\"alignnone  wp-image-253\" src=\"http:\/\/mwb.com.pl\/s3d\/wp-content\/uploads\/2014\/06\/pzn1.png\" alt=\"pzn1\" width=\"139\" height=\"140\" srcset=\"https:\/\/mwb.com.pl\/s3d\/wp-content\/uploads\/2014\/06\/pzn1.png 666w, https:\/\/mwb.com.pl\/s3d\/wp-content\/uploads\/2014\/06\/pzn1-150x150.png 150w, https:\/\/mwb.com.pl\/s3d\/wp-content\/uploads\/2014\/06\/pzn1-300x300.png 300w, https:\/\/mwb.com.pl\/s3d\/wp-content\/uploads\/2014\/06\/pzn1-315x316.png 315w\" sizes=\"auto, (max-width: 139px) 100vw, 139px\" \/><a href=\"http:\/\/mwb.com.pl\/s3d\/wp-content\/uploads\/2014\/06\/migiem.jpg\">\u00a0\u00a0 <\/a><img loading=\"lazy\" decoding=\"async\" class=\"alignnone  wp-image-252\" src=\"http:\/\/mwb.com.pl\/s3d\/wp-content\/uploads\/2014\/06\/544793_174105196061334_1564946370_n.jpg\" alt=\"544793_174105196061334_1564946370_n\" width=\"158\" height=\"156\" srcset=\"https:\/\/mwb.com.pl\/s3d\/wp-content\/uploads\/2014\/06\/544793_174105196061334_1564946370_n.jpg 912w, https:\/\/mwb.com.pl\/s3d\/wp-content\/uploads\/2014\/06\/544793_174105196061334_1564946370_n-300x295.jpg 300w, https:\/\/mwb.com.pl\/s3d\/wp-content\/uploads\/2014\/06\/544793_174105196061334_1564946370_n-320x316.jpg 320w\" sizes=\"auto, (max-width: 158px) 100vw, 158px\" \/><a href=\"http:\/\/mwb.com.pl\/s3d\/wp-content\/uploads\/2014\/06\/544793_174105196061334_1564946370_n.jpg\"> \u00a0 \u00a0<\/a><\/p>\n<p style=\"text-align: justify;\">Partnerzy medialni:<\/p>\n<p style=\"text-align: justify;\">Gazeta Wyborcza &#8211; Bia\u0142ystok, TVP Bia\u0142ystok, Bia\u0142ystok Online, Platforma Kultury, portal <a href=\"http:\/\/niepelnosprawni.pl\" target=\"_blank\">niepelnosprawni.pl<\/a>, magazyn &#8222;Integracja&#8221; i portal <a href=\"http:\/\/cyfrowaintegracja.org\" target=\"_blank\">cyfrowaintegracja.org<\/a><\/p>\n<p style=\"text-align: center;\"><a href=\"http:\/\/mwb.com.pl\/s3d\/wp-content\/uploads\/2014\/06\/wyborcza.jpg\"><img loading=\"lazy\" decoding=\"async\" class=\"alignnone size-full wp-image-144\" src=\"http:\/\/mwb.com.pl\/s3d\/wp-content\/uploads\/2014\/06\/wyborcza.jpg\" alt=\"wyborcza\" width=\"231\" height=\"129\" \/><\/a> <a href=\"http:\/\/mwb.com.pl\/s3d\/wp-content\/uploads\/2014\/06\/tvp.jpg\"><img loading=\"lazy\" decoding=\"async\" class=\"alignnone size-full wp-image-141\" src=\"http:\/\/mwb.com.pl\/s3d\/wp-content\/uploads\/2014\/06\/tvp.jpg\" alt=\"tvp\" width=\"146\" height=\"129\" \/><\/a><a href=\"http:\/\/mwb.com.pl\/s3d\/wp-content\/uploads\/2014\/06\/bialystokonline_logo2.png\">\u00a0<\/a> <a href=\"http:\/\/mwb.com.pl\/s3d\/wp-content\/uploads\/2014\/06\/platforma_kultury.jpg\"><img loading=\"lazy\" decoding=\"async\" class=\"alignnone size-full wp-image-139\" src=\"http:\/\/mwb.com.pl\/s3d\/wp-content\/uploads\/2014\/06\/platforma_kultury.jpg\" alt=\"platforma_kultury\" width=\"226\" height=\"129\" \/><\/a><\/p>\n<p style=\"text-align: center;\"><img loading=\"lazy\" decoding=\"async\" class=\"alignnone  wp-image-254\" src=\"http:\/\/mwb.com.pl\/s3d\/wp-content\/uploads\/2014\/06\/bialystokonline_logo2.png\" alt=\"bialystokonline_logo2\" width=\"283\" height=\"53\" srcset=\"https:\/\/mwb.com.pl\/s3d\/wp-content\/uploads\/2014\/06\/bialystokonline_logo2.png 417w, https:\/\/mwb.com.pl\/s3d\/wp-content\/uploads\/2014\/06\/bialystokonline_logo2-300x56.png 300w\" sizes=\"auto, (max-width: 283px) 100vw, 283px\" \/><\/p>\n<p style=\"text-align: center;\"><img loading=\"lazy\" decoding=\"async\" class=\"alignnone  wp-image-256\" src=\"http:\/\/mwb.com.pl\/s3d\/wp-content\/uploads\/2014\/06\/Bez-tytu\u0142u.png\" alt=\"Bez tytu\u0142u\" width=\"160\" height=\"115\" srcset=\"https:\/\/mwb.com.pl\/s3d\/wp-content\/uploads\/2014\/06\/Bez-tytu\u0142u.png 684w, https:\/\/mwb.com.pl\/s3d\/wp-content\/uploads\/2014\/06\/Bez-tytu\u0142u-300x216.png 300w, https:\/\/mwb.com.pl\/s3d\/wp-content\/uploads\/2014\/06\/Bez-tytu\u0142u-438x316.png 438w\" sizes=\"auto, (max-width: 160px) 100vw, 160px\" \/>\u00a0\u00a0<a href=\"http:\/\/mwb.com.pl\/s3d\/wp-content\/uploads\/2014\/06\/integracja.jpg\"> \u00a0 \u00a0<\/a> <a href=\"http:\/\/mwb.com.pl\/s3d\/wp-content\/uploads\/2014\/06\/niepelnosprawni_pl.jpg\"><img loading=\"lazy\" decoding=\"async\" class=\"alignnone  wp-image-260\" src=\"http:\/\/mwb.com.pl\/s3d\/wp-content\/uploads\/2014\/06\/niepelnosprawni_pl.jpg\" alt=\"niepelnosprawni_pl\" width=\"285\" height=\"94\" srcset=\"https:\/\/mwb.com.pl\/s3d\/wp-content\/uploads\/2014\/06\/niepelnosprawni_pl.jpg 419w, https:\/\/mwb.com.pl\/s3d\/wp-content\/uploads\/2014\/06\/niepelnosprawni_pl-300x98.jpg 300w\" sizes=\"auto, (max-width: 285px) 100vw, 285px\" \/><\/a><img loading=\"lazy\" decoding=\"async\" class=\"alignnone  wp-image-259\" src=\"http:\/\/mwb.com.pl\/s3d\/wp-content\/uploads\/2014\/06\/integracja.jpg\" alt=\"integracja\" width=\"296\" height=\"95\" srcset=\"https:\/\/mwb.com.pl\/s3d\/wp-content\/uploads\/2014\/06\/integracja.jpg 420w, https:\/\/mwb.com.pl\/s3d\/wp-content\/uploads\/2014\/06\/integracja-300x96.jpg 300w\" sizes=\"auto, (max-width: 296px) 100vw, 296px\" \/><\/p>\n<p>&nbsp;<\/p>\n","protected":false},"excerpt":{"rendered":"<p>Projekt dofinansowany zosta\u0142 ze \u015brodk\u00f3w Ministra Kultury i Dziedzictwa Narodowego \u00a0 Partnerami projektu s\u0105: Politechnika Bia\u0142ostocka, Wydzia\u0142 Architektury Politechniki Bia\u0142ostockiej, Studenckie Ko\u0142o Naukowe CAVE Politechniki Bia\u0142ostockiej, Bia\u0142ostocki Park Naukowo &#8211; Technologiczny, Stowarzyszenie Pomocy Nies\u0142ysz\u0105cym &#8222;MIG-iem&#8221;, Polski Zwi\u0105zek Niewidomych Okr\u0119g Podlaski, Fundacja Kultury Bez Barier \u00a0\u00a0 \u00a0 \u00a0 Partnerzy medialni: Gazeta Wyborcza &#8211; Bia\u0142ystok, TVP Bia\u0142ystok, [&hellip;]<\/p>\n","protected":false},"author":1,"featured_media":0,"parent":0,"menu_order":2,"comment_status":"closed","ping_status":"open","template":"","meta":{"footnotes":""},"class_list":["post-9","page","type-page","status-publish","hentry"],"_links":{"self":[{"href":"https:\/\/mwb.com.pl\/s3d\/wp-json\/wp\/v2\/pages\/9","targetHints":{"allow":["GET"]}}],"collection":[{"href":"https:\/\/mwb.com.pl\/s3d\/wp-json\/wp\/v2\/pages"}],"about":[{"href":"https:\/\/mwb.com.pl\/s3d\/wp-json\/wp\/v2\/types\/page"}],"author":[{"embeddable":true,"href":"https:\/\/mwb.com.pl\/s3d\/wp-json\/wp\/v2\/users\/1"}],"replies":[{"embeddable":true,"href":"https:\/\/mwb.com.pl\/s3d\/wp-json\/wp\/v2\/comments?post=9"}],"version-history":[{"count":11,"href":"https:\/\/mwb.com.pl\/s3d\/wp-json\/wp\/v2\/pages\/9\/revisions"}],"predecessor-version":[{"id":64,"href":"https:\/\/mwb.com.pl\/s3d\/wp-json\/wp\/v2\/pages\/9\/revisions\/64"}],"wp:attachment":[{"href":"https:\/\/mwb.com.pl\/s3d\/wp-json\/wp\/v2\/media?parent=9"}],"curies":[{"name":"wp","href":"https:\/\/api.w.org\/{rel}","templated":true}]}}