{"id":86,"date":"2018-11-21T11:28:33","date_gmt":"2018-11-21T10:28:33","guid":{"rendered":"https:\/\/mwb.com.pl\/rezerwacja\/?page_id=86"},"modified":"2020-09-07T14:00:22","modified_gmt":"2020-09-07T12:00:22","slug":"oferta-dodatkowa","status":"publish","type":"page","link":"https:\/\/mwb.com.pl\/rezerwacja\/oferta-dodatkowa\/","title":{"rendered":"Oferta dodatkowa"},"content":{"rendered":"<p>Prosz\u0119 wybra\u0107 temat z g\u00f3rnego menu lub zapozna\u0107 si\u0119 z opisem.<\/p>\n<p>Opis oferty zaj\u0119\u0107 &#8222;Oferta dodatkowa&#8221; znajduje si\u0119 <a href=\"https:\/\/mwb.com.pl\/mwb2017\/oferta\/edukacja#dodatkowa\">pod tym linkiem<\/a>.<\/p>\n","protected":false},"excerpt":{"rendered":"<p>Prosz\u0119 wybra\u0107 temat z g\u00f3rnego menu lub zapozna\u0107 si\u0119 z opisem. Opis oferty zaj\u0119\u0107 &#8222;Oferta dodatkowa&#8221; znajduje si\u0119 pod tym linkiem.<\/p>\n","protected":false},"author":1,"featured_media":0,"parent":0,"menu_order":0,"comment_status":"closed","ping_status":"closed","template":"","meta":{"footnotes":""},"class_list":["post-86","page","type-page","status-publish","hentry","no-thumb"],"_links":{"self":[{"href":"https:\/\/mwb.com.pl\/rezerwacja\/wp-json\/wp\/v2\/pages\/86","targetHints":{"allow":["GET"]}}],"collection":[{"href":"https:\/\/mwb.com.pl\/rezerwacja\/wp-json\/wp\/v2\/pages"}],"about":[{"href":"https:\/\/mwb.com.pl\/rezerwacja\/wp-json\/wp\/v2\/types\/page"}],"author":[{"embeddable":true,"href":"https:\/\/mwb.com.pl\/rezerwacja\/wp-json\/wp\/v2\/users\/1"}],"replies":[{"embeddable":true,"href":"https:\/\/mwb.com.pl\/rezerwacja\/wp-json\/wp\/v2\/comments?post=86"}],"version-history":[{"count":2,"href":"https:\/\/mwb.com.pl\/rezerwacja\/wp-json\/wp\/v2\/pages\/86\/revisions"}],"predecessor-version":[{"id":215,"href":"https:\/\/mwb.com.pl\/rezerwacja\/wp-json\/wp\/v2\/pages\/86\/revisions\/215"}],"wp:attachment":[{"href":"https:\/\/mwb.com.pl\/rezerwacja\/wp-json\/wp\/v2\/media?parent=86"}],"curies":[{"name":"wp","href":"https:\/\/api.w.org\/{rel}","templated":true}]}}