{"id":80,"date":"2018-11-21T11:26:43","date_gmt":"2018-11-21T10:26:43","guid":{"rendered":"https:\/\/mwb.com.pl\/rezerwacja\/?page_id=80"},"modified":"2020-09-18T14:13:53","modified_gmt":"2020-09-18T12:13:53","slug":"klasy-iv-vi","status":"publish","type":"page","link":"https:\/\/mwb.com.pl\/rezerwacja\/klasy-iv-vi\/","title":{"rendered":"Klasy IV-VI"},"content":{"rendered":"<p>Prosz\u0119 wybra\u0107 temat z g\u00f3rnego menu lub zapozna\u0107 si\u0119 z opisem.<\/p>\n<p>Opis oferty zaj\u0119\u0107 &#8222;Na tropie historii&#8221; znajduje si\u0119 <a href=\"https:\/\/mwb.com.pl\/mwb2017\/oferta\/edukacja#trop\">pod tym linkiem<\/a>.<\/p>\n","protected":false},"excerpt":{"rendered":"<p>Prosz\u0119 wybra\u0107 temat z g\u00f3rnego menu lub zapozna\u0107 si\u0119 z opisem. Opis oferty zaj\u0119\u0107 &#8222;Na tropie historii&#8221; znajduje si\u0119 pod tym linkiem.<\/p>\n","protected":false},"author":1,"featured_media":0,"parent":0,"menu_order":0,"comment_status":"closed","ping_status":"closed","template":"","meta":{"footnotes":""},"class_list":["post-80","page","type-page","status-publish","hentry","no-thumb"],"_links":{"self":[{"href":"https:\/\/mwb.com.pl\/rezerwacja\/wp-json\/wp\/v2\/pages\/80","targetHints":{"allow":["GET"]}}],"collection":[{"href":"https:\/\/mwb.com.pl\/rezerwacja\/wp-json\/wp\/v2\/pages"}],"about":[{"href":"https:\/\/mwb.com.pl\/rezerwacja\/wp-json\/wp\/v2\/types\/page"}],"author":[{"embeddable":true,"href":"https:\/\/mwb.com.pl\/rezerwacja\/wp-json\/wp\/v2\/users\/1"}],"replies":[{"embeddable":true,"href":"https:\/\/mwb.com.pl\/rezerwacja\/wp-json\/wp\/v2\/comments?post=80"}],"version-history":[{"count":5,"href":"https:\/\/mwb.com.pl\/rezerwacja\/wp-json\/wp\/v2\/pages\/80\/revisions"}],"predecessor-version":[{"id":1175,"href":"https:\/\/mwb.com.pl\/rezerwacja\/wp-json\/wp\/v2\/pages\/80\/revisions\/1175"}],"wp:attachment":[{"href":"https:\/\/mwb.com.pl\/rezerwacja\/wp-json\/wp\/v2\/media?parent=80"}],"curies":[{"name":"wp","href":"https:\/\/api.w.org\/{rel}","templated":true}]}}