{"id":78,"date":"2018-11-21T11:26:20","date_gmt":"2018-11-21T10:26:20","guid":{"rendered":"https:\/\/mwb.com.pl\/rezerwacja\/?page_id=78"},"modified":"2025-08-23T17:39:53","modified_gmt":"2025-08-23T15:39:53","slug":"przedszkola","status":"publish","type":"page","link":"https:\/\/mwb.com.pl\/rezerwacja\/przedszkola\/","title":{"rendered":"Przedszkola"},"content":{"rendered":"<p>Prosz\u0119 wybra\u0107 temat z g\u00f3rnego menu lub zapozna\u0107 si\u0119 z opisem.<\/p>\n<p>Opis oferty zaj\u0119\u0107 &#8222;Malec w muzeum&#8221; znajduje si\u0119 <a href=\"https:\/\/mwb.com.pl\/mwb2017\/oferta\/edukacja#malec\">pod tym linkiem<\/a>.<\/p>\n<p>&nbsp;<\/p>\n","protected":false},"excerpt":{"rendered":"<p>Prosz\u0119 wybra\u0107 temat z g\u00f3rnego menu lub zapozna\u0107 si\u0119 z opisem. Opis oferty zaj\u0119\u0107 &#8222;Malec w muzeum&#8221; znajduje si\u0119 pod tym linkiem. &nbsp;<\/p>\n","protected":false},"author":1,"featured_media":0,"parent":0,"menu_order":0,"comment_status":"closed","ping_status":"closed","template":"","meta":{"footnotes":""},"class_list":["post-78","page","type-page","status-publish","hentry","no-thumb"],"_links":{"self":[{"href":"https:\/\/mwb.com.pl\/rezerwacja\/wp-json\/wp\/v2\/pages\/78","targetHints":{"allow":["GET"]}}],"collection":[{"href":"https:\/\/mwb.com.pl\/rezerwacja\/wp-json\/wp\/v2\/pages"}],"about":[{"href":"https:\/\/mwb.com.pl\/rezerwacja\/wp-json\/wp\/v2\/types\/page"}],"author":[{"embeddable":true,"href":"https:\/\/mwb.com.pl\/rezerwacja\/wp-json\/wp\/v2\/users\/1"}],"replies":[{"embeddable":true,"href":"https:\/\/mwb.com.pl\/rezerwacja\/wp-json\/wp\/v2\/comments?post=78"}],"version-history":[{"count":5,"href":"https:\/\/mwb.com.pl\/rezerwacja\/wp-json\/wp\/v2\/pages\/78\/revisions"}],"predecessor-version":[{"id":4886,"href":"https:\/\/mwb.com.pl\/rezerwacja\/wp-json\/wp\/v2\/pages\/78\/revisions\/4886"}],"wp:attachment":[{"href":"https:\/\/mwb.com.pl\/rezerwacja\/wp-json\/wp\/v2\/media?parent=78"}],"curies":[{"name":"wp","href":"https:\/\/api.w.org\/{rel}","templated":true}]}}