{"id":5228,"date":"2026-02-10T08:10:48","date_gmt":"2026-02-10T07:10:48","guid":{"rendered":"https:\/\/mwb.com.pl\/rezerwacja\/?page_id=5228"},"modified":"2026-02-10T08:17:00","modified_gmt":"2026-02-10T07:17:00","slug":"symbole-narodowe","status":"publish","type":"page","link":"https:\/\/mwb.com.pl\/rezerwacja\/klasy-i-iii\/symbole-narodowe\/","title":{"rendered":"Symbole narodowe"},"content":{"rendered":"\t\t<div data-elementor-type=\"wp-page\" data-elementor-id=\"5228\" class=\"elementor elementor-5228\">\n\t\t\t\t\t\t<section class=\"elementor-section elementor-top-section elementor-element elementor-element-de2d45f elementor-section-boxed elementor-section-height-default elementor-section-height-default\" data-id=\"de2d45f\" data-element_type=\"section\" data-e-type=\"section\">\n\t\t\t\t\t\t<div class=\"elementor-container elementor-column-gap-default\">\n\t\t\t\t\t<div class=\"elementor-column elementor-col-100 elementor-top-column elementor-element elementor-element-69e1152\" data-id=\"69e1152\" data-element_type=\"column\" data-e-type=\"column\">\n\t\t\t<div class=\"elementor-widget-wrap elementor-element-populated\">\n\t\t\t\t\t\t<div class=\"elementor-element elementor-element-8af15a7 elementor-tabs-view-horizontal elementor-widget elementor-widget-tabs\" data-id=\"8af15a7\" data-element_type=\"widget\" data-e-type=\"widget\" data-widget_type=\"tabs.default\">\n\t\t\t\t<div class=\"elementor-widget-container\">\n\t\t\t\t\t\t\t<div class=\"elementor-tabs\">\n\t\t\t<div class=\"elementor-tabs-wrapper\" role=\"tablist\" >\n\t\t\t\t\t\t\t\t\t<div id=\"elementor-tab-title-1451\" class=\"elementor-tab-title elementor-tab-desktop-title\" aria-selected=\"true\" data-tab=\"1\" role=\"tab\" tabindex=\"0\" aria-controls=\"elementor-tab-content-1451\" aria-expanded=\"false\">Zaj\u0119cia stacjonarne<\/div>\n\t\t\t\t\t\t\t<\/div>\n\t\t\t<div class=\"elementor-tabs-content-wrapper\" role=\"tablist\" aria-orientation=\"vertical\">\n\t\t\t\t\t\t\t\t\t<div class=\"elementor-tab-title elementor-tab-mobile-title\" aria-selected=\"true\" data-tab=\"1\" role=\"tab\" tabindex=\"0\" aria-controls=\"elementor-tab-content-1451\" aria-expanded=\"false\">Zaj\u0119cia stacjonarne<\/div>\n\t\t\t\t\t<div id=\"elementor-tab-content-1451\" class=\"elementor-tab-content elementor-clearfix\" data-tab=\"1\" role=\"tabpanel\" aria-labelledby=\"elementor-tab-title-1451\" tabindex=\"0\" hidden=\"false\"><p><strong>KLASY I-III<\/strong><\/p><p>Miejsce realizacji: sala edukacyjna Muzeum Wojska w Bia\u0142ymstoku.<br \/>Czas trwania zaj\u0119\u0107: 60 minut.<br \/>Ilo\u015b\u0107 uczestnik\u00f3w: do 30 os\u00f3b.<\/p><p>Cena: 10 z\u0142 od uczestnika warsztatu.<\/p><p>W tej cz\u0119\u015bci cyklu, prowadzonej w okolicach \u015awi\u0119ta Flagi i rocznicy uchwalenia Konstytucji 3 Maja, skupimy si\u0119 na symbolach narodowych. Dzieci naucz\u0105 si\u0119 rozpoznawa\u0107 flag\u0119, god\u0142o i hymn Polski, poznaj\u0105 zasady w\u0142a\u015bciwego obchodzenia si\u0119 z nimi oraz znaczenie tych symboli w historii i tera\u017aniejszo\u015bci. Wsp\u00f3lnie poznamy hymn, jego tre\u015b\u0107 i znaczenie poszczeg\u00f3lnych s\u0142\u00f3w. Zaj\u0119cia sprzyjaj\u0105 poczucia dumy z byci\u0105 cz\u0119\u015bci\u0105 wsp\u00f3lnoty narodowej.<\/p><p>Przed wype\u0142nieniem formularza prosz\u0119 wybra\u0107 klikni\u0119ciem dzie\u0144 w kalendarzu.<br \/>Otrzymaj\u0105 Pa\u0144stwo na podany adres e-mail potwierdzenie wys\u0142ania formularza.<br \/>Rezerwacja b\u0119dzie dokonana <strong>po zatwierdzeniu<\/strong> przez pracownika muzeum, co zostanie potwierdzone kolejn\u0105 wiadomo\u015bci\u0105 e-mail.<\/p><p><strong>UWAGA<\/strong><\/p><p>W wypadku konieczno\u015bci odwo\u0142ania wizyty w muzeum, prosimy o przes\u0142anie informacji na adres e-mail: rezerwacja@mwb.com.pl lub o telefon na nr 535 956 007<\/p> <div id=\"form_id806042181378\"  class=\"wpbc_container wpbc_form wpbc_container_booking_form  \" ><form  id=\"booking_form260\"   class=\"booking_form vertical\" method=\"post\" action=\"\"><div id=\"ajax_respond_insert260\" class=\"ajax_respond_insert\" style=\"display:none;\"><\/div><a name=\"bklnk260\" id=\"bklnk260\"><\/a><div id=\"booking_form_div260\" class=\"booking_form_div\"><label style=\"font-style: normal; font-size: 1em; color: #000000;\"><p>Wybierz dzie\u0144:<br \/>\r\n<div class=\"wpbc_calendar_wraper\"><div class=\"wpbc_cal_container bk_calendar_frame wpbc_no_custom_width  months_num_in_row_ cal_month_num_1 wpbc_timeslot_day_bg_as_available\" style=\"\"><div id=\"calendar_booking260\">Wczytuj\u0119 kalendarz&#8230;<\/div><\/div><textarea id=\"date_booking260\" name=\"date_booking260\" autocomplete=\"off\" style=\"display:none;\"><\/textarea><div class=\"block_hints datepick \"><div class=\"wpdev_hint_with_text\"><div class=\"block_free datepick-days-cell\"><a>&nbsp;<\/a><\/div><div class=\"block_text\">&#8211; <\/div><div class=\"block_text\">Dost\u0119pne<\/div><\/div><div class=\"wpdev_hint_with_text\"><div class=\"block_booked date_approved\">&nbsp;<\/div><div class=\"block_text\">&#8211; <\/div><div class=\"block_text\">Zarezerwowane<\/div><\/div><div class=\"wpdev_hint_with_text\"><div class=\"block_pending date2approve\">&nbsp;<\/div><div class=\"block_text\">&#8211; <\/div><div class=\"block_text\">W oczekiwaniu<\/div><\/div><div class=\"wpdev_hint_with_text\"><div class=\"\"><span class=\" wpbc_timeslot_day_bg_as_available\"><div class=\"datepick-inline wpbc_calendar_legend_table_width_height\"><table class=\"datepick\" style=\"\"><tbody><tr><td class=\"datepick-days-cell date_available date2approve timespartly times_clock wpbc_calendar_legend_day_cell_height\"><div class=\"wpbc-cell-box\">\t<div class=\"wpbc-diagonal-el\">\t\t<div class=\"wpbc-co-out\"><svg height=\"100%\" width=\"100%\" viewBox=\"0 0 100 100\" preserveAspectRatio=\"none\"><polygon points=\"0,0 0,99 99,0\"><\/polygon><polygon points=\"0,0 0,100 49,100 49,0\"><\/polygon><\/svg><\/div>\t\t<div class=\"wpbc-co-in\"><svg height=\"100%\" width=\"100%\" viewBox=\"0 0 98 98\" preserveAspectRatio=\"none\"><polygon points=\"0,99 99,99 99,0\"><\/polygon><polygon points=\"50,98 98,98 98,0 50,0\"><\/polygon><\/svg><\/div>\t<\/div>\t<div class=\"date-cell-content\">\t\t<div class=\"date-content-top\"><div class=\"wpbc_time_dots\">\u00b7<\/div><\/div>\t\t<a>&nbsp;<\/a>\t\t<div class=\"date-content-bottom\"><\/div>\t<\/div><\/div><\/td><\/tr><\/tbody><\/table><\/div><\/span><\/div><div class=\"block_text\">&#8211; <\/div><div class=\"block_text\">Zarezerwowano pojedyncze godziny<\/div><\/div><\/div><\/div>\r\n<\/p><\/label><br \/>\r\n<div class=\"payment-form\"> \r\n <label style=\"font-style: normal; font-size: 1em; color: #000000;\"><p>Wybierz godzin\u0119:<br \/><span class=\"wpbc_wrap_select wpdev-form-control-wrap rangetime260\"><select onchange=\"javascript:if(typeof( showCostHintInsideBkForm ) == 'function') {  showCostHintInsideBkForm(260);}\" name=\"rangetime260\" autocomplete=\"rangetime\"><option value=\"09:30 - 10:30\">9:30 &#8211; 10:30 <\/option><option value=\"11:00 - 12:00\">11:00 &#8211; 12:00 <\/option><option value=\"12:30 - 13:30\">12:30 &#8211; 13:30 <\/option><option value=\"14:00 - 15:00\">14:00 &#8211; 15:00 <\/option><\/select><\/span><\/p><\/label><br \/>\r\n <label style=\"font-style: normal; font-size: 1em; color: #000000;\"><p>Imi\u0119 i nazwisko (wymagane):<br \/><span class=\"wpbc_wrap_text wpdev-form-control-wrap name260\"><input type=\"text\" name=\"name260\" value=\"\" autocomplete=\"name\" class=\"wpdev-validates-as-required\" size=\"40\" \/><\/span> <\/p><\/label><br \/>\r\n <label style=\"font-style: normal; font-size: 1em; color: #000000;\"><p>E-mail (wymagane):<br \/><span class=\"wpbc_wrap_text wpdev-form-control-wrap email260\"><input type=\"text\" name=\"email260\" value=\"\" autocomplete=\"email\" class=\"wpdev-validates-as-email wpdev-validates-as-required\" size=\"40\" \/><\/span> <\/p><\/label><br \/> \r\n <label style=\"font-style: normal; font-size: 1em; color: #000000;\"><p>Telefon (wymagane):<br \/><span class=\"wpbc_wrap_text wpdev-form-control-wrap phone260\"><input type=\"text\" name=\"phone260\" value=\"\" autocomplete=\"phone\" class=\"wpdev-validates-as-required\" size=\"40\" \/><\/span> <\/p><\/label><br \/>\r\n <label style=\"font-style: normal; font-size: 1em; color: #000000;\"><p>Nazwa instytucji (wymagane):<br \/><span class=\"wpbc_wrap_text wpdev-form-control-wrap institution260\"><input type=\"text\" name=\"institution260\" value=\"\" autocomplete=\"institution\" class=\"wpdev-validates-as-required\" size=\"40\" \/><\/span> <\/p><\/label><br \/>\r\n <label style=\"font-style: normal; font-size: 1em; color: #000000;\"><p>Wiek uczestnik\u00f3w lub klasa (wymagane):<br \/><span class=\"wpbc_wrap_text wpdev-form-control-wrap age260\"><input type=\"text\" name=\"age260\" value=\"\" autocomplete=\"age\" class=\"wpdev-validates-as-required\" size=\"40\" \/><\/span> <\/p><\/label><br \/> \r\n <label style=\"font-style: normal; font-size: 1em; color: #000000;\"><p>Ilo\u015b\u0107 uczestnik\u00f3w (wymagane), minimalna ilo\u015b\u0107 &#8211; 4 osoby:<br \/>  <span class=\"wpbc_wrap_text wpdev-form-control-wrap participants260\"><input type=\"text\" name=\"participants260\" value=\"\" autocomplete=\"participants\" class=\"wpdev-validates-as-required\" size=\"40\" \/><\/span><\/p><\/label><br \/> \r\n <label style=\"font-style: normal; font-size: 1em; color: #000000;\"><p>Uwagi:<br \/> <span class=\"wpbc_wrap_textarea wpdev-form-control-wrap details260\"><textarea name=\"details260\" autocomplete=\"details\"><\/textarea><\/span> <\/p><\/label><br \/>\r\n\r\n <p style=\"font-style: normal; font-size: 1em; color: #000000;\">Grupy z uczestnikami maj\u0105cymi szczeg\u00f3lne wymagania prosimy dodatkowo o kontakt telefoniczny pod nr. 535 956 007<\/p> \r\n<p style=\"font-style: normal; font-size: 1em; color: #000000;\"><span class=\"wpbc_wrap_checkbox wpdev-form-control-wrap term_and_condition260\"><span autocomplete=\"term_and_condition\" class=\"wpdev-validates-as-required wpdev-checkbox\"><span class=\"wpdev-list-item\"><input  autocomplete=\"term_and_condition\" class=\"wpdev-validates-as-required wpdev-checkbox\" id=\"checkboxid177542330708461\"  onchange=\"javascript:if(typeof( showCostHintInsideBkForm ) == 'function') {  showCostHintInsideBkForm(260);}\"  type=\"checkbox\"  name=\"term_and_condition260[]\"  value=\"Zgoda na przetwarzanie danych (wymagane)\" \/><label for=\"checkboxid177542330708461\"  class=\"wpdev-list-item-label\">Zgoda na przetwarzanie danych (wymagane)<\/label><\/span><\/span><\/span><\/p><p style=\"font-style: normal; font-size: 1em; color: #000000;\">Wyra\u017cam zgod\u0119 na przetwarzanie moich danych osobowych, zgodnie z obowi\u0105zuj\u0105cym prawem i Polityk\u0105 Prywatno\u015bci, w zwi\u0105zku z dokonaniem rezerwacji. Podanie danych jest dobrowolne, ale niezb\u0119dne do wykonania operacji. Zosta\u0142em\/am poinformowany\/a, \u017ce przys\u0142uguje mi prawo dost\u0119pu do swoich danych, mo\u017cliwo\u015bci ich poprawiania, \u017c\u0105dania zaprzestania ich przetwarzania. Administratorem danych osobowych jest Muzeum Wojska w Bia\u0142ymstoku z siedzib\u0105 przy ul. Jana Kili\u0144skiego 7, 15-089 Bia\u0142ystok. <\/p>\r\n <p style=\"font-style: normal; font-size: 1em; color: #000000;\"><span class=\"wpbc_wrap_checkbox wpdev-form-control-wrap regulamin260\"><span autocomplete=\"regulamin\" class=\"wpdev-validates-as-required wpdev-checkbox\"><span class=\"wpdev-list-item\"><input  autocomplete=\"regulamin\" class=\"wpdev-validates-as-required wpdev-checkbox\" id=\"checkboxid177542330703713\"  onchange=\"javascript:if(typeof( showCostHintInsideBkForm ) == 'function') {  showCostHintInsideBkForm(260);}\"  type=\"checkbox\"  name=\"regulamin260[]\"  value=\"O\u015bwiadczenie1 (wymagane)\" \/><label for=\"checkboxid177542330703713\"  class=\"wpdev-list-item-label\">O\u015bwiadczenie1 (wymagane)<\/label><\/span><\/span><\/span><\/p><p style=\"font-style: normal; font-size: 1em; color: #000000;\">O\u015bwiadczam, \u017ce zapozna\u0142am\/\u0142em si\u0119 z <a href=\"https:\/\/mwb.com.pl\/mwb2017\/wp-content\/uploads\/dokumenty\/regulamin_USLUG_MWB.pdf\" rel=\"noopener noreferrer\" target=\"_blank\">Regulaminem \u015bwiadczenia us\u0142ug przez Muzeum Wojska w Bia\u0142ymstoku oraz cennikiem za te us\u0142ugi<\/a>. <\/p>\r\n <p style=\"font-style: normal; font-size: 1em; color: #000000;\"><span class=\"wpbc_wrap_checkbox wpdev-form-control-wrap oswiadczenie260\"><span autocomplete=\"oswiadczenie\" class=\"wpdev-validates-as-required wpdev-checkbox\"><span class=\"wpdev-list-item\"><input  autocomplete=\"oswiadczenie\" class=\"wpdev-validates-as-required wpdev-checkbox\" id=\"checkboxid177542330706357\"  onchange=\"javascript:if(typeof( showCostHintInsideBkForm ) == 'function') {  showCostHintInsideBkForm(260);}\"  type=\"checkbox\"  name=\"oswiadczenie260[]\"  value=\"O\u015bwiadczenie2 (wymagane)\" \/><label for=\"checkboxid177542330706357\"  class=\"wpdev-list-item-label\">O\u015bwiadczenie2 (wymagane)<\/label><\/span><\/span><\/span><\/p><p style=\"font-style: normal; font-size: 1em; color: #000000;\">O\u015bwiadczam, \u017ce zapozna\u0142am\/\u0142em si\u0119 ze <a href=\"https:\/\/mwb.com.pl\/mwb2017\/wp-content\/uploads\/dokumenty\/Standardy_Ochrony_Maloletnich.pdf\" rel=\"noopener noreferrer\" target=\"_blank\">Standardami Ochrony Ma\u0142oletnich w Muzeum Wojska w Bia\u0142ymstoku<\/a> oraz zobowi\u0105zuj\u0119 si\u0119 do przestrzegania zawartych w nich zapis\u00f3w. <\/p>\r\n <label style=\"font-style: normal; font-size: 1em; color: #000000;\"> \r\n <p>Przepisz tekst z obrazka obok (Uwaga &#8211; je\u015bli jest niewidoczny, prosz\u0119 klikn\u0105\u0107 WY\u015aLIJ):<br \/> <span class=\"wpbc_text_captcha_container\"><input  autocomplete=\"off\" type=\"hidden\" name=\"wpdev_captcha_challenge_260\"  id=\"wpdev_captcha_challenge_260\" value=\"1521342837\" \/><input  autocomplete=\"off\" type=\"text\" class=\"captachinput\" value=\"\" name=\"captcha_input260\" id=\"captcha_input260\" \/><img decoding=\"async\" class=\"captcha_img\"  id=\"captcha_img260\" alt=\"To show CAPTCHA, please deactivate cache plugin or exclude this page from caching or disable CAPTCHA at WP Booking Calendar - Settings General page in Form Options section.\" src=\"https:\/\/mwb.com.pl\/rezerwacja\/wp-content\/plugins\/booking.bm.10.6.1\/js\/captcha\/tmp\/1521342837.png\" \/><\/span><\/p> <\/label>\r\n \r\n <p style=\"font-style: normal; font-size: 1em; color: #000000;\"><input type=\"button\" value=\"Wy\u015blij\" class=\"wpbc_button_light btn\" onclick=\"mybooking_submit(this.form,260, 'pl_PL' );\" \/><\/p> \r\n<\/div><script type=\"text\/javascript\">(function() { var a = setInterval( function() {  if ( ( 'undefined' === typeof jQuery ) || ! window.jQuery ) { return; } clearInterval( a ); jQuery( document ).ready( function (){\r\n\t\tmoveOptionalElementsToGarbage( 260 );\r\n\t} ); }, 500 ); })();<\/script><script type=\"text\/javascript\">(function() { var a = setInterval( function() {  if ( ( 'undefined' === typeof jQuery ) || ! window.jQuery ) { return; } clearInterval( a ); jQuery( document ).ready( function (){\r\n\t\t_wpbc.seasons__set( 260, [] );\r\n\t} ); }, 500 ); })();<\/script><input id=\"bk_type260\" name=\"bk_type260\" class=\"\" type=\"hidden\" value=\"260\" \/><\/div><div id=\"submiting260\"><\/div><div class=\"form_bk_messages\" id=\"form_bk_messages260\" ><\/div><input type=\"hidden\" id=\"wpbc_nonceCALCULATE_THE_COST260\" name=\"wpbc_nonceCALCULATE_THE_COST260\" value=\"bcbff51acc\" \/><input type=\"hidden\" name=\"_wp_http_referer\" value=\"\/rezerwacja\/wp-json\/wp\/v2\/pages\/5228\" \/><\/form><\/div><div id=\"booking_form_garbage260\" class=\"booking_form_garbage\"><\/div><script type=\"text\/javascript\"> (function() { var a = setInterval( function() {  if ( ( 'undefined' === typeof jQuery ) || ! window.jQuery ) { return; } clearInterval( a ); jQuery( document ).ready( function (){ jQuery(\".widget_wpdev_booking .booking_form.form-horizontal\").removeClass(\"form-horizontal\");\n                                    var visible_calendars_count = _wpbc.get_other_param( \"calendars__on_this_page\" ).length;\n                                    if (visible_calendars_count !== null ) {\n                                        for (var i=0;i< visible_calendars_count ;i++){\n                                          if ( _wpbc.get_other_param( \"calendars__on_this_page\" )[i] === 260 ) {\n                                              document.getElementById(\"form_id806042181378\").innerHTML = \"<span style='color:#A00;font-size:10px;'>Warning! Booking calendar for this booking resource are already at the page, please check more about this issue at this page: https:\/\/wpbookingcalendar.com\/faq\/why-the-booking-calendar-widget-not-show-on-page\/<\/span>\";                                                                                                  \n                                              jQuery(\"#form_id806042181378\").animate( {opacity: 1}, 10000 ).fadeOut(5000);\n                                              return;\n                                          }\n                                        }\n                                        _wpbc.get_other_param( \"calendars__on_this_page\" )[ visible_calendars_count ]=260;\n                                    } } ); }, 500 ); })();<\/script> <script type=\"text\/javascript\"> (function() { var a = setInterval( function() {  if ( ( 'undefined' === typeof jQuery ) || ! window.jQuery ) { return; } clearInterval( a ); jQuery( document ).ready( function (){ _wpbc.balancer__set_max_threads( 3 );  _wpbc.calendar__set_param_value( 260 , 'calendar_scroll_to' , false );  _wpbc.calendar__set_param_value( 260 , 'booking_max_monthes_in_calendar' , '3m' );  _wpbc.calendar__set_param_value( 260 , 'booking_start_day_weeek' , '1' );  _wpbc.calendar__set_param_value( 260 , 'calendar_number_of_months' , '1' );   _wpbc.calendar__set_param_value( 260, 'days_select_mode', 'single' );   _wpbc.calendar__set_param_value( 260, 'fixed__days_num', 15 );   _wpbc.calendar__set_param_value( 260, 'fixed__week_days__start',   [-1] );   _wpbc.calendar__set_param_value( 260, 'dynamic__days_min', 1 );   _wpbc.calendar__set_param_value( 260, 'dynamic__days_max', 180 );   _wpbc.calendar__set_param_value( 260, 'dynamic__days_specific',    [1,2,3,4,5,6,7,8,9,10,11,12,13,14,15,16,17,18,19,20,21,22,23,24,25,26,27,28,29,30,31,32,33,34,35,36,37,38,39,40,41,42,43,44,45,46,47,48,49,50,51,52,53,54,55,56,57,58,59,60,61,62,63,64,65,66,67,68,69,70,71,72,73,74,75,76,77,78,79,80,81,82,83,84,85,86,87,88,89,90,91,92,93,94,95,96,97,98,99,100,101,102,103,104,105,106,107,108,109,110,111,112,113,114,115,116,117,118,119,120,121,122,123,124,125,126,127,128,129,130,131,132,133,134,135,136,137,138,139,140,141,142,143,144,145,146,147,148,149,150,151,152,153,154,155,156,157,158,159,160,161,162,163,164,165,166,167,168,169,170,171,172,173,174,175,176,177,178,179,180] );   _wpbc.calendar__set_param_value( 260, 'dynamic__week_days__start', [-1] );   _wpbc.calendar__set_param_value( 260, 'booking_date_format', 'd.m.Y' );   _wpbc.calendar__set_param_value( 260, 'booking_time_format', 'H:i' );  _wpbc.calendar__set_param_value( 260 , 'booking_recurrent_time' , 'Off' );   if ( 'function' === typeof ( wpbc__conditions__SAVE_INITIAL__days_selection_params__bm ) ){ wpbc__conditions__SAVE_INITIAL__days_selection_params__bm( 260 ); }   wpbc_calendar_show( '260' );   _wpbc.set_secure_param( 'nonce',   '6d8301acc5' );   _wpbc.set_secure_param( 'user_id', '0' );   _wpbc.set_secure_param( 'locale',  'pl_PL' );  wpbc_calendar__load_data__ajx( {\"resource_id\":260,\"booking_hash\":\"\",\"request_uri\":\"\\\/rezerwacja\\\/wp-json\\\/wp\\\/v2\\\/pages\\\/5228\",\"custom_form\":\"standard\",\"aggregate_resource_id_str\":\"260,31,39,40,59,63,177,196,205,206,235,236,243,244,245,246,247,248,249,251,252\",\"aggregate_type\":\"all\"} ); } ); }, 500 ); })();<\/script><\/div>\n\t\t\t\t\t\t\t<\/div>\n\t\t<\/div>\n\t\t\t\t\t\t<\/div>\n\t\t\t\t<\/div>\n\t\t\t\t\t<\/div>\n\t\t<\/div>\n\t\t\t\t\t<\/div>\n\t\t<\/section>\n\t\t\t\t<\/div>\n\t\t","protected":false},"excerpt":{"rendered":"<p>Zaj\u0119cia stacjonarne Zaj\u0119cia stacjonarne KLASY I-III Miejsce realizacji: sala edukacyjna Muzeum Wojska w Bia\u0142ymstoku.Czas trwania zaj\u0119\u0107: 60 minut.Ilo\u015b\u0107 uczestnik\u00f3w: do 30 os\u00f3b. Cena: 10 z\u0142 od uczestnika warsztatu. W tej cz\u0119\u015bci cyklu, prowadzonej w okolicach \u015awi\u0119ta Flagi i rocznicy uchwalenia Konstytucji 3 Maja, skupimy si\u0119 na symbolach narodowych. Dzieci naucz\u0105 si\u0119 rozpoznawa\u0107 flag\u0119, god\u0142o iContinue reading &rarr;<\/p>\n","protected":false},"author":1,"featured_media":0,"parent":4887,"menu_order":0,"comment_status":"closed","ping_status":"closed","template":"","meta":{"footnotes":""},"class_list":["post-5228","page","type-page","status-publish","hentry","no-thumb"],"_links":{"self":[{"href":"https:\/\/mwb.com.pl\/rezerwacja\/wp-json\/wp\/v2\/pages\/5228","targetHints":{"allow":["GET"]}}],"collection":[{"href":"https:\/\/mwb.com.pl\/rezerwacja\/wp-json\/wp\/v2\/pages"}],"about":[{"href":"https:\/\/mwb.com.pl\/rezerwacja\/wp-json\/wp\/v2\/types\/page"}],"author":[{"embeddable":true,"href":"https:\/\/mwb.com.pl\/rezerwacja\/wp-json\/wp\/v2\/users\/1"}],"replies":[{"embeddable":true,"href":"https:\/\/mwb.com.pl\/rezerwacja\/wp-json\/wp\/v2\/comments?post=5228"}],"version-history":[{"count":4,"href":"https:\/\/mwb.com.pl\/rezerwacja\/wp-json\/wp\/v2\/pages\/5228\/revisions"}],"predecessor-version":[{"id":5233,"href":"https:\/\/mwb.com.pl\/rezerwacja\/wp-json\/wp\/v2\/pages\/5228\/revisions\/5233"}],"up":[{"embeddable":true,"href":"https:\/\/mwb.com.pl\/rezerwacja\/wp-json\/wp\/v2\/pages\/4887"}],"wp:attachment":[{"href":"https:\/\/mwb.com.pl\/rezerwacja\/wp-json\/wp\/v2\/media?parent=5228"}],"curies":[{"name":"wp","href":"https:\/\/api.w.org\/{rel}","templated":true}]}}