{"id":4887,"date":"2025-08-23T17:40:31","date_gmt":"2025-08-23T15:40:31","guid":{"rendered":"https:\/\/mwb.com.pl\/rezerwacja\/?page_id=4887"},"modified":"2025-08-23T17:40:31","modified_gmt":"2025-08-23T15:40:31","slug":"klasy-i-iii","status":"publish","type":"page","link":"https:\/\/mwb.com.pl\/rezerwacja\/klasy-i-iii\/","title":{"rendered":"Klasy I-III"},"content":{"rendered":"<p>Prosz\u0119 wybra\u0107 temat z g\u00f3rnego menu lub zapozna\u0107 si\u0119 z opisem.<\/p>\n<p>Opis oferty zaj\u0119\u0107 &#8222;Pierwsze kroki w muzeum&#8221; znajduje si\u0119 <a href=\"https:\/\/mwb.com.pl\/mwb2017\/oferta\/edukacja#kroki\">pod tym linkiem<\/a>.<\/p>\n","protected":false},"excerpt":{"rendered":"<p>Prosz\u0119 wybra\u0107 temat z g\u00f3rnego menu lub zapozna\u0107 si\u0119 z opisem. Opis oferty zaj\u0119\u0107 &#8222;Pierwsze kroki w muzeum&#8221; znajduje si\u0119 pod tym linkiem.<\/p>\n","protected":false},"author":1,"featured_media":0,"parent":0,"menu_order":0,"comment_status":"closed","ping_status":"closed","template":"","meta":{"footnotes":""},"class_list":["post-4887","page","type-page","status-publish","hentry","no-thumb"],"_links":{"self":[{"href":"https:\/\/mwb.com.pl\/rezerwacja\/wp-json\/wp\/v2\/pages\/4887","targetHints":{"allow":["GET"]}}],"collection":[{"href":"https:\/\/mwb.com.pl\/rezerwacja\/wp-json\/wp\/v2\/pages"}],"about":[{"href":"https:\/\/mwb.com.pl\/rezerwacja\/wp-json\/wp\/v2\/types\/page"}],"author":[{"embeddable":true,"href":"https:\/\/mwb.com.pl\/rezerwacja\/wp-json\/wp\/v2\/users\/1"}],"replies":[{"embeddable":true,"href":"https:\/\/mwb.com.pl\/rezerwacja\/wp-json\/wp\/v2\/comments?post=4887"}],"version-history":[{"count":1,"href":"https:\/\/mwb.com.pl\/rezerwacja\/wp-json\/wp\/v2\/pages\/4887\/revisions"}],"predecessor-version":[{"id":4888,"href":"https:\/\/mwb.com.pl\/rezerwacja\/wp-json\/wp\/v2\/pages\/4887\/revisions\/4888"}],"wp:attachment":[{"href":"https:\/\/mwb.com.pl\/rezerwacja\/wp-json\/wp\/v2\/media?parent=4887"}],"curies":[{"name":"wp","href":"https:\/\/api.w.org\/{rel}","templated":true}]}}