{"id":3593,"date":"2023-08-18T11:51:37","date_gmt":"2023-08-18T09:51:37","guid":{"rendered":"https:\/\/mwb.com.pl\/rezerwacja\/?page_id=3593"},"modified":"2026-02-10T08:26:50","modified_gmt":"2026-02-10T07:26:50","slug":"zolnierze-w-miescie","status":"publish","type":"page","link":"https:\/\/mwb.com.pl\/rezerwacja\/muzeum-dostepne\/zolnierze-w-miescie\/","title":{"rendered":"\u017bo\u0142nierze  w mie\u015bcie"},"content":{"rendered":"<p>Oferta dla <strong>dzieci i m\u0142odzie\u017cy ze szczeg\u00f3lnymi potrzebami<\/strong>.<\/p>\n<p>Miejsce realizacji: sala edukacyjna i sale wystawowe Muzeum Wojska w Bia\u0142ymstoku<br \/>\nCzas trwania zaj\u0119\u0107: do 60 minut<br \/>\nIlo\u015b\u0107 uczestnik\u00f3w: do 15 os\u00f3b (wraz z prowadz\u0105cym i opiekunami)<\/p>\n<p>Podczas zaj\u0119\u0107 uczestnicy poznaj\u0105 symbole i znaki u\u017cywane w wojsku. Przyjrz\u0105 si\u0119 wybranym obiektom muzealnym, takim jak oznaka rozpoznawcza, sztandar czy znak to\u017csamo\u015bci. Poznaj\u0105 r\u00f3wnie\u017c poj\u0119cia garnizonu oraz s\u0142u\u017cby \u017co\u0142nierskiej. Dowiedz\u0105 si\u0119 od jak dawna Bia\u0142ystok jest miejscem stacjonowania wojsk. Podczas zaj\u0119\u0107 wykorzystywane b\u0119d\u0105 narz\u0119dzia dost\u0119pno\u015bci takie jak panele sensoryczne, opisy w j\u0119zyku prostym oraz repliki eksponat\u00f3w. W ramach podsumowania ka\u017cdy z uczestnik\u00f3w wykona prac\u0119 plastyczn\u0105. Wykorzystane zostan\u0105 techniki takie jak: kompozycja, stemplowanie, kolagrafia oraz rze\u017aba.<\/p>\n<p>Przed wype\u0142nieniem formularza prosz\u0119 wybra\u0107 klikni\u0119ciem dzie\u0144 w kalendarzu.<br \/>\nOtrzymaj\u0105 Pa\u0144stwo na podany adres e-mail potwierdzenie wys\u0142ania formularza.<br \/>\nRezerwacja b\u0119dzie dokonana <strong>po zatwierdzeniu<\/strong> przez pracownika muzeum, co zostanie potwierdzone kolejn\u0105 wiadomo\u015bci\u0105 e-mail.<\/p>\n<p><strong>UWAGA<\/strong><br \/>\nW wypadku konieczno\u015bci odwo\u0142ania wizyty w muzeum, prosimy o przes\u0142anie informacji na adres e-mail: rezerwacja@mwb.com.pl lub o telefon na nr 535 956 007<\/p>\n <div id=\"form_id230805107130\"  class=\"wpbc_container wpbc_form wpbc_container_booking_form  \" ><form  id=\"booking_form196\"   class=\"booking_form vertical\" method=\"post\" action=\"\"><div id=\"ajax_respond_insert196\" class=\"ajax_respond_insert\" style=\"display:none;\"><\/div><a name=\"bklnk196\" id=\"bklnk196\"><\/a><div id=\"booking_form_div196\" class=\"booking_form_div\"><label style=\"font-style: normal; font-size: 1em; color: #000000;\"><p>Wybierz dzie\u0144:<br \/>\r\n<div class=\"wpbc_calendar_wraper\"><div class=\"wpbc_cal_container bk_calendar_frame wpbc_no_custom_width  months_num_in_row_ cal_month_num_1 wpbc_timeslot_day_bg_as_available\" style=\"\"><div id=\"calendar_booking196\">Wczytuj\u0119 kalendarz...<\/div><\/div><textarea id=\"date_booking196\" name=\"date_booking196\" autocomplete=\"off\" style=\"display:none;\"><\/textarea><div class=\"block_hints datepick \"><div class=\"wpdev_hint_with_text\"><div class=\"block_free datepick-days-cell\"><a>&nbsp;<\/a><\/div><div class=\"block_text\">- <\/div><div class=\"block_text\">Dost\u0119pne<\/div><\/div><div class=\"wpdev_hint_with_text\"><div class=\"block_booked date_approved\">&nbsp;<\/div><div class=\"block_text\">- <\/div><div class=\"block_text\">Zarezerwowane<\/div><\/div><div class=\"wpdev_hint_with_text\"><div class=\"block_pending date2approve\">&nbsp;<\/div><div class=\"block_text\">- <\/div><div class=\"block_text\">W oczekiwaniu<\/div><\/div><div class=\"wpdev_hint_with_text\"><div class=\"\"><span class=\" wpbc_timeslot_day_bg_as_available\"><div class=\"datepick-inline wpbc_calendar_legend_table_width_height\"><table class=\"datepick\" style=\"\"><tbody><tr><td class=\"datepick-days-cell date_available date2approve timespartly times_clock wpbc_calendar_legend_day_cell_height\"><div class=\"wpbc-cell-box\">\t<div class=\"wpbc-diagonal-el\">\t\t<div class=\"wpbc-co-out\"><svg height=\"100%\" width=\"100%\" viewBox=\"0 0 100 100\" preserveAspectRatio=\"none\"><polygon points=\"0,0 0,99 99,0\"><\/polygon><polygon points=\"0,0 0,100 49,100 49,0\"><\/polygon><\/svg><\/div>\t\t<div class=\"wpbc-co-in\"><svg height=\"100%\" width=\"100%\" viewBox=\"0 0 98 98\" preserveAspectRatio=\"none\"><polygon points=\"0,99 99,99 99,0\"><\/polygon><polygon points=\"50,98 98,98 98,0 50,0\"><\/polygon><\/svg><\/div>\t<\/div>\t<div class=\"date-cell-content\">\t\t<div class=\"date-content-top\"><div class=\"wpbc_time_dots\">\u00b7<\/div><\/div>\t\t<a>&nbsp;<\/a>\t\t<div class=\"date-content-bottom\"><\/div>\t<\/div><\/div><\/td><\/tr><\/tbody><\/table><\/div><\/span><\/div><div class=\"block_text\">- <\/div><div class=\"block_text\">Zarezerwowano pojedyncze godziny<\/div><\/div><\/div><\/div>\r\n<\/p><\/label><br \/>\r\n<div class=\"payment-form\"> \r\n <label style=\"font-style: normal; font-size: 1em; color: #000000;\"><p>Wybierz godzin\u0119:<br \/><span class=\"wpbc_wrap_select wpdev-form-control-wrap rangetime196\"><select onchange=\"javascript:if(typeof( showCostHintInsideBkForm ) == 'function') {  showCostHintInsideBkForm(196);}\" name=\"rangetime196\" autocomplete=\"rangetime\"><option value=\"09:30 - 10:30\">9:30 - 10:30 <\/option><option value=\"11:00 - 12:00\">11:00 - 12:00 <\/option><option value=\"12:30 - 13:30\">12:30 - 13:30 <\/option><option value=\"14:00 - 15:00\">14:00 - 15:00 <\/option><\/select><\/span><\/p><\/label><br \/>\r\n <label style=\"font-style: normal; font-size: 1em; color: #000000;\"><p>Imi\u0119 i nazwisko (wymagane):<br \/><span class=\"wpbc_wrap_text wpdev-form-control-wrap name196\"><input type=\"text\" name=\"name196\" value=\"\" autocomplete=\"name\" class=\"wpdev-validates-as-required\" size=\"40\" \/><\/span> <\/p><\/label><br \/>\r\n <label style=\"font-style: normal; font-size: 1em; color: #000000;\"><p>E-mail (wymagane):<br \/><span class=\"wpbc_wrap_text wpdev-form-control-wrap email196\"><input type=\"text\" name=\"email196\" value=\"\" autocomplete=\"email\" class=\"wpdev-validates-as-email wpdev-validates-as-required\" size=\"40\" \/><\/span> <\/p><\/label><br \/> \r\n <label style=\"font-style: normal; font-size: 1em; color: #000000;\"><p>Telefon (wymagane):<br \/><span class=\"wpbc_wrap_text wpdev-form-control-wrap phone196\"><input type=\"text\" name=\"phone196\" value=\"\" autocomplete=\"phone\" class=\"wpdev-validates-as-required\" size=\"40\" \/><\/span> <\/p><\/label><br \/>\r\n <label style=\"font-style: normal; font-size: 1em; color: #000000;\"><p>Nazwa instytucji (wymagane):<br \/><span class=\"wpbc_wrap_text wpdev-form-control-wrap institution196\"><input type=\"text\" name=\"institution196\" value=\"\" autocomplete=\"institution\" class=\"wpdev-validates-as-required\" size=\"40\" \/><\/span> <\/p><\/label><br \/>\r\n <label style=\"font-style: normal; font-size: 1em; color: #000000;\"><p>Wiek uczestnik\u00f3w lub klasa (wymagane):<br \/><span class=\"wpbc_wrap_text wpdev-form-control-wrap age196\"><input type=\"text\" name=\"age196\" value=\"\" autocomplete=\"age\" class=\"wpdev-validates-as-required\" size=\"40\" \/><\/span> <\/p><\/label><br \/> \r\n <label style=\"font-style: normal; font-size: 1em; color: #000000;\"><p>Ilo\u015b\u0107 uczestnik\u00f3w (wymagane), minimalna ilo\u015b\u0107 - 4 osoby:<br \/>  <span class=\"wpbc_wrap_text wpdev-form-control-wrap participants196\"><input type=\"text\" name=\"participants196\" value=\"\" autocomplete=\"participants\" class=\"wpdev-validates-as-required\" size=\"40\" \/><\/span><\/p><\/label><br \/> \r\n <label style=\"font-style: normal; font-size: 1em; color: #000000;\"><p>Uwagi:<br \/> <span class=\"wpbc_wrap_textarea wpdev-form-control-wrap details196\"><textarea name=\"details196\" autocomplete=\"details\"><\/textarea><\/span> <\/p><\/label><br \/>\r\n\r\n <p style=\"font-style: normal; font-size: 1em; color: #000000;\">Grupy z uczestnikami maj\u0105cymi szczeg\u00f3lne wymagania prosimy dodatkowo o kontakt telefoniczny pod nr. 535 956 007<\/p> \r\n<p style=\"font-style: normal; font-size: 1em; color: #000000;\"><span class=\"wpbc_wrap_checkbox wpdev-form-control-wrap term_and_condition196\"><span autocomplete=\"term_and_condition\" class=\"wpdev-validates-as-required wpdev-checkbox\"><span class=\"wpdev-list-item\"><input  autocomplete=\"term_and_condition\" class=\"wpdev-validates-as-required wpdev-checkbox\" id=\"checkboxid177542390102922\"  onchange=\"javascript:if(typeof( showCostHintInsideBkForm ) == 'function') {  showCostHintInsideBkForm(196);}\"  type=\"checkbox\"  name=\"term_and_condition196[]\"  value=\"Zgoda na przetwarzanie danych (wymagane)\" \/><label for=\"checkboxid177542390102922\"  class=\"wpdev-list-item-label\">Zgoda na przetwarzanie danych (wymagane)<\/label><\/span><\/span><\/span><\/p><p style=\"font-style: normal; font-size: 1em; color: #000000;\">Wyra\u017cam zgod\u0119 na przetwarzanie moich danych osobowych, zgodnie z obowi\u0105zuj\u0105cym prawem i Polityk\u0105 Prywatno\u015bci, w zwi\u0105zku z dokonaniem rezerwacji. Podanie danych jest dobrowolne, ale niezb\u0119dne do wykonania operacji. Zosta\u0142em\/am poinformowany\/a, \u017ce przys\u0142uguje mi prawo dost\u0119pu do swoich danych, mo\u017cliwo\u015bci ich poprawiania, \u017c\u0105dania zaprzestania ich przetwarzania. Administratorem danych osobowych jest Muzeum Wojska w Bia\u0142ymstoku z siedzib\u0105 przy ul. Jana Kili\u0144skiego 7, 15-089 Bia\u0142ystok. <\/p>\r\n <p style=\"font-style: normal; font-size: 1em; color: #000000;\"><span class=\"wpbc_wrap_checkbox wpdev-form-control-wrap regulamin196\"><span autocomplete=\"regulamin\" class=\"wpdev-validates-as-required wpdev-checkbox\"><span class=\"wpdev-list-item\"><input  autocomplete=\"regulamin\" class=\"wpdev-validates-as-required wpdev-checkbox\" id=\"checkboxid177542390105658\"  onchange=\"javascript:if(typeof( showCostHintInsideBkForm ) == 'function') {  showCostHintInsideBkForm(196);}\"  type=\"checkbox\"  name=\"regulamin196[]\"  value=\"O\u015bwiadczenie1 (wymagane)\" \/><label for=\"checkboxid177542390105658\"  class=\"wpdev-list-item-label\">O\u015bwiadczenie1 (wymagane)<\/label><\/span><\/span><\/span><\/p><p style=\"font-style: normal; font-size: 1em; color: #000000;\">O\u015bwiadczam, \u017ce zapozna\u0142am\/\u0142em si\u0119 z <a href=\"https:\/\/mwb.com.pl\/mwb2017\/wp-content\/uploads\/dokumenty\/regulamin_USLUG_MWB.pdf\" rel=\"noopener noreferrer\" target=\"_blank\">Regulaminem \u015bwiadczenia us\u0142ug przez Muzeum Wojska w Bia\u0142ymstoku oraz cennikiem za te us\u0142ugi<\/a>. <\/p>\r\n <p style=\"font-style: normal; font-size: 1em; color: #000000;\"><span class=\"wpbc_wrap_checkbox wpdev-form-control-wrap oswiadczenie196\"><span autocomplete=\"oswiadczenie\" class=\"wpdev-validates-as-required wpdev-checkbox\"><span class=\"wpdev-list-item\"><input  autocomplete=\"oswiadczenie\" class=\"wpdev-validates-as-required wpdev-checkbox\" id=\"checkboxid177542390106065\"  onchange=\"javascript:if(typeof( showCostHintInsideBkForm ) == 'function') {  showCostHintInsideBkForm(196);}\"  type=\"checkbox\"  name=\"oswiadczenie196[]\"  value=\"O\u015bwiadczenie2 (wymagane)\" \/><label for=\"checkboxid177542390106065\"  class=\"wpdev-list-item-label\">O\u015bwiadczenie2 (wymagane)<\/label><\/span><\/span><\/span><\/p><p style=\"font-style: normal; font-size: 1em; color: #000000;\">O\u015bwiadczam, \u017ce zapozna\u0142am\/\u0142em si\u0119 ze <a href=\"https:\/\/mwb.com.pl\/mwb2017\/wp-content\/uploads\/dokumenty\/Standardy_Ochrony_Maloletnich.pdf\" rel=\"noopener noreferrer\" target=\"_blank\">Standardami Ochrony Ma\u0142oletnich w Muzeum Wojska w Bia\u0142ymstoku<\/a> oraz zobowi\u0105zuj\u0119 si\u0119 do przestrzegania zawartych w nich zapis\u00f3w. <\/p>\r\n <label style=\"font-style: normal; font-size: 1em; color: #000000;\"> \r\n <p>Przepisz tekst z obrazka obok (Uwaga - je\u015bli jest niewidoczny, prosz\u0119 klikn\u0105\u0107 WY\u015aLIJ):<br \/> <span class=\"wpbc_text_captcha_container\"><input  autocomplete=\"off\" type=\"hidden\" name=\"wpdev_captcha_challenge_196\"  id=\"wpdev_captcha_challenge_196\" value=\"232165414\" \/><input  autocomplete=\"off\" type=\"text\" class=\"captachinput\" value=\"\" name=\"captcha_input196\" id=\"captcha_input196\" \/><img decoding=\"async\" class=\"captcha_img\"  id=\"captcha_img196\" alt=\"To show CAPTCHA, please deactivate cache plugin or exclude this page from caching or disable CAPTCHA at WP Booking Calendar - Settings General page in Form Options section.\" src=\"https:\/\/mwb.com.pl\/rezerwacja\/wp-content\/plugins\/booking.bm.10.6.1\/js\/captcha\/tmp\/232165414.png\" \/><\/span><\/p> <\/label>\r\n \r\n <p style=\"font-style: normal; font-size: 1em; color: #000000;\"><input type=\"button\" value=\"Wy\u015blij\" class=\"wpbc_button_light btn\" onclick=\"mybooking_submit(this.form,196, 'pl_PL' );\" \/><\/p> \r\n<\/div><script type=\"text\/javascript\">(function() { var a = setInterval( function() {  if ( ( 'undefined' === typeof jQuery ) || ! window.jQuery ) { return; } clearInterval( a ); jQuery( document ).ready( function (){\r\n\t\tmoveOptionalElementsToGarbage( 196 );\r\n\t} ); }, 500 ); })();<\/script><script type=\"text\/javascript\">(function() { var a = setInterval( function() {  if ( ( 'undefined' === typeof jQuery ) || ! window.jQuery ) { return; } clearInterval( a ); jQuery( document ).ready( function (){\r\n\t\t_wpbc.seasons__set( 196, [] );\r\n\t} ); }, 500 ); })();<\/script><input id=\"bk_type196\" name=\"bk_type196\" class=\"\" type=\"hidden\" value=\"196\" \/><\/div><div id=\"submiting196\"><\/div><div class=\"form_bk_messages\" id=\"form_bk_messages196\" ><\/div><input type=\"hidden\" id=\"wpbc_nonceCALCULATE_THE_COST196\" name=\"wpbc_nonceCALCULATE_THE_COST196\" value=\"bcbff51acc\" \/><input type=\"hidden\" name=\"_wp_http_referer\" value=\"\/rezerwacja\/wp-json\/wp\/v2\/pages\/3593\" \/><\/form><\/div><div id=\"booking_form_garbage196\" class=\"booking_form_garbage\"><\/div><script type=\"text\/javascript\"> (function() { var a = setInterval( function() {  if ( ( 'undefined' === typeof jQuery ) || ! window.jQuery ) { return; } clearInterval( a ); jQuery( document ).ready( function (){ jQuery(\".widget_wpdev_booking .booking_form.form-horizontal\").removeClass(\"form-horizontal\");\n                                    var visible_calendars_count = _wpbc.get_other_param( \"calendars__on_this_page\" ).length;\n                                    if (visible_calendars_count !== null ) {\n                                        for (var i=0;i< visible_calendars_count ;i++){\n                                          if ( _wpbc.get_other_param( \"calendars__on_this_page\" )[i] === 196 ) {\n                                              document.getElementById(\"form_id230805107130\").innerHTML = \"<span style='color:#A00;font-size:10px;'>Warning! Booking calendar for this booking resource are already at the page, please check more about this issue at this page: https:\/\/wpbookingcalendar.com\/faq\/why-the-booking-calendar-widget-not-show-on-page\/<\/span>\";                                                                                                  \n                                              jQuery(\"#form_id230805107130\").animate( {opacity: 1}, 10000 ).fadeOut(5000);\n                                              return;\n                                          }\n                                        }\n                                        _wpbc.get_other_param( \"calendars__on_this_page\" )[ visible_calendars_count ]=196;\n                                    } } ); }, 500 ); })();<\/script> <script type=\"text\/javascript\"> (function() { var a = setInterval( function() {  if ( ( 'undefined' === typeof jQuery ) || ! window.jQuery ) { return; } clearInterval( a ); jQuery( document ).ready( function (){ _wpbc.balancer__set_max_threads( 3 );  _wpbc.calendar__set_param_value( 196 , 'calendar_scroll_to' , false );  _wpbc.calendar__set_param_value( 196 , 'booking_max_monthes_in_calendar' , '3m' );  _wpbc.calendar__set_param_value( 196 , 'booking_start_day_weeek' , '1' );  _wpbc.calendar__set_param_value( 196 , 'calendar_number_of_months' , '1' );   _wpbc.calendar__set_param_value( 196, 'days_select_mode', 'single' );   _wpbc.calendar__set_param_value( 196, 'fixed__days_num', 15 );   _wpbc.calendar__set_param_value( 196, 'fixed__week_days__start',   [-1] );   _wpbc.calendar__set_param_value( 196, 'dynamic__days_min', 1 );   _wpbc.calendar__set_param_value( 196, 'dynamic__days_max', 180 );   _wpbc.calendar__set_param_value( 196, 'dynamic__days_specific',    [1,2,3,4,5,6,7,8,9,10,11,12,13,14,15,16,17,18,19,20,21,22,23,24,25,26,27,28,29,30,31,32,33,34,35,36,37,38,39,40,41,42,43,44,45,46,47,48,49,50,51,52,53,54,55,56,57,58,59,60,61,62,63,64,65,66,67,68,69,70,71,72,73,74,75,76,77,78,79,80,81,82,83,84,85,86,87,88,89,90,91,92,93,94,95,96,97,98,99,100,101,102,103,104,105,106,107,108,109,110,111,112,113,114,115,116,117,118,119,120,121,122,123,124,125,126,127,128,129,130,131,132,133,134,135,136,137,138,139,140,141,142,143,144,145,146,147,148,149,150,151,152,153,154,155,156,157,158,159,160,161,162,163,164,165,166,167,168,169,170,171,172,173,174,175,176,177,178,179,180] );   _wpbc.calendar__set_param_value( 196, 'dynamic__week_days__start', [-1] );   _wpbc.calendar__set_param_value( 196, 'booking_date_format', 'd.m.Y' );   _wpbc.calendar__set_param_value( 196, 'booking_time_format', 'H:i' );  _wpbc.calendar__set_param_value( 196 , 'booking_recurrent_time' , 'Off' );   if ( 'function' === typeof ( wpbc__conditions__SAVE_INITIAL__days_selection_params__bm ) ){ wpbc__conditions__SAVE_INITIAL__days_selection_params__bm( 196 ); }   wpbc_calendar_show( '196' );   _wpbc.set_secure_param( 'nonce',   '6d8301acc5' );   _wpbc.set_secure_param( 'user_id', '0' );   _wpbc.set_secure_param( 'locale',  'pl_PL' );  wpbc_calendar__load_data__ajx( {\"resource_id\":196,\"booking_hash\":\"\",\"request_uri\":\"\\\/rezerwacja\\\/wp-json\\\/wp\\\/v2\\\/pages\\\/3593\",\"custom_form\":\"standard\",\"aggregate_resource_id_str\":\"196,18,20,39,40,57,59,63,177,205,206,235,236,243,244,245,246,247,248,249,250,251,252,260\",\"aggregate_type\":\"all\"} ); } ); }, 500 ); })();<\/script>\n","protected":false},"excerpt":{"rendered":"<p>Oferta dla dzieci i m\u0142odzie\u017cy ze szczeg\u00f3lnymi potrzebami. Miejsce realizacji: sala edukacyjna i sale wystawowe Muzeum Wojska w Bia\u0142ymstoku Czas trwania zaj\u0119\u0107: do 60 minut Ilo\u015b\u0107 uczestnik\u00f3w: do 15 os\u00f3b (wraz z prowadz\u0105cym i opiekunami) Podczas zaj\u0119\u0107 uczestnicy poznaj\u0105 symbole i znaki u\u017cywane w wojsku. Przyjrz\u0105 si\u0119 wybranym obiektom muzealnym, takim jak oznaka rozpoznawcza, sztandarContinue reading &rarr;<\/p>\n","protected":false},"author":1,"featured_media":0,"parent":3173,"menu_order":0,"comment_status":"closed","ping_status":"closed","template":"","meta":{"footnotes":""},"class_list":["post-3593","page","type-page","status-publish","hentry","no-thumb"],"_links":{"self":[{"href":"https:\/\/mwb.com.pl\/rezerwacja\/wp-json\/wp\/v2\/pages\/3593","targetHints":{"allow":["GET"]}}],"collection":[{"href":"https:\/\/mwb.com.pl\/rezerwacja\/wp-json\/wp\/v2\/pages"}],"about":[{"href":"https:\/\/mwb.com.pl\/rezerwacja\/wp-json\/wp\/v2\/types\/page"}],"author":[{"embeddable":true,"href":"https:\/\/mwb.com.pl\/rezerwacja\/wp-json\/wp\/v2\/users\/1"}],"replies":[{"embeddable":true,"href":"https:\/\/mwb.com.pl\/rezerwacja\/wp-json\/wp\/v2\/comments?post=3593"}],"version-history":[{"count":12,"href":"https:\/\/mwb.com.pl\/rezerwacja\/wp-json\/wp\/v2\/pages\/3593\/revisions"}],"predecessor-version":[{"id":5259,"href":"https:\/\/mwb.com.pl\/rezerwacja\/wp-json\/wp\/v2\/pages\/3593\/revisions\/5259"}],"up":[{"embeddable":true,"href":"https:\/\/mwb.com.pl\/rezerwacja\/wp-json\/wp\/v2\/pages\/3173"}],"wp:attachment":[{"href":"https:\/\/mwb.com.pl\/rezerwacja\/wp-json\/wp\/v2\/media?parent=3593"}],"curies":[{"name":"wp","href":"https:\/\/api.w.org\/{rel}","templated":true}]}}