{"id":973,"date":"2023-05-22T15:05:40","date_gmt":"2023-05-22T13:05:40","guid":{"rendered":"https:\/\/mwb.com.pl\/re\/?page_id=973"},"modified":"2023-06-02T13:09:25","modified_gmt":"2023-06-02T11:09:25","slug":"burza","status":"publish","type":"page","link":"https:\/\/mwb.com.pl\/re\/wystawa\/burza\/","title":{"rendered":"Burza"},"content":{"rendered":"\t\t<div data-elementor-type=\"wp-page\" data-elementor-id=\"973\" class=\"elementor elementor-973\">\n\t\t\t\t\t\t<section class=\"elementor-section elementor-top-section elementor-element elementor-element-e57e3b6 elementor-section-boxed elementor-section-height-default elementor-section-height-default\" data-id=\"e57e3b6\" data-element_type=\"section\" data-e-type=\"section\">\n\t\t\t\t\t\t<div class=\"elementor-container elementor-column-gap-default\">\n\t\t\t\t\t<div class=\"elementor-column elementor-col-100 elementor-top-column elementor-element elementor-element-8e13177\" data-id=\"8e13177\" data-element_type=\"column\" data-e-type=\"column\">\n\t\t\t<div class=\"elementor-widget-wrap elementor-element-populated\">\n\t\t\t\t\t\t<div class=\"elementor-element elementor-element-e765ba8 elementor-widget elementor-widget-shortcode\" data-id=\"e765ba8\" data-element_type=\"widget\" data-e-type=\"widget\" data-widget_type=\"shortcode.default\">\n\t\t\t\t<div class=\"elementor-widget-container\">\n\t\t\t\t\t\t\t<div class=\"elementor-shortcode\"><script>\n                            if (window.qmn_quiz_data === undefined) {\n                                    window.qmn_quiz_data = new Object();\n                            }\n                    <\/script><script>window.qmn_quiz_data[\"1\"] = {\"quiz_id\":\"1\",\"quiz_name\":\"Burza\",\"disable_answer\":\"0\",\"ajax_show_correct\":\"0\",\"progress_bar\":\"0\",\"contact_info_location\":\"0\",\"qpages\":{\"1\":{\"id\":\"1\",\"quizID\":\"1\",\"pagekey\":\"aKmrccb1\",\"hide_prevbtn\":\"0\"}},\"skip_validation_time_expire\":\"0\",\"timer_limit_val\":0,\"disable_scroll_next_previous_click\":\"0\",\"disable_scroll_on_result\":0,\"disable_first_page\":\"1\",\"enable_result_after_timer_end\":\"0\",\"enable_quick_result_mc\":\"0\",\"end_quiz_if_wrong\":\"0\",\"form_disable_autofill\":\"1\",\"disable_mathjax\":\"0\",\"enable_quick_correct_answer_info\":\"0\",\"quick_result_correct_answer_text\":\"Correct! You have selected correct answer.\",\"quick_result_wrong_answer_text\":\"Wrong! You have selected wrong answer.\",\"quiz_processing_message\":\"\",\"quiz_limit_choice\":\"Limit of choice is reached.\",\"not_allow_after_expired_time\":\"\",\"scheduled_time_end\":false,\"prevent_reload\":0,\"limit_email_based_submission\":0,\"total_user_tries\":0,\"is_logged_in\":false,\"error_messages\":{\"email_error_text\":\"Not a valid e-mail address!\",\"number_error_text\":\"This field must be a number!\",\"incorrect_error_text\":\"Niepoprawny tekst.\",\"empty_error_text\":\"Prosimy o wype\\u0142nienie wszystkich wymaganych p\\u00f3l.\",\"contact_field_required_error_text\":\"Please complete all required fields!\",\"url_error_text\":\"The entered URL is not valid!\",\"minlength_error_text\":\"Required atleast %minlength% characters.\",\"maxlength_error_text\":\"Maximum %maxlength% characters allowed.\",\"recaptcha_error_text\":\"ReCaptcha is missing\",\"phone_error_text\":\"Phone number is invalid\"},\"first_page\":false,\"questions_settings\":[]}\n                    <\/script>\t\t<div class='qsm-quiz-container qsm-quiz-container-1 qmn_quiz_container mlw_qmn_quiz  quiz_theme_default  '>\n\t\t\t\t\t\t\t\t<form name=\"quizForm1\" id=\"quizForm1\" action=\"\/re\/wp-json\/wp\/v2\/pages\/973\" method=\"POST\" class=\"qsm-quiz-form qmn_quiz_form mlw_quiz_form\" novalidate enctype=\"multipart\/form-data\">\n\t\t\t\t<input type=\"hidden\" name=\"qsm_hidden_questions\" id=\"qsm_hidden_questions\" value=\"\">\n\t\t\t\t<input type=\"hidden\" name=\"qsm_nonce\" id=\"qsm_nonce_1\" value=\"ce0c7b27ac\">\n\t\t\t\t<input type=\"hidden\" name=\"qsm_unique_key\" id=\"qsm_unique_key_1\" value=\"69e92d4d9d1d9\">\n\t\t\t\t<div id=\"mlw_error_message\" class=\"qsm-error-message qmn_error_message_section\"><\/div>\n\t\t\t\t<span id=\"mlw_top_of_quiz\"><\/span>\n\t\t\t\t\t\t\t<section class=\"qsm-page \">\n\t\t\t\t\t\t\t\t<div class=\"quiz_section quiz_begin\">\n\t\t\t\t\t\t<div class='qsm-before-message mlw_qmn_message_before'>\n\t\t\t\t<p style=\"text-align: center;color: #000000\"><strong>Co zrobisz jako pierwsze, je\u015bli przyjdzie do Ciebie wojna?<\/strong><\/p>\n\t\t\t\t\t\t<\/div>\n\t\t\t\t\t\t\t\t\t<\/div>\n\t\t\t\t\t\t\t\t\t<div class=\"quiz_section qsm-question-wrapper question-type-5 question-section-id-1 \" data-qid=\"1\">\n\t\t\t\t\t\t<div class='mlw_qmn_new_question'><label class=\"qsm-question-title-label\" for=\"question1\">Opisz swoj\u0105 odpowied\u017a poni\u017cej: <\/label><\/div>\n\t\t\t<div class='mlw_qmn_question  qsm_remove_bold' >\n\t\t<p><\/p>\n\t<\/div>\n\t\t<textarea class=\"mlw_answer_open_text mlwRequiredText\" cols=\"70\" rows=\"5\" id=\"question1\" name=\"question1\"   placeholder=\"\" \/><\/textarea>\n\t\t\t\t\t\t<\/div>\n\t\t\t\t\t\t\t\t\t<div class=\"quiz_section qsm-question-wrapper question-type-9 question-section-id-2 \" data-qid=\"2\">\n\t\t\t\t\t<span class=\"mlw_qmn_question\">\n\t\t\t<div class='mlw_qmn_new_question'>Prosimy o przepisanie podanego tekstu (wymagane jako zabezpieczenie przed robotami spamuj\u0105cymi): <\/div>\n\t\t\t<div class='mlw_qmn_question  qsm_remove_bold' >\n\t\t<p><\/p>\n\t<\/div>\n\t\t<\/span>\n\t<div class=\"mlw_captchaWrap\">\n\t\t<canvas alt=\"\" id=\"mlw_captcha\" class=\"mlw_captcha\" width=\"100\" height=\"50\"><\/canvas>\n\t<\/div>\n\t<input type=\"text\" class=\"mlw_answer_open_text mlwRequiredCaptcha\" id=\"mlw_captcha_text\" name=\"mlw_user_captcha\"\/>\n\t<input type=\"hidden\" name=\"mlw_code_captcha\" id=\"mlw_code_captcha\" value=\"none\" \/>\n\t\t\t\t\t\t<\/div>\n\t\t\t\t\t\t\t<\/section>\n\t\t\t\t\t<input type=\"hidden\" name=\"qmn_question_list\" value=\"1Q2Q\" \/>\n\t\t\t\t\t\t\t<div id=\"mlw_error_message_bottom\" class=\"qsm-error-message qmn_error_message_section\"><\/div>\n\t\t\t\t\t<input type=\"hidden\" name=\"qmn_all_questions_count\" id=\"qmn_all_questions_count\" value=\"2\" \/>\n\t\t\t\t\t<input type=\"hidden\" name=\"total_questions\" id=\"total_questions\" value=\"1\" \/>\n\t\t\t\t\t<input type=\"hidden\" name=\"timer\" id=\"timer\" value=\"0\" \/>\n\t\t\t\t\t<input type=\"hidden\" name=\"timer_ms\" id=\"timer_ms\" value=\"0\"\/>\n\t\t\t\t\t<input type=\"hidden\" class=\"qmn_quiz_id\" name=\"qmn_quiz_id\" id=\"qmn_quiz_id\" value=\"1\" \/>\n\t\t\t\t\t<input type='hidden' name='complete_quiz' value='confirmation' \/>\n\t\t\t\t\t\t\t\t\t<\/form>\n\t\t\t\t\t\t<\/div>\n\t\t<div style=\"display: none;\" class=\"qsm-popup qsm-popup-slide\" id=\"modal-4\" aria-hidden=\"false\"><div class=\"qsm-popup__overlay\" tabindex=\"-1\" data-micromodal-close=\"\"><div class=\"qsm-popup__container qmn_quiz_container\" role=\"dialog\" aria-modal=\"true\"><div class=\"qsm-popup__content\"><img decoding=\"async\" src=\"https:\/\/mwb.com.pl\/re\/wp-content\/plugins\/quiz-master-next\/assets\/clock.png\" alt=\"clock.png\"\/><p class=\"qsm-time-up-text\"> Time's up<\/p><\/div><footer class=\"qsm-popup__footer\"><button class=\"qsm-popup-secondary-button qmn_btn\" data-micromodal-close=\"\" aria-label=\"Close this dialog window\" onclick=\"location.reload();\">Cancel<\/button><\/footer><\/div><\/div><\/div><\/div>\n\t\t\t\t\t\t<\/div>\n\t\t\t\t<\/div>\n\t\t\t\t\t<\/div>\n\t\t<\/div>\n\t\t\t\t\t<\/div>\n\t\t<\/section>\n\t\t\t\t<\/div>\n\t\t","protected":false},"excerpt":{"rendered":"","protected":false},"author":1,"featured_media":0,"parent":726,"menu_order":0,"comment_status":"closed","ping_status":"closed","template":"page-templates\/page_front-page.php","meta":{"footnotes":""},"class_list":["post-973","page","type-page","status-publish","hentry"],"_links":{"self":[{"href":"https:\/\/mwb.com.pl\/re\/wp-json\/wp\/v2\/pages\/973","targetHints":{"allow":["GET"]}}],"collection":[{"href":"https:\/\/mwb.com.pl\/re\/wp-json\/wp\/v2\/pages"}],"about":[{"href":"https:\/\/mwb.com.pl\/re\/wp-json\/wp\/v2\/types\/page"}],"author":[{"embeddable":true,"href":"https:\/\/mwb.com.pl\/re\/wp-json\/wp\/v2\/users\/1"}],"replies":[{"embeddable":true,"href":"https:\/\/mwb.com.pl\/re\/wp-json\/wp\/v2\/comments?post=973"}],"version-history":[{"count":4,"href":"https:\/\/mwb.com.pl\/re\/wp-json\/wp\/v2\/pages\/973\/revisions"}],"predecessor-version":[{"id":982,"href":"https:\/\/mwb.com.pl\/re\/wp-json\/wp\/v2\/pages\/973\/revisions\/982"}],"up":[{"embeddable":true,"href":"https:\/\/mwb.com.pl\/re\/wp-json\/wp\/v2\/pages\/726"}],"wp:attachment":[{"href":"https:\/\/mwb.com.pl\/re\/wp-json\/wp\/v2\/media?parent=973"}],"curies":[{"name":"wp","href":"https:\/\/api.w.org\/{rel}","templated":true}]}}