{"id":445,"date":"2023-02-14T14:00:48","date_gmt":"2023-02-14T13:00:48","guid":{"rendered":"https:\/\/mwb.com.pl\/re\/aktualnosci-english\/"},"modified":"2023-07-28T13:56:38","modified_gmt":"2023-07-28T11:56:38","slug":"aktualnosci-english","status":"publish","type":"page","link":"https:\/\/mwb.com.pl\/re\/en\/aktualnosci-english\/","title":{"rendered":"News"},"content":{"rendered":"\t\t<div data-elementor-type=\"wp-page\" data-elementor-id=\"445\" class=\"elementor elementor-445\">\n\t\t\t\t\t\t<section class=\"elementor-section elementor-top-section elementor-element elementor-element-06bd2cd elementor-section-boxed elementor-section-height-default elementor-section-height-default\" data-id=\"06bd2cd\" data-element_type=\"section\" data-e-type=\"section\">\n\t\t\t\t\t\t<div class=\"elementor-container elementor-column-gap-default\">\n\t\t\t\t\t<div class=\"elementor-column elementor-col-100 elementor-top-column elementor-element elementor-element-b9dc623\" data-id=\"b9dc623\" data-element_type=\"column\" data-e-type=\"column\">\n\t\t\t<div class=\"elementor-widget-wrap elementor-element-populated\">\n\t\t\t\t\t\t<div class=\"elementor-element elementor-element-b4a0bb3 elementor-widget elementor-widget-heading\" data-id=\"b4a0bb3\" data-element_type=\"widget\" data-e-type=\"widget\" data-widget_type=\"heading.default\">\n\t\t\t\t<div class=\"elementor-widget-container\">\n\t\t\t\t\t<h4 class=\"elementor-heading-title elementor-size-default\">News<\/h4>\t\t\t\t<\/div>\n\t\t\t\t<\/div>\n\t\t\t\t\t<\/div>\n\t\t<\/div>\n\t\t\t\t\t<\/div>\n\t\t<\/section>\n\t\t\t\t<section class=\"elementor-section elementor-top-section elementor-element elementor-element-d7ae718 elementor-section-boxed elementor-section-height-default elementor-section-height-default\" data-id=\"d7ae718\" data-element_type=\"section\" data-e-type=\"section\">\n\t\t\t\t\t\t<div class=\"elementor-container elementor-column-gap-default\">\n\t\t\t\t\t<div class=\"elementor-column elementor-col-100 elementor-top-column elementor-element elementor-element-2dca057\" data-id=\"2dca057\" data-element_type=\"column\" data-e-type=\"column\">\n\t\t\t<div class=\"elementor-widget-wrap elementor-element-populated\">\n\t\t\t\t\t\t<div class=\"elementor-element elementor-element-0bb93f5 elementor-grid-eael-col-2 elementor-grid-tablet-eael-col-2 elementor-grid-mobile-eael-col-1 elementor-widget elementor-widget-eael-post-grid\" data-id=\"0bb93f5\" data-element_type=\"widget\" data-e-type=\"widget\" data-settings=\"{&quot;eael_post_grid_columns&quot;:&quot;eael-col-2&quot;,&quot;eael_post_grid_columns_tablet&quot;:&quot;eael-col-2&quot;,&quot;eael_post_grid_columns_mobile&quot;:&quot;eael-col-1&quot;}\" data-widget_type=\"eael-post-grid.default\">\n\t\t\t\t<div class=\"elementor-widget-container\">\n\t\t\t\t\t<div id=\"eael-post-grid-0bb93f5\" class=\"eael-post-grid-container\">\n            <div class=\"eael-post-grid eael-post-appender eael-post-appender-0bb93f5 eael-post-grid-style-one\" data-layout-mode=\"masonry\"><article class=\"eael-grid-post  eael-post-grid-column eael-pg-post-3459 category-news\" data-id=\"3459\">\n        <div class=\"eael-grid-post-holder\">\n            <div class=\"eael-grid-post-holder-inner\"><div class=\"eael-entry-media\"><div class=\"eael-entry-overlay fade-in\"><i class=\"fas fa-long-arrow-alt-right\" aria-hidden=\"true\"><\/i><a href=\"https:\/\/mwb.com.pl\/re\/en\/2024\/04\/10\/post-project-materials\/\"rel=\"nofollow\"><\/a><\/div><div class=\"eael-entry-thumbnail \">\n                <img fetchpriority=\"high\" decoding=\"async\" width=\"300\" height=\"200\" src=\"https:\/\/mwb.com.pl\/re\/wp-content\/uploads\/2024\/04\/przewodnik-300x200.jpg\" class=\"attachment-medium size-medium wp-image-3454\" alt=\"Warsztaty na osiedlu Bacieczki\" srcset=\"https:\/\/mwb.com.pl\/re\/wp-content\/uploads\/2024\/04\/przewodnik-300x200.jpg 300w, https:\/\/mwb.com.pl\/re\/wp-content\/uploads\/2024\/04\/przewodnik-768x512.jpg 768w, https:\/\/mwb.com.pl\/re\/wp-content\/uploads\/2024\/04\/przewodnik-230x153.jpg 230w, https:\/\/mwb.com.pl\/re\/wp-content\/uploads\/2024\/04\/przewodnik-350x233.jpg 350w, https:\/\/mwb.com.pl\/re\/wp-content\/uploads\/2024\/04\/przewodnik-480x320.jpg 480w, https:\/\/mwb.com.pl\/re\/wp-content\/uploads\/2024\/04\/przewodnik.jpg 800w\" sizes=\"(max-width: 300px) 100vw, 300px\" \/>\n            <\/div>\n        <\/div><div class=\"eael-entry-wrapper\"><header class=\"eael-entry-header\"><h2 class=\"eael-entry-title\"><a class=\"eael-grid-post-link\" href=\"https:\/\/mwb.com.pl\/re\/en\/2024\/04\/10\/post-project-materials\/\" title=\"Post project materials\"rel=\"nofollow\">Post project materials<\/a><\/h2><\/header><div class=\"eael-entry-content\">\n                        <div class=\"eael-grid-post-excerpt\"><p>We invite you to read materials about the project, which...<\/p><a href=\"https:\/\/mwb.com.pl\/re\/en\/2024\/04\/10\/post-project-materials\/\" class=\"eael-post-elements-readmore-btn\"rel=\"nofollow\">Read More<\/a><\/div>\n                    <\/div><\/div><\/div>\n        <\/div>\n    <\/article><article class=\"eael-grid-post  eael-post-grid-column eael-pg-post-3447 category-news\" data-id=\"3447\">\n        <div class=\"eael-grid-post-holder\">\n            <div class=\"eael-grid-post-holder-inner\"><div class=\"eael-entry-media\"><div class=\"eael-entry-overlay fade-in\"><i class=\"fas fa-long-arrow-alt-right\" aria-hidden=\"true\"><\/i><a href=\"https:\/\/mwb.com.pl\/re\/en\/2024\/03\/19\/the-conference-how-to-talk-to-the-participants-of-cultural-events-about-war\/\"rel=\"nofollow\"><\/a><\/div><div class=\"eael-entry-thumbnail \">\n                <img decoding=\"async\" width=\"300\" height=\"200\" src=\"https:\/\/mwb.com.pl\/re\/wp-content\/uploads\/2024\/03\/konferencja-300x200.jpg\" class=\"attachment-medium size-medium wp-image-3408\" alt=\"konferencja pt. \u201eJak rozmawia\u0107 o wojnie z uczestnikami dzia\u0142a\u0144 kulturalnych?\u201d\" srcset=\"https:\/\/mwb.com.pl\/re\/wp-content\/uploads\/2024\/03\/konferencja-300x200.jpg 300w, https:\/\/mwb.com.pl\/re\/wp-content\/uploads\/2024\/03\/konferencja-230x153.jpg 230w, https:\/\/mwb.com.pl\/re\/wp-content\/uploads\/2024\/03\/konferencja-350x233.jpg 350w, https:\/\/mwb.com.pl\/re\/wp-content\/uploads\/2024\/03\/konferencja-480x320.jpg 480w, https:\/\/mwb.com.pl\/re\/wp-content\/uploads\/2024\/03\/konferencja.jpg 600w\" sizes=\"(max-width: 300px) 100vw, 300px\" \/>\n            <\/div>\n        <\/div><div class=\"eael-entry-wrapper\"><header class=\"eael-entry-header\"><h2 class=\"eael-entry-title\"><a class=\"eael-grid-post-link\" href=\"https:\/\/mwb.com.pl\/re\/en\/2024\/03\/19\/the-conference-how-to-talk-to-the-participants-of-cultural-events-about-war\/\" title=\"The conference \u201cHow to talk to the participants of cultural events about war?\u201d\"rel=\"nofollow\">The conference \u201cHow to talk to the participants of cultural events about war?\u201d<\/a><\/h2><\/header><div class=\"eael-entry-content\">\n                        <div class=\"eael-grid-post-excerpt\"><p>At the beginning of March 2024, in the lecture hall...<\/p><a href=\"https:\/\/mwb.com.pl\/re\/en\/2024\/03\/19\/the-conference-how-to-talk-to-the-participants-of-cultural-events-about-war\/\" class=\"eael-post-elements-readmore-btn\"rel=\"nofollow\">Read More<\/a><\/div>\n                    <\/div><\/div><\/div>\n        <\/div>\n    <\/article><article class=\"eael-grid-post  eael-post-grid-column eael-pg-post-3290 category-news\" data-id=\"3290\">\n        <div class=\"eael-grid-post-holder\">\n            <div class=\"eael-grid-post-holder-inner\"><div class=\"eael-entry-media\"><div class=\"eael-entry-overlay fade-in\"><i class=\"fas fa-long-arrow-alt-right\" aria-hidden=\"true\"><\/i><a href=\"https:\/\/mwb.com.pl\/re\/en\/2024\/01\/18\/international-conference-of-cultural-education-practitioners-how-to-talk-about-war-with-participants-of-cultural-activities\/\"rel=\"nofollow\"><\/a><\/div><div class=\"eael-entry-thumbnail \">\n                <img decoding=\"async\" width=\"300\" height=\"171\" src=\"https:\/\/mwb.com.pl\/re\/wp-content\/uploads\/2024\/01\/baner_mwb_2024_konferencja-300x171.jpg\" class=\"attachment-medium size-medium wp-image-3282\" alt=\"Mi\u0119dzynarodowa konferencja praktyk\u00f3w edukacji kulturalnej \u201eJak rozmawia\u0107 o wojnie z uczestnikami dzia\u0142a\u0144 kulturalnych?\u201d\" srcset=\"https:\/\/mwb.com.pl\/re\/wp-content\/uploads\/2024\/01\/baner_mwb_2024_konferencja-300x171.jpg 300w, https:\/\/mwb.com.pl\/re\/wp-content\/uploads\/2024\/01\/baner_mwb_2024_konferencja-230x131.jpg 230w, https:\/\/mwb.com.pl\/re\/wp-content\/uploads\/2024\/01\/baner_mwb_2024_konferencja-350x200.jpg 350w, https:\/\/mwb.com.pl\/re\/wp-content\/uploads\/2024\/01\/baner_mwb_2024_konferencja-480x274.jpg 480w, https:\/\/mwb.com.pl\/re\/wp-content\/uploads\/2024\/01\/baner_mwb_2024_konferencja.jpg 549w\" sizes=\"(max-width: 300px) 100vw, 300px\" \/>\n            <\/div>\n        <\/div><div class=\"eael-entry-wrapper\"><header class=\"eael-entry-header\"><h2 class=\"eael-entry-title\"><a class=\"eael-grid-post-link\" href=\"https:\/\/mwb.com.pl\/re\/en\/2024\/01\/18\/international-conference-of-cultural-education-practitioners-how-to-talk-about-war-with-participants-of-cultural-activities\/\" title=\"International conference of cultural education practitioners &#8222;How to talk about war with participants of cultural activities?&#8221;\"rel=\"nofollow\">International conference of cultural education practitioners &#8222;How to talk about war with participants of cultural activities?&#8221;<\/a><\/h2><\/header><div class=\"eael-entry-content\">\n                        <div class=\"eael-grid-post-excerpt\"><p>The Army Museum in Bia\u0142ystok is launching a call for...<\/p><a href=\"https:\/\/mwb.com.pl\/re\/en\/2024\/01\/18\/international-conference-of-cultural-education-practitioners-how-to-talk-about-war-with-participants-of-cultural-activities\/\" class=\"eael-post-elements-readmore-btn\"rel=\"nofollow\">Read More<\/a><\/div>\n                    <\/div><\/div><\/div>\n        <\/div>\n    <\/article><article class=\"eael-grid-post  eael-post-grid-column eael-pg-post-3274 category-news\" data-id=\"3274\">\n        <div class=\"eael-grid-post-holder\">\n            <div class=\"eael-grid-post-holder-inner\"><div class=\"eael-entry-media\"><div class=\"eael-entry-overlay fade-in\"><i class=\"fas fa-long-arrow-alt-right\" aria-hidden=\"true\"><\/i><a href=\"https:\/\/mwb.com.pl\/re\/en\/2023\/11\/13\/conference-for-educators-call-for-applications\/\"rel=\"nofollow\"><\/a><\/div><div class=\"eael-entry-thumbnail \">\n                <img loading=\"lazy\" decoding=\"async\" width=\"300\" height=\"200\" src=\"https:\/\/mwb.com.pl\/re\/wp-content\/uploads\/2023\/11\/konferencja_edukatorow_re-300x200.jpg\" class=\"attachment-medium size-medium wp-image-3269\" alt=\"Konferencja edukator\u00f3w\" srcset=\"https:\/\/mwb.com.pl\/re\/wp-content\/uploads\/2023\/11\/konferencja_edukatorow_re-300x200.jpg 300w, https:\/\/mwb.com.pl\/re\/wp-content\/uploads\/2023\/11\/konferencja_edukatorow_re-768x512.jpg 768w, https:\/\/mwb.com.pl\/re\/wp-content\/uploads\/2023\/11\/konferencja_edukatorow_re-230x153.jpg 230w, https:\/\/mwb.com.pl\/re\/wp-content\/uploads\/2023\/11\/konferencja_edukatorow_re-350x233.jpg 350w, https:\/\/mwb.com.pl\/re\/wp-content\/uploads\/2023\/11\/konferencja_edukatorow_re-480x320.jpg 480w, https:\/\/mwb.com.pl\/re\/wp-content\/uploads\/2023\/11\/konferencja_edukatorow_re.jpg 800w\" sizes=\"(max-width: 300px) 100vw, 300px\" \/>\n            <\/div>\n        <\/div><div class=\"eael-entry-wrapper\"><header class=\"eael-entry-header\"><h2 class=\"eael-entry-title\"><a class=\"eael-grid-post-link\" href=\"https:\/\/mwb.com.pl\/re\/en\/2023\/11\/13\/conference-for-educators-call-for-applications\/\" title=\"Conference for educators. Call for applications.\"rel=\"nofollow\">Conference for educators. Call for applications.<\/a><\/h2><\/header><div class=\"eael-entry-content\">\n                        <div class=\"eael-grid-post-excerpt\"><p>The Army Museum in Bia\u0142ystok is launching a call for...<\/p><a href=\"https:\/\/mwb.com.pl\/re\/en\/2023\/11\/13\/conference-for-educators-call-for-applications\/\" class=\"eael-post-elements-readmore-btn\"rel=\"nofollow\">Read More<\/a><\/div>\n                    <\/div><\/div><\/div>\n        <\/div>\n    <\/article><article class=\"eael-grid-post  eael-post-grid-column eael-pg-post-3235 category-news\" data-id=\"3235\">\n        <div class=\"eael-grid-post-holder\">\n            <div class=\"eael-grid-post-holder-inner\"><div class=\"eael-entry-media\"><div class=\"eael-entry-overlay fade-in\"><i class=\"fas fa-long-arrow-alt-right\" aria-hidden=\"true\"><\/i><a href=\"https:\/\/mwb.com.pl\/re\/en\/2023\/10\/17\/cultural-activities-at-the-falstad-centre\/\"rel=\"nofollow\"><\/a><\/div><div class=\"eael-entry-thumbnail \">\n                <img loading=\"lazy\" decoding=\"async\" width=\"300\" height=\"200\" src=\"https:\/\/mwb.com.pl\/re\/wp-content\/uploads\/2023\/10\/TBS_239_min-300x200.jpg\" class=\"attachment-medium size-medium wp-image-3227\" alt=\"Dzia\u0142ania kulturalne w Centrum Falstad\" srcset=\"https:\/\/mwb.com.pl\/re\/wp-content\/uploads\/2023\/10\/TBS_239_min-300x200.jpg 300w, https:\/\/mwb.com.pl\/re\/wp-content\/uploads\/2023\/10\/TBS_239_min-768x512.jpg 768w, https:\/\/mwb.com.pl\/re\/wp-content\/uploads\/2023\/10\/TBS_239_min-230x153.jpg 230w, https:\/\/mwb.com.pl\/re\/wp-content\/uploads\/2023\/10\/TBS_239_min-350x233.jpg 350w, https:\/\/mwb.com.pl\/re\/wp-content\/uploads\/2023\/10\/TBS_239_min-480x320.jpg 480w, https:\/\/mwb.com.pl\/re\/wp-content\/uploads\/2023\/10\/TBS_239_min.jpg 800w\" sizes=\"(max-width: 300px) 100vw, 300px\" \/>\n            <\/div>\n        <\/div><div class=\"eael-entry-wrapper\"><header class=\"eael-entry-header\"><h2 class=\"eael-entry-title\"><a class=\"eael-grid-post-link\" href=\"https:\/\/mwb.com.pl\/re\/en\/2023\/10\/17\/cultural-activities-at-the-falstad-centre\/\" title=\"Cultural activities at the Falstad Centre\"rel=\"nofollow\">Cultural activities at the Falstad Centre<\/a><\/h2><\/header><div class=\"eael-entry-content\">\n                        <div class=\"eael-grid-post-excerpt\"><p>The residents of Ekne in Norway and all visitors to...<\/p><a href=\"https:\/\/mwb.com.pl\/re\/en\/2023\/10\/17\/cultural-activities-at-the-falstad-centre\/\" class=\"eael-post-elements-readmore-btn\"rel=\"nofollow\">Read More<\/a><\/div>\n                    <\/div><\/div><\/div>\n        <\/div>\n    <\/article><article class=\"eael-grid-post  eael-post-grid-column eael-pg-post-3217 category-news\" data-id=\"3217\">\n        <div class=\"eael-grid-post-holder\">\n            <div class=\"eael-grid-post-holder-inner\"><div class=\"eael-entry-media\"><div class=\"eael-entry-overlay fade-in\"><i class=\"fas fa-long-arrow-alt-right\" aria-hidden=\"true\"><\/i><a href=\"https:\/\/mwb.com.pl\/re\/en\/2023\/08\/17\/team-of-educators-in-action\/\"rel=\"nofollow\"><\/a><\/div><div class=\"eael-entry-thumbnail \">\n                <img loading=\"lazy\" decoding=\"async\" width=\"300\" height=\"200\" src=\"https:\/\/mwb.com.pl\/re\/wp-content\/uploads\/2023\/02\/7_1-300x200.jpg\" class=\"attachment-medium size-medium wp-image-426\" alt=\"Kobieta pisz\u0105ca flamastrem na kartce przymocowanej do \u015bciany.\" srcset=\"https:\/\/mwb.com.pl\/re\/wp-content\/uploads\/2023\/02\/7_1-300x200.jpg 300w, https:\/\/mwb.com.pl\/re\/wp-content\/uploads\/2023\/02\/7_1-768x512.jpg 768w, https:\/\/mwb.com.pl\/re\/wp-content\/uploads\/2023\/02\/7_1-230x153.jpg 230w, https:\/\/mwb.com.pl\/re\/wp-content\/uploads\/2023\/02\/7_1-350x233.jpg 350w, https:\/\/mwb.com.pl\/re\/wp-content\/uploads\/2023\/02\/7_1-480x320.jpg 480w, https:\/\/mwb.com.pl\/re\/wp-content\/uploads\/2023\/02\/7_1.jpg 800w\" sizes=\"(max-width: 300px) 100vw, 300px\" \/>\n            <\/div>\n        <\/div><div class=\"eael-entry-wrapper\"><header class=\"eael-entry-header\"><h2 class=\"eael-entry-title\"><a class=\"eael-grid-post-link\" href=\"https:\/\/mwb.com.pl\/re\/en\/2023\/08\/17\/team-of-educators-in-action\/\" title=\"Team of Educators in action\"rel=\"nofollow\">Team of Educators in action<\/a><\/h2><\/header><div class=\"eael-entry-content\">\n                        <div class=\"eael-grid-post-excerpt\"><p>The works of the Team of Educators on the new...<\/p><a href=\"https:\/\/mwb.com.pl\/re\/en\/2023\/08\/17\/team-of-educators-in-action\/\" class=\"eael-post-elements-readmore-btn\"rel=\"nofollow\">Read More<\/a><\/div>\n                    <\/div><\/div><\/div>\n        <\/div>\n    <\/article><\/div>\n            <div class=\"clearfix\"><\/div>\n        <\/div>            <div class=\"eael-load-more-button-wrap\">\n                <button class=\"eael-load-more-button\" id=\"eael-load-more-btn-0bb93f5\" data-widget-id=\"0bb93f5\" data-widget=\"0bb93f5\" data-page-id=\"445\" data-template=\"{&quot;dir&quot;:&quot;lite&quot;,&quot;file_name&quot;:&quot;one.php&quot;,&quot;name&quot;:&quot;Post-Grid&quot;}\" data-class=\"Essential_Addons_Elementor\\Elements\\Post_Grid\" data-layout=\"masonry\" data-page=\"1\" data-args=\"orderby=date&amp;order=desc&amp;ignore_sticky_posts=1&amp;post_status=publish&amp;posts_per_page=6&amp;offset=0&amp;post_type=post&amp;tax_query%5B0%5D%5Btaxonomy%5D=category&amp;tax_query%5B0%5D%5Bfield%5D=term_id&amp;tax_query%5B0%5D%5Bterms%5D%5B0%5D=14&amp;tax_query%5Brelation%5D=AND\" data-max-page=\"3\">\n                    <span class=\"eael-btn-loader button__loader\"><\/span>\n                    <span class=\"eael_load_more_text\">Load More<\/span>\n                <\/button>\n            <\/div>\n            \t\t\t\t<\/div>\n\t\t\t\t<\/div>\n\t\t\t\t\t<\/div>\n\t\t<\/div>\n\t\t\t\t\t<\/div>\n\t\t<\/section>\n\t\t\t\t<\/div>\n\t\t","protected":false},"excerpt":{"rendered":"<p>News Culture Weekend on the Nowe Miasto housing estate Date: 17-18 June 2023 The Army Museum in Bia\u0142ystok together&#8230; Read More Trainings [&hellip;]<\/p>\n","protected":false},"author":1,"featured_media":0,"parent":0,"menu_order":0,"comment_status":"closed","ping_status":"closed","template":"page-templates\/page_front-page.php","meta":{"footnotes":""},"class_list":["post-445","page","type-page","status-publish","hentry"],"_links":{"self":[{"href":"https:\/\/mwb.com.pl\/re\/wp-json\/wp\/v2\/pages\/445","targetHints":{"allow":["GET"]}}],"collection":[{"href":"https:\/\/mwb.com.pl\/re\/wp-json\/wp\/v2\/pages"}],"about":[{"href":"https:\/\/mwb.com.pl\/re\/wp-json\/wp\/v2\/types\/page"}],"author":[{"embeddable":true,"href":"https:\/\/mwb.com.pl\/re\/wp-json\/wp\/v2\/users\/1"}],"replies":[{"embeddable":true,"href":"https:\/\/mwb.com.pl\/re\/wp-json\/wp\/v2\/comments?post=445"}],"version-history":[{"count":34,"href":"https:\/\/mwb.com.pl\/re\/wp-json\/wp\/v2\/pages\/445\/revisions"}],"predecessor-version":[{"id":1988,"href":"https:\/\/mwb.com.pl\/re\/wp-json\/wp\/v2\/pages\/445\/revisions\/1988"}],"wp:attachment":[{"href":"https:\/\/mwb.com.pl\/re\/wp-json\/wp\/v2\/media?parent=445"}],"curies":[{"name":"wp","href":"https:\/\/api.w.org\/{rel}","templated":true}]}}