{"id":3186,"date":"2023-08-16T14:34:58","date_gmt":"2023-08-16T12:34:58","guid":{"rendered":"https:\/\/mwb.com.pl\/re\/?page_id=3186"},"modified":"2023-08-16T14:35:25","modified_gmt":"2023-08-16T12:35:25","slug":"exhibit","status":"publish","type":"page","link":"https:\/\/mwb.com.pl\/re\/en\/exhibition\/exhibit\/","title":{"rendered":"Exhibit"},"content":{"rendered":"\t\t<div data-elementor-type=\"wp-page\" data-elementor-id=\"3186\" class=\"elementor elementor-3186\">\n\t\t\t\t\t\t<section class=\"elementor-section elementor-top-section elementor-element elementor-element-434aca5 elementor-section-boxed elementor-section-height-default elementor-section-height-default\" data-id=\"434aca5\" data-element_type=\"section\" data-e-type=\"section\">\n\t\t\t\t\t\t<div class=\"elementor-container elementor-column-gap-default\">\n\t\t\t\t\t<div class=\"elementor-column elementor-col-100 elementor-top-column elementor-element elementor-element-7f50e2f\" data-id=\"7f50e2f\" data-element_type=\"column\" data-e-type=\"column\">\n\t\t\t<div class=\"elementor-widget-wrap elementor-element-populated\">\n\t\t\t\t\t\t<div class=\"elementor-element elementor-element-024ca94 elementor-widget elementor-widget-shortcode\" data-id=\"024ca94\" data-element_type=\"widget\" data-e-type=\"widget\" data-widget_type=\"shortcode.default\">\n\t\t\t\t<div class=\"elementor-widget-container\">\n\t\t\t\t\t\t\t<div class=\"elementor-shortcode\"><script>\n                            if (window.qmn_quiz_data === undefined) {\n                                    window.qmn_quiz_data = new Object();\n                            }\n                    <\/script><script>window.qmn_quiz_data[\"7\"] = {\"quiz_id\":\"7\",\"quiz_name\":\"Exhibit\",\"disable_answer\":\"0\",\"ajax_show_correct\":\"0\",\"progress_bar\":\"0\",\"contact_info_location\":\"0\",\"qpages\":{\"1\":{\"id\":\"1\",\"quizID\":\"1\",\"pagekey\":\"aKmrccb1\",\"hide_prevbtn\":\"0\"},\"2\":{\"id\":\"2\",\"quizID\":\"3\",\"pagekey\":\"XM7gEuih\",\"hide_prevbtn\":\"0\"}},\"skip_validation_time_expire\":\"0\",\"timer_limit_val\":0,\"disable_scroll_next_previous_click\":\"0\",\"disable_scroll_on_result\":0,\"disable_first_page\":\"1\",\"enable_result_after_timer_end\":\"0\",\"enable_quick_result_mc\":\"0\",\"end_quiz_if_wrong\":\"0\",\"form_disable_autofill\":\"1\",\"disable_mathjax\":\"0\",\"enable_quick_correct_answer_info\":\"0\",\"quick_result_correct_answer_text\":\"Correct! You have selected correct answer.\",\"quick_result_wrong_answer_text\":\"Wrong! You have selected wrong answer.\",\"quiz_processing_message\":\"\",\"quiz_limit_choice\":\"Limit of choice is reached.\",\"not_allow_after_expired_time\":\"\",\"scheduled_time_end\":false,\"prevent_reload\":0,\"limit_email_based_submission\":0,\"total_user_tries\":0,\"is_logged_in\":false,\"error_messages\":{\"email_error_text\":\"Not a valid e-mail address!\",\"number_error_text\":\"This field must be a number!\",\"incorrect_error_text\":\"Invalid text.\",\"empty_error_text\":\"Please complete all required fields.\",\"contact_field_required_error_text\":\"Please complete all required fields!\",\"url_error_text\":\"The entered URL is not valid!\",\"minlength_error_text\":\"Required atleast %minlength% characters.\",\"maxlength_error_text\":\"Maximum %maxlength% characters allowed.\",\"recaptcha_error_text\":\"ReCaptcha is missing\",\"phone_error_text\":\"Phone number is invalid\"},\"questions_settings\":[]}\n                    <\/script>\t\t<div class='qsm-quiz-container qsm-quiz-container-7 qmn_quiz_container mlw_qmn_quiz  quiz_theme_default  '>\n\t\t\t\t\t\t\t\t<form name=\"quizForm7\" id=\"quizForm7\" action=\"\/re\/wp-json\/wp\/v2\/pages\/3186\" method=\"POST\" class=\"qsm-quiz-form qmn_quiz_form mlw_quiz_form\" novalidate enctype=\"multipart\/form-data\">\n\t\t\t\t<input type=\"hidden\" name=\"qsm_hidden_questions\" id=\"qsm_hidden_questions\" value=\"\">\n\t\t\t\t<input type=\"hidden\" name=\"qsm_nonce\" id=\"qsm_nonce_7\" value=\"3769aa29f5\">\n\t\t\t\t<input type=\"hidden\" name=\"qsm_unique_key\" id=\"qsm_unique_key_7\" value=\"69e96fbbc5502\">\n\t\t\t\t<div id=\"mlw_error_message\" class=\"qsm-error-message qmn_error_message_section\"><\/div>\n\t\t\t\t<span id=\"mlw_top_of_quiz\"><\/span>\n\t\t\t\t\t\t\t\t<section class=\"qsm-page qsm-question-page  qsm-page-1\"\n\t\t\t\t\t\tdata-pid=\"1\" data-qpid=\"1\" data-prevbtn=\"0\" style='display: none;'>\n\t\t\t\t\t\t\t\t\t\t\t\t\t\t<div class='quiz_section qsm-question-wrapper question-type-0 question-section-id-17 ' data-qid='17'>\n\t\t\t\t\t\t\t<div class='mlw_qmn_new_question'>Look at the four exhibits from the collection of the Army Museum in Bia\u0142ystok. <\/div>\n\t\t\t<div class='mlw_qmn_question  qsm_remove_bold' >\n\t\t<p>Choose the one that has made the greatest impression on you.<\/p>\n\t<\/div>\n\t\t<fieldset>\n\t\t<legend><\/legend>\n\t<div class='qmn_radio_answers mlwRequiredRadio'>\n\t\t\t\t\t\t\t\t<div class='qmn_mc_answer_wrap  mrq_checkbox_class' id='question17-1'>\n\t\t\t\t\t\t\t\t\t\t\t<input type='radio' class='qmn_quiz_radio qmn-multiple-choice-input ' name=\"question17\" id=\"question17_1\" value=\"0\" \/>\n\t\t\t\t\t<label class=\"qsm-input-label\" for=\"question17_1\">\n\t\t\t\t\tCAMP PHOTO OF J\u00d3ZEF ZAGROJCZYK<br \/><img decoding=\"async\" class=\"alignnone wp-image-988\" src=\"https:\/\/mwb.com.pl\/re\/wp-content\/uploads\/2023\/06\/cw1.jpg\" alt=\"FOTOGRAFIA OBOZOWA J\u00d3ZEFA ZAGROJCZYKA\" width=\"400\" srcset=\"https:\/\/mwb.com.pl\/re\/wp-content\/uploads\/2023\/06\/cw1.jpg 640w, https:\/\/mwb.com.pl\/re\/wp-content\/uploads\/2023\/06\/cw1-300x128.jpg 300w, https:\/\/mwb.com.pl\/re\/wp-content\/uploads\/2023\/06\/cw1-230x98.jpg 230w, https:\/\/mwb.com.pl\/re\/wp-content\/uploads\/2023\/06\/cw1-350x150.jpg 350w, https:\/\/mwb.com.pl\/re\/wp-content\/uploads\/2023\/06\/cw1-480x206.jpg 480w\" sizes=\"(max-width: 640px) 100vw, 640px\" \/>\t\t\t\t\t<\/label>\n\t\t\t\t\t \t\t\t\t<\/div>\n\t\t\t\t\t\t\t\t\t\t\t<div class='qmn_mc_answer_wrap  mrq_checkbox_class' id='question17-2'>\n\t\t\t\t\t\t\t\t\t\t\t<input type='radio' class='qmn_quiz_radio qmn-multiple-choice-input ' name=\"question17\" id=\"question17_2\" value=\"1\" \/>\n\t\t\t\t\t<label class=\"qsm-input-label\" for=\"question17_2\">\n\t\t\t\t\t<br \/>THE BOTTOM PART OF AN IDENTITY SIGN OF A WAR PRISONER FROM THE OFLAG CAMP XVIII A LIENZ\/DRAU<br \/><img decoding=\"async\" class=\"alignnone wp-image-989\" src=\"https:\/\/mwb.com.pl\/re\/wp-content\/uploads\/2023\/06\/cw2.jpg\" alt=\"DOLNA PO\u0141OWA ZNAKU TO\u017bSAMO\u015aCI JE\u0143CA Z OBOZU OFLAG XVIII A LIENZ\/DRAU\" width=\"400\" srcset=\"https:\/\/mwb.com.pl\/re\/wp-content\/uploads\/2023\/06\/cw2.jpg 640w, https:\/\/mwb.com.pl\/re\/wp-content\/uploads\/2023\/06\/cw2-300x125.jpg 300w, https:\/\/mwb.com.pl\/re\/wp-content\/uploads\/2023\/06\/cw2-230x96.jpg 230w, https:\/\/mwb.com.pl\/re\/wp-content\/uploads\/2023\/06\/cw2-350x146.jpg 350w, https:\/\/mwb.com.pl\/re\/wp-content\/uploads\/2023\/06\/cw2-480x200.jpg 480w\" sizes=\"(max-width: 640px) 100vw, 640px\" \/>\t\t\t\t\t<\/label>\n\t\t\t\t\t \t\t\t\t<\/div>\n\t\t\t\t\t\t\t\t\t\t\t<div class='qmn_mc_answer_wrap  mrq_checkbox_class' id='question17-3'>\n\t\t\t\t\t\t\t\t\t\t\t<input type='radio' class='qmn_quiz_radio qmn-multiple-choice-input ' name=\"question17\" id=\"question17_3\" value=\"2\" \/>\n\t\t\t\t\t<label class=\"qsm-input-label\" for=\"question17_3\">\n\t\t\t\t\t<br \/>AN OFFICIAL NOTICE ABOUT THE DEATH AND BURIAL LOCATION OF MASTER CORPORAL STEFAN PORASZKA DIED IN MONTE CASSINO<br \/><img decoding=\"async\" class=\"alignnone wp-image-990\" src=\"https:\/\/mwb.com.pl\/re\/wp-content\/uploads\/2023\/06\/cw4.jpg\" alt=\"URZ\u0118DOWE ZAWIADOMIENIE O ZGONIE I MIEJSCU POCH\u00d3WKU PLUTONOWEGO STEFANA PORASZKI POLEG\u0141EGO POD MONTE CASSINO\" width=\"400\" srcset=\"https:\/\/mwb.com.pl\/re\/wp-content\/uploads\/2023\/06\/cw4.jpg 640w, https:\/\/mwb.com.pl\/re\/wp-content\/uploads\/2023\/06\/cw4-300x246.jpg 300w, https:\/\/mwb.com.pl\/re\/wp-content\/uploads\/2023\/06\/cw4-230x189.jpg 230w, https:\/\/mwb.com.pl\/re\/wp-content\/uploads\/2023\/06\/cw4-350x287.jpg 350w, https:\/\/mwb.com.pl\/re\/wp-content\/uploads\/2023\/06\/cw4-480x394.jpg 480w\" sizes=\"(max-width: 640px) 100vw, 640px\" \/>\t\t\t\t\t<\/label>\n\t\t\t\t\t \t\t\t\t<\/div>\n\t\t\t\t\t\t\t\t\t\t\t<div class='qmn_mc_answer_wrap  mrq_checkbox_class' id='question17-4'>\n\t\t\t\t\t\t\t\t\t\t\t<input type='radio' class='qmn_quiz_radio qmn-multiple-choice-input ' name=\"question17\" id=\"question17_4\" value=\"3\" \/>\n\t\t\t\t\t<label class=\"qsm-input-label\" for=\"question17_4\">\n\t\t\t\t\t<br \/>A PHOTO ALBUM OF THE 129TH RIFLE DIVISION BATTLE TRAIL, A PHOTO OF A DESTROYED CITY, 1944<br \/><img decoding=\"async\" class=\"alignnone wp-image-991\" src=\"https:\/\/mwb.com.pl\/re\/wp-content\/uploads\/2023\/06\/cw5.jpg\" alt=\"ALBUM ZE ZDJ\u0118CIAMI SZLAKU BOJOWEGO 129 DYWIZJI STRZELECKIEJ, ZDJ\u0118CIE ZNISZCZONEGO MIASTA Z ROKU 1944\" width=\"400\" srcset=\"https:\/\/mwb.com.pl\/re\/wp-content\/uploads\/2023\/06\/cw5.jpg 640w, https:\/\/mwb.com.pl\/re\/wp-content\/uploads\/2023\/06\/cw5-300x195.jpg 300w, https:\/\/mwb.com.pl\/re\/wp-content\/uploads\/2023\/06\/cw5-230x150.jpg 230w, https:\/\/mwb.com.pl\/re\/wp-content\/uploads\/2023\/06\/cw5-350x228.jpg 350w, https:\/\/mwb.com.pl\/re\/wp-content\/uploads\/2023\/06\/cw5-480x312.jpg 480w\" sizes=\"(max-width: 640px) 100vw, 640px\" \/>\t\t\t\t\t<\/label>\n\t\t\t\t\t \t\t\t\t<\/div>\n\t\t\t\t\t \t\t\t<label style=\"display: none !important;\" for=\"question17_none\">None<\/label>\n\t\t\t<input type=\"radio\" style=\"display: none;\" name=\"question17\" id=\"question17_none\" checked=\"checked\" value=\"\" \/>\n\t\t\t\t<\/div>\n\t<\/fieldset>\n\t<input type=\"hidden\" name=\"answer_limit_keys_17\" value=\"\" \/>\n\t\t\t\t\t\t\t<\/div>\n\t\t\t\t\t\t\t\t\t<\/section>\n\t\t\t\t\t\t\t\t<section class=\"qsm-page qsm-question-page  qsm-page-2\"\n\t\t\t\t\t\tdata-pid=\"2\" data-qpid=\"2\" data-prevbtn=\"0\" style='display: none;'>\n\t\t\t\t\t\t\t\t\t\t\t\t\t\t<div class='quiz_section qsm-question-wrapper question-type-5 question-section-id-15 ' data-qid='15'>\n\t\t\t\t\t\t\t<div class='mlw_qmn_new_question'><label class=\"qsm-question-title-label\" for=\"question15\">Write what emotions this exhibit evokes? What do you feel when you look at him? <\/label><\/div>\n\t\t\t<div class='mlw_qmn_question  qsm_remove_bold' >\n\t\t<p>Describe your feelings in the window below.<\/p>\n\t<\/div>\n\t\t<textarea class=\"mlw_answer_open_text mlwRequiredText\" cols=\"70\" rows=\"5\" id=\"question15\" name=\"question15\"   placeholder=\"\" \/><\/textarea>\n\t\t\t\t\t\t\t<\/div>\n\t\t\t\t\t\t\t\t\t\t\t<div class='quiz_section qsm-question-wrapper question-type-9 question-section-id-16 ' data-qid='16'>\n\t\t\t\t\t\t<span class=\"mlw_qmn_question\">\n\t\t\t<div class='mlw_qmn_new_question'>Type the characters you see (required as anti-spambots security measures): <\/div>\n\t\t\t<div class='mlw_qmn_question  qsm_remove_bold' >\n\t\t<p><\/p>\n\t<\/div>\n\t\t<\/span>\n\t<div class=\"mlw_captchaWrap\">\n\t\t<canvas alt=\"\" id=\"mlw_captcha\" class=\"mlw_captcha\" width=\"100\" height=\"50\"><\/canvas>\n\t<\/div>\n\t<input type=\"text\" class=\"mlw_answer_open_text mlwRequiredCaptcha\" id=\"mlw_captcha_text\" name=\"mlw_user_captcha\"\/>\n\t<input type=\"hidden\" name=\"mlw_code_captcha\" id=\"mlw_code_captcha\" value=\"none\" \/>\n\t\t\t\t\t\t\t<\/div>\n\t\t\t\t\t\t\t\t\t<\/section>\n\t\t\t\t\t\t<input type=\"hidden\" name=\"qmn_question_list\" value=\"17Q15Q16Q\" \/>\n\t\t\t\t\t\t\t<div id=\"mlw_error_message_bottom\" class=\"qsm-error-message qmn_error_message_section\"><\/div>\n\t\t\t\t\t<input type=\"hidden\" name=\"qmn_all_questions_count\" id=\"qmn_all_questions_count\" value=\"3\" \/>\n\t\t\t\t\t<input type=\"hidden\" name=\"total_questions\" id=\"total_questions\" value=\"2\" \/>\n\t\t\t\t\t<input type=\"hidden\" name=\"timer\" id=\"timer\" value=\"0\" \/>\n\t\t\t\t\t<input type=\"hidden\" name=\"timer_ms\" id=\"timer_ms\" value=\"0\"\/>\n\t\t\t\t\t<input type=\"hidden\" class=\"qmn_quiz_id\" name=\"qmn_quiz_id\" id=\"qmn_quiz_id\" value=\"7\" \/>\n\t\t\t\t\t<input type='hidden' name='complete_quiz' value='confirmation' \/>\n\t\t\t\t\t\t\t\t\t<\/form>\n\t\t\t\t\t\t<\/div>\n\t\t<div style=\"display: none;\" class=\"qsm-popup qsm-popup-slide\" id=\"modal-4\" aria-hidden=\"false\"><div class=\"qsm-popup__overlay\" tabindex=\"-1\" data-micromodal-close=\"\"><div class=\"qsm-popup__container qmn_quiz_container\" role=\"dialog\" aria-modal=\"true\"><div class=\"qsm-popup__content\"><img decoding=\"async\" src=\"https:\/\/mwb.com.pl\/re\/wp-content\/plugins\/quiz-master-next\/assets\/clock.png\" alt=\"clock.png\"\/><p class=\"qsm-time-up-text\"> Time's up<\/p><\/div><footer class=\"qsm-popup__footer\"><button class=\"qsm-popup-secondary-button qmn_btn\" data-micromodal-close=\"\" aria-label=\"Close this dialog window\" onclick=\"location.reload();\">Cancel<\/button><\/footer><\/div><\/div><\/div><\/div>\n\t\t\t\t\t\t<\/div>\n\t\t\t\t<\/div>\n\t\t\t\t\t<\/div>\n\t\t<\/div>\n\t\t\t\t\t<\/div>\n\t\t<\/section>\n\t\t\t\t<\/div>\n\t\t","protected":false},"excerpt":{"rendered":"","protected":false},"author":1,"featured_media":0,"parent":2500,"menu_order":0,"comment_status":"closed","ping_status":"closed","template":"page-templates\/page_front-page.php","meta":{"footnotes":""},"class_list":["post-3186","page","type-page","status-publish","hentry"],"_links":{"self":[{"href":"https:\/\/mwb.com.pl\/re\/wp-json\/wp\/v2\/pages\/3186","targetHints":{"allow":["GET"]}}],"collection":[{"href":"https:\/\/mwb.com.pl\/re\/wp-json\/wp\/v2\/pages"}],"about":[{"href":"https:\/\/mwb.com.pl\/re\/wp-json\/wp\/v2\/types\/page"}],"author":[{"embeddable":true,"href":"https:\/\/mwb.com.pl\/re\/wp-json\/wp\/v2\/users\/1"}],"replies":[{"embeddable":true,"href":"https:\/\/mwb.com.pl\/re\/wp-json\/wp\/v2\/comments?post=3186"}],"version-history":[{"count":4,"href":"https:\/\/mwb.com.pl\/re\/wp-json\/wp\/v2\/pages\/3186\/revisions"}],"predecessor-version":[{"id":3190,"href":"https:\/\/mwb.com.pl\/re\/wp-json\/wp\/v2\/pages\/3186\/revisions\/3190"}],"up":[{"embeddable":true,"href":"https:\/\/mwb.com.pl\/re\/wp-json\/wp\/v2\/pages\/2500"}],"wp:attachment":[{"href":"https:\/\/mwb.com.pl\/re\/wp-json\/wp\/v2\/media?parent=3186"}],"curies":[{"name":"wp","href":"https:\/\/api.w.org\/{rel}","templated":true}]}}