{"id":3148,"date":"2023-08-16T12:25:15","date_gmt":"2023-08-16T10:25:15","guid":{"rendered":"https:\/\/mwb.com.pl\/re\/?page_id=3148"},"modified":"2023-08-16T12:51:26","modified_gmt":"2023-08-16T10:51:26","slug":"contact","status":"publish","type":"page","link":"https:\/\/mwb.com.pl\/re\/en\/contact\/","title":{"rendered":"Contact"},"content":{"rendered":"\t\t<div data-elementor-type=\"wp-page\" data-elementor-id=\"3148\" class=\"elementor elementor-3148\">\n\t\t\t\t\t\t<section class=\"elementor-section elementor-top-section elementor-element elementor-element-a0e3c64 elementor-section-boxed elementor-section-height-default elementor-section-height-default\" data-id=\"a0e3c64\" data-element_type=\"section\" data-e-type=\"section\">\n\t\t\t\t\t\t<div class=\"elementor-container elementor-column-gap-default\">\n\t\t\t\t\t<div class=\"elementor-column elementor-col-100 elementor-top-column elementor-element elementor-element-e8a2b34\" data-id=\"e8a2b34\" data-element_type=\"column\" data-e-type=\"column\">\n\t\t\t<div class=\"elementor-widget-wrap elementor-element-populated\">\n\t\t\t\t\t\t<div class=\"elementor-element elementor-element-797f512 elementor-widget elementor-widget-heading\" data-id=\"797f512\" data-element_type=\"widget\" data-e-type=\"widget\" data-widget_type=\"heading.default\">\n\t\t\t\t<div class=\"elementor-widget-container\">\n\t\t\t\t\t<h4 class=\"elementor-heading-title elementor-size-default\">Contact details<\/h4>\t\t\t\t<\/div>\n\t\t\t\t<\/div>\n\t\t\t\t\t<\/div>\n\t\t<\/div>\n\t\t\t\t\t<\/div>\n\t\t<\/section>\n\t\t\t\t<section class=\"elementor-section elementor-top-section elementor-element elementor-element-fe0539b elementor-section-boxed elementor-section-height-default elementor-section-height-default\" data-id=\"fe0539b\" data-element_type=\"section\" data-e-type=\"section\">\n\t\t\t\t\t\t<div class=\"elementor-container elementor-column-gap-default\">\n\t\t\t\t\t<div class=\"elementor-column elementor-col-100 elementor-top-column elementor-element elementor-element-d30da3e\" data-id=\"d30da3e\" data-element_type=\"column\" data-e-type=\"column\">\n\t\t\t<div class=\"elementor-widget-wrap elementor-element-populated\">\n\t\t\t\t\t\t<div class=\"elementor-element elementor-element-11bff9c elementor-widget elementor-widget-text-editor\" data-id=\"11bff9c\" data-element_type=\"widget\" data-e-type=\"widget\" data-widget_type=\"text-editor.default\">\n\t\t\t\t<div class=\"elementor-widget-container\">\n\t\t\t\t\t\t\t\t\t<p><strong>Project Coordinator:<\/strong><br \/>Marzena Wilczko<br \/>mwilczko@mwb.com.pl<br \/>mobile: +48 536 123 424<\/p><p><strong>Website:<\/strong><br \/>Beata Wi\u015bniewska-Lewoc<br \/>blewoc@mwb.com.pl<br \/>phone: +48 85 741 64 49 ext. 23<\/p><p>The Army Museum in Bia\u0142ystok<br \/>www.mwb.com.pl<\/p><p><strong>Authors of <a href=\"https:\/\/mwb.com.pl\/re\/en\/exhibition\/\" target=\"_self\" rel=\"noopener noreferrer\">the exhibitions<\/a>:<\/strong><\/p><p class=\"v1MsoNormal\"><strong>Content development:<\/strong><\/p><p class=\"v1MsoNormal\">Kristoffer Eliassen Grini (the Falstad Centre),<br \/>Piotr Bia\u0142okozowicz, R\u00f3\u017ca Gajek (the Army Museum in Bia\u0142ystok)<\/p><p class=\"v1MsoNormal\"><strong>Graphic design:<\/strong><\/p><p class=\"v1MsoNormal\">Barbara Bielawiec<\/p><p class=\"v1MsoNormal\"><strong>Consultations:<\/strong><\/p><p class=\"v1MsoNormal\">\u0141ukasz Radulski (the Army Museum in Bia\u0142ystok), Pia Haugdal Wee (the Falstad Centre)<\/p>\t\t\t\t\t\t\t\t<\/div>\n\t\t\t\t<\/div>\n\t\t\t\t\t<\/div>\n\t\t<\/div>\n\t\t\t\t\t<\/div>\n\t\t<\/section>\n\t\t\t\t<\/div>\n\t\t","protected":false},"excerpt":{"rendered":"<p>Contact details Project Coordinator:Marzena Wilczkomwilczko@mwb.com.plmobile: +48 536 123 424 Website:Beata Wi\u015bniewska-Lewocblewoc@mwb.com.plphone: +48 85 741 64 49 ext. 23 The Army Museum in [&hellip;]<\/p>\n","protected":false},"author":1,"featured_media":0,"parent":0,"menu_order":0,"comment_status":"closed","ping_status":"closed","template":"page-templates\/page_front-page.php","meta":{"footnotes":""},"class_list":["post-3148","page","type-page","status-publish","hentry"],"_links":{"self":[{"href":"https:\/\/mwb.com.pl\/re\/wp-json\/wp\/v2\/pages\/3148","targetHints":{"allow":["GET"]}}],"collection":[{"href":"https:\/\/mwb.com.pl\/re\/wp-json\/wp\/v2\/pages"}],"about":[{"href":"https:\/\/mwb.com.pl\/re\/wp-json\/wp\/v2\/types\/page"}],"author":[{"embeddable":true,"href":"https:\/\/mwb.com.pl\/re\/wp-json\/wp\/v2\/users\/1"}],"replies":[{"embeddable":true,"href":"https:\/\/mwb.com.pl\/re\/wp-json\/wp\/v2\/comments?post=3148"}],"version-history":[{"count":7,"href":"https:\/\/mwb.com.pl\/re\/wp-json\/wp\/v2\/pages\/3148\/revisions"}],"predecessor-version":[{"id":3164,"href":"https:\/\/mwb.com.pl\/re\/wp-json\/wp\/v2\/pages\/3148\/revisions\/3164"}],"wp:attachment":[{"href":"https:\/\/mwb.com.pl\/re\/wp-json\/wp\/v2\/media?parent=3148"}],"curies":[{"name":"wp","href":"https:\/\/api.w.org\/{rel}","templated":true}]}}