{"id":2732,"date":"2023-08-10T14:40:58","date_gmt":"2023-08-10T12:40:58","guid":{"rendered":"https:\/\/mwb.com.pl\/re\/?page_id=2732"},"modified":"2023-08-11T12:08:38","modified_gmt":"2023-08-11T10:08:38","slug":"holocaust","status":"publish","type":"page","link":"https:\/\/mwb.com.pl\/re\/en\/exhibition\/holocaust\/","title":{"rendered":"Holocaust"},"content":{"rendered":"\t\t<div data-elementor-type=\"wp-page\" data-elementor-id=\"2732\" class=\"elementor elementor-2732\">\n\t\t\t\t\t\t<section class=\"elementor-section elementor-top-section elementor-element elementor-element-9a35a99 elementor-section-boxed elementor-section-height-default elementor-section-height-default\" data-id=\"9a35a99\" data-element_type=\"section\" data-e-type=\"section\">\n\t\t\t\t\t\t<div class=\"elementor-container elementor-column-gap-default\">\n\t\t\t\t\t<div class=\"elementor-column elementor-col-100 elementor-top-column elementor-element elementor-element-09b4b7e\" data-id=\"09b4b7e\" data-element_type=\"column\" data-e-type=\"column\">\n\t\t\t<div class=\"elementor-widget-wrap elementor-element-populated\">\n\t\t\t\t\t\t<div class=\"elementor-element elementor-element-7d9f054 elementor-widget elementor-widget-heading\" data-id=\"7d9f054\" data-element_type=\"widget\" data-e-type=\"widget\" data-widget_type=\"heading.default\">\n\t\t\t\t<div class=\"elementor-widget-container\">\n\t\t\t\t\t<h4 class=\"elementor-heading-title elementor-size-default\">Holocaust<\/h4>\t\t\t\t<\/div>\n\t\t\t\t<\/div>\n\t\t\t\t\t<\/div>\n\t\t<\/div>\n\t\t\t\t\t<\/div>\n\t\t<\/section>\n\t\t\t\t<section class=\"elementor-section elementor-top-section elementor-element elementor-element-61f3e12 elementor-section-boxed elementor-section-height-default elementor-section-height-default\" data-id=\"61f3e12\" data-element_type=\"section\" data-e-type=\"section\">\n\t\t\t\t\t\t<div class=\"elementor-container elementor-column-gap-default\">\n\t\t\t\t\t<div class=\"elementor-column elementor-col-100 elementor-top-column elementor-element elementor-element-7dce461\" data-id=\"7dce461\" data-element_type=\"column\" data-e-type=\"column\">\n\t\t\t<div class=\"elementor-widget-wrap elementor-element-populated\">\n\t\t\t\t\t\t<div class=\"elementor-element elementor-element-8606848 elementor-widget elementor-widget-image\" data-id=\"8606848\" data-element_type=\"widget\" data-e-type=\"widget\" data-widget_type=\"image.default\">\n\t\t\t\t<div class=\"elementor-widget-container\">\n\t\t\t\t\t\t\t\t\t\t\t\t<figure class=\"wp-caption\">\n\t\t\t\t\t\t\t\t\t\t\t<a href=\"https:\/\/mwb.com.pl\/re\/wp-content\/uploads\/2023\/06\/5-2.jpg\" data-elementor-open-lightbox=\"yes\" data-elementor-lightbox-title=\"Holokaust\" data-e-action-hash=\"#elementor-action%3Aaction%3Dlightbox%26settings%3DeyJpZCI6MTI4MywidXJsIjoiaHR0cHM6XC9cL213Yi5jb20ucGxcL3JlXC93cC1jb250ZW50XC91cGxvYWRzXC8yMDIzXC8wNlwvNS0yLmpwZyJ9\">\n\t\t\t\t\t\t\t<img decoding=\"async\" src=\"https:\/\/mwb.com.pl\/re\/wp-content\/uploads\/elementor\/thumbs\/5-2-q88c4015siljtfp7hdbwz4oy3qku560jlmcrhvy2pe.jpg\" title=\"Holokaust\" alt=\"Holokaust\" loading=\"lazy\" \/>\t\t\t\t\t\t\t\t<\/a>\n\t\t\t\t\t\t\t\t\t\t\t<figcaption class=\"widget-image-caption wp-caption-text\">Food delivery in the ghetto<\/br>(Podlaskie Museum in Bia\u0142ystok)<\/figcaption>\n\t\t\t\t\t\t\t\t\t\t<\/figure>\n\t\t\t\t\t\t\t\t\t<\/div>\n\t\t\t\t<\/div>\n\t\t\t\t\t<\/div>\n\t\t<\/div>\n\t\t\t\t\t<\/div>\n\t\t<\/section>\n\t\t\t\t<section class=\"elementor-section elementor-top-section elementor-element elementor-element-38d2574 elementor-section-boxed elementor-section-height-default elementor-section-height-default\" data-id=\"38d2574\" data-element_type=\"section\" data-e-type=\"section\">\n\t\t\t\t\t\t<div class=\"elementor-container elementor-column-gap-default\">\n\t\t\t\t\t<div class=\"elementor-column elementor-col-100 elementor-top-column elementor-element elementor-element-e3a680a\" data-id=\"e3a680a\" data-element_type=\"column\" data-e-type=\"column\">\n\t\t\t<div class=\"elementor-widget-wrap elementor-element-populated\">\n\t\t\t\t\t\t<div class=\"elementor-element elementor-element-4ec6a86 elementor-widget elementor-widget-text-editor\" data-id=\"4ec6a86\" data-element_type=\"widget\" data-e-type=\"widget\" data-widget_type=\"text-editor.default\">\n\t\t\t\t<div class=\"elementor-widget-container\">\n\t\t\t\t\t\t\t\t\t<p>Poland\u2019s loss in September 1939 led to the fourth partition of its territory. The borders between the occupiers were specified in the Boundary and Friendship Treaty between the USSR and the Third Reich, signed at the end of September 1939 (modified in comparison to Molotov-Ribbentrop Pact\u2019s provisions). Over 2 million Jews remained on the zones occupied by the Third Reich and on the General Government area, and about 1.5 million \u2013 in the Soviet zone.<\/p><p>When the fights ceased, German police formations began to commit a barrage of crimes against the Polish and Jewish population. According to the nazi extermination policy of the \u201clower\u201d races, a plan aimed at controlling the Jewish community in the occupied country was drawn up. It assumed registration and concentration of non-Aryan population in the designated and separated parts of towns (ghettos) and establishing there Jewish administration (Judenrat). In the cities (Warsaw, Cracow, \u0141\u00f3d\u017a, Bia\u0142ystok) ghettos were located in the separated, usually the poorest districts. Almost all Jewish population was concentrated there at the beginning of 1943. Jews weren\u2019t allowed to leave those isolated zones. Also, they were supposed to wear armbands with a six-pointed star of David.<br \/>During the next years of occupations, the following restrains were imposed. Jews were deprived of all rights, forbidden to use some parts of the streets, enter cafes, public buildings; street trade and using public means of transport were not allowed without a permit. Their belongings were seized, bank accounts blocked, pensions and other social benefits were taken back.<\/p><p>Jews were incapacitated.<\/p>\t\t\t\t\t\t\t\t<\/div>\n\t\t\t\t<\/div>\n\t\t\t\t\t<\/div>\n\t\t<\/div>\n\t\t\t\t\t<\/div>\n\t\t<\/section>\n\t\t\t\t<section class=\"elementor-section elementor-top-section elementor-element elementor-element-751bd1d elementor-section-boxed elementor-section-height-default elementor-section-height-default\" data-id=\"751bd1d\" data-element_type=\"section\" data-e-type=\"section\">\n\t\t\t\t\t\t<div class=\"elementor-container elementor-column-gap-default\">\n\t\t\t\t\t<div class=\"elementor-column elementor-col-50 elementor-top-column elementor-element elementor-element-a359c44\" data-id=\"a359c44\" data-element_type=\"column\" data-e-type=\"column\">\n\t\t\t<div class=\"elementor-widget-wrap elementor-element-populated\">\n\t\t\t\t\t\t<div class=\"elementor-element elementor-element-d41e864 elementor-align-center elementor-widget__width-initial elementor-widget elementor-widget-button\" data-id=\"d41e864\" data-element_type=\"widget\" data-e-type=\"widget\" data-widget_type=\"button.default\">\n\t\t\t\t<div class=\"elementor-widget-container\">\n\t\t\t\t\t\t\t\t\t<div class=\"elementor-button-wrapper\">\n\t\t\t\t\t<a class=\"elementor-button elementor-button-link elementor-size-sm\" href=\"https:\/\/mwb.com.pl\/re\/en\/exhibition\/\">\n\t\t\t\t\t\t<span class=\"elementor-button-content-wrapper\">\n\t\t\t\t\t\t\t\t\t<span class=\"elementor-button-text\">Back<\/span>\n\t\t\t\t\t<\/span>\n\t\t\t\t\t<\/a>\n\t\t\t\t<\/div>\n\t\t\t\t\t\t\t\t<\/div>\n\t\t\t\t<\/div>\n\t\t\t\t\t<\/div>\n\t\t<\/div>\n\t\t\t\t<div class=\"elementor-column elementor-col-50 elementor-top-column elementor-element elementor-element-4e7acc2\" data-id=\"4e7acc2\" data-element_type=\"column\" data-e-type=\"column\">\n\t\t\t<div class=\"elementor-widget-wrap elementor-element-populated\">\n\t\t\t\t\t\t<div class=\"elementor-element elementor-element-531819b elementor-align-center elementor-widget__width-initial elementor-widget elementor-widget-button\" data-id=\"531819b\" data-element_type=\"widget\" data-e-type=\"widget\" data-widget_type=\"button.default\">\n\t\t\t\t<div class=\"elementor-widget-container\">\n\t\t\t\t\t\t\t\t\t<div class=\"elementor-button-wrapper\">\n\t\t\t\t\t<a class=\"elementor-button elementor-button-link elementor-size-sm\" href=\"https:\/\/mwb.com.pl\/re\/en\/exhibition\/camp-photograph-by-jozef-zagrojczyk\/\">\n\t\t\t\t\t\t<span class=\"elementor-button-content-wrapper\">\n\t\t\t\t\t\t\t\t\t<span class=\"elementor-button-text\">Next<\/span>\n\t\t\t\t\t<\/span>\n\t\t\t\t\t<\/a>\n\t\t\t\t<\/div>\n\t\t\t\t\t\t\t\t<\/div>\n\t\t\t\t<\/div>\n\t\t\t\t\t<\/div>\n\t\t<\/div>\n\t\t\t\t\t<\/div>\n\t\t<\/section>\n\t\t\t\t<\/div>\n\t\t","protected":false},"excerpt":{"rendered":"<p>Holocaust Food delivery in the ghetto(Podlaskie Museum in Bia\u0142ystok) Poland\u2019s loss in September 1939 led to the fourth partition of its territory. [&hellip;]<\/p>\n","protected":false},"author":1,"featured_media":0,"parent":2500,"menu_order":0,"comment_status":"closed","ping_status":"closed","template":"page-templates\/page_front-page.php","meta":{"footnotes":""},"class_list":["post-2732","page","type-page","status-publish","hentry"],"_links":{"self":[{"href":"https:\/\/mwb.com.pl\/re\/wp-json\/wp\/v2\/pages\/2732","targetHints":{"allow":["GET"]}}],"collection":[{"href":"https:\/\/mwb.com.pl\/re\/wp-json\/wp\/v2\/pages"}],"about":[{"href":"https:\/\/mwb.com.pl\/re\/wp-json\/wp\/v2\/types\/page"}],"author":[{"embeddable":true,"href":"https:\/\/mwb.com.pl\/re\/wp-json\/wp\/v2\/users\/1"}],"replies":[{"embeddable":true,"href":"https:\/\/mwb.com.pl\/re\/wp-json\/wp\/v2\/comments?post=2732"}],"version-history":[{"count":7,"href":"https:\/\/mwb.com.pl\/re\/wp-json\/wp\/v2\/pages\/2732\/revisions"}],"predecessor-version":[{"id":2862,"href":"https:\/\/mwb.com.pl\/re\/wp-json\/wp\/v2\/pages\/2732\/revisions\/2862"}],"up":[{"embeddable":true,"href":"https:\/\/mwb.com.pl\/re\/wp-json\/wp\/v2\/pages\/2500"}],"wp:attachment":[{"href":"https:\/\/mwb.com.pl\/re\/wp-json\/wp\/v2\/media?parent=2732"}],"curies":[{"name":"wp","href":"https:\/\/api.w.org\/{rel}","templated":true}]}}