{"id":2108,"date":"2023-07-31T12:08:41","date_gmt":"2023-07-31T10:08:41","guid":{"rendered":"https:\/\/mwb.com.pl\/re\/?page_id=2108"},"modified":"2023-08-01T12:59:09","modified_gmt":"2023-08-01T10:59:09","slug":"koniec-wojny-2","status":"publish","type":"page","link":"https:\/\/mwb.com.pl\/re\/wystawa\/koniec-wojny-2\/","title":{"rendered":"Koniec wojny"},"content":{"rendered":"\t\t<div data-elementor-type=\"wp-page\" data-elementor-id=\"2108\" class=\"elementor elementor-2108\">\n\t\t\t\t\t\t<section class=\"elementor-section elementor-top-section elementor-element elementor-element-ca2cb95 elementor-section-boxed elementor-section-height-default elementor-section-height-default\" data-id=\"ca2cb95\" data-element_type=\"section\" data-e-type=\"section\">\n\t\t\t\t\t\t<div class=\"elementor-container elementor-column-gap-default\">\n\t\t\t\t\t<div class=\"elementor-column elementor-col-100 elementor-top-column elementor-element elementor-element-8f467ed\" data-id=\"8f467ed\" data-element_type=\"column\" data-e-type=\"column\">\n\t\t\t<div class=\"elementor-widget-wrap elementor-element-populated\">\n\t\t\t\t\t\t<div class=\"elementor-element elementor-element-8133254 elementor-widget elementor-widget-heading\" data-id=\"8133254\" data-element_type=\"widget\" data-e-type=\"widget\" data-widget_type=\"heading.default\">\n\t\t\t\t<div class=\"elementor-widget-container\">\n\t\t\t\t\t<h4 class=\"elementor-heading-title elementor-size-default\">Koniec wojny<\/h4>\t\t\t\t<\/div>\n\t\t\t\t<\/div>\n\t\t\t\t\t<\/div>\n\t\t<\/div>\n\t\t\t\t\t<\/div>\n\t\t<\/section>\n\t\t\t\t<section class=\"elementor-section elementor-top-section elementor-element elementor-element-50c9da3 elementor-section-boxed elementor-section-height-default elementor-section-height-default\" data-id=\"50c9da3\" data-element_type=\"section\" data-e-type=\"section\">\n\t\t\t\t\t\t<div class=\"elementor-container elementor-column-gap-default\">\n\t\t\t\t\t<div class=\"elementor-column elementor-col-100 elementor-top-column elementor-element elementor-element-05e2e2c\" data-id=\"05e2e2c\" data-element_type=\"column\" data-e-type=\"column\">\n\t\t\t<div class=\"elementor-widget-wrap elementor-element-populated\">\n\t\t\t\t\t\t<div class=\"elementor-element elementor-element-d63dd49 elementor-widget elementor-widget-image\" data-id=\"d63dd49\" data-element_type=\"widget\" data-e-type=\"widget\" data-widget_type=\"image.default\">\n\t\t\t\t<div class=\"elementor-widget-container\">\n\t\t\t\t\t\t\t\t\t\t\t\t<figure class=\"wp-caption\">\n\t\t\t\t\t\t\t\t\t\t\t<a href=\"https:\/\/mwb.com.pl\/re\/wp-content\/uploads\/2023\/07\/7-1.jpg\" data-elementor-open-lightbox=\"yes\" data-elementor-lightbox-title=\"Norweskie dzieci \u015bwi\u0119tuj\u0105ce koniec wojny\" data-e-action-hash=\"#elementor-action%3Aaction%3Dlightbox%26settings%3DeyJpZCI6MjExMCwidXJsIjoiaHR0cHM6XC9cL213Yi5jb20ucGxcL3JlXC93cC1jb250ZW50XC91cGxvYWRzXC8yMDIzXC8wN1wvNy0xLmpwZyJ9\">\n\t\t\t\t\t\t\t<img decoding=\"async\" src=\"https:\/\/mwb.com.pl\/re\/wp-content\/uploads\/elementor\/thumbs\/7-1-qa7w2tztozlchr6k70f8sbgpe2e6s1vd4fazsv342w.jpg\" title=\"Norweskie dzieci \u015bwi\u0119tuj\u0105ce koniec wojny\" alt=\"Norweskie dzieci \u015bwi\u0119tuj\u0105ce koniec wojny\" loading=\"lazy\" \/>\t\t\t\t\t\t\t\t<\/a>\n\t\t\t\t\t\t\t\t\t\t\t<figcaption class=\"widget-image-caption wp-caption-text\">Norweskie dzieci \u015bwi\u0119tuj\u0105ce koniec wojny<\/br>(Archiwum Miejskie w Trondheim)<\/figcaption>\n\t\t\t\t\t\t\t\t\t\t<\/figure>\n\t\t\t\t\t\t\t\t\t<\/div>\n\t\t\t\t<\/div>\n\t\t\t\t\t<\/div>\n\t\t<\/div>\n\t\t\t\t\t<\/div>\n\t\t<\/section>\n\t\t\t\t<section class=\"elementor-section elementor-top-section elementor-element elementor-element-6f56be8 elementor-section-boxed elementor-section-height-default elementor-section-height-default\" data-id=\"6f56be8\" data-element_type=\"section\" data-e-type=\"section\">\n\t\t\t\t\t\t<div class=\"elementor-container elementor-column-gap-default\">\n\t\t\t\t\t<div class=\"elementor-column elementor-col-100 elementor-top-column elementor-element elementor-element-c14c281\" data-id=\"c14c281\" data-element_type=\"column\" data-e-type=\"column\">\n\t\t\t<div class=\"elementor-widget-wrap elementor-element-populated\">\n\t\t\t\t\t\t<div class=\"elementor-element elementor-element-8bf0384 elementor-widget elementor-widget-text-editor\" data-id=\"8bf0384\" data-element_type=\"widget\" data-e-type=\"widget\" data-widget_type=\"text-editor.default\">\n\t\t\t\t<div class=\"elementor-widget-container\">\n\t\t\t\t\t\t\t\t\t<p>Jako pierwsze spod okupacji zosta\u0142y wyzwolone najbardziej wysuni\u0119te na p\u00f3\u0142noc cz\u0119\u015bci Norwegii, gdzie si\u0142y sowieckie wkroczy\u0142y do granicznego miasta Kirkenes. W przeciwie\u0144stwie do Europy Wschodniej, gdzie Sowieci z wyzwolicieli zmienili si\u0119 w okupant\u00f3w, Norwegia by\u0142a jedynym krajem, z kt\u00f3rego wycofali si\u0119 po wojnie.<\/p><p>Do maja 1945 r. w Norwegii nadal przebywa\u0142o prawie 350 000 \u017co\u0142nierzy niemieckich. Alianci zastanawiali si\u0119, czy kontynuowa\u0107 walki pomimo \u015bmierci Hitlera, ale 8 maja niemiecki garnizon podda\u0142 si\u0119 norweskiemu ruchowi oporu.<\/p><p>Zaraz potem, ruch oporu przej\u0105\u0142 kontrol\u0119 nad kluczowymi miejscami w kraju. Tysi\u0105ce Norweg\u00f3w, kt\u00f3rzy uciekli do Szwecji podczas wojny i przeszli przeszkolenie wojskowe, powr\u00f3ci\u0142o do kraju, aby pom\u00f3c w utrzymaniu porz\u0105dku. Przybyli tak\u017ce \u017co\u0142nierze z Wielkiej Brytanii i Stan\u00f3w Zjednoczonych, aby zdemobilizowa\u0107 \u017co\u0142nierzy niemieckich.<\/p><p>W ca\u0142ym kraju mia\u0142y miejsce sceny rado\u015bci, gdy ludno\u015b\u0107 \u015bwi\u0119towa\u0142a wolno\u015bci. By to jednak r\u00f3wnie\u017c czas rozliczenia. Prawie 90 000 Norweg\u00f3w by\u0142o podejrzanych o zdrad\u0119, z czego ponad 45 000 zosta\u0142o ukaranych. 30 os\u00f3b stracono za zdrad\u0119, \u0142\u0105cznie z Vidkunem Quislingiem. Zemsta przyjmowa\u0142a r\u00f3wnie\u017c bardziej nieformalny kszta\u0142t. 30-50 000 kobietom b\u0119d\u0105cym w zwi\u0105zkach z \u017co\u0142nierzami niemieckimi \u015bci\u0119to si\u0142\u0105 w\u0142osy i wyrzucono z lokalnych spo\u0142eczno\u015bci. Te, kt\u00f3re po\u015blubi\u0142y Niemc\u00f3w, straci\u0142y nawet obywatelstwo norweskie.<\/p>\t\t\t\t\t\t\t\t<\/div>\n\t\t\t\t<\/div>\n\t\t\t\t\t<\/div>\n\t\t<\/div>\n\t\t\t\t\t<\/div>\n\t\t<\/section>\n\t\t\t\t<section class=\"elementor-section elementor-top-section elementor-element elementor-element-ad3b6de elementor-section-boxed elementor-section-height-default elementor-section-height-default\" data-id=\"ad3b6de\" data-element_type=\"section\" data-e-type=\"section\">\n\t\t\t\t\t\t<div class=\"elementor-container elementor-column-gap-default\">\n\t\t\t\t\t<div class=\"elementor-column elementor-col-50 elementor-top-column elementor-element elementor-element-90f3683\" data-id=\"90f3683\" data-element_type=\"column\" data-e-type=\"column\">\n\t\t\t<div class=\"elementor-widget-wrap elementor-element-populated\">\n\t\t\t\t\t\t<div class=\"elementor-element elementor-element-cf0da03 elementor-align-center elementor-widget__width-initial elementor-widget elementor-widget-button\" data-id=\"cf0da03\" data-element_type=\"widget\" data-e-type=\"widget\" data-widget_type=\"button.default\">\n\t\t\t\t<div class=\"elementor-widget-container\">\n\t\t\t\t\t\t\t\t\t<div class=\"elementor-button-wrapper\">\n\t\t\t\t\t<a class=\"elementor-button elementor-button-link elementor-size-sm\" href=\"https:\/\/mwb.com.pl\/re\/wystawa\">\n\t\t\t\t\t\t<span class=\"elementor-button-content-wrapper\">\n\t\t\t\t\t\t\t\t\t<span class=\"elementor-button-text\">Powr\u00f3t<\/span>\n\t\t\t\t\t<\/span>\n\t\t\t\t\t<\/a>\n\t\t\t\t<\/div>\n\t\t\t\t\t\t\t\t<\/div>\n\t\t\t\t<\/div>\n\t\t\t\t\t<\/div>\n\t\t<\/div>\n\t\t\t\t<div class=\"elementor-column elementor-col-50 elementor-top-column elementor-element elementor-element-e1c17f6\" data-id=\"e1c17f6\" data-element_type=\"column\" data-e-type=\"column\">\n\t\t\t<div class=\"elementor-widget-wrap elementor-element-populated\">\n\t\t\t\t\t\t<div class=\"elementor-element elementor-element-ab3e0bb elementor-align-center elementor-widget__width-initial elementor-widget elementor-widget-button\" data-id=\"ab3e0bb\" data-element_type=\"widget\" data-e-type=\"widget\" data-widget_type=\"button.default\">\n\t\t\t\t<div class=\"elementor-widget-container\">\n\t\t\t\t\t\t\t\t\t<div class=\"elementor-button-wrapper\">\n\t\t\t\t\t<a class=\"elementor-button elementor-button-link elementor-size-sm\" href=\"https:\/\/mwb.com.pl\/re\/wystawa\/plakat-bedacy-ogloszeniem-cywilnego-stanu-wyjatkowego-w-czesci-srodkowej-norwegii-1942-r\/\">\n\t\t\t\t\t\t<span class=\"elementor-button-content-wrapper\">\n\t\t\t\t\t\t\t\t\t<span class=\"elementor-button-text\">Dalej<\/span>\n\t\t\t\t\t<\/span>\n\t\t\t\t\t<\/a>\n\t\t\t\t<\/div>\n\t\t\t\t\t\t\t\t<\/div>\n\t\t\t\t<\/div>\n\t\t\t\t\t<\/div>\n\t\t<\/div>\n\t\t\t\t\t<\/div>\n\t\t<\/section>\n\t\t\t\t<\/div>\n\t\t","protected":false},"excerpt":{"rendered":"<p>Koniec wojny Norweskie dzieci \u015bwi\u0119tuj\u0105ce koniec wojny(Archiwum Miejskie w Trondheim) Jako pierwsze spod okupacji zosta\u0142y wyzwolone najbardziej wysuni\u0119te na p\u00f3\u0142noc cz\u0119\u015bci Norwegii, [&hellip;]<\/p>\n","protected":false},"author":1,"featured_media":0,"parent":726,"menu_order":0,"comment_status":"closed","ping_status":"closed","template":"page-templates\/page_front-page.php","meta":{"footnotes":""},"class_list":["post-2108","page","type-page","status-publish","hentry"],"_links":{"self":[{"href":"https:\/\/mwb.com.pl\/re\/wp-json\/wp\/v2\/pages\/2108","targetHints":{"allow":["GET"]}}],"collection":[{"href":"https:\/\/mwb.com.pl\/re\/wp-json\/wp\/v2\/pages"}],"about":[{"href":"https:\/\/mwb.com.pl\/re\/wp-json\/wp\/v2\/types\/page"}],"author":[{"embeddable":true,"href":"https:\/\/mwb.com.pl\/re\/wp-json\/wp\/v2\/users\/1"}],"replies":[{"embeddable":true,"href":"https:\/\/mwb.com.pl\/re\/wp-json\/wp\/v2\/comments?post=2108"}],"version-history":[{"count":10,"href":"https:\/\/mwb.com.pl\/re\/wp-json\/wp\/v2\/pages\/2108\/revisions"}],"predecessor-version":[{"id":2388,"href":"https:\/\/mwb.com.pl\/re\/wp-json\/wp\/v2\/pages\/2108\/revisions\/2388"}],"up":[{"embeddable":true,"href":"https:\/\/mwb.com.pl\/re\/wp-json\/wp\/v2\/pages\/726"}],"wp:attachment":[{"href":"https:\/\/mwb.com.pl\/re\/wp-json\/wp\/v2\/media?parent=2108"}],"curies":[{"name":"wp","href":"https:\/\/api.w.org\/{rel}","templated":true}]}}