{"id":2086,"date":"2023-07-31T11:15:05","date_gmt":"2023-07-31T09:15:05","guid":{"rendered":"https:\/\/mwb.com.pl\/re\/?page_id=2086"},"modified":"2023-08-01T12:49:40","modified_gmt":"2023-08-01T10:49:40","slug":"holokaust-2","status":"publish","type":"page","link":"https:\/\/mwb.com.pl\/re\/wystawa\/holokaust-2\/","title":{"rendered":"Holokaust"},"content":{"rendered":"\t\t<div data-elementor-type=\"wp-page\" data-elementor-id=\"2086\" class=\"elementor elementor-2086\">\n\t\t\t\t\t\t<section class=\"elementor-section elementor-top-section elementor-element elementor-element-d67e3c7 elementor-section-boxed elementor-section-height-default elementor-section-height-default\" data-id=\"d67e3c7\" data-element_type=\"section\" data-e-type=\"section\">\n\t\t\t\t\t\t<div class=\"elementor-container elementor-column-gap-default\">\n\t\t\t\t\t<div class=\"elementor-column elementor-col-100 elementor-top-column elementor-element elementor-element-127bd21\" data-id=\"127bd21\" data-element_type=\"column\" data-e-type=\"column\">\n\t\t\t<div class=\"elementor-widget-wrap elementor-element-populated\">\n\t\t\t\t\t\t<div class=\"elementor-element elementor-element-785df42 elementor-widget elementor-widget-heading\" data-id=\"785df42\" data-element_type=\"widget\" data-e-type=\"widget\" data-widget_type=\"heading.default\">\n\t\t\t\t<div class=\"elementor-widget-container\">\n\t\t\t\t\t<h4 class=\"elementor-heading-title elementor-size-default\">Holokaust<\/h4>\t\t\t\t<\/div>\n\t\t\t\t<\/div>\n\t\t\t\t\t<\/div>\n\t\t<\/div>\n\t\t\t\t\t<\/div>\n\t\t<\/section>\n\t\t\t\t<section class=\"elementor-section elementor-top-section elementor-element elementor-element-fd1ef90 elementor-section-boxed elementor-section-height-default elementor-section-height-default\" data-id=\"fd1ef90\" data-element_type=\"section\" data-e-type=\"section\">\n\t\t\t\t\t\t<div class=\"elementor-container elementor-column-gap-default\">\n\t\t\t\t\t<div class=\"elementor-column elementor-col-100 elementor-top-column elementor-element elementor-element-9cc57dc\" data-id=\"9cc57dc\" data-element_type=\"column\" data-e-type=\"column\">\n\t\t\t<div class=\"elementor-widget-wrap elementor-element-populated\">\n\t\t\t\t\t\t<div class=\"elementor-element elementor-element-58ae5c7 elementor-widget elementor-widget-image\" data-id=\"58ae5c7\" data-element_type=\"widget\" data-e-type=\"widget\" data-widget_type=\"image.default\">\n\t\t\t\t<div class=\"elementor-widget-container\">\n\t\t\t\t\t\t\t\t\t\t\t\t<figure class=\"wp-caption\">\n\t\t\t\t\t\t\t\t\t\t\t<a href=\"https:\/\/mwb.com.pl\/re\/wp-content\/uploads\/2023\/07\/5-1.jpg\" data-elementor-open-lightbox=\"yes\" data-elementor-lightbox-title=\"Ob\u00f3z wi\u0119zienny Grini\" data-e-action-hash=\"#elementor-action%3Aaction%3Dlightbox%26settings%3DeyJpZCI6MjA4OSwidXJsIjoiaHR0cHM6XC9cL213Yi5jb20ucGxcL3JlXC93cC1jb250ZW50XC91cGxvYWRzXC8yMDIzXC8wN1wvNS0xLmpwZyJ9\">\n\t\t\t\t\t\t\t<img decoding=\"async\" src=\"https:\/\/mwb.com.pl\/re\/wp-content\/uploads\/elementor\/thumbs\/5-1-qa7tut0hts1i0xfchx3q00gwo2u6fr62gbrrvrqrwi.jpg\" title=\"Ob\u00f3z wi\u0119zienny Grini\" alt=\"Ob\u00f3z wi\u0119zienny Grini\" loading=\"lazy\" \/>\t\t\t\t\t\t\t\t<\/a>\n\t\t\t\t\t\t\t\t\t\t\t<figcaption class=\"widget-image-caption wp-caption-text\">Ob\u00f3z wi\u0119zienny Grini<\/br>(Narodowe Archiwum Norwegii)<\/figcaption>\n\t\t\t\t\t\t\t\t\t\t<\/figure>\n\t\t\t\t\t\t\t\t\t<\/div>\n\t\t\t\t<\/div>\n\t\t\t\t\t<\/div>\n\t\t<\/div>\n\t\t\t\t\t<\/div>\n\t\t<\/section>\n\t\t\t\t<section class=\"elementor-section elementor-top-section elementor-element elementor-element-f6c89ac elementor-section-boxed elementor-section-height-default elementor-section-height-default\" data-id=\"f6c89ac\" data-element_type=\"section\" data-e-type=\"section\">\n\t\t\t\t\t\t<div class=\"elementor-container elementor-column-gap-default\">\n\t\t\t\t\t<div class=\"elementor-column elementor-col-100 elementor-top-column elementor-element elementor-element-ba6decb\" data-id=\"ba6decb\" data-element_type=\"column\" data-e-type=\"column\">\n\t\t\t<div class=\"elementor-widget-wrap elementor-element-populated\">\n\t\t\t\t\t\t<div class=\"elementor-element elementor-element-22382d3 elementor-widget elementor-widget-text-editor\" data-id=\"22382d3\" data-element_type=\"widget\" data-e-type=\"widget\" data-widget_type=\"text-editor.default\">\n\t\t\t\t<div class=\"elementor-widget-container\">\n\t\t\t\t\t\t\t\t\t<p>Na pocz\u0105tku wojny, norweska populacja \u017byd\u00f3w liczy\u0142a oko\u0142o 2 100 os\u00f3b. W wyniku okupacji sytuacja bardzo szybko uleg\u0142a zmianie. W\u0142adze nazistowskie zacz\u0119\u0142y kontrolowa\u0107 \u017byd\u00f3w, ich firmy i spo\u0142eczno\u015bci. Norweski nazistowski rz\u0105d by\u0142 zdania, \u017ce \u017bydzi byli szkodliwi dla spo\u0142ecze\u0144stwa. Z tego powodu wielu \u017byd\u00f3w uciek\u0142o do neutralnej Szwecji.<\/p><p>6 pa\u017adziernik 1942 r. prze\u015bladowania wesz\u0142y w bardziej systematyczn\u0105 faz\u0119, kt\u00f3ra rozpocz\u0119\u0142a si\u0119 aresztowaniem wszystkich m\u0119\u017cczyzn \u017cydowskiego pochodzenia w wieku powy\u017cej 15 lat i ich deportacj\u0105 do obozu Falstad. Kilka tygodni p\u00f3\u017aniej \u017byd\u00f3w we wschodniej Norwegii spotka\u0142 ten sam los. Wi\u0119kszo\u015b\u0107 \u017byd\u00f3w, kt\u00f3rzy nie uciekli, aresztowano i wys\u0142ano do Auschwitz w 1942 i 1943 r. Og\u00f3\u0142em, deportowano 773 \u017byd\u00f3w, z kt\u00f3rych wi\u0119kszo\u015b\u0107 zagazowano zaraz po przyje\u017adzie. Tylko 38 os\u00f3b przetrwa\u0142o obozy.<\/p><p>Wp\u0142yw tych wydarze\u0144 na norweskich \u017byd\u00f3w by\u0142 katastrofalny, zar\u00f3wno na poziomie spo\u0142eczno\u015bci, w wymiarze kulturalnym i religijnym, jak i na poziomie jednostek. Wszyscy osobi\u015bcie do\u015bwiadczyli niesprawiedliwo\u015bci i cierpienia, utraty cz\u0142onk\u00f3w rodziny i przyjaci\u00f3\u0142.<\/p><p>Ocaleni, kt\u00f3rzy powr\u00f3cili do Norwegii po wojnie, stan\u0119li w obliczu trudno\u015bci w powrocie do swojego dawnego \u017cycia. W\u0142adze norweskie utrudnia\u0142y odzyskanie nieruchomo\u015bci lub ustalenie praw do spadku po osobach zamordowanych przez nazist\u00f3w. Dopiero po wielu latach od zako\u0144czenia wojny w\u0142\u0105czono \u017cydowskie do\u015bwiadczenia wojenne w narodow\u0105 narracj\u0119 o wojnie.<\/p>\t\t\t\t\t\t\t\t<\/div>\n\t\t\t\t<\/div>\n\t\t\t\t\t<\/div>\n\t\t<\/div>\n\t\t\t\t\t<\/div>\n\t\t<\/section>\n\t\t\t\t<section class=\"elementor-section elementor-top-section elementor-element elementor-element-d7faa7f elementor-section-boxed elementor-section-height-default elementor-section-height-default\" data-id=\"d7faa7f\" data-element_type=\"section\" data-e-type=\"section\">\n\t\t\t\t\t\t<div class=\"elementor-container elementor-column-gap-default\">\n\t\t\t\t\t<div class=\"elementor-column elementor-col-50 elementor-top-column elementor-element elementor-element-fa7edc5\" data-id=\"fa7edc5\" data-element_type=\"column\" data-e-type=\"column\">\n\t\t\t<div class=\"elementor-widget-wrap elementor-element-populated\">\n\t\t\t\t\t\t<div class=\"elementor-element elementor-element-26a8c03 elementor-align-center elementor-widget__width-initial elementor-widget elementor-widget-button\" data-id=\"26a8c03\" data-element_type=\"widget\" data-e-type=\"widget\" data-widget_type=\"button.default\">\n\t\t\t\t<div class=\"elementor-widget-container\">\n\t\t\t\t\t\t\t\t\t<div class=\"elementor-button-wrapper\">\n\t\t\t\t\t<a class=\"elementor-button elementor-button-link elementor-size-sm\" href=\"https:\/\/mwb.com.pl\/re\/wystawa\">\n\t\t\t\t\t\t<span class=\"elementor-button-content-wrapper\">\n\t\t\t\t\t\t\t\t\t<span class=\"elementor-button-text\">Powr\u00f3t<\/span>\n\t\t\t\t\t<\/span>\n\t\t\t\t\t<\/a>\n\t\t\t\t<\/div>\n\t\t\t\t\t\t\t\t<\/div>\n\t\t\t\t<\/div>\n\t\t\t\t\t<\/div>\n\t\t<\/div>\n\t\t\t\t<div class=\"elementor-column elementor-col-50 elementor-top-column elementor-element elementor-element-c771c18\" data-id=\"c771c18\" data-element_type=\"column\" data-e-type=\"column\">\n\t\t\t<div class=\"elementor-widget-wrap elementor-element-populated\">\n\t\t\t\t\t\t<div class=\"elementor-element elementor-element-0bd00fb elementor-align-center elementor-widget__width-initial elementor-widget elementor-widget-button\" data-id=\"0bd00fb\" data-element_type=\"widget\" data-e-type=\"widget\" data-widget_type=\"button.default\">\n\t\t\t\t<div class=\"elementor-widget-container\">\n\t\t\t\t\t\t\t\t\t<div class=\"elementor-button-wrapper\">\n\t\t\t\t\t<a class=\"elementor-button elementor-button-link elementor-size-sm\" href=\"https:\/\/mwb.com.pl\/re\/wystawa\/ozdoba-wykonana-przez-wieznia-obozu-falstad\/\">\n\t\t\t\t\t\t<span class=\"elementor-button-content-wrapper\">\n\t\t\t\t\t\t\t\t\t<span class=\"elementor-button-text\">Dalej<\/span>\n\t\t\t\t\t<\/span>\n\t\t\t\t\t<\/a>\n\t\t\t\t<\/div>\n\t\t\t\t\t\t\t\t<\/div>\n\t\t\t\t<\/div>\n\t\t\t\t\t<\/div>\n\t\t<\/div>\n\t\t\t\t\t<\/div>\n\t\t<\/section>\n\t\t\t\t<\/div>\n\t\t","protected":false},"excerpt":{"rendered":"<p>Holokaust Ob\u00f3z wi\u0119zienny Grini(Narodowe Archiwum Norwegii) Na pocz\u0105tku wojny, norweska populacja \u017byd\u00f3w liczy\u0142a oko\u0142o 2 100 os\u00f3b. W wyniku okupacji sytuacja bardzo [&hellip;]<\/p>\n","protected":false},"author":1,"featured_media":0,"parent":726,"menu_order":0,"comment_status":"closed","ping_status":"closed","template":"page-templates\/page_front-page.php","meta":{"footnotes":""},"class_list":["post-2086","page","type-page","status-publish","hentry"],"_links":{"self":[{"href":"https:\/\/mwb.com.pl\/re\/wp-json\/wp\/v2\/pages\/2086","targetHints":{"allow":["GET"]}}],"collection":[{"href":"https:\/\/mwb.com.pl\/re\/wp-json\/wp\/v2\/pages"}],"about":[{"href":"https:\/\/mwb.com.pl\/re\/wp-json\/wp\/v2\/types\/page"}],"author":[{"embeddable":true,"href":"https:\/\/mwb.com.pl\/re\/wp-json\/wp\/v2\/users\/1"}],"replies":[{"embeddable":true,"href":"https:\/\/mwb.com.pl\/re\/wp-json\/wp\/v2\/comments?post=2086"}],"version-history":[{"count":13,"href":"https:\/\/mwb.com.pl\/re\/wp-json\/wp\/v2\/pages\/2086\/revisions"}],"predecessor-version":[{"id":2373,"href":"https:\/\/mwb.com.pl\/re\/wp-json\/wp\/v2\/pages\/2086\/revisions\/2373"}],"up":[{"embeddable":true,"href":"https:\/\/mwb.com.pl\/re\/wp-json\/wp\/v2\/pages\/726"}],"wp:attachment":[{"href":"https:\/\/mwb.com.pl\/re\/wp-json\/wp\/v2\/media?parent=2086"}],"curies":[{"name":"wp","href":"https:\/\/api.w.org\/{rel}","templated":true}]}}