{"id":2073,"date":"2023-07-31T10:50:22","date_gmt":"2023-07-31T08:50:22","guid":{"rendered":"https:\/\/mwb.com.pl\/re\/?page_id=2073"},"modified":"2023-08-02T09:46:50","modified_gmt":"2023-08-02T07:46:50","slug":"ruch-oporu","status":"publish","type":"page","link":"https:\/\/mwb.com.pl\/re\/wystawa\/ruch-oporu\/","title":{"rendered":"Ruch oporu"},"content":{"rendered":"\t\t<div data-elementor-type=\"wp-page\" data-elementor-id=\"2073\" class=\"elementor elementor-2073\">\n\t\t\t\t\t\t<section class=\"elementor-section elementor-top-section elementor-element elementor-element-1f1cbb7 elementor-section-boxed elementor-section-height-default elementor-section-height-default\" data-id=\"1f1cbb7\" data-element_type=\"section\" data-e-type=\"section\">\n\t\t\t\t\t\t<div class=\"elementor-container elementor-column-gap-default\">\n\t\t\t\t\t<div class=\"elementor-column elementor-col-100 elementor-top-column elementor-element elementor-element-f13d5cf\" data-id=\"f13d5cf\" data-element_type=\"column\" data-e-type=\"column\">\n\t\t\t<div class=\"elementor-widget-wrap elementor-element-populated\">\n\t\t\t\t\t\t<div class=\"elementor-element elementor-element-1d04978 elementor-widget elementor-widget-heading\" data-id=\"1d04978\" data-element_type=\"widget\" data-e-type=\"widget\" data-widget_type=\"heading.default\">\n\t\t\t\t<div class=\"elementor-widget-container\">\n\t\t\t\t\t<h4 class=\"elementor-heading-title elementor-size-default\">Ruch oporu<\/h4>\t\t\t\t<\/div>\n\t\t\t\t<\/div>\n\t\t\t\t\t<\/div>\n\t\t<\/div>\n\t\t\t\t\t<\/div>\n\t\t<\/section>\n\t\t\t\t<section class=\"elementor-section elementor-top-section elementor-element elementor-element-7f5b774 elementor-section-boxed elementor-section-height-default elementor-section-height-default\" data-id=\"7f5b774\" data-element_type=\"section\" data-e-type=\"section\">\n\t\t\t\t\t\t<div class=\"elementor-container elementor-column-gap-default\">\n\t\t\t\t\t<div class=\"elementor-column elementor-col-100 elementor-top-column elementor-element elementor-element-9834b28\" data-id=\"9834b28\" data-element_type=\"column\" data-e-type=\"column\">\n\t\t\t<div class=\"elementor-widget-wrap elementor-element-populated\">\n\t\t\t\t\t\t<div class=\"elementor-element elementor-element-748954a elementor-widget elementor-widget-image\" data-id=\"748954a\" data-element_type=\"widget\" data-e-type=\"widget\" data-widget_type=\"image.default\">\n\t\t\t\t<div class=\"elementor-widget-container\">\n\t\t\t\t\t\t\t\t\t\t\t\t<figure class=\"wp-caption\">\n\t\t\t\t\t\t\t\t\t\t\t<a href=\"https:\/\/mwb.com.pl\/re\/wp-content\/uploads\/2023\/07\/4-1.jpg\" data-elementor-open-lightbox=\"yes\" data-elementor-lightbox-title=\"Norwescy narciarze tworz\u0105cy litery z napisem \u201eNiech \u017cyje kr\u00f3l\u201d\" data-e-action-hash=\"#elementor-action%3Aaction%3Dlightbox%26settings%3DeyJpZCI6MjA3NSwidXJsIjoiaHR0cHM6XC9cL213Yi5jb20ucGxcL3JlXC93cC1jb250ZW50XC91cGxvYWRzXC8yMDIzXC8wN1wvNC0xLmpwZyJ9\">\n\t\t\t\t\t\t\t<img decoding=\"async\" src=\"https:\/\/mwb.com.pl\/re\/wp-content\/uploads\/elementor\/thumbs\/4-1-qa7sofgfpo14lszay3o837fsjppgezxpmkypzokqb0.jpg\" title=\"Norwescy narciarze tworz\u0105cy litery z napisem \u201eNiech \u017cyje kr\u00f3l\u201d\" alt=\"Norwescy narciarze tworz\u0105cy litery z napisem \u201eNiech \u017cyje kr\u00f3l\u201d\" loading=\"lazy\" \/>\t\t\t\t\t\t\t\t<\/a>\n\t\t\t\t\t\t\t\t\t\t\t<figcaption class=\"widget-image-caption wp-caption-text\">Norwescy narciarze tworz\u0105cy litery z napisem \u201eNiech \u017cyje kr\u00f3l\u201d<\/br>(Narodowe Archiwum Norwegii)<\/figcaption>\n\t\t\t\t\t\t\t\t\t\t<\/figure>\n\t\t\t\t\t\t\t\t\t<\/div>\n\t\t\t\t<\/div>\n\t\t\t\t\t<\/div>\n\t\t<\/div>\n\t\t\t\t\t<\/div>\n\t\t<\/section>\n\t\t\t\t<section class=\"elementor-section elementor-top-section elementor-element elementor-element-95d2d62 elementor-section-boxed elementor-section-height-default elementor-section-height-default\" data-id=\"95d2d62\" data-element_type=\"section\" data-e-type=\"section\">\n\t\t\t\t\t\t<div class=\"elementor-container elementor-column-gap-default\">\n\t\t\t\t\t<div class=\"elementor-column elementor-col-100 elementor-top-column elementor-element elementor-element-926f9fa\" data-id=\"926f9fa\" data-element_type=\"column\" data-e-type=\"column\">\n\t\t\t<div class=\"elementor-widget-wrap elementor-element-populated\">\n\t\t\t\t\t\t<div class=\"elementor-element elementor-element-c3dca6e elementor-widget elementor-widget-text-editor\" data-id=\"c3dca6e\" data-element_type=\"widget\" data-e-type=\"widget\" data-widget_type=\"text-editor.default\">\n\t\t\t\t<div class=\"elementor-widget-container\">\n\t\t\t\t\t\t\t\t\t<p>Ruch oporu od pocz\u0105tku mia\u0142 charakter cywilny i ideologiczny. Zar\u00f3wno poszczeg\u00f3lni obywatele, jak i organizacje protestowa\u0142y przeciwko nazyfikacji spo\u0142ecze\u0144stwa. W odpowiedzi re\u017cim okupacyjny nasili\u0142 si\u0119, a tysi\u0105ce os\u00f3b aresztowano.<\/p><p>Nauczyciele i ksi\u0119\u017ca mieli mo\u017cliwo\u015b\u0107 zatrzymania nazyfikacji szk\u00f3\u0142 i ko\u015bcio\u0142a. Wzywano tak\u017ce do akcji bojkotowych i sabota\u017cu przemys\u0142owego. Wojskowy ruch oporu, Milorg, nawi\u0105za\u0142 kontakt z norweskimi si\u0142ami zbrojnymi za granic\u0105 oraz z wywiadem brytyjskim. Zbudowano og\u00f3lnokrajow\u0105 sie\u0107 w celu utworzenia wywiadu oraz transportowania ludzi i materia\u0142\u00f3w.<br \/><br \/>Pocz\u0105tkowo liderzy ruchu oporu chcieli unikn\u0105\u0107 wi\u0119kszych akcji, aby powstrzyma\u0107 niemieckie represje skierowanych przeciw cywilom. Jednak wraz z up\u0142ywem czasu podej\u015bcie to zmieni\u0142o si\u0119 i zacz\u0119li otrzymywa\u0107 bro\u0144 i instruktor\u00f3w z Wielkiej Brytanii. By\u0142a to niebezpieczna praca z powodu agent\u00f3w pracuj\u0105cych dla Gestapo.<br \/><br \/>Okupanci odpowiedzieli aresztowaniami, restrykcjami w stosunku do cywili oraz egzekucjami bojownik\u00f3w ruchu oporu. Np. w pa\u017adzierniku 1942 r., w odpowiedzi na seri\u0119 akcji sabota\u017cowych, w\u0142adze niemieckie aresztowa\u0142y dziesi\u0119ciu prominentnych obywateli Trondheim i przeprowadzi\u0142y ich proces oraz egzekucj\u0119 nieopodal obozu Falstad.<br \/><br \/>W miar\u0119 zbli\u017cania si\u0119 wojny ku ko\u0144cowi, ruch oporu zintensyfikowa\u0142 swoje dzia\u0142ania na polu likwidacji kolaborant\u00f3w, sabota\u017cu infrastruktury, a tak\u017ce akcji wymierzonych w pr\u00f3by okupanta, aby zmobilizowa\u0107 spo\u0142ecze\u0144stwo do pracy na rzecz niemieckiego przemys\u0142u zbrojnego.<\/p>\t\t\t\t\t\t\t\t<\/div>\n\t\t\t\t<\/div>\n\t\t\t\t\t<\/div>\n\t\t<\/div>\n\t\t\t\t\t<\/div>\n\t\t<\/section>\n\t\t\t\t<section class=\"elementor-section elementor-top-section elementor-element elementor-element-2c7d572 elementor-section-boxed elementor-section-height-default elementor-section-height-default\" data-id=\"2c7d572\" data-element_type=\"section\" data-e-type=\"section\">\n\t\t\t\t\t\t<div class=\"elementor-container elementor-column-gap-default\">\n\t\t\t\t\t<div class=\"elementor-column elementor-col-50 elementor-top-column elementor-element elementor-element-3918c69\" data-id=\"3918c69\" data-element_type=\"column\" data-e-type=\"column\">\n\t\t\t<div class=\"elementor-widget-wrap elementor-element-populated\">\n\t\t\t\t\t\t<div class=\"elementor-element elementor-element-06e3000 elementor-align-center elementor-widget__width-initial elementor-widget elementor-widget-button\" data-id=\"06e3000\" data-element_type=\"widget\" data-e-type=\"widget\" data-widget_type=\"button.default\">\n\t\t\t\t<div class=\"elementor-widget-container\">\n\t\t\t\t\t\t\t\t\t<div class=\"elementor-button-wrapper\">\n\t\t\t\t\t<a class=\"elementor-button elementor-button-link elementor-size-sm\" href=\"https:\/\/mwb.com.pl\/re\/wystawa\">\n\t\t\t\t\t\t<span class=\"elementor-button-content-wrapper\">\n\t\t\t\t\t\t\t\t\t<span class=\"elementor-button-text\">Powr\u00f3t<\/span>\n\t\t\t\t\t<\/span>\n\t\t\t\t\t<\/a>\n\t\t\t\t<\/div>\n\t\t\t\t\t\t\t\t<\/div>\n\t\t\t\t<\/div>\n\t\t\t\t\t<\/div>\n\t\t<\/div>\n\t\t\t\t<div class=\"elementor-column elementor-col-50 elementor-top-column elementor-element elementor-element-79a0569\" data-id=\"79a0569\" data-element_type=\"column\" data-e-type=\"column\">\n\t\t\t<div class=\"elementor-widget-wrap elementor-element-populated\">\n\t\t\t\t\t\t<div class=\"elementor-element elementor-element-7a77c98 elementor-align-center elementor-widget__width-initial elementor-widget elementor-widget-button\" data-id=\"7a77c98\" data-element_type=\"widget\" data-e-type=\"widget\" data-widget_type=\"button.default\">\n\t\t\t\t<div class=\"elementor-widget-container\">\n\t\t\t\t\t\t\t\t\t<div class=\"elementor-button-wrapper\">\n\t\t\t\t\t<a class=\"elementor-button elementor-button-link elementor-size-sm\" href=\"https:\/\/mwb.com.pl\/re\/wystawa\/metalowy-kastet-z-obozu-falstad\/\">\n\t\t\t\t\t\t<span class=\"elementor-button-content-wrapper\">\n\t\t\t\t\t\t\t\t\t<span class=\"elementor-button-text\">Dalej<\/span>\n\t\t\t\t\t<\/span>\n\t\t\t\t\t<\/a>\n\t\t\t\t<\/div>\n\t\t\t\t\t\t\t\t<\/div>\n\t\t\t\t<\/div>\n\t\t\t\t\t<\/div>\n\t\t<\/div>\n\t\t\t\t\t<\/div>\n\t\t<\/section>\n\t\t\t\t<\/div>\n\t\t","protected":false},"excerpt":{"rendered":"<p>Ruch oporu Norwescy narciarze tworz\u0105cy litery z napisem \u201eNiech \u017cyje kr\u00f3l\u201d(Narodowe Archiwum Norwegii) Ruch oporu od pocz\u0105tku mia\u0142 charakter cywilny i ideologiczny. [&hellip;]<\/p>\n","protected":false},"author":1,"featured_media":0,"parent":726,"menu_order":0,"comment_status":"closed","ping_status":"closed","template":"page-templates\/page_front-page.php","meta":{"footnotes":""},"class_list":["post-2073","page","type-page","status-publish","hentry"],"_links":{"self":[{"href":"https:\/\/mwb.com.pl\/re\/wp-json\/wp\/v2\/pages\/2073","targetHints":{"allow":["GET"]}}],"collection":[{"href":"https:\/\/mwb.com.pl\/re\/wp-json\/wp\/v2\/pages"}],"about":[{"href":"https:\/\/mwb.com.pl\/re\/wp-json\/wp\/v2\/types\/page"}],"author":[{"embeddable":true,"href":"https:\/\/mwb.com.pl\/re\/wp-json\/wp\/v2\/users\/1"}],"replies":[{"embeddable":true,"href":"https:\/\/mwb.com.pl\/re\/wp-json\/wp\/v2\/comments?post=2073"}],"version-history":[{"count":10,"href":"https:\/\/mwb.com.pl\/re\/wp-json\/wp\/v2\/pages\/2073\/revisions"}],"predecessor-version":[{"id":2471,"href":"https:\/\/mwb.com.pl\/re\/wp-json\/wp\/v2\/pages\/2073\/revisions\/2471"}],"up":[{"embeddable":true,"href":"https:\/\/mwb.com.pl\/re\/wp-json\/wp\/v2\/pages\/726"}],"wp:attachment":[{"href":"https:\/\/mwb.com.pl\/re\/wp-json\/wp\/v2\/media?parent=2073"}],"curies":[{"name":"wp","href":"https:\/\/api.w.org\/{rel}","templated":true}]}}