{"id":2067,"date":"2023-07-31T10:44:48","date_gmt":"2023-07-31T08:44:48","guid":{"rendered":"https:\/\/mwb.com.pl\/re\/?page_id=2067"},"modified":"2023-08-02T09:36:52","modified_gmt":"2023-08-02T07:36:52","slug":"okupacja","status":"publish","type":"page","link":"https:\/\/mwb.com.pl\/re\/wystawa\/okupacja\/","title":{"rendered":"Okupacja"},"content":{"rendered":"\t\t<div data-elementor-type=\"wp-page\" data-elementor-id=\"2067\" class=\"elementor elementor-2067\">\n\t\t\t\t\t\t<section class=\"elementor-section elementor-top-section elementor-element elementor-element-054bc47 elementor-section-boxed elementor-section-height-default elementor-section-height-default\" data-id=\"054bc47\" data-element_type=\"section\" data-e-type=\"section\">\n\t\t\t\t\t\t<div class=\"elementor-container elementor-column-gap-default\">\n\t\t\t\t\t<div class=\"elementor-column elementor-col-100 elementor-top-column elementor-element elementor-element-2aa374d\" data-id=\"2aa374d\" data-element_type=\"column\" data-e-type=\"column\">\n\t\t\t<div class=\"elementor-widget-wrap elementor-element-populated\">\n\t\t\t\t\t\t<div class=\"elementor-element elementor-element-67f339b elementor-widget elementor-widget-heading\" data-id=\"67f339b\" data-element_type=\"widget\" data-e-type=\"widget\" data-widget_type=\"heading.default\">\n\t\t\t\t<div class=\"elementor-widget-container\">\n\t\t\t\t\t<h4 class=\"elementor-heading-title elementor-size-default\">Okupacja<\/h4>\t\t\t\t<\/div>\n\t\t\t\t<\/div>\n\t\t\t\t\t<\/div>\n\t\t<\/div>\n\t\t\t\t\t<\/div>\n\t\t<\/section>\n\t\t\t\t<section class=\"elementor-section elementor-top-section elementor-element elementor-element-0d660cb elementor-section-boxed elementor-section-height-default elementor-section-height-default\" data-id=\"0d660cb\" data-element_type=\"section\" data-e-type=\"section\">\n\t\t\t\t\t\t<div class=\"elementor-container elementor-column-gap-default\">\n\t\t\t\t\t<div class=\"elementor-column elementor-col-100 elementor-top-column elementor-element elementor-element-13cb5f9\" data-id=\"13cb5f9\" data-element_type=\"column\" data-e-type=\"column\">\n\t\t\t<div class=\"elementor-widget-wrap elementor-element-populated\">\n\t\t\t\t\t\t<div class=\"elementor-element elementor-element-6934718 elementor-widget elementor-widget-image\" data-id=\"6934718\" data-element_type=\"widget\" data-e-type=\"widget\" data-widget_type=\"image.default\">\n\t\t\t\t<div class=\"elementor-widget-container\">\n\t\t\t\t\t\t\t\t\t\t\t\t<figure class=\"wp-caption\">\n\t\t\t\t\t\t\t\t\t\t\t<a href=\"https:\/\/mwb.com.pl\/re\/wp-content\/uploads\/2023\/07\/3-1.jpg\" data-elementor-open-lightbox=\"yes\" data-elementor-lightbox-title=\"Miasto zniszczone podczas inwazji\" data-e-action-hash=\"#elementor-action%3Aaction%3Dlightbox%26settings%3DeyJpZCI6MjA2OSwidXJsIjoiaHR0cHM6XC9cL213Yi5jb20ucGxcL3JlXC93cC1jb250ZW50XC91cGxvYWRzXC8yMDIzXC8wN1wvMy0xLmpwZyJ9\">\n\t\t\t\t\t\t\t<img decoding=\"async\" src=\"https:\/\/mwb.com.pl\/re\/wp-content\/uploads\/elementor\/thumbs\/3-1-qa7sf8l8vzg732bwm4njpixjg3095jg713bt2a7ayk.jpg\" title=\"Miasto zniszczone podczas inwazji\" alt=\"Miasto zniszczone podczas inwazji\" loading=\"lazy\" \/>\t\t\t\t\t\t\t\t<\/a>\n\t\t\t\t\t\t\t\t\t\t\t<figcaption class=\"widget-image-caption wp-caption-text\">Miasto zniszczone podczas inwazji<\/br>(Narodowe Archiwum Norwegii)<\/figcaption>\n\t\t\t\t\t\t\t\t\t\t<\/figure>\n\t\t\t\t\t\t\t\t\t<\/div>\n\t\t\t\t<\/div>\n\t\t\t\t\t<\/div>\n\t\t<\/div>\n\t\t\t\t\t<\/div>\n\t\t<\/section>\n\t\t\t\t<section class=\"elementor-section elementor-top-section elementor-element elementor-element-5a4cef1 elementor-section-boxed elementor-section-height-default elementor-section-height-default\" data-id=\"5a4cef1\" data-element_type=\"section\" data-e-type=\"section\">\n\t\t\t\t\t\t<div class=\"elementor-container elementor-column-gap-default\">\n\t\t\t\t\t<div class=\"elementor-column elementor-col-100 elementor-top-column elementor-element elementor-element-ea2a60f\" data-id=\"ea2a60f\" data-element_type=\"column\" data-e-type=\"column\">\n\t\t\t<div class=\"elementor-widget-wrap elementor-element-populated\">\n\t\t\t\t\t\t<div class=\"elementor-element elementor-element-1628d8a elementor-widget elementor-widget-text-editor\" data-id=\"1628d8a\" data-element_type=\"widget\" data-e-type=\"widget\" data-widget_type=\"text-editor.default\">\n\t\t\t\t<div class=\"elementor-widget-container\">\n\t\t\t\t\t\t\t\t\t<p>Niemcy twierdzili, \u017ce przychodz\u0105 w pokojowych celach, aby chroni\u0107 Norwegi\u0119 przed brytyjsk\u0105 agresj\u0105. Jednak spo\u0142ecze\u0144stwo norweskie zosta\u0142o obj\u0119te \u015bcis\u0142\u0105 kontrol\u0105. Okupanci wprowadzili nazistowsk\u0105 administracj\u0119 poprzez tzw. Komisariat Rzeszy. Jedyn\u0105 legaln\u0105 parti\u0105 polityczn\u0105 by\u0142a Norweska Narodowa Partia Socjalistyczna, Nasjonal Samling, na czele kt\u00f3rej sta\u0142 Vidkun Quisling, powo\u0142ana jako rz\u0105d marionetkowy w celu nazyfikacji spo\u0142ecze\u0144stwa norweskiego.<\/p><p>Hitler uwa\u017ca\u0142 Norwegi\u0119 za \u201estref\u0119 przeznaczenia\u201d, gdzie rozstrzygn\u0105 si\u0119 losy wojny. Rozkaza\u0142 zbudowanie setek umocnie\u0144 nabrze\u017cnych, lotnisk, baz marynarki wojennej, linii kolejowych i dr\u00f3g w celu ufortyfikowania kraju. Co wi\u0119cej, ponad 450 000 \u017co\u0142nierzy zosta\u0142o wys\u0142anych do Norwegii, kraju, kt\u00f3rego populacja wynosi\u0142a ok. 3 miliony.<\/p><p>W celu zbudowania umocnie\u0144 i infrastruktury, do Norwegii wys\u0142ano prawie 140 000 je\u0144c\u00f3w wojennych i przymusowych robotnik\u00f3w z ca\u0142ej Europy. Prawie 100 000 z nich stanowili sowieccy je\u0144cy wojenni. Pozostali przymusowi robotnicy pochodzili z Jugos\u0142awii, Polski, Czechos\u0142owacji i Europy Zachodniej. W najgorszych warunkach przetrzymywani byli Sowieci i Jugos\u0142owianie. Oko\u0142o 10% wi\u0119\u017ani\u00f3w sowieckich zmar\u0142o.<br \/><br \/>W zatoce Trondheimsfjord Hitler planowa\u0142 budow\u0119 nowego miasta, kt\u00f3re mia\u0142o sta\u0107 si\u0119 najwa\u017cniejsz\u0105 baz\u0105 marynarki wojennej w p\u00f3\u0142nocnej Europie. Trzysta tysi\u0119cy Niemc\u00f3w mia\u0142o przeprowadzi\u0107 si\u0119 do tego miejsca, kt\u00f3re w za\u0142o\u017ceniu mia\u0142o sta\u0107 si\u0119 niemieck\u0105 enklawa. Plany te jednak wstrzymano, gdy\u017c wojna pomi\u0119dzy nazistowskimi Niemcami a Zwi\u0105zkiem Sowieckim okaza\u0142a si\u0119 by\u0107 zbyt absorbuj\u0105ca.<\/p>\t\t\t\t\t\t\t\t<\/div>\n\t\t\t\t<\/div>\n\t\t\t\t\t<\/div>\n\t\t<\/div>\n\t\t\t\t\t<\/div>\n\t\t<\/section>\n\t\t\t\t<section class=\"elementor-section elementor-top-section elementor-element elementor-element-e626d60 elementor-section-boxed elementor-section-height-default elementor-section-height-default\" data-id=\"e626d60\" data-element_type=\"section\" data-e-type=\"section\">\n\t\t\t\t\t\t<div class=\"elementor-container elementor-column-gap-default\">\n\t\t\t\t\t<div class=\"elementor-column elementor-col-50 elementor-top-column elementor-element elementor-element-cdfab8f\" data-id=\"cdfab8f\" data-element_type=\"column\" data-e-type=\"column\">\n\t\t\t<div class=\"elementor-widget-wrap elementor-element-populated\">\n\t\t\t\t\t\t<div class=\"elementor-element elementor-element-e1699b2 elementor-align-center elementor-widget__width-initial elementor-widget elementor-widget-button\" data-id=\"e1699b2\" data-element_type=\"widget\" data-e-type=\"widget\" data-widget_type=\"button.default\">\n\t\t\t\t<div class=\"elementor-widget-container\">\n\t\t\t\t\t\t\t\t\t<div class=\"elementor-button-wrapper\">\n\t\t\t\t\t<a class=\"elementor-button elementor-button-link elementor-size-sm\" href=\"https:\/\/mwb.com.pl\/re\/wystawa\">\n\t\t\t\t\t\t<span class=\"elementor-button-content-wrapper\">\n\t\t\t\t\t\t\t\t\t<span class=\"elementor-button-text\">Powr\u00f3t<\/span>\n\t\t\t\t\t<\/span>\n\t\t\t\t\t<\/a>\n\t\t\t\t<\/div>\n\t\t\t\t\t\t\t\t<\/div>\n\t\t\t\t<\/div>\n\t\t\t\t\t<\/div>\n\t\t<\/div>\n\t\t\t\t<div class=\"elementor-column elementor-col-50 elementor-top-column elementor-element elementor-element-940f806\" data-id=\"940f806\" data-element_type=\"column\" data-e-type=\"column\">\n\t\t\t<div class=\"elementor-widget-wrap elementor-element-populated\">\n\t\t\t\t\t\t<div class=\"elementor-element elementor-element-611752a elementor-align-center elementor-widget__width-initial elementor-widget elementor-widget-button\" data-id=\"611752a\" data-element_type=\"widget\" data-e-type=\"widget\" data-widget_type=\"button.default\">\n\t\t\t\t<div class=\"elementor-widget-container\">\n\t\t\t\t\t\t\t\t\t<div class=\"elementor-button-wrapper\">\n\t\t\t\t\t<a class=\"elementor-button elementor-button-link elementor-size-sm\" href=\"https:\/\/mwb.com.pl\/re\/wystawa\/ruch-oporu\/\">\n\t\t\t\t\t\t<span class=\"elementor-button-content-wrapper\">\n\t\t\t\t\t\t\t\t\t<span class=\"elementor-button-text\">Dalej<\/span>\n\t\t\t\t\t<\/span>\n\t\t\t\t\t<\/a>\n\t\t\t\t<\/div>\n\t\t\t\t\t\t\t\t<\/div>\n\t\t\t\t<\/div>\n\t\t\t\t\t<\/div>\n\t\t<\/div>\n\t\t\t\t\t<\/div>\n\t\t<\/section>\n\t\t\t\t<\/div>\n\t\t","protected":false},"excerpt":{"rendered":"<p>Okupacja Miasto zniszczone podczas inwazji(Narodowe Archiwum Norwegii) Niemcy twierdzili, \u017ce przychodz\u0105 w pokojowych celach, aby chroni\u0107 Norwegi\u0119 przed brytyjsk\u0105 agresj\u0105. Jednak spo\u0142ecze\u0144stwo [&hellip;]<\/p>\n","protected":false},"author":1,"featured_media":0,"parent":726,"menu_order":0,"comment_status":"closed","ping_status":"closed","template":"page-templates\/page_front-page.php","meta":{"footnotes":""},"class_list":["post-2067","page","type-page","status-publish","hentry"],"_links":{"self":[{"href":"https:\/\/mwb.com.pl\/re\/wp-json\/wp\/v2\/pages\/2067","targetHints":{"allow":["GET"]}}],"collection":[{"href":"https:\/\/mwb.com.pl\/re\/wp-json\/wp\/v2\/pages"}],"about":[{"href":"https:\/\/mwb.com.pl\/re\/wp-json\/wp\/v2\/types\/page"}],"author":[{"embeddable":true,"href":"https:\/\/mwb.com.pl\/re\/wp-json\/wp\/v2\/users\/1"}],"replies":[{"embeddable":true,"href":"https:\/\/mwb.com.pl\/re\/wp-json\/wp\/v2\/comments?post=2067"}],"version-history":[{"count":13,"href":"https:\/\/mwb.com.pl\/re\/wp-json\/wp\/v2\/pages\/2067\/revisions"}],"predecessor-version":[{"id":2456,"href":"https:\/\/mwb.com.pl\/re\/wp-json\/wp\/v2\/pages\/2067\/revisions\/2456"}],"up":[{"embeddable":true,"href":"https:\/\/mwb.com.pl\/re\/wp-json\/wp\/v2\/pages\/726"}],"wp:attachment":[{"href":"https:\/\/mwb.com.pl\/re\/wp-json\/wp\/v2\/media?parent=2067"}],"curies":[{"name":"wp","href":"https:\/\/api.w.org\/{rel}","templated":true}]}}