{"id":2054,"date":"2023-07-31T10:30:42","date_gmt":"2023-07-31T08:30:42","guid":{"rendered":"https:\/\/mwb.com.pl\/re\/?page_id=2054"},"modified":"2023-08-01T12:52:13","modified_gmt":"2023-08-01T10:52:13","slug":"inwazja","status":"publish","type":"page","link":"https:\/\/mwb.com.pl\/re\/wystawa\/inwazja\/","title":{"rendered":"Inwazja"},"content":{"rendered":"\t\t<div data-elementor-type=\"wp-page\" data-elementor-id=\"2054\" class=\"elementor elementor-2054\">\n\t\t\t\t\t\t<section class=\"elementor-section elementor-top-section elementor-element elementor-element-34ad22d elementor-section-boxed elementor-section-height-default elementor-section-height-default\" data-id=\"34ad22d\" data-element_type=\"section\" data-e-type=\"section\">\n\t\t\t\t\t\t<div class=\"elementor-container elementor-column-gap-default\">\n\t\t\t\t\t<div class=\"elementor-column elementor-col-100 elementor-top-column elementor-element elementor-element-44d6bf3\" data-id=\"44d6bf3\" data-element_type=\"column\" data-e-type=\"column\">\n\t\t\t<div class=\"elementor-widget-wrap elementor-element-populated\">\n\t\t\t\t\t\t<div class=\"elementor-element elementor-element-a45742e elementor-widget elementor-widget-heading\" data-id=\"a45742e\" data-element_type=\"widget\" data-e-type=\"widget\" data-widget_type=\"heading.default\">\n\t\t\t\t<div class=\"elementor-widget-container\">\n\t\t\t\t\t<h4 class=\"elementor-heading-title elementor-size-default\">Inwazja<\/h4>\t\t\t\t<\/div>\n\t\t\t\t<\/div>\n\t\t\t\t\t<\/div>\n\t\t<\/div>\n\t\t\t\t\t<\/div>\n\t\t<\/section>\n\t\t\t\t<section class=\"elementor-section elementor-top-section elementor-element elementor-element-5df5314 elementor-section-boxed elementor-section-height-default elementor-section-height-default\" data-id=\"5df5314\" data-element_type=\"section\" data-e-type=\"section\">\n\t\t\t\t\t\t<div class=\"elementor-container elementor-column-gap-default\">\n\t\t\t\t\t<div class=\"elementor-column elementor-col-100 elementor-top-column elementor-element elementor-element-11d24f0\" data-id=\"11d24f0\" data-element_type=\"column\" data-e-type=\"column\">\n\t\t\t<div class=\"elementor-widget-wrap elementor-element-populated\">\n\t\t\t\t\t\t<div class=\"elementor-element elementor-element-1725b87 elementor-widget elementor-widget-image\" data-id=\"1725b87\" data-element_type=\"widget\" data-e-type=\"widget\" data-widget_type=\"image.default\">\n\t\t\t\t<div class=\"elementor-widget-container\">\n\t\t\t\t\t\t\t\t\t\t\t\t<figure class=\"wp-caption\">\n\t\t\t\t\t\t\t\t\t\t\t<a href=\"https:\/\/mwb.com.pl\/re\/wp-content\/uploads\/2023\/07\/2-1.jpg\" data-elementor-open-lightbox=\"yes\" data-elementor-lightbox-title=\"Norwescy cywile uciekaj\u0105cy z Narwiku\" data-e-action-hash=\"#elementor-action%3Aaction%3Dlightbox%26settings%3DeyJpZCI6MjA1NiwidXJsIjoiaHR0cHM6XC9cL213Yi5jb20ucGxcL3JlXC93cC1jb250ZW50XC91cGxvYWRzXC8yMDIzXC8wN1wvMi0xLmpwZyJ9\">\n\t\t\t\t\t\t\t<img decoding=\"async\" src=\"https:\/\/mwb.com.pl\/re\/wp-content\/uploads\/elementor\/thumbs\/2-1-qa7rtzgmcucskh7apxx8bw0bwfrh3x2orwakf1proa.jpg\" title=\"Norwescy cywile uciekaj\u0105cy z Narwiku\" alt=\"Norwescy cywile uciekaj\u0105cy z Narwiku\" loading=\"lazy\" \/>\t\t\t\t\t\t\t\t<\/a>\n\t\t\t\t\t\t\t\t\t\t\t<figcaption class=\"widget-image-caption wp-caption-text\">Norwescy cywile uciekaj\u0105cy z Narwiku<\/br>(Narodowe Archiwum Norwegii)<\/figcaption>\n\t\t\t\t\t\t\t\t\t\t<\/figure>\n\t\t\t\t\t\t\t\t\t<\/div>\n\t\t\t\t<\/div>\n\t\t\t\t\t<\/div>\n\t\t<\/div>\n\t\t\t\t\t<\/div>\n\t\t<\/section>\n\t\t\t\t<section class=\"elementor-section elementor-top-section elementor-element elementor-element-7e4c48c elementor-section-boxed elementor-section-height-default elementor-section-height-default\" data-id=\"7e4c48c\" data-element_type=\"section\" data-e-type=\"section\">\n\t\t\t\t\t\t<div class=\"elementor-container elementor-column-gap-default\">\n\t\t\t\t\t<div class=\"elementor-column elementor-col-100 elementor-top-column elementor-element elementor-element-0b30360\" data-id=\"0b30360\" data-element_type=\"column\" data-e-type=\"column\">\n\t\t\t<div class=\"elementor-widget-wrap elementor-element-populated\">\n\t\t\t\t\t\t<div class=\"elementor-element elementor-element-3103fb9 elementor-widget elementor-widget-text-editor\" data-id=\"3103fb9\" data-element_type=\"widget\" data-e-type=\"widget\" data-widget_type=\"text-editor.default\">\n\t\t\t\t<div class=\"elementor-widget-container\">\n\t\t\t\t\t\t\t\t\t<p>Aby uzyska\u0107 kontrol\u0119 nad dostawami szwedzkich rud \u017celaza z norweskiego Narwiku, oraz kontrol\u0119 nad norwesk\u0105 lini\u0105 brzegow\u0105, Wermacht zaplanowa\u0142 \u201eOperacj\u0119 Weser\u00fcbung\u201d &#8211; inwazj\u0119 na Dani\u0119 i Norwegi\u0119. Brytyjczycy, ze swojej strony, chcieli powstrzyma\u0107 Niemc\u00f3w od kontrolowania wybrze\u017ca Norwegii. Starcie dw\u00f3ch mocarstw doprowadzi\u0142o do wci\u0105gni\u0119cia Norwegii w drug\u0105 wojn\u0119 \u015bwiatow\u0105.<\/p><p>9 kwietnia 1940 r. si\u0142y niemieckie zaatakowa\u0142y Norwegi\u0119, za cel obieraj\u0105c okupacj\u0119 najwa\u017cniejszych miast. Operacja okaza\u0142a si\u0119 zaskoczeniem dla norweskich w\u0142adz i w ci\u0105gu kilku dni wi\u0119kszo\u015b\u0107 cel\u00f3w naje\u017ad\u017ac\u00f3w zosta\u0142a osi\u0105gni\u0119ta. Wyj\u0105tkiem by\u0142o Oslo, gdzie niemiecki kr\u0105\u017cownik \u201eBl\u00fccher\u201d zosta\u0142 zatopiony w cie\u015bnienie Dr\u00f8bak, daj\u0105c tym samym czas na opuszczenie miasta cz\u0142onkom rz\u0105du, parlamentu i rodziny kr\u00f3lewskiej.<\/p><p>Si\u0142y norweskie stawia\u0142y zaci\u0119ty op\u00f3r, szczeg\u00f3lnie na p\u00f3\u0142nocy kraju. Celem gen. Staffa sta\u0142o si\u0119 op\u00f3\u017anienie natarcia niemieckiego do momentu przybycie oddzia\u0142\u00f3w alianckich. Najci\u0119\u017csze walki toczy\u0142y si\u0119 w Narwiku, gdzie na pomoc Norwegom ruszy\u0142y si\u0142y brytyjskie, francuskie i polskie, wypieraj\u0105c oddzia\u0142y austriackich strzelc\u00f3w alpejskich z miasta.<\/p><p>Na wie\u015b\u0107 o ataku Niemc\u00f3w na Francj\u0119, \u017co\u0142nierze alianccy opu\u015bcili Norwegi\u0119, aby walczy\u0107 na kontynencie. Si\u0142y norweskie, nie b\u0119d\u0105c w stanie samodzielnie stawi\u0107 oporu Wermachtowi, podda\u0142y si\u0119 10 czerwca. 23 norweskie miasta i miasteczka zosta\u0142 ca\u0142kowicie lub cz\u0119\u015bciowo zniszczone w wyniku bombardowa\u0144 i dzia\u0142a\u0144 wojennych. Rz\u0105d i rodzina kr\u00f3lewska uciekli do Anglii i za\u0142o\u017cyli rz\u0105d na uchod\u017astwie w celu kontynuowania walki.<\/p>\t\t\t\t\t\t\t\t<\/div>\n\t\t\t\t<\/div>\n\t\t\t\t\t<\/div>\n\t\t<\/div>\n\t\t\t\t\t<\/div>\n\t\t<\/section>\n\t\t\t\t<section class=\"elementor-section elementor-top-section elementor-element elementor-element-a35a681 elementor-section-boxed elementor-section-height-default elementor-section-height-default\" data-id=\"a35a681\" data-element_type=\"section\" data-e-type=\"section\">\n\t\t\t\t\t\t<div class=\"elementor-container elementor-column-gap-default\">\n\t\t\t\t\t<div class=\"elementor-column elementor-col-50 elementor-top-column elementor-element elementor-element-9094d6a\" data-id=\"9094d6a\" data-element_type=\"column\" data-e-type=\"column\">\n\t\t\t<div class=\"elementor-widget-wrap elementor-element-populated\">\n\t\t\t\t\t\t<div class=\"elementor-element elementor-element-dc157a2 elementor-align-center elementor-widget__width-initial elementor-widget elementor-widget-button\" data-id=\"dc157a2\" data-element_type=\"widget\" data-e-type=\"widget\" data-widget_type=\"button.default\">\n\t\t\t\t<div class=\"elementor-widget-container\">\n\t\t\t\t\t\t\t\t\t<div class=\"elementor-button-wrapper\">\n\t\t\t\t\t<a class=\"elementor-button elementor-button-link elementor-size-sm\" href=\"https:\/\/mwb.com.pl\/re\/wystawa\">\n\t\t\t\t\t\t<span class=\"elementor-button-content-wrapper\">\n\t\t\t\t\t\t\t\t\t<span class=\"elementor-button-text\">Powr\u00f3t<\/span>\n\t\t\t\t\t<\/span>\n\t\t\t\t\t<\/a>\n\t\t\t\t<\/div>\n\t\t\t\t\t\t\t\t<\/div>\n\t\t\t\t<\/div>\n\t\t\t\t\t<\/div>\n\t\t<\/div>\n\t\t\t\t<div class=\"elementor-column elementor-col-50 elementor-top-column elementor-element elementor-element-6faca06\" data-id=\"6faca06\" data-element_type=\"column\" data-e-type=\"column\">\n\t\t\t<div class=\"elementor-widget-wrap elementor-element-populated\">\n\t\t\t\t\t\t<div class=\"elementor-element elementor-element-9fb5eea elementor-align-center elementor-widget__width-initial elementor-widget elementor-widget-button\" data-id=\"9fb5eea\" data-element_type=\"widget\" data-e-type=\"widget\" data-widget_type=\"button.default\">\n\t\t\t\t<div class=\"elementor-widget-container\">\n\t\t\t\t\t\t\t\t\t<div class=\"elementor-button-wrapper\">\n\t\t\t\t\t<a class=\"elementor-button elementor-button-link elementor-size-sm\" href=\"https:\/\/mwb.com.pl\/re\/wystawa\/rzezbiony-niemiecki-orzel-ze-swastyka\/\">\n\t\t\t\t\t\t<span class=\"elementor-button-content-wrapper\">\n\t\t\t\t\t\t\t\t\t<span class=\"elementor-button-text\">Dalej<\/span>\n\t\t\t\t\t<\/span>\n\t\t\t\t\t<\/a>\n\t\t\t\t<\/div>\n\t\t\t\t\t\t\t\t<\/div>\n\t\t\t\t<\/div>\n\t\t\t\t\t<\/div>\n\t\t<\/div>\n\t\t\t\t\t<\/div>\n\t\t<\/section>\n\t\t\t\t<\/div>\n\t\t","protected":false},"excerpt":{"rendered":"<p>Inwazja Norwescy cywile uciekaj\u0105cy z Narwiku(Narodowe Archiwum Norwegii) Aby uzyska\u0107 kontrol\u0119 nad dostawami szwedzkich rud \u017celaza z norweskiego Narwiku, oraz kontrol\u0119 nad [&hellip;]<\/p>\n","protected":false},"author":1,"featured_media":0,"parent":726,"menu_order":0,"comment_status":"closed","ping_status":"closed","template":"page-templates\/page_front-page.php","meta":{"footnotes":""},"class_list":["post-2054","page","type-page","status-publish","hentry"],"_links":{"self":[{"href":"https:\/\/mwb.com.pl\/re\/wp-json\/wp\/v2\/pages\/2054","targetHints":{"allow":["GET"]}}],"collection":[{"href":"https:\/\/mwb.com.pl\/re\/wp-json\/wp\/v2\/pages"}],"about":[{"href":"https:\/\/mwb.com.pl\/re\/wp-json\/wp\/v2\/types\/page"}],"author":[{"embeddable":true,"href":"https:\/\/mwb.com.pl\/re\/wp-json\/wp\/v2\/users\/1"}],"replies":[{"embeddable":true,"href":"https:\/\/mwb.com.pl\/re\/wp-json\/wp\/v2\/comments?post=2054"}],"version-history":[{"count":10,"href":"https:\/\/mwb.com.pl\/re\/wp-json\/wp\/v2\/pages\/2054\/revisions"}],"predecessor-version":[{"id":2376,"href":"https:\/\/mwb.com.pl\/re\/wp-json\/wp\/v2\/pages\/2054\/revisions\/2376"}],"up":[{"embeddable":true,"href":"https:\/\/mwb.com.pl\/re\/wp-json\/wp\/v2\/pages\/726"}],"wp:attachment":[{"href":"https:\/\/mwb.com.pl\/re\/wp-json\/wp\/v2\/media?parent=2054"}],"curies":[{"name":"wp","href":"https:\/\/api.w.org\/{rel}","templated":true}]}}