{"id":2040,"date":"2023-07-31T09:56:25","date_gmt":"2023-07-31T07:56:25","guid":{"rendered":"https:\/\/mwb.com.pl\/re\/?page_id=2040"},"modified":"2023-08-01T12:34:42","modified_gmt":"2023-08-01T10:34:42","slug":"przed-burza-2","status":"publish","type":"page","link":"https:\/\/mwb.com.pl\/re\/wystawa\/przed-burza-2\/","title":{"rendered":"Przed burz\u0105"},"content":{"rendered":"\t\t<div data-elementor-type=\"wp-page\" data-elementor-id=\"2040\" class=\"elementor elementor-2040\">\n\t\t\t\t\t\t<section class=\"elementor-section elementor-top-section elementor-element elementor-element-c4525ca elementor-section-boxed elementor-section-height-default elementor-section-height-default\" data-id=\"c4525ca\" data-element_type=\"section\" data-e-type=\"section\">\n\t\t\t\t\t\t<div class=\"elementor-container elementor-column-gap-default\">\n\t\t\t\t\t<div class=\"elementor-column elementor-col-100 elementor-top-column elementor-element elementor-element-524fa09\" data-id=\"524fa09\" data-element_type=\"column\" data-e-type=\"column\">\n\t\t\t<div class=\"elementor-widget-wrap elementor-element-populated\">\n\t\t\t\t\t\t<div class=\"elementor-element elementor-element-a003e20 elementor-widget elementor-widget-heading\" data-id=\"a003e20\" data-element_type=\"widget\" data-e-type=\"widget\" data-widget_type=\"heading.default\">\n\t\t\t\t<div class=\"elementor-widget-container\">\n\t\t\t\t\t<h4 class=\"elementor-heading-title elementor-size-default\">Przed burz\u0105<\/h4>\t\t\t\t<\/div>\n\t\t\t\t<\/div>\n\t\t\t\t\t<\/div>\n\t\t<\/div>\n\t\t\t\t\t<\/div>\n\t\t<\/section>\n\t\t\t\t<section class=\"elementor-section elementor-top-section elementor-element elementor-element-1d8ee21 elementor-section-boxed elementor-section-height-default elementor-section-height-default\" data-id=\"1d8ee21\" data-element_type=\"section\" data-e-type=\"section\">\n\t\t\t\t\t\t<div class=\"elementor-container elementor-column-gap-default\">\n\t\t\t\t\t<div class=\"elementor-column elementor-col-100 elementor-top-column elementor-element elementor-element-54111ce\" data-id=\"54111ce\" data-element_type=\"column\" data-e-type=\"column\">\n\t\t\t<div class=\"elementor-widget-wrap elementor-element-populated\">\n\t\t\t\t\t\t<div class=\"elementor-element elementor-element-50436cc elementor-widget elementor-widget-image\" data-id=\"50436cc\" data-element_type=\"widget\" data-e-type=\"widget\" data-widget_type=\"image.default\">\n\t\t\t\t<div class=\"elementor-widget-container\">\n\t\t\t\t\t\t\t\t\t\t\t\t<figure class=\"wp-caption\">\n\t\t\t\t\t\t\t\t\t\t\t<a href=\"https:\/\/mwb.com.pl\/re\/wp-content\/uploads\/2023\/07\/1-1.jpg\" data-elementor-open-lightbox=\"yes\" data-elementor-lightbox-title=\"Wi\u0119kszo\u015b\u0107 miast w Norwegii sk\u0142ada\u0142a si\u0119 z drewnianych dom\u00f3w\" data-e-action-hash=\"#elementor-action%3Aaction%3Dlightbox%26settings%3DeyJpZCI6MjA0MiwidXJsIjoiaHR0cHM6XC9cL213Yi5jb20ucGxcL3JlXC93cC1jb250ZW50XC91cGxvYWRzXC8yMDIzXC8wN1wvMS0xLmpwZyJ9\">\n\t\t\t\t\t\t\t<img decoding=\"async\" src=\"https:\/\/mwb.com.pl\/re\/wp-content\/uploads\/elementor\/thumbs\/1-1-qa7qbb6ktrid90mbzb4gaop3zl8vdq0r9a7thms4bs.jpg\" title=\"Wi\u0119kszo\u015b\u0107 miast w Norwegii sk\u0142ada\u0142a si\u0119 z drewnianych dom\u00f3w\" alt=\"Wi\u0119kszo\u015b\u0107 miast w Norwegii sk\u0142ada\u0142a si\u0119 z drewnianych dom\u00f3w\" loading=\"lazy\" \/>\t\t\t\t\t\t\t\t<\/a>\n\t\t\t\t\t\t\t\t\t\t\t<figcaption class=\"widget-image-caption wp-caption-text\">Wi\u0119kszo\u015b\u0107 miast w Norwegii sk\u0142ada\u0142a si\u0119 z drewnianych dom\u00f3w<\/br>(Archiwum Miejskie w Trondheim)<\/figcaption>\n\t\t\t\t\t\t\t\t\t\t<\/figure>\n\t\t\t\t\t\t\t\t\t<\/div>\n\t\t\t\t<\/div>\n\t\t\t\t\t<\/div>\n\t\t<\/div>\n\t\t\t\t\t<\/div>\n\t\t<\/section>\n\t\t\t\t<section class=\"elementor-section elementor-top-section elementor-element elementor-element-9fb996d elementor-section-boxed elementor-section-height-default elementor-section-height-default\" data-id=\"9fb996d\" data-element_type=\"section\" data-e-type=\"section\">\n\t\t\t\t\t\t<div class=\"elementor-container elementor-column-gap-default\">\n\t\t\t\t\t<div class=\"elementor-column elementor-col-100 elementor-top-column elementor-element elementor-element-ca8bcf8\" data-id=\"ca8bcf8\" data-element_type=\"column\" data-e-type=\"column\">\n\t\t\t<div class=\"elementor-widget-wrap elementor-element-populated\">\n\t\t\t\t\t\t<div class=\"elementor-element elementor-element-b93b300 elementor-widget elementor-widget-text-editor\" data-id=\"b93b300\" data-element_type=\"widget\" data-e-type=\"widget\" data-widget_type=\"text-editor.default\">\n\t\t\t\t<div class=\"elementor-widget-container\">\n\t\t\t\t\t\t\t\t\t<p>Przed wybuchem drugiej wojny \u015bwiatowej Norwegia prowadzi\u0142a polityk\u0119 neutralno\u015bci. Jej celem by\u0142o unikanie konflikt\u00f3w na kontynencie, tak jak podczas pierwszej wojny \u015bwiatowej. Norweska polityka by\u0142a krytykowana z perspektywy czasu, poniewa\u017c obni\u017cenie priorytetu si\u0142 zbrojnych znacznie zmniejszy\u0142o mo\u017cliwo\u015bci obronne kraju, a tym samym mo\u017cliwo\u015b\u0107 zachowania neutralno\u015bci. Norweskie w\u0142adze nie doceni\u0142y r\u00f3wnie\u017c wystarczaj\u0105co strategicznego znaczenia kraju dla europejskich mocarstw.<\/p><p>Dow\u00f3dztwo armii niemieckiej mia\u0142o trzy wa\u017cne, strategiczne powody do zaj\u0119cia Norwegii: 1) D\u0142uga norweska linia brzegowa by\u0142aby dobrym zapleczem dla niemieckiej marynarki w wojnie przeciwko Wielkiej Brytanii; 2) Norwegia by\u0142a p\u00f3\u0142nocn\u0105 flank\u0105 w spodziewanej konfrontacji ze Zwi\u0105zkiem Radzieckim; 3) Kluczowe by\u0142o zabezpieczenie dostaw rudy \u017celaza z Narwiku do Niemiec. Dlatego te\u017c dla aliant\u00f3w by\u0142o r\u00f3wnie wa\u017cne, aby powstrzyma\u0107 wkroczenie Niemc\u00f3w do kraju.<br \/><br \/>Norwegia sta\u0142a si\u0119 mimowolnym pionkiem w grze mocarstw.<\/p>\t\t\t\t\t\t\t\t<\/div>\n\t\t\t\t<\/div>\n\t\t\t\t\t<\/div>\n\t\t<\/div>\n\t\t\t\t\t<\/div>\n\t\t<\/section>\n\t\t\t\t<section class=\"elementor-section elementor-top-section elementor-element elementor-element-7a594bd elementor-section-boxed elementor-section-height-default elementor-section-height-default\" data-id=\"7a594bd\" data-element_type=\"section\" data-e-type=\"section\">\n\t\t\t\t\t\t<div class=\"elementor-container elementor-column-gap-default\">\n\t\t\t\t\t<div class=\"elementor-column elementor-col-50 elementor-top-column elementor-element elementor-element-62b7fcb\" data-id=\"62b7fcb\" data-element_type=\"column\" data-e-type=\"column\">\n\t\t\t<div class=\"elementor-widget-wrap elementor-element-populated\">\n\t\t\t\t\t\t<div class=\"elementor-element elementor-element-bf9e96d elementor-align-center elementor-widget__width-initial elementor-widget elementor-widget-button\" data-id=\"bf9e96d\" data-element_type=\"widget\" data-e-type=\"widget\" data-widget_type=\"button.default\">\n\t\t\t\t<div class=\"elementor-widget-container\">\n\t\t\t\t\t\t\t\t\t<div class=\"elementor-button-wrapper\">\n\t\t\t\t\t<a class=\"elementor-button elementor-button-link elementor-size-sm\" href=\"https:\/\/mwb.com.pl\/re\/wystawa\">\n\t\t\t\t\t\t<span class=\"elementor-button-content-wrapper\">\n\t\t\t\t\t\t\t\t\t<span class=\"elementor-button-text\">Powr\u00f3t<\/span>\n\t\t\t\t\t<\/span>\n\t\t\t\t\t<\/a>\n\t\t\t\t<\/div>\n\t\t\t\t\t\t\t\t<\/div>\n\t\t\t\t<\/div>\n\t\t\t\t\t<\/div>\n\t\t<\/div>\n\t\t\t\t<div class=\"elementor-column elementor-col-50 elementor-top-column elementor-element elementor-element-025b388\" data-id=\"025b388\" data-element_type=\"column\" data-e-type=\"column\">\n\t\t\t<div class=\"elementor-widget-wrap elementor-element-populated\">\n\t\t\t\t\t\t<div class=\"elementor-element elementor-element-cd1e228 elementor-align-center elementor-widget__width-initial elementor-widget elementor-widget-button\" data-id=\"cd1e228\" data-element_type=\"widget\" data-e-type=\"widget\" data-widget_type=\"button.default\">\n\t\t\t\t<div class=\"elementor-widget-container\">\n\t\t\t\t\t\t\t\t\t<div class=\"elementor-button-wrapper\">\n\t\t\t\t\t<a class=\"elementor-button elementor-button-link elementor-size-sm\" href=\"https:\/\/mwb.com.pl\/re\/wystawa\/inwazja\/\">\n\t\t\t\t\t\t<span class=\"elementor-button-content-wrapper\">\n\t\t\t\t\t\t\t\t\t<span class=\"elementor-button-text\">Dalej<\/span>\n\t\t\t\t\t<\/span>\n\t\t\t\t\t<\/a>\n\t\t\t\t<\/div>\n\t\t\t\t\t\t\t\t<\/div>\n\t\t\t\t<\/div>\n\t\t\t\t\t<\/div>\n\t\t<\/div>\n\t\t\t\t\t<\/div>\n\t\t<\/section>\n\t\t\t\t<\/div>\n\t\t","protected":false},"excerpt":{"rendered":"<p>Przed burz\u0105 Wi\u0119kszo\u015b\u0107 miast w Norwegii sk\u0142ada\u0142a si\u0119 z drewnianych dom\u00f3w(Archiwum Miejskie w Trondheim) Przed wybuchem drugiej wojny \u015bwiatowej Norwegia prowadzi\u0142a polityk\u0119 [&hellip;]<\/p>\n","protected":false},"author":1,"featured_media":0,"parent":726,"menu_order":0,"comment_status":"closed","ping_status":"closed","template":"page-templates\/page_front-page.php","meta":{"footnotes":""},"class_list":["post-2040","page","type-page","status-publish","hentry"],"_links":{"self":[{"href":"https:\/\/mwb.com.pl\/re\/wp-json\/wp\/v2\/pages\/2040","targetHints":{"allow":["GET"]}}],"collection":[{"href":"https:\/\/mwb.com.pl\/re\/wp-json\/wp\/v2\/pages"}],"about":[{"href":"https:\/\/mwb.com.pl\/re\/wp-json\/wp\/v2\/types\/page"}],"author":[{"embeddable":true,"href":"https:\/\/mwb.com.pl\/re\/wp-json\/wp\/v2\/users\/1"}],"replies":[{"embeddable":true,"href":"https:\/\/mwb.com.pl\/re\/wp-json\/wp\/v2\/comments?post=2040"}],"version-history":[{"count":16,"href":"https:\/\/mwb.com.pl\/re\/wp-json\/wp\/v2\/pages\/2040\/revisions"}],"predecessor-version":[{"id":2357,"href":"https:\/\/mwb.com.pl\/re\/wp-json\/wp\/v2\/pages\/2040\/revisions\/2357"}],"up":[{"embeddable":true,"href":"https:\/\/mwb.com.pl\/re\/wp-json\/wp\/v2\/pages\/726"}],"wp:attachment":[{"href":"https:\/\/mwb.com.pl\/re\/wp-json\/wp\/v2\/media?parent=2040"}],"curies":[{"name":"wp","href":"https:\/\/api.w.org\/{rel}","templated":true}]}}