{"id":19,"date":"2023-01-17T14:48:52","date_gmt":"2023-01-17T13:48:52","guid":{"rendered":"https:\/\/mwb.com.pl\/re\/?page_id=19"},"modified":"2023-08-01T14:06:57","modified_gmt":"2023-08-01T12:06:57","slug":"kontakt","status":"publish","type":"page","link":"https:\/\/mwb.com.pl\/re\/kontakt\/","title":{"rendered":"Kontakt"},"content":{"rendered":"\t\t<div data-elementor-type=\"wp-page\" data-elementor-id=\"19\" class=\"elementor elementor-19\">\n\t\t\t\t\t\t<section class=\"elementor-section elementor-top-section elementor-element elementor-element-a0e3c64 elementor-section-boxed elementor-section-height-default elementor-section-height-default\" data-id=\"a0e3c64\" data-element_type=\"section\" data-e-type=\"section\">\n\t\t\t\t\t\t<div class=\"elementor-container elementor-column-gap-default\">\n\t\t\t\t\t<div class=\"elementor-column elementor-col-100 elementor-top-column elementor-element elementor-element-e8a2b34\" data-id=\"e8a2b34\" data-element_type=\"column\" data-e-type=\"column\">\n\t\t\t<div class=\"elementor-widget-wrap elementor-element-populated\">\n\t\t\t\t\t\t<div class=\"elementor-element elementor-element-797f512 elementor-widget elementor-widget-heading\" data-id=\"797f512\" data-element_type=\"widget\" data-e-type=\"widget\" data-widget_type=\"heading.default\">\n\t\t\t\t<div class=\"elementor-widget-container\">\n\t\t\t\t\t<h4 class=\"elementor-heading-title elementor-size-default\">Kontakt<\/h4>\t\t\t\t<\/div>\n\t\t\t\t<\/div>\n\t\t\t\t\t<\/div>\n\t\t<\/div>\n\t\t\t\t\t<\/div>\n\t\t<\/section>\n\t\t\t\t<section class=\"elementor-section elementor-top-section elementor-element elementor-element-fe0539b elementor-section-boxed elementor-section-height-default elementor-section-height-default\" data-id=\"fe0539b\" data-element_type=\"section\" data-e-type=\"section\">\n\t\t\t\t\t\t<div class=\"elementor-container elementor-column-gap-default\">\n\t\t\t\t\t<div class=\"elementor-column elementor-col-100 elementor-top-column elementor-element elementor-element-d30da3e\" data-id=\"d30da3e\" data-element_type=\"column\" data-e-type=\"column\">\n\t\t\t<div class=\"elementor-widget-wrap elementor-element-populated\">\n\t\t\t\t\t\t<div class=\"elementor-element elementor-element-11bff9c elementor-widget elementor-widget-text-editor\" data-id=\"11bff9c\" data-element_type=\"widget\" data-e-type=\"widget\" data-widget_type=\"text-editor.default\">\n\t\t\t\t<div class=\"elementor-widget-container\">\n\t\t\t\t\t\t\t\t\t<p><strong>Koordynator projektu:<\/strong><br \/>Marzena Wilczko<br \/>mwilczko@mwb.com.pl<br \/>tel. 536 123 424<\/p><p><strong>Strona internetowa:<\/strong><br \/>Beata Wi\u015bniewska-Lewoc<br \/>blewoc@mwb.com.pl<br \/>tel. 85 741 64 49 wew. 23<\/p><p>Muzeum Wojska w Bia\u0142ymstoku<br \/>www.mwb.com.pl<\/p><p><strong>Autorzy <a href=\"https:\/\/mwb.com.pl\/re\/wystawa\" target=\"_self\" rel=\"noopener noreferrer\">wystawy<\/a>:<\/strong><\/p><p class=\"v1MsoNormal\"><strong>Opracowanie merytoryczne:<\/strong><\/p><p class=\"v1MsoNormal\">Kristoffer Eliassen Grini (Centrum Falstad),<br \/>Piotr Bia\u0142okozowicz, R\u00f3\u017ca Gajek (Muzeum Wojska w Bia\u0142ymstoku)<\/p><p class=\"v1MsoNormal\"><strong>Opracowanie graficzne:<\/strong><\/p><p class=\"v1MsoNormal\">Barbara Bielawiec<\/p><p class=\"v1MsoNormal\"><strong>Konsultacje:<\/strong><\/p><p class=\"v1MsoNormal\">\u0141ukasz Radulski (Muzeum Wojska w Bia\u0142ymstoku), Pia Haugdal Wee (Centrum Falstad)<\/p>\t\t\t\t\t\t\t\t<\/div>\n\t\t\t\t<\/div>\n\t\t\t\t\t<\/div>\n\t\t<\/div>\n\t\t\t\t\t<\/div>\n\t\t<\/section>\n\t\t\t\t<\/div>\n\t\t","protected":false},"excerpt":{"rendered":"<p>Kontakt Koordynator projektu:Marzena Wilczkomwilczko@mwb.com.pltel. 536 123 424 Strona internetowa:Beata Wi\u015bniewska-Lewocblewoc@mwb.com.pltel. 85 741 64 49 wew. 23 Muzeum Wojska w Bia\u0142ymstokuwww.mwb.com.pl Autorzy wystawy: [&hellip;]<\/p>\n","protected":false},"author":1,"featured_media":0,"parent":0,"menu_order":0,"comment_status":"closed","ping_status":"closed","template":"page-templates\/page_front-page.php","meta":{"footnotes":""},"class_list":["post-19","page","type-page","status-publish","hentry"],"_links":{"self":[{"href":"https:\/\/mwb.com.pl\/re\/wp-json\/wp\/v2\/pages\/19","targetHints":{"allow":["GET"]}}],"collection":[{"href":"https:\/\/mwb.com.pl\/re\/wp-json\/wp\/v2\/pages"}],"about":[{"href":"https:\/\/mwb.com.pl\/re\/wp-json\/wp\/v2\/types\/page"}],"author":[{"embeddable":true,"href":"https:\/\/mwb.com.pl\/re\/wp-json\/wp\/v2\/users\/1"}],"replies":[{"embeddable":true,"href":"https:\/\/mwb.com.pl\/re\/wp-json\/wp\/v2\/comments?post=19"}],"version-history":[{"count":16,"href":"https:\/\/mwb.com.pl\/re\/wp-json\/wp\/v2\/pages\/19\/revisions"}],"predecessor-version":[{"id":2403,"href":"https:\/\/mwb.com.pl\/re\/wp-json\/wp\/v2\/pages\/19\/revisions\/2403"}],"wp:attachment":[{"href":"https:\/\/mwb.com.pl\/re\/wp-json\/wp\/v2\/media?parent=19"}],"curies":[{"name":"wp","href":"https:\/\/api.w.org\/{rel}","templated":true}]}}