{"id":17,"date":"2023-01-17T14:48:34","date_gmt":"2023-01-17T13:48:34","guid":{"rendered":"https:\/\/mwb.com.pl\/re\/?page_id=17"},"modified":"2023-03-10T13:00:04","modified_gmt":"2023-03-10T12:00:04","slug":"partnerzy","status":"publish","type":"page","link":"https:\/\/mwb.com.pl\/re\/partnerzy\/","title":{"rendered":"Partnerzy"},"content":{"rendered":"\t\t<div data-elementor-type=\"wp-page\" data-elementor-id=\"17\" class=\"elementor elementor-17\">\n\t\t\t\t\t\t<section class=\"elementor-section elementor-top-section elementor-element elementor-element-8239525 elementor-section-boxed elementor-section-height-default elementor-section-height-default\" data-id=\"8239525\" data-element_type=\"section\" data-e-type=\"section\">\n\t\t\t\t\t\t<div class=\"elementor-container elementor-column-gap-default\">\n\t\t\t\t\t<div class=\"elementor-column elementor-col-100 elementor-top-column elementor-element elementor-element-820478d\" data-id=\"820478d\" data-element_type=\"column\" data-e-type=\"column\">\n\t\t\t<div class=\"elementor-widget-wrap elementor-element-populated\">\n\t\t\t\t\t\t<div class=\"elementor-element elementor-element-ea49bdc elementor-widget elementor-widget-heading\" data-id=\"ea49bdc\" data-element_type=\"widget\" data-e-type=\"widget\" data-widget_type=\"heading.default\">\n\t\t\t\t<div class=\"elementor-widget-container\">\n\t\t\t\t\t<h4 class=\"elementor-heading-title elementor-size-default\">Partnerzy<\/h4>\t\t\t\t<\/div>\n\t\t\t\t<\/div>\n\t\t\t\t\t<\/div>\n\t\t<\/div>\n\t\t\t\t\t<\/div>\n\t\t<\/section>\n\t\t\t\t<section class=\"elementor-section elementor-top-section elementor-element elementor-element-ba65024 elementor-section-boxed elementor-section-height-default elementor-section-height-default\" data-id=\"ba65024\" data-element_type=\"section\" data-e-type=\"section\">\n\t\t\t\t\t\t<div class=\"elementor-container elementor-column-gap-default\">\n\t\t\t\t\t<div class=\"elementor-column elementor-col-100 elementor-top-column elementor-element elementor-element-2d8e248\" data-id=\"2d8e248\" data-element_type=\"column\" data-e-type=\"column\">\n\t\t\t<div class=\"elementor-widget-wrap elementor-element-populated\">\n\t\t\t\t\t\t<div class=\"elementor-element elementor-element-2fb5f66 elementor-widget elementor-widget-heading\" data-id=\"2fb5f66\" data-element_type=\"widget\" data-e-type=\"widget\" data-widget_type=\"heading.default\">\n\t\t\t\t<div class=\"elementor-widget-container\">\n\t\t\t\t\t<h5 class=\"elementor-heading-title elementor-size-default\">Centrum Falstad<\/h5>\t\t\t\t<\/div>\n\t\t\t\t<\/div>\n\t\t\t\t\t<\/div>\n\t\t<\/div>\n\t\t\t\t\t<\/div>\n\t\t<\/section>\n\t\t\t\t<section class=\"elementor-section elementor-top-section elementor-element elementor-element-c904afb elementor-section-boxed elementor-section-height-default elementor-section-height-default\" data-id=\"c904afb\" data-element_type=\"section\" data-e-type=\"section\">\n\t\t\t\t\t\t<div class=\"elementor-container elementor-column-gap-default\">\n\t\t\t\t\t<div class=\"elementor-column elementor-col-100 elementor-top-column elementor-element elementor-element-c8fe6a4\" data-id=\"c8fe6a4\" data-element_type=\"column\" data-e-type=\"column\">\n\t\t\t<div class=\"elementor-widget-wrap elementor-element-populated\">\n\t\t\t\t\t\t<div class=\"elementor-element elementor-element-aee51d2 elementor-widget elementor-widget-image\" data-id=\"aee51d2\" data-element_type=\"widget\" data-e-type=\"widget\" data-widget_type=\"image.default\">\n\t\t\t\t<div class=\"elementor-widget-container\">\n\t\t\t\t\t\t\t\t\t\t\t\t\t\t\t\t<a href=\"https:\/\/falstadsenteret.no\/en\/frontpage\">\n\t\t\t\t\t\t\t<img decoding=\"async\" width=\"200\" height=\"150\" src=\"https:\/\/mwb.com.pl\/re\/wp-content\/uploads\/2023\/02\/falstad200.jpg\" class=\"attachment-medium size-medium wp-image-313\" alt=\"Falstad\" \/>\t\t\t\t\t\t\t\t<\/a>\n\t\t\t\t\t\t\t\t\t\t\t\t\t\t\t<\/div>\n\t\t\t\t<\/div>\n\t\t\t\t\t<\/div>\n\t\t<\/div>\n\t\t\t\t\t<\/div>\n\t\t<\/section>\n\t\t\t\t<section class=\"elementor-section elementor-top-section elementor-element elementor-element-03deecd elementor-section-boxed elementor-section-height-default elementor-section-height-default\" data-id=\"03deecd\" data-element_type=\"section\" data-e-type=\"section\">\n\t\t\t\t\t\t<div class=\"elementor-container elementor-column-gap-default\">\n\t\t\t\t\t<div class=\"elementor-column elementor-col-100 elementor-top-column elementor-element elementor-element-591eba8\" data-id=\"591eba8\" data-element_type=\"column\" data-e-type=\"column\">\n\t\t\t<div class=\"elementor-widget-wrap elementor-element-populated\">\n\t\t\t\t\t\t<div class=\"elementor-element elementor-element-f67fa7a elementor-widget elementor-widget-text-editor\" data-id=\"f67fa7a\" data-element_type=\"widget\" data-e-type=\"widget\" data-widget_type=\"text-editor.default\">\n\t\t\t\t<div class=\"elementor-widget-container\">\n\t\t\t\t\t\t\t\t\t<p>Centrum Falstad zajmuje si\u0119 badaniem i upowszechnianiem wiedzy na temat historii obozowej i praw cz\u0142owieka w czasach II Wojny \u015awiatowej. Fundacja posiada du\u017ce do\u015bwiadczenie w obszarze metodologii partycypacyjnych w edukacji pami\u0119ci, jak r\u00f3wnie\u017c w zakresie partnerstwa w licznych projektach interdyscyplinarnych, zar\u00f3wno krajowych jak i mi\u0119dzynarodowych. Falstad jest tak\u017ce instytutem badawczym.<br \/>Centrum zosta\u0142o za\u0142o\u017cone w 2000 r. na terenie by\u0142ego obozu koncentracyjnego SS Falstad dzia\u0142aj\u0105cego w okupowanej przez nazist\u00f3w Norwegii w latach 1941-1945. W tym okresie uwi\u0119ziono tam ponad 4000 os\u00f3b z 15 kraj\u00f3w.<br \/>Rol\u0105 partnera w projekcie b\u0119dzie dzielenie si\u0119 know-how w zakresie edukacji pami\u0119ci . Pracownicy b\u0119d\u0105 zaanga\u017cowani we wszystkie etapy projektu, realnie wp\u0142ywaj\u0105c na jego kszta\u0142t. Przeprowadz\u0105 dzia\u0142ania bezpo\u015brednie z odbiorcami w Ekne. Wezm\u0105 udzia\u0142 w tworzeniu efekt\u00f3w projektu: przewodnika po metodzie oraz strategii rozwoju publiczno\u015bci.<\/p>\t\t\t\t\t\t\t\t<\/div>\n\t\t\t\t<\/div>\n\t\t\t\t\t<\/div>\n\t\t<\/div>\n\t\t\t\t\t<\/div>\n\t\t<\/section>\n\t\t\t\t<section class=\"elementor-section elementor-top-section elementor-element elementor-element-a5557fc elementor-section-boxed elementor-section-height-default elementor-section-height-default\" data-id=\"a5557fc\" data-element_type=\"section\" data-e-type=\"section\">\n\t\t\t\t\t\t<div class=\"elementor-container elementor-column-gap-default\">\n\t\t\t\t\t<div class=\"elementor-column elementor-col-100 elementor-top-column elementor-element elementor-element-bd26df2\" data-id=\"bd26df2\" data-element_type=\"column\" data-e-type=\"column\">\n\t\t\t<div class=\"elementor-widget-wrap elementor-element-populated\">\n\t\t\t\t\t\t<div class=\"elementor-element elementor-element-f48015e elementor-widget elementor-widget-heading\" data-id=\"f48015e\" data-element_type=\"widget\" data-e-type=\"widget\" data-widget_type=\"heading.default\">\n\t\t\t\t<div class=\"elementor-widget-container\">\n\t\t\t\t\t<h5 class=\"elementor-heading-title elementor-size-default\">Ksi\u0105\u017cnica Podlaska im. \u0141ukasza G\u00f3rnickiego w Bia\u0142ymstoku<\/h5>\t\t\t\t<\/div>\n\t\t\t\t<\/div>\n\t\t\t\t\t<\/div>\n\t\t<\/div>\n\t\t\t\t\t<\/div>\n\t\t<\/section>\n\t\t\t\t<section class=\"elementor-section elementor-top-section elementor-element elementor-element-d3da2d6 elementor-section-boxed elementor-section-height-default elementor-section-height-default\" data-id=\"d3da2d6\" data-element_type=\"section\" data-e-type=\"section\">\n\t\t\t\t\t\t<div class=\"elementor-container elementor-column-gap-default\">\n\t\t\t\t\t<div class=\"elementor-column elementor-col-100 elementor-top-column elementor-element elementor-element-d17185d\" data-id=\"d17185d\" data-element_type=\"column\" data-e-type=\"column\">\n\t\t\t<div class=\"elementor-widget-wrap elementor-element-populated\">\n\t\t\t\t\t\t<div class=\"elementor-element elementor-element-d3b3b15 elementor-widget elementor-widget-image\" data-id=\"d3b3b15\" data-element_type=\"widget\" data-e-type=\"widget\" data-widget_type=\"image.default\">\n\t\t\t\t<div class=\"elementor-widget-container\">\n\t\t\t\t\t\t\t\t\t\t\t\t\t\t\t\t<a href=\"https:\/\/ksiaznicapodlaska.pl\/\">\n\t\t\t\t\t\t\t<img decoding=\"async\" width=\"200\" height=\"150\" src=\"https:\/\/mwb.com.pl\/re\/wp-content\/uploads\/2023\/02\/kp200.jpg\" class=\"attachment-medium size-medium wp-image-317\" alt=\"Ksi\u0105\u017cnica Podlaska\" \/>\t\t\t\t\t\t\t\t<\/a>\n\t\t\t\t\t\t\t\t\t\t\t\t\t\t\t<\/div>\n\t\t\t\t<\/div>\n\t\t\t\t\t<\/div>\n\t\t<\/div>\n\t\t\t\t\t<\/div>\n\t\t<\/section>\n\t\t\t\t<section class=\"elementor-section elementor-top-section elementor-element elementor-element-546f3c6 elementor-section-boxed elementor-section-height-default elementor-section-height-default\" data-id=\"546f3c6\" data-element_type=\"section\" data-e-type=\"section\">\n\t\t\t\t\t\t<div class=\"elementor-container elementor-column-gap-default\">\n\t\t\t\t\t<div class=\"elementor-column elementor-col-100 elementor-top-column elementor-element elementor-element-3da2d03\" data-id=\"3da2d03\" data-element_type=\"column\" data-e-type=\"column\">\n\t\t\t<div class=\"elementor-widget-wrap elementor-element-populated\">\n\t\t\t\t\t\t<div class=\"elementor-element elementor-element-b5cd46c elementor-widget elementor-widget-text-editor\" data-id=\"b5cd46c\" data-element_type=\"widget\" data-e-type=\"widget\" data-widget_type=\"text-editor.default\">\n\t\t\t\t<div class=\"elementor-widget-container\">\n\t\t\t\t\t\t\t\t\t<p>Ksi\u0105\u017cnica Podlaska jest samorz\u0105dow\u0105 instytucj\u0105 kultury wojew\u00f3dztwa podlaskiego. Celem dzia\u0142ania biblioteki jest zaspokajanie potrzeb informacyjnych, kulturalnych i samokszta\u0142ceniowych spo\u0142ecze\u0144stwa poprzez zapewnienie dost\u0119pu do materia\u0142\u00f3w bibliotecznych. Instytucja prowadzi dzia\u0142alno\u015b\u0107 kulturalno-o\u015bwiatow\u0105 kierowan\u0105 do wszystkich grup wiekowych w szczeg\u00f3lno\u015bci do dzieci i m\u0142odzie\u017cy oraz senior\u00f3w. Jest najwi\u0119ksz\u0105 bibliotek\u0105 w regionie Polski p\u00f3\u0142nocno-wschodniej. Jest miejscem wydarze\u0144 wa\u017cnych dla rozwoju i promocji kultury. Organizowane s\u0105 w niej promocje ksi\u0105\u017cek, wyk\u0142ady, spotkania literackie, wystawy.<br \/>Udzia\u0142 Ksi\u0105\u017cnicy Podlaskiej w projekcie ma znaczenie strategiczne. Dzia\u0142ania kulturalne z odbiorcami odb\u0119d\u0105 si\u0119 na osiedlach Bia\u0142egostoku, na kt\u00f3rych ulokowane s\u0105 filie biblioteki. Edukatorzy biblioteki b\u0119d\u0105 zaanga\u017cowani w realizacj\u0119 dzia\u0142a\u0144 bezpo\u015brednich z odbiorcami oraz organizacj\u0119 konferencji ko\u0144cz\u0105cej projekt.<\/p>\t\t\t\t\t\t\t\t<\/div>\n\t\t\t\t<\/div>\n\t\t\t\t\t<\/div>\n\t\t<\/div>\n\t\t\t\t\t<\/div>\n\t\t<\/section>\n\t\t\t\t<\/div>\n\t\t","protected":false},"excerpt":{"rendered":"<p>Partnerzy Centrum Falstad Centrum Falstad zajmuje si\u0119 badaniem i upowszechnianiem wiedzy na temat historii obozowej i praw cz\u0142owieka w czasach II Wojny [&hellip;]<\/p>\n","protected":false},"author":1,"featured_media":0,"parent":0,"menu_order":0,"comment_status":"closed","ping_status":"closed","template":"page-templates\/page_front-page.php","meta":{"footnotes":""},"class_list":["post-17","page","type-page","status-publish","hentry"],"_links":{"self":[{"href":"https:\/\/mwb.com.pl\/re\/wp-json\/wp\/v2\/pages\/17","targetHints":{"allow":["GET"]}}],"collection":[{"href":"https:\/\/mwb.com.pl\/re\/wp-json\/wp\/v2\/pages"}],"about":[{"href":"https:\/\/mwb.com.pl\/re\/wp-json\/wp\/v2\/types\/page"}],"author":[{"embeddable":true,"href":"https:\/\/mwb.com.pl\/re\/wp-json\/wp\/v2\/users\/1"}],"replies":[{"embeddable":true,"href":"https:\/\/mwb.com.pl\/re\/wp-json\/wp\/v2\/comments?post=17"}],"version-history":[{"count":14,"href":"https:\/\/mwb.com.pl\/re\/wp-json\/wp\/v2\/pages\/17\/revisions"}],"predecessor-version":[{"id":671,"href":"https:\/\/mwb.com.pl\/re\/wp-json\/wp\/v2\/pages\/17\/revisions\/671"}],"wp:attachment":[{"href":"https:\/\/mwb.com.pl\/re\/wp-json\/wp\/v2\/media?parent=17"}],"curies":[{"name":"wp","href":"https:\/\/api.w.org\/{rel}","templated":true}]}}