{"id":15,"date":"2023-01-17T14:48:16","date_gmt":"2023-01-17T13:48:16","guid":{"rendered":"https:\/\/mwb.com.pl\/re\/?page_id=15"},"modified":"2023-06-15T12:51:44","modified_gmt":"2023-06-15T10:51:44","slug":"o-projekcie","status":"publish","type":"page","link":"https:\/\/mwb.com.pl\/re\/o-projekcie\/","title":{"rendered":"O projekcie"},"content":{"rendered":"\t\t<div data-elementor-type=\"wp-page\" data-elementor-id=\"15\" class=\"elementor elementor-15\">\n\t\t\t\t\t\t<section class=\"elementor-section elementor-top-section elementor-element elementor-element-3f4e27b elementor-section-boxed elementor-section-height-default elementor-section-height-default\" data-id=\"3f4e27b\" data-element_type=\"section\" data-e-type=\"section\">\n\t\t\t\t\t\t<div class=\"elementor-container elementor-column-gap-default\">\n\t\t\t\t\t<div class=\"elementor-column elementor-col-100 elementor-top-column elementor-element elementor-element-4358fbd\" data-id=\"4358fbd\" data-element_type=\"column\" data-e-type=\"column\">\n\t\t\t<div class=\"elementor-widget-wrap elementor-element-populated\">\n\t\t\t\t\t\t<div class=\"elementor-element elementor-element-f41ba24 elementor-widget elementor-widget-heading\" data-id=\"f41ba24\" data-element_type=\"widget\" data-e-type=\"widget\" data-widget_type=\"heading.default\">\n\t\t\t\t<div class=\"elementor-widget-container\">\n\t\t\t\t\t<h4 class=\"elementor-heading-title elementor-size-default\">O projekcie<\/h4>\t\t\t\t<\/div>\n\t\t\t\t<\/div>\n\t\t\t\t\t<\/div>\n\t\t<\/div>\n\t\t\t\t\t<\/div>\n\t\t<\/section>\n\t\t\t\t<section class=\"elementor-section elementor-top-section elementor-element elementor-element-89d7a86 elementor-section-boxed elementor-section-height-default elementor-section-height-default\" data-id=\"89d7a86\" data-element_type=\"section\" data-e-type=\"section\">\n\t\t\t\t\t\t<div class=\"elementor-container elementor-column-gap-default\">\n\t\t\t\t\t<div class=\"elementor-column elementor-col-100 elementor-top-column elementor-element elementor-element-dec6093\" data-id=\"dec6093\" data-element_type=\"column\" data-e-type=\"column\">\n\t\t\t<div class=\"elementor-widget-wrap elementor-element-populated\">\n\t\t\t\t\t\t<div class=\"elementor-element elementor-element-1ee7266 elementor-widget elementor-widget-text-editor\" data-id=\"1ee7266\" data-element_type=\"widget\" data-e-type=\"widget\" data-widget_type=\"text-editor.default\">\n\t\t\t\t<div class=\"elementor-widget-container\">\n\t\t\t\t\t\t\t\t\t<p>Muzeum Wojska w Bia\u0142ymstoku realizuje projekt pn. \u201eRemembrance Education. Edukacja kulturalna os\u00f3b doros\u0142ych\u201d. Partnerami zadania s\u0105 Ksi\u0105\u017cnica Podlaska im. \u0141ukasza G\u00f3rnickiego w Bia\u0142ymstoku oraz Centrum Falstad w Ekne.<\/p><p>Istot\u0105 projektu jest rozw\u00f3j wsp\u00f3\u0142pracy pomi\u0119dzy Muzeum i partnerami, a osobami doros\u0142ymi zamieszkuj\u0105cymi osiedla Bia\u0142egostoku o ograniczonym dost\u0119pie do kultury. \u017bycie kulturalne miasta skupia si\u0119 w jego \u015bcis\u0142ym centrum. Osoby doros\u0142e w wieku oko\u0142o 30-49 lat niech\u0119tnie anga\u017cuj\u0105 si\u0119 w \u017cycie kulturalne, a je\u015bli nawet, to ich udzia\u0142 jest powierzchowny. Projekt zak\u0142ada zbadanie potrzeb kulturalnych os\u00f3b doros\u0142ych w odniesieniu do militarnej kolekcji Muzeum. Badanie to zostanie przeprowadzone na drodze nowatorskich dzia\u0142a\u0144 kulturalnych zaprojektowanych przez interdyscyplinarny zesp\u00f3\u0142 edukator\u00f3w wspierany przez ekspert\u00f3w z Polski i Norwegii.<\/p><p>Punktem wyj\u015bcia do dzia\u0142a\u0144 kulturalnych na bia\u0142ostockich osiedlach b\u0119dzie m.in. wojenna historia Bia\u0142egostoku. Ide\u0105 projektu jest odej\u015bcie od popularnej interpretacji zbior\u00f3w muzealnych, rozumianych jako \u015bwiadectwo rozwoju techniki wojskowej. Dlatego m.in. przywo\u0142ane zostan\u0105 historie ludzi (wojskowych i cywil\u00f3w) uwik\u0142anych w dzia\u0142ania II wojny \u015bwiatowej, kt\u00f3re w wymiarze lokalnym s\u0105 wci\u0105\u017c ma\u0142o znane. Wsp\u00f3\u0142praca z norweskim partnerem pozwoli na por\u00f3wnanie wojennych do\u015bwiadcze\u0144 Bia\u0142egostoku i Ekne oraz przyczyni si\u0119 do wypracowania uniwersalnych tre\u015bci na temat warto\u015bci pokoju i konsekwencji prowadzenia wojen. Zebrane wnioski stan\u0105 si\u0119 punktem wyj\u015bcia do opracowania strategii rozwoju publiczno\u015bci Muzeum. B\u0119dzie to dokument wyznaczaj\u0105cy dalsze kroki do budowania spo\u0142eczno\u015bci wok\u00f3\u0142 instytucji i rozwoju edukacji pami\u0119ci. Zaplanowana na koniec projektu og\u00f3lnopolska konferencja edukator\u00f3w stworzy przestrze\u0144 do popularyzacji efekt\u00f3w projektu, jak te\u017c budowania kompetencji specjalist\u00f3w z ca\u0142ej Polski, ze szczeg\u00f3lnym uwzgl\u0119dnieniem edukator\u00f3w z muze\u00f3w wojskowych i wojennych.<\/p><p>Projekt b\u0119dzie realizowany do marca 2024 r.Projekt <strong>\u201eRemembrance education. Edukacja kulturalna os\u00f3b doros\u0142ych\u201d<\/strong> jest dofinansowany ze \u015brodk\u00f3w Mechanizmu Finansowego EOG i Ministra KIDN, a tak\u017ce ze \u015brodk\u00f3w Bud\u017cetu Miasta Bia\u0142ystok.<\/p>\t\t\t\t\t\t\t\t<\/div>\n\t\t\t\t<\/div>\n\t\t\t\t\t<\/div>\n\t\t<\/div>\n\t\t\t\t\t<\/div>\n\t\t<\/section>\n\t\t\t\t<section class=\"elementor-section elementor-top-section elementor-element elementor-element-18e167e elementor-section-boxed elementor-section-height-default elementor-section-height-default\" data-id=\"18e167e\" data-element_type=\"section\" data-e-type=\"section\">\n\t\t\t\t\t\t<div class=\"elementor-container elementor-column-gap-default\">\n\t\t\t\t\t<div class=\"elementor-column elementor-col-33 elementor-top-column elementor-element elementor-element-2d4a889\" data-id=\"2d4a889\" data-element_type=\"column\" data-e-type=\"column\">\n\t\t\t<div class=\"elementor-widget-wrap elementor-element-populated\">\n\t\t\t\t\t\t<div class=\"elementor-element elementor-element-ecc44fc elementor-widget elementor-widget-image\" data-id=\"ecc44fc\" data-element_type=\"widget\" data-e-type=\"widget\" data-widget_type=\"image.default\">\n\t\t\t\t<div class=\"elementor-widget-container\">\n\t\t\t\t\t\t\t\t\t\t\t\t\t\t\t\t<a href=\"https:\/\/www.radio.bialystok.pl\/\">\n\t\t\t\t\t\t\t<img decoding=\"async\" src=\"https:\/\/mwb.com.pl\/re\/wp-content\/uploads\/2023\/06\/radio.jpg\" title=\"Polskie Radio Bia\u0142ystok\" alt=\"Polskie Radio Bia\u0142ystok\" loading=\"lazy\" \/>\t\t\t\t\t\t\t\t<\/a>\n\t\t\t\t\t\t\t\t\t\t\t\t\t\t\t<\/div>\n\t\t\t\t<\/div>\n\t\t\t\t\t<\/div>\n\t\t<\/div>\n\t\t\t\t<div class=\"elementor-column elementor-col-33 elementor-top-column elementor-element elementor-element-43ff2f5\" data-id=\"43ff2f5\" data-element_type=\"column\" data-e-type=\"column\">\n\t\t\t<div class=\"elementor-widget-wrap elementor-element-populated\">\n\t\t\t\t\t\t<div class=\"elementor-element elementor-element-e413cec elementor-widget elementor-widget-image\" data-id=\"e413cec\" data-element_type=\"widget\" data-e-type=\"widget\" data-widget_type=\"image.default\">\n\t\t\t\t<div class=\"elementor-widget-container\">\n\t\t\t\t\t\t\t\t\t\t\t\t\t\t\t\t<a href=\"https:\/\/www.bialystokonline.pl\/\">\n\t\t\t\t\t\t\t<img decoding=\"async\" width=\"280\" height=\"70\" src=\"https:\/\/mwb.com.pl\/re\/wp-content\/uploads\/2023\/06\/logo_online1.jpg\" class=\"attachment-full size-full wp-image-1059\" alt=\"Bia\u0142ystok Online\" srcset=\"https:\/\/mwb.com.pl\/re\/wp-content\/uploads\/2023\/06\/logo_online1.jpg 280w, https:\/\/mwb.com.pl\/re\/wp-content\/uploads\/2023\/06\/logo_online1-230x58.jpg 230w\" sizes=\"(max-width: 280px) 100vw, 280px\" \/>\t\t\t\t\t\t\t\t<\/a>\n\t\t\t\t\t\t\t\t\t\t\t\t\t\t\t<\/div>\n\t\t\t\t<\/div>\n\t\t\t\t\t<\/div>\n\t\t<\/div>\n\t\t\t\t<div class=\"elementor-column elementor-col-33 elementor-top-column elementor-element elementor-element-f3256ae\" data-id=\"f3256ae\" data-element_type=\"column\" data-e-type=\"column\">\n\t\t\t<div class=\"elementor-widget-wrap elementor-element-populated\">\n\t\t\t\t\t\t<div class=\"elementor-element elementor-element-5df7edd elementor-widget elementor-widget-image\" data-id=\"5df7edd\" data-element_type=\"widget\" data-e-type=\"widget\" data-widget_type=\"image.default\">\n\t\t\t\t<div class=\"elementor-widget-container\">\n\t\t\t\t\t\t\t\t\t\t\t\t\t\t\t\t<a href=\"https:\/\/akadera.bialystok.pl\/\">\n\t\t\t\t\t\t\t<img decoding=\"async\" width=\"191\" height=\"70\" src=\"https:\/\/mwb.com.pl\/re\/wp-content\/uploads\/2023\/06\/akadera.jpg\" class=\"attachment-full size-full wp-image-1060\" alt=\"Radio Akadera\" \/>\t\t\t\t\t\t\t\t<\/a>\n\t\t\t\t\t\t\t\t\t\t\t\t\t\t\t<\/div>\n\t\t\t\t<\/div>\n\t\t\t\t\t<\/div>\n\t\t<\/div>\n\t\t\t\t\t<\/div>\n\t\t<\/section>\n\t\t\t\t<\/div>\n\t\t","protected":false},"excerpt":{"rendered":"<p>O projekcie Muzeum Wojska w Bia\u0142ymstoku realizuje projekt pn. \u201eRemembrance Education. Edukacja kulturalna os\u00f3b doros\u0142ych\u201d. Partnerami zadania s\u0105 Ksi\u0105\u017cnica Podlaska im. \u0141ukasza [&hellip;]<\/p>\n","protected":false},"author":1,"featured_media":0,"parent":0,"menu_order":0,"comment_status":"closed","ping_status":"closed","template":"page-templates\/page_front-page.php","meta":{"footnotes":""},"class_list":["post-15","page","type-page","status-publish","hentry"],"_links":{"self":[{"href":"https:\/\/mwb.com.pl\/re\/wp-json\/wp\/v2\/pages\/15","targetHints":{"allow":["GET"]}}],"collection":[{"href":"https:\/\/mwb.com.pl\/re\/wp-json\/wp\/v2\/pages"}],"about":[{"href":"https:\/\/mwb.com.pl\/re\/wp-json\/wp\/v2\/types\/page"}],"author":[{"embeddable":true,"href":"https:\/\/mwb.com.pl\/re\/wp-json\/wp\/v2\/users\/1"}],"replies":[{"embeddable":true,"href":"https:\/\/mwb.com.pl\/re\/wp-json\/wp\/v2\/comments?post=15"}],"version-history":[{"count":13,"href":"https:\/\/mwb.com.pl\/re\/wp-json\/wp\/v2\/pages\/15\/revisions"}],"predecessor-version":[{"id":1063,"href":"https:\/\/mwb.com.pl\/re\/wp-json\/wp\/v2\/pages\/15\/revisions\/1063"}],"wp:attachment":[{"href":"https:\/\/mwb.com.pl\/re\/wp-json\/wp\/v2\/media?parent=15"}],"curies":[{"name":"wp","href":"https:\/\/api.w.org\/{rel}","templated":true}]}}