{"id":1333,"date":"2023-06-20T10:55:38","date_gmt":"2023-06-20T08:55:38","guid":{"rendered":"https:\/\/mwb.com.pl\/re\/?page_id=1333"},"modified":"2023-08-02T09:52:33","modified_gmt":"2023-08-02T07:52:33","slug":"wojna-dzis","status":"publish","type":"page","link":"https:\/\/mwb.com.pl\/re\/wystawa\/wojna-dzis\/","title":{"rendered":"Wojna dzi\u015b"},"content":{"rendered":"\t\t<div data-elementor-type=\"wp-page\" data-elementor-id=\"1333\" class=\"elementor elementor-1333\">\n\t\t\t\t\t\t<section class=\"elementor-section elementor-top-section elementor-element elementor-element-4b8dd50 elementor-section-boxed elementor-section-height-default elementor-section-height-default\" data-id=\"4b8dd50\" data-element_type=\"section\" data-e-type=\"section\">\n\t\t\t\t\t\t<div class=\"elementor-container elementor-column-gap-default\">\n\t\t\t\t\t<div class=\"elementor-column elementor-col-100 elementor-top-column elementor-element elementor-element-4264a78\" data-id=\"4264a78\" data-element_type=\"column\" data-e-type=\"column\">\n\t\t\t<div class=\"elementor-widget-wrap elementor-element-populated\">\n\t\t\t\t\t\t<div class=\"elementor-element elementor-element-efd7bb9 elementor-widget elementor-widget-heading\" data-id=\"efd7bb9\" data-element_type=\"widget\" data-e-type=\"widget\" data-widget_type=\"heading.default\">\n\t\t\t\t<div class=\"elementor-widget-container\">\n\t\t\t\t\t<h4 class=\"elementor-heading-title elementor-size-default\">Wojna dzi\u015b<\/h4>\t\t\t\t<\/div>\n\t\t\t\t<\/div>\n\t\t\t\t\t<\/div>\n\t\t<\/div>\n\t\t\t\t\t<\/div>\n\t\t<\/section>\n\t\t\t\t<section class=\"elementor-section elementor-top-section elementor-element elementor-element-cad3944 elementor-section-boxed elementor-section-height-default elementor-section-height-default\" data-id=\"cad3944\" data-element_type=\"section\" data-e-type=\"section\">\n\t\t\t\t\t\t<div class=\"elementor-container elementor-column-gap-default\">\n\t\t\t\t\t<div class=\"elementor-column elementor-col-100 elementor-top-column elementor-element elementor-element-28a3d27\" data-id=\"28a3d27\" data-element_type=\"column\" data-e-type=\"column\">\n\t\t\t<div class=\"elementor-widget-wrap elementor-element-populated\">\n\t\t\t\t\t\t<div class=\"elementor-element elementor-element-0933301 elementor-widget elementor-widget-image\" data-id=\"0933301\" data-element_type=\"widget\" data-e-type=\"widget\" data-widget_type=\"image.default\">\n\t\t\t\t<div class=\"elementor-widget-container\">\n\t\t\t\t\t\t\t\t\t\t\t\t<figure class=\"wp-caption\">\n\t\t\t\t\t\t\t\t\t\t\t<a href=\"https:\/\/mwb.com.pl\/re\/wp-content\/uploads\/2023\/06\/8-2.jpg\" data-elementor-open-lightbox=\"yes\" data-elementor-lightbox-title=\"Wojna dzi\u015b\" data-e-action-hash=\"#elementor-action%3Aaction%3Dlightbox%26settings%3DeyJpZCI6MTMzNSwidXJsIjoiaHR0cHM6XC9cL213Yi5jb20ucGxcL3JlXC93cC1jb250ZW50XC91cGxvYWRzXC8yMDIzXC8wNlwvOC0yLmpwZyJ9\">\n\t\t\t\t\t\t\t<img decoding=\"async\" src=\"https:\/\/mwb.com.pl\/re\/wp-content\/uploads\/elementor\/thumbs\/8-2-q88fnu2z9dlesa0h0mlc2vdqi8hwz9id6ce14mekkg.jpg\" title=\"Wojna dzi\u015b\" alt=\"Wojna dzi\u015b\" loading=\"lazy\" \/>\t\t\t\t\t\t\t\t<\/a>\n\t\t\t\t\t\t\t\t\t\t\t<figcaption class=\"widget-image-caption wp-caption-text\">Spotkanie prezydenta Wo\u0142odymyra Ze\u0142enskiego z \u017co\u0142nierzami ukrai\u0144skimi w Bachmucie<\/br>(Wikimedia)<\/figcaption>\n\t\t\t\t\t\t\t\t\t\t<\/figure>\n\t\t\t\t\t\t\t\t\t<\/div>\n\t\t\t\t<\/div>\n\t\t\t\t\t<\/div>\n\t\t<\/div>\n\t\t\t\t\t<\/div>\n\t\t<\/section>\n\t\t\t\t<section class=\"elementor-section elementor-top-section elementor-element elementor-element-95b7f8b elementor-section-boxed elementor-section-height-default elementor-section-height-default\" data-id=\"95b7f8b\" data-element_type=\"section\" data-e-type=\"section\">\n\t\t\t\t\t\t<div class=\"elementor-container elementor-column-gap-default\">\n\t\t\t\t\t<div class=\"elementor-column elementor-col-100 elementor-top-column elementor-element elementor-element-ef9509b\" data-id=\"ef9509b\" data-element_type=\"column\" data-e-type=\"column\">\n\t\t\t<div class=\"elementor-widget-wrap elementor-element-populated\">\n\t\t\t\t\t\t<div class=\"elementor-element elementor-element-bb87c66 elementor-widget elementor-widget-text-editor\" data-id=\"bb87c66\" data-element_type=\"widget\" data-e-type=\"widget\" data-widget_type=\"text-editor.default\">\n\t\t\t\t<div class=\"elementor-widget-container\">\n\t\t\t\t\t\t\t\t\t<p>Wydawa\u0142oby si\u0119, \u017ce cierpienia, kt\u00f3re przynios\u0142a milionom ludzi na \u015bwiecie II wojna \u015bwiatowa, powinny zapobiec wszelkim kolejnym konfliktom zbrojnym. Drugowojenne relacje \u015bwiadk\u00f3w historii z Bia\u0142egostoku, Ekne czy Charkowa zatrwa\u017caj\u0105. Statystyki ofiar \u015bmiertelnych oraz rannych szokuj\u0105. I cho\u0107 pami\u0119\u0107 o do\u015bwiadczeniach tej strasznej wojny jest wci\u0105\u017c \u017cywa, konflikty o przekonania, zasoby naturalne lub terytorium tocz\u0105 si\u0119 nadal w wielu cz\u0119\u015bciach \u015bwiata. <br \/>Po 1945 r. toczy\u0142y si\u0119 konflikty zbrojne m. in. w Korei, Wietnamie, Iraku, Afganistanie, <br \/>na Ba\u0142kanach i Bliskim Wschodzie, a tak\u017ce w wielu pa\u0144stwach afryka\u0144skich. Zdj\u0119cia z Rwandy, by\u0142ej Jugos\u0142awii czy Kambod\u017cy pod rz\u0105dami Czerwonych Khmer\u00f3w przypomina\u0142y czasy II wojny \u015bwiatowej. Obecnie na \u015bwiecie toczy si\u0119 ponad dwadzie\u015bcia aktywnych konflikt\u00f3w, a w ka\u017cdym z nich cierpi\u0105 niewinni cywile.<br \/>Wsp\u00f3\u0142czesna sytuacja mi\u0119dzynarodowa przypomina t\u0119 z lat 30. XX w., kiedy Adolf Hitler ignoruj\u0105c pokojowe ustalenia mi\u0119dzynarodowe, ro\u015bci\u0142 pretensje do kolejnych terytori\u00f3w kraj\u00f3w s\u0105siaduj\u0105cych. Mocarstwa stoj\u0105ce na stra\u017cy postanowie\u0144 Traktatu Wersalskiego stosowa\u0142y polityk\u0119 ust\u0119pstw, tym samym daj\u0105c przyzwolenie na niemieckie dzia\u0142ania, co w konsekwencji doprowadzi\u0142o do globalnej wojny. W 2014 roku, prawie 80 lat p\u00f3\u017aniej, kraje zachodnie nie zareagowa\u0142y w\u0142a\u015bciwie na nielegaln\u0105 okupacj\u0119 Krymu przez Rosj\u0119. W obliczu bezprawnej aneksji cz\u0119\u015bci Ukrainy, ograniczy\u0142y si\u0119 one do dzia\u0142a\u0144 dyplomatycznych i gospodarczych. Rosyjska inwazja na Ukrain\u0119 rozpocz\u0119ta 24 lutego 2022 roku jest kontynuacj\u0105 agresji z 2014 roku. W propagandowych przekazach medialnych Kreml przekonuje, \u017ce atak na terytorium niepodleg\u0142ego pa\u0144stwa i pr\u00f3ba zaj\u0119cia jego stolicy, s\u0105 podyktowane konieczno\u015bci\u0105 ochrony rosyjskoj\u0119zycznej ludno\u015bci na przygranicznych obszarach \u0141uga\u0144ska i Donbasu. Inwazja doprowadzi\u0142a do otwartej wojny, kt\u00f3rej ofiarami sta\u0142a si\u0119 ludno\u015b\u0107 cywilna ukrai\u0144skich miast i wsi. Irracjonalne o\u015bwiadczenia i \u017c\u0105dania w\u0142adz w Moskwie przypominaj\u0105 nazistowsk\u0105 retoryk\u0119. Rosja, nie mog\u0105c prze\u0142ama\u0107 ukrai\u0144skiej obrony, bezlito\u015bnie bombarduje ludno\u015b\u0107 cywiln\u0105, morduje je\u0144c\u00f3w wojennych, rabuje ziemi\u0119 i stosuje taktyk\u0119 spalonej ziemi, dewastuj\u0105c du\u017ce obszary kraju.<\/p><p>Budowanie wiedzy i pami\u0119ci o II wojnie \u015bwiatowej w\u0142a\u015bnie teraz jest wa\u017cne i potrzebne.<br \/>Potrzebujemy pokoju.<\/p>\t\t\t\t\t\t\t\t<\/div>\n\t\t\t\t<\/div>\n\t\t\t\t\t<\/div>\n\t\t<\/div>\n\t\t\t\t\t<\/div>\n\t\t<\/section>\n\t\t\t\t<section class=\"elementor-section elementor-top-section elementor-element elementor-element-eb35321 elementor-section-boxed elementor-section-height-default elementor-section-height-default\" data-id=\"eb35321\" data-element_type=\"section\" data-e-type=\"section\">\n\t\t\t\t\t\t<div class=\"elementor-container elementor-column-gap-default\">\n\t\t\t\t\t<div class=\"elementor-column elementor-col-50 elementor-top-column elementor-element elementor-element-03f2d25\" data-id=\"03f2d25\" data-element_type=\"column\" data-e-type=\"column\">\n\t\t\t<div class=\"elementor-widget-wrap elementor-element-populated\">\n\t\t\t\t\t\t<div class=\"elementor-element elementor-element-25def35 elementor-align-center elementor-widget__width-initial elementor-widget elementor-widget-button\" data-id=\"25def35\" data-element_type=\"widget\" data-e-type=\"widget\" data-widget_type=\"button.default\">\n\t\t\t\t<div class=\"elementor-widget-container\">\n\t\t\t\t\t\t\t\t\t<div class=\"elementor-button-wrapper\">\n\t\t\t\t\t<a class=\"elementor-button elementor-button-link elementor-size-sm\" href=\"https:\/\/mwb.com.pl\/re\/wystawa\">\n\t\t\t\t\t\t<span class=\"elementor-button-content-wrapper\">\n\t\t\t\t\t\t\t\t\t<span class=\"elementor-button-text\">Powr\u00f3t<\/span>\n\t\t\t\t\t<\/span>\n\t\t\t\t\t<\/a>\n\t\t\t\t<\/div>\n\t\t\t\t\t\t\t\t<\/div>\n\t\t\t\t<\/div>\n\t\t\t\t\t<\/div>\n\t\t<\/div>\n\t\t\t\t<div class=\"elementor-column elementor-col-50 elementor-top-column elementor-element elementor-element-ceb39d1\" data-id=\"ceb39d1\" data-element_type=\"column\" data-e-type=\"column\">\n\t\t\t<div class=\"elementor-widget-wrap elementor-element-populated\">\n\t\t\t\t\t\t<div class=\"elementor-element elementor-element-93dbc45 elementor-align-center elementor-widget__width-initial elementor-widget elementor-widget-button\" data-id=\"93dbc45\" data-element_type=\"widget\" data-e-type=\"widget\" data-widget_type=\"button.default\">\n\t\t\t\t<div class=\"elementor-widget-container\">\n\t\t\t\t\t\t\t\t\t<div class=\"elementor-button-wrapper\">\n\t\t\t\t\t<a class=\"elementor-button elementor-button-link elementor-size-sm\" href=\"https:\/\/mwb.com.pl\/re\/wystawa\/przed-burza-2\/\">\n\t\t\t\t\t\t<span class=\"elementor-button-content-wrapper\">\n\t\t\t\t\t\t\t\t\t<span class=\"elementor-button-text\">Dalej<\/span>\n\t\t\t\t\t<\/span>\n\t\t\t\t\t<\/a>\n\t\t\t\t<\/div>\n\t\t\t\t\t\t\t\t<\/div>\n\t\t\t\t<\/div>\n\t\t\t\t\t<\/div>\n\t\t<\/div>\n\t\t\t\t\t<\/div>\n\t\t<\/section>\n\t\t\t\t<\/div>\n\t\t","protected":false},"excerpt":{"rendered":"<p>Wojna dzi\u015b Spotkanie prezydenta Wo\u0142odymyra Ze\u0142enskiego z \u017co\u0142nierzami ukrai\u0144skimi w Bachmucie(Wikimedia) Wydawa\u0142oby si\u0119, \u017ce cierpienia, kt\u00f3re przynios\u0142a milionom ludzi na \u015bwiecie II [&hellip;]<\/p>\n","protected":false},"author":1,"featured_media":0,"parent":726,"menu_order":0,"comment_status":"closed","ping_status":"closed","template":"page-templates\/page_front-page.php","meta":{"footnotes":""},"class_list":["post-1333","page","type-page","status-publish","hentry"],"_links":{"self":[{"href":"https:\/\/mwb.com.pl\/re\/wp-json\/wp\/v2\/pages\/1333","targetHints":{"allow":["GET"]}}],"collection":[{"href":"https:\/\/mwb.com.pl\/re\/wp-json\/wp\/v2\/pages"}],"about":[{"href":"https:\/\/mwb.com.pl\/re\/wp-json\/wp\/v2\/types\/page"}],"author":[{"embeddable":true,"href":"https:\/\/mwb.com.pl\/re\/wp-json\/wp\/v2\/users\/1"}],"replies":[{"embeddable":true,"href":"https:\/\/mwb.com.pl\/re\/wp-json\/wp\/v2\/comments?post=1333"}],"version-history":[{"count":16,"href":"https:\/\/mwb.com.pl\/re\/wp-json\/wp\/v2\/pages\/1333\/revisions"}],"predecessor-version":[{"id":2480,"href":"https:\/\/mwb.com.pl\/re\/wp-json\/wp\/v2\/pages\/1333\/revisions\/2480"}],"up":[{"embeddable":true,"href":"https:\/\/mwb.com.pl\/re\/wp-json\/wp\/v2\/pages\/726"}],"wp:attachment":[{"href":"https:\/\/mwb.com.pl\/re\/wp-json\/wp\/v2\/media?parent=1333"}],"curies":[{"name":"wp","href":"https:\/\/api.w.org\/{rel}","templated":true}]}}