{"id":1315,"date":"2023-06-20T10:44:10","date_gmt":"2023-06-20T08:44:10","guid":{"rendered":"https:\/\/mwb.com.pl\/re\/?page_id=1315"},"modified":"2023-08-01T12:57:36","modified_gmt":"2023-08-01T10:57:36","slug":"koniec-wojny","status":"publish","type":"page","link":"https:\/\/mwb.com.pl\/re\/wystawa\/koniec-wojny\/","title":{"rendered":"Koniec wojny"},"content":{"rendered":"\t\t<div data-elementor-type=\"wp-page\" data-elementor-id=\"1315\" class=\"elementor elementor-1315\">\n\t\t\t\t\t\t<section class=\"elementor-section elementor-top-section elementor-element elementor-element-ce684dd elementor-section-boxed elementor-section-height-default elementor-section-height-default\" data-id=\"ce684dd\" data-element_type=\"section\" data-e-type=\"section\">\n\t\t\t\t\t\t<div class=\"elementor-container elementor-column-gap-default\">\n\t\t\t\t\t<div class=\"elementor-column elementor-col-100 elementor-top-column elementor-element elementor-element-333be74\" data-id=\"333be74\" data-element_type=\"column\" data-e-type=\"column\">\n\t\t\t<div class=\"elementor-widget-wrap elementor-element-populated\">\n\t\t\t\t\t\t<div class=\"elementor-element elementor-element-62486f4 elementor-widget elementor-widget-heading\" data-id=\"62486f4\" data-element_type=\"widget\" data-e-type=\"widget\" data-widget_type=\"heading.default\">\n\t\t\t\t<div class=\"elementor-widget-container\">\n\t\t\t\t\t<h4 class=\"elementor-heading-title elementor-size-default\">Koniec wojny<\/h4>\t\t\t\t<\/div>\n\t\t\t\t<\/div>\n\t\t\t\t\t<\/div>\n\t\t<\/div>\n\t\t\t\t\t<\/div>\n\t\t<\/section>\n\t\t\t\t<section class=\"elementor-section elementor-top-section elementor-element elementor-element-0932abf elementor-section-boxed elementor-section-height-default elementor-section-height-default\" data-id=\"0932abf\" data-element_type=\"section\" data-e-type=\"section\">\n\t\t\t\t\t\t<div class=\"elementor-container elementor-column-gap-default\">\n\t\t\t\t\t<div class=\"elementor-column elementor-col-100 elementor-top-column elementor-element elementor-element-f9c5d4e\" data-id=\"f9c5d4e\" data-element_type=\"column\" data-e-type=\"column\">\n\t\t\t<div class=\"elementor-widget-wrap elementor-element-populated\">\n\t\t\t\t\t\t<div class=\"elementor-element elementor-element-f5535d0 elementor-widget elementor-widget-image\" data-id=\"f5535d0\" data-element_type=\"widget\" data-e-type=\"widget\" data-widget_type=\"image.default\">\n\t\t\t\t<div class=\"elementor-widget-container\">\n\t\t\t\t\t\t\t\t\t\t\t\t<figure class=\"wp-caption\">\n\t\t\t\t\t\t\t\t\t\t\t<a href=\"https:\/\/mwb.com.pl\/re\/wp-content\/uploads\/2023\/06\/7-2.jpg\" data-elementor-open-lightbox=\"yes\" data-elementor-lightbox-title=\"Koniec wojny\" data-e-action-hash=\"#elementor-action%3Aaction%3Dlightbox%26settings%3DeyJpZCI6MTMxNywidXJsIjoiaHR0cHM6XC9cL213Yi5jb20ucGxcL3JlXC93cC1jb250ZW50XC91cGxvYWRzXC8yMDIzXC8wNlwvNy0yLmpwZyJ9\">\n\t\t\t\t\t\t\t<img decoding=\"async\" src=\"https:\/\/mwb.com.pl\/re\/wp-content\/uploads\/elementor\/thumbs\/7-2-q88f5ot5bir4naddza7mfy8dnfxtdmgx0izklbb6r4.jpg\" title=\"Koniec wojny\" alt=\"Koniec wojny\" loading=\"lazy\" \/>\t\t\t\t\t\t\t\t<\/a>\n\t\t\t\t\t\t\t\t\t\t\t<figcaption class=\"widget-image-caption wp-caption-text\">Styczniowa defilada \u017co\u0142nierzy 1. Dywizji na gruzach stolicy<\/br>(Wikimedia)<\/figcaption>\n\t\t\t\t\t\t\t\t\t\t<\/figure>\n\t\t\t\t\t\t\t\t\t<\/div>\n\t\t\t\t<\/div>\n\t\t\t\t\t<\/div>\n\t\t<\/div>\n\t\t\t\t\t<\/div>\n\t\t<\/section>\n\t\t\t\t<section class=\"elementor-section elementor-top-section elementor-element elementor-element-f75c354 elementor-section-boxed elementor-section-height-default elementor-section-height-default\" data-id=\"f75c354\" data-element_type=\"section\" data-e-type=\"section\">\n\t\t\t\t\t\t<div class=\"elementor-container elementor-column-gap-default\">\n\t\t\t\t\t<div class=\"elementor-column elementor-col-100 elementor-top-column elementor-element elementor-element-e982ded\" data-id=\"e982ded\" data-element_type=\"column\" data-e-type=\"column\">\n\t\t\t<div class=\"elementor-widget-wrap elementor-element-populated\">\n\t\t\t\t\t\t<div class=\"elementor-element elementor-element-512b348 elementor-widget elementor-widget-text-editor\" data-id=\"512b348\" data-element_type=\"widget\" data-e-type=\"widget\" data-widget_type=\"text-editor.default\">\n\t\t\t\t<div class=\"elementor-widget-container\">\n\t\t\t\t\t\t\t\t\t<p>Zwyci\u0119stwa Armii Czerwonej nad Wehrmachtem doprowadzi\u0142y w styczniu 1944 r. do ponownego wkroczenia Sowiet\u00f3w na tereny dawnej II RP. Mimo \u017ce teoretycznie by\u0142a to armia sojusznicza, jej \u017co\u0142nierze i funkcjonariusze s\u0142u\u017cb zachowywali si\u0119 jak na terenach zdobytych i wrogich. Wyparcie Niemc\u00f3w w \u017cadnym razie nie przynios\u0142o Polsce niepodleg\u0142o\u015bci ani nie zapewnia\u0142o jej mieszka\u0144com bezpiecze\u0144stwa. Kraj przeszed\u0142 z jednej okupacji w drug\u0105, czego symbolem sta\u0142y si\u0119 masowe represje. <br \/>Po przej\u015bciu frontu, kilka milion\u00f3w Polak\u00f3w pozosta\u0142o w rodzinnych stronach na tzw. Kresach Rzeczypospolitej. Zosta\u0142y one w\u0142\u0105czone do ZSRS, co oznacza\u0142o przymusowy pob\u00f3r do Armii Czerwonej terror policji politycznej oraz fatalne warunki bytowe. Samo przej\u015bcie frontu by\u0142o katastrofalne dla ludno\u015bci cywilnej miast i wsi. Niemcy broni\u0105c si\u0119 zaciekle przed post\u0119pami Armii Czerwonej stosowali taktyk\u0119 \u201espalonej ziemi\u201d m.in. niszcz\u0105c infrastruktur\u0119, by op\u00f3\u017ani\u0107 marsz przeciwnika. Z kolei sowieci bez skrupu\u0142\u00f3w ostrzeliwali polskie miasta \u2013 nawet te nie bronione przez Wehrmacht \u2013 ci\u0119\u017ck\u0105 artyleri\u0105 i lotnictwem. Za przyk\u0142ad mo\u017ce pos\u0142u\u017cy\u0107 Bia\u0142ystok, do kt\u00f3rego Sowieci wkroczyli 27 lipca 1944 r. Dzia\u0142ania wycofuj\u0105cych si\u0119 Niemc\u00f3w i ostrza\u0142 artylerii sowieckiej zamieni\u0142y centrum miasta w morze ruin. <br \/>Polak\u00f3w ponownie dotkn\u0119\u0142y represje polityczne i ekonomiczne. Przybra\u0142y one wymiar masowych deportacji, celowej dewastacji b\u0105d\u017a zaboru mienia prywatnego. Bolesnym symbolem s\u0105 masowe gwa\u0142ty na polskich kobietach, dokonywane przez \u017co\u0142nierzy z czerwon\u0105 gwiazd\u0105 na he\u0142mach. <br \/>W sowieckich planach powojenna Polska mia\u0142a bezpo\u015brednio podlega\u0107 Moskwie. Komuni\u015bci chwytali si\u0119 wszelkich sposob\u00f3w, aby st\u0142umi\u0107 op\u00f3r i narzuci\u0107 w\u0142asne rz\u0105dy. Uciekanie si\u0119 do fa\u0142szowania wybor\u00f3w by\u0142o naj\u0142agodniejsz\u0105 z form, a bardziej drastyczne obejmowa\u0142y m.in. zastraszanie ludno\u015bci, deportacje, krwawy terror itd.<\/p><p>Rzekome \u201eWyzwolenie\u201d okaza\u0142o si\u0119 kolejnym zniewoleniem.<\/p>\t\t\t\t\t\t\t\t<\/div>\n\t\t\t\t<\/div>\n\t\t\t\t\t<\/div>\n\t\t<\/div>\n\t\t\t\t\t<\/div>\n\t\t<\/section>\n\t\t\t\t<section class=\"elementor-section elementor-top-section elementor-element elementor-element-ebac1dd elementor-section-boxed elementor-section-height-default elementor-section-height-default\" data-id=\"ebac1dd\" data-element_type=\"section\" data-e-type=\"section\">\n\t\t\t\t\t\t<div class=\"elementor-container elementor-column-gap-default\">\n\t\t\t\t\t<div class=\"elementor-column elementor-col-50 elementor-top-column elementor-element elementor-element-41ec6b4\" data-id=\"41ec6b4\" data-element_type=\"column\" data-e-type=\"column\">\n\t\t\t<div class=\"elementor-widget-wrap elementor-element-populated\">\n\t\t\t\t\t\t<div class=\"elementor-element elementor-element-6f650e7 elementor-align-center elementor-widget__width-initial elementor-widget elementor-widget-button\" data-id=\"6f650e7\" data-element_type=\"widget\" data-e-type=\"widget\" data-widget_type=\"button.default\">\n\t\t\t\t<div class=\"elementor-widget-container\">\n\t\t\t\t\t\t\t\t\t<div class=\"elementor-button-wrapper\">\n\t\t\t\t\t<a class=\"elementor-button elementor-button-link elementor-size-sm\" href=\"https:\/\/mwb.com.pl\/re\/wystawa\">\n\t\t\t\t\t\t<span class=\"elementor-button-content-wrapper\">\n\t\t\t\t\t\t\t\t\t<span class=\"elementor-button-text\">Powr\u00f3t<\/span>\n\t\t\t\t\t<\/span>\n\t\t\t\t\t<\/a>\n\t\t\t\t<\/div>\n\t\t\t\t\t\t\t\t<\/div>\n\t\t\t\t<\/div>\n\t\t\t\t\t<\/div>\n\t\t<\/div>\n\t\t\t\t<div class=\"elementor-column elementor-col-50 elementor-top-column elementor-element elementor-element-8bdb6dd\" data-id=\"8bdb6dd\" data-element_type=\"column\" data-e-type=\"column\">\n\t\t\t<div class=\"elementor-widget-wrap elementor-element-populated\">\n\t\t\t\t\t\t<div class=\"elementor-element elementor-element-e92097a elementor-align-center elementor-widget__width-initial elementor-widget elementor-widget-button\" data-id=\"e92097a\" data-element_type=\"widget\" data-e-type=\"widget\" data-widget_type=\"button.default\">\n\t\t\t\t<div class=\"elementor-widget-container\">\n\t\t\t\t\t\t\t\t\t<div class=\"elementor-button-wrapper\">\n\t\t\t\t\t<a class=\"elementor-button elementor-button-link elementor-size-sm\" href=\"https:\/\/mwb.com.pl\/re\/wystawa\/zolnierze-niemieccy-na-rynku-kosciuszki\/\">\n\t\t\t\t\t\t<span class=\"elementor-button-content-wrapper\">\n\t\t\t\t\t\t\t\t\t<span class=\"elementor-button-text\">Dalej<\/span>\n\t\t\t\t\t<\/span>\n\t\t\t\t\t<\/a>\n\t\t\t\t<\/div>\n\t\t\t\t\t\t\t\t<\/div>\n\t\t\t\t<\/div>\n\t\t\t\t\t<\/div>\n\t\t<\/div>\n\t\t\t\t\t<\/div>\n\t\t<\/section>\n\t\t\t\t<\/div>\n\t\t","protected":false},"excerpt":{"rendered":"<p>Koniec wojny Styczniowa defilada \u017co\u0142nierzy 1. Dywizji na gruzach stolicy(Wikimedia) Zwyci\u0119stwa Armii Czerwonej nad Wehrmachtem doprowadzi\u0142y w styczniu 1944 r. do ponownego [&hellip;]<\/p>\n","protected":false},"author":1,"featured_media":0,"parent":726,"menu_order":0,"comment_status":"closed","ping_status":"closed","template":"page-templates\/page_front-page.php","meta":{"footnotes":""},"class_list":["post-1315","page","type-page","status-publish","hentry"],"_links":{"self":[{"href":"https:\/\/mwb.com.pl\/re\/wp-json\/wp\/v2\/pages\/1315","targetHints":{"allow":["GET"]}}],"collection":[{"href":"https:\/\/mwb.com.pl\/re\/wp-json\/wp\/v2\/pages"}],"about":[{"href":"https:\/\/mwb.com.pl\/re\/wp-json\/wp\/v2\/types\/page"}],"author":[{"embeddable":true,"href":"https:\/\/mwb.com.pl\/re\/wp-json\/wp\/v2\/users\/1"}],"replies":[{"embeddable":true,"href":"https:\/\/mwb.com.pl\/re\/wp-json\/wp\/v2\/comments?post=1315"}],"version-history":[{"count":16,"href":"https:\/\/mwb.com.pl\/re\/wp-json\/wp\/v2\/pages\/1315\/revisions"}],"predecessor-version":[{"id":2385,"href":"https:\/\/mwb.com.pl\/re\/wp-json\/wp\/v2\/pages\/1315\/revisions\/2385"}],"up":[{"embeddable":true,"href":"https:\/\/mwb.com.pl\/re\/wp-json\/wp\/v2\/pages\/726"}],"wp:attachment":[{"href":"https:\/\/mwb.com.pl\/re\/wp-json\/wp\/v2\/media?parent=1315"}],"curies":[{"name":"wp","href":"https:\/\/api.w.org\/{rel}","templated":true}]}}