{"id":13,"date":"2023-01-17T14:47:45","date_gmt":"2023-01-17T13:47:45","guid":{"rendered":"https:\/\/mwb.com.pl\/re\/?page_id=13"},"modified":"2024-09-11T12:18:17","modified_gmt":"2024-09-11T10:18:17","slug":"aktualnosci","status":"publish","type":"page","link":"https:\/\/mwb.com.pl\/re\/","title":{"rendered":"Aktualno\u015bci"},"content":{"rendered":"\t\t<div data-elementor-type=\"wp-page\" data-elementor-id=\"13\" class=\"elementor elementor-13\">\n\t\t\t\t\t\t<section class=\"elementor-section elementor-top-section elementor-element elementor-element-e83a87c elementor-section-boxed elementor-section-height-default elementor-section-height-default\" data-id=\"e83a87c\" data-element_type=\"section\" data-e-type=\"section\">\n\t\t\t\t\t\t<div class=\"elementor-container elementor-column-gap-default\">\n\t\t\t\t\t<div class=\"elementor-column elementor-col-100 elementor-top-column elementor-element elementor-element-af8767f\" data-id=\"af8767f\" data-element_type=\"column\" data-e-type=\"column\">\n\t\t\t<div class=\"elementor-widget-wrap elementor-element-populated\">\n\t\t\t\t\t\t<div class=\"elementor-element elementor-element-ee62323 elementor-widget elementor-widget-heading\" data-id=\"ee62323\" data-element_type=\"widget\" data-e-type=\"widget\" data-widget_type=\"heading.default\">\n\t\t\t\t<div class=\"elementor-widget-container\">\n\t\t\t\t\t<h4 class=\"elementor-heading-title elementor-size-default\">Aktualno\u015bci<\/h4>\t\t\t\t<\/div>\n\t\t\t\t<\/div>\n\t\t\t\t\t<\/div>\n\t\t<\/div>\n\t\t\t\t\t<\/div>\n\t\t<\/section>\n\t\t\t\t<section class=\"elementor-section elementor-top-section elementor-element elementor-element-1a22d86 elementor-section-boxed elementor-section-height-default elementor-section-height-default\" data-id=\"1a22d86\" data-element_type=\"section\" data-e-type=\"section\">\n\t\t\t\t\t\t<div class=\"elementor-container elementor-column-gap-default\">\n\t\t\t\t\t<div class=\"elementor-column elementor-col-100 elementor-top-column elementor-element elementor-element-81aed04\" data-id=\"81aed04\" data-element_type=\"column\" data-e-type=\"column\">\n\t\t\t<div class=\"elementor-widget-wrap elementor-element-populated\">\n\t\t\t\t\t\t<div class=\"elementor-element elementor-element-b377c92 elementor-grid-eael-col-2 elementor-grid-tablet-eael-col-2 elementor-grid-mobile-eael-col-1 elementor-widget elementor-widget-eael-post-grid\" data-id=\"b377c92\" data-element_type=\"widget\" data-e-type=\"widget\" data-settings=\"{&quot;eael_post_grid_columns&quot;:&quot;eael-col-2&quot;,&quot;eael_post_grid_columns_tablet&quot;:&quot;eael-col-2&quot;,&quot;eael_post_grid_columns_mobile&quot;:&quot;eael-col-1&quot;}\" data-widget_type=\"eael-post-grid.default\">\n\t\t\t\t<div class=\"elementor-widget-container\">\n\t\t\t\t\t<div id=\"eael-post-grid-b377c92\" class=\"eael-post-grid-container\">\n            <div class=\"eael-post-grid eael-post-appender eael-post-appender-b377c92 eael-post-grid-style-one\" data-layout-mode=\"masonry\"><article class=\"eael-grid-post  eael-post-grid-column eael-pg-post-3453 category-aktualnosci\" data-id=\"3453\">\n        <div class=\"eael-grid-post-holder\">\n            <div class=\"eael-grid-post-holder-inner\"><div class=\"eael-entry-media\"><div class=\"eael-entry-overlay fade-in\"><i class=\"fas fa-long-arrow-alt-right\" aria-hidden=\"true\"><\/i><a href=\"https:\/\/mwb.com.pl\/re\/2024\/04\/10\/materialy-poprojektowe\/\"rel=\"nofollow\"><\/a><\/div><div class=\"eael-entry-thumbnail \">\n                <img fetchpriority=\"high\" decoding=\"async\" width=\"300\" height=\"200\" src=\"https:\/\/mwb.com.pl\/re\/wp-content\/uploads\/2024\/04\/przewodnik-300x200.jpg\" class=\"attachment-medium size-medium wp-image-3454\" alt=\"Warsztaty na osiedlu Bacieczki\" srcset=\"https:\/\/mwb.com.pl\/re\/wp-content\/uploads\/2024\/04\/przewodnik-300x200.jpg 300w, https:\/\/mwb.com.pl\/re\/wp-content\/uploads\/2024\/04\/przewodnik-768x512.jpg 768w, https:\/\/mwb.com.pl\/re\/wp-content\/uploads\/2024\/04\/przewodnik-230x153.jpg 230w, https:\/\/mwb.com.pl\/re\/wp-content\/uploads\/2024\/04\/przewodnik-350x233.jpg 350w, https:\/\/mwb.com.pl\/re\/wp-content\/uploads\/2024\/04\/przewodnik-480x320.jpg 480w, https:\/\/mwb.com.pl\/re\/wp-content\/uploads\/2024\/04\/przewodnik.jpg 800w\" sizes=\"(max-width: 300px) 100vw, 300px\" \/>\n            <\/div>\n        <\/div><div class=\"eael-entry-wrapper\"><header class=\"eael-entry-header\"><h2 class=\"eael-entry-title\"><a class=\"eael-grid-post-link\" href=\"https:\/\/mwb.com.pl\/re\/2024\/04\/10\/materialy-poprojektowe\/\" title=\"Materia\u0142y poprojektowe\"rel=\"nofollow\">Materia\u0142y poprojektowe<\/a><\/h2><\/header><div class=\"eael-entry-content\">\n                        <div class=\"eael-grid-post-excerpt\"><p>Zapraszamy do zapoznania si\u0119 z materia\u0142ami poprojektowymi, kt\u00f3re publikujemy w...<\/p><a href=\"https:\/\/mwb.com.pl\/re\/2024\/04\/10\/materialy-poprojektowe\/\" class=\"eael-post-elements-readmore-btn\"rel=\"nofollow\">Wi\u0119cej ...<\/a><\/div>\n                    <\/div><\/div><\/div>\n        <\/div>\n    <\/article><article class=\"eael-grid-post  eael-post-grid-column eael-pg-post-3407 category-aktualnosci\" data-id=\"3407\">\n        <div class=\"eael-grid-post-holder\">\n            <div class=\"eael-grid-post-holder-inner\"><div class=\"eael-entry-media\"><div class=\"eael-entry-overlay fade-in\"><i class=\"fas fa-long-arrow-alt-right\" aria-hidden=\"true\"><\/i><a href=\"https:\/\/mwb.com.pl\/re\/2024\/03\/19\/konferencja-jak-rozmawiac-o-wojnie-z-uczestnikami-dzialan-kulturalnych\/\"rel=\"nofollow\"><\/a><\/div><div class=\"eael-entry-thumbnail \">\n                <img decoding=\"async\" width=\"300\" height=\"200\" src=\"https:\/\/mwb.com.pl\/re\/wp-content\/uploads\/2024\/03\/konferencja-300x200.jpg\" class=\"attachment-medium size-medium wp-image-3408\" alt=\"konferencja pt. \u201eJak rozmawia\u0107 o wojnie z uczestnikami dzia\u0142a\u0144 kulturalnych?\u201d\" srcset=\"https:\/\/mwb.com.pl\/re\/wp-content\/uploads\/2024\/03\/konferencja-300x200.jpg 300w, https:\/\/mwb.com.pl\/re\/wp-content\/uploads\/2024\/03\/konferencja-230x153.jpg 230w, https:\/\/mwb.com.pl\/re\/wp-content\/uploads\/2024\/03\/konferencja-350x233.jpg 350w, https:\/\/mwb.com.pl\/re\/wp-content\/uploads\/2024\/03\/konferencja-480x320.jpg 480w, https:\/\/mwb.com.pl\/re\/wp-content\/uploads\/2024\/03\/konferencja.jpg 600w\" sizes=\"(max-width: 300px) 100vw, 300px\" \/>\n            <\/div>\n        <\/div><div class=\"eael-entry-wrapper\"><header class=\"eael-entry-header\"><h2 class=\"eael-entry-title\"><a class=\"eael-grid-post-link\" href=\"https:\/\/mwb.com.pl\/re\/2024\/03\/19\/konferencja-jak-rozmawiac-o-wojnie-z-uczestnikami-dzialan-kulturalnych\/\" title=\"Konferencja \u201eJak rozmawia\u0107 o wojnie z uczestnikami dzia\u0142a\u0144 kulturalnych?\u201d\"rel=\"nofollow\">Konferencja \u201eJak rozmawia\u0107 o wojnie z uczestnikami dzia\u0142a\u0144 kulturalnych?\u201d<\/a><\/h2><\/header><div class=\"eael-entry-content\">\n                        <div class=\"eael-grid-post-excerpt\"><p>Na pocz\u0105tku marca 2024 roku, w auli Wydzia\u0142u Historii Uniwersytetu...<\/p><a href=\"https:\/\/mwb.com.pl\/re\/2024\/03\/19\/konferencja-jak-rozmawiac-o-wojnie-z-uczestnikami-dzialan-kulturalnych\/\" class=\"eael-post-elements-readmore-btn\"rel=\"nofollow\">Wi\u0119cej ...<\/a><\/div>\n                    <\/div><\/div><\/div>\n        <\/div>\n    <\/article><article class=\"eael-grid-post  eael-post-grid-column eael-pg-post-3281 category-aktualnosci\" data-id=\"3281\">\n        <div class=\"eael-grid-post-holder\">\n            <div class=\"eael-grid-post-holder-inner\"><div class=\"eael-entry-media\"><div class=\"eael-entry-overlay fade-in\"><i class=\"fas fa-long-arrow-alt-right\" aria-hidden=\"true\"><\/i><a href=\"https:\/\/mwb.com.pl\/re\/2024\/01\/18\/miedzynarodowa-konferencja-praktykow-edukacji-kulturalnej-jak-rozmawiac-o-wojnie-z-uczestnikami-dzialan-kulturalnych\/\"rel=\"nofollow\"><\/a><\/div><div class=\"eael-entry-thumbnail \">\n                <img decoding=\"async\" width=\"300\" height=\"171\" src=\"https:\/\/mwb.com.pl\/re\/wp-content\/uploads\/2024\/01\/Baner_MWB_konferencja-300x171.jpg\" class=\"attachment-medium size-medium wp-image-3356\" alt=\"Baner_MWB_konferencja\" srcset=\"https:\/\/mwb.com.pl\/re\/wp-content\/uploads\/2024\/01\/Baner_MWB_konferencja-300x171.jpg 300w, https:\/\/mwb.com.pl\/re\/wp-content\/uploads\/2024\/01\/Baner_MWB_konferencja-230x131.jpg 230w, https:\/\/mwb.com.pl\/re\/wp-content\/uploads\/2024\/01\/Baner_MWB_konferencja-350x200.jpg 350w, https:\/\/mwb.com.pl\/re\/wp-content\/uploads\/2024\/01\/Baner_MWB_konferencja-480x274.jpg 480w, https:\/\/mwb.com.pl\/re\/wp-content\/uploads\/2024\/01\/Baner_MWB_konferencja.jpg 549w\" sizes=\"(max-width: 300px) 100vw, 300px\" \/>\n            <\/div>\n        <\/div><div class=\"eael-entry-wrapper\"><header class=\"eael-entry-header\"><h2 class=\"eael-entry-title\"><a class=\"eael-grid-post-link\" href=\"https:\/\/mwb.com.pl\/re\/2024\/01\/18\/miedzynarodowa-konferencja-praktykow-edukacji-kulturalnej-jak-rozmawiac-o-wojnie-z-uczestnikami-dzialan-kulturalnych\/\" title=\"Mi\u0119dzynarodowa konferencja praktyk\u00f3w edukacji kulturalnej \u201eJak rozmawia\u0107 o wojnie z uczestnikami dzia\u0142a\u0144 kulturalnych?\u201d\"rel=\"nofollow\">Mi\u0119dzynarodowa konferencja praktyk\u00f3w edukacji kulturalnej \u201eJak rozmawia\u0107 o wojnie z uczestnikami dzia\u0142a\u0144 kulturalnych?\u201d<\/a><\/h2><\/header><div class=\"eael-entry-content\">\n                        <div class=\"eael-grid-post-excerpt\"><p>W dniach 7-8 marca 2024 roku w Auli Wydzia\u0142u Historii...<\/p><a href=\"https:\/\/mwb.com.pl\/re\/2024\/01\/18\/miedzynarodowa-konferencja-praktykow-edukacji-kulturalnej-jak-rozmawiac-o-wojnie-z-uczestnikami-dzialan-kulturalnych\/\" class=\"eael-post-elements-readmore-btn\"rel=\"nofollow\">Wi\u0119cej ...<\/a><\/div>\n                    <\/div><\/div><\/div>\n        <\/div>\n    <\/article><article class=\"eael-grid-post  eael-post-grid-column eael-pg-post-3268 category-aktualnosci\" data-id=\"3268\">\n        <div class=\"eael-grid-post-holder\">\n            <div class=\"eael-grid-post-holder-inner\"><div class=\"eael-entry-media\"><div class=\"eael-entry-overlay fade-in\"><i class=\"fas fa-long-arrow-alt-right\" aria-hidden=\"true\"><\/i><a href=\"https:\/\/mwb.com.pl\/re\/2023\/11\/10\/konferencja-edukatorow-nabor-zgloszen\/\"rel=\"nofollow\"><\/a><\/div><div class=\"eael-entry-thumbnail \">\n                <img loading=\"lazy\" decoding=\"async\" width=\"300\" height=\"200\" src=\"https:\/\/mwb.com.pl\/re\/wp-content\/uploads\/2023\/11\/konferencja_edukatorow_re-300x200.jpg\" class=\"attachment-medium size-medium wp-image-3269\" alt=\"Konferencja edukator\u00f3w\" srcset=\"https:\/\/mwb.com.pl\/re\/wp-content\/uploads\/2023\/11\/konferencja_edukatorow_re-300x200.jpg 300w, https:\/\/mwb.com.pl\/re\/wp-content\/uploads\/2023\/11\/konferencja_edukatorow_re-768x512.jpg 768w, https:\/\/mwb.com.pl\/re\/wp-content\/uploads\/2023\/11\/konferencja_edukatorow_re-230x153.jpg 230w, https:\/\/mwb.com.pl\/re\/wp-content\/uploads\/2023\/11\/konferencja_edukatorow_re-350x233.jpg 350w, https:\/\/mwb.com.pl\/re\/wp-content\/uploads\/2023\/11\/konferencja_edukatorow_re-480x320.jpg 480w, https:\/\/mwb.com.pl\/re\/wp-content\/uploads\/2023\/11\/konferencja_edukatorow_re.jpg 800w\" sizes=\"(max-width: 300px) 100vw, 300px\" \/>\n            <\/div>\n        <\/div><div class=\"eael-entry-wrapper\"><header class=\"eael-entry-header\"><h2 class=\"eael-entry-title\"><a class=\"eael-grid-post-link\" href=\"https:\/\/mwb.com.pl\/re\/2023\/11\/10\/konferencja-edukatorow-nabor-zgloszen\/\" title=\"Konferencja edukator\u00f3w. Nab\u00f3r zg\u0142osze\u0144\"rel=\"nofollow\">Konferencja edukator\u00f3w. Nab\u00f3r zg\u0142osze\u0144<\/a><\/h2><\/header><div class=\"eael-entry-content\">\n                        <div class=\"eael-grid-post-excerpt\"><p>Muzeum Wojska w Bia\u0142ymstoku prowadzi nab\u00f3r wyst\u0105pie\u0144 do og\u00f3lnopolskiej konferencji...<\/p><a href=\"https:\/\/mwb.com.pl\/re\/2023\/11\/10\/konferencja-edukatorow-nabor-zgloszen\/\" class=\"eael-post-elements-readmore-btn\"rel=\"nofollow\">Wi\u0119cej ...<\/a><\/div>\n                    <\/div><\/div><\/div>\n        <\/div>\n    <\/article><article class=\"eael-grid-post  eael-post-grid-column eael-pg-post-3226 category-aktualnosci\" data-id=\"3226\">\n        <div class=\"eael-grid-post-holder\">\n            <div class=\"eael-grid-post-holder-inner\"><div class=\"eael-entry-media\"><div class=\"eael-entry-overlay fade-in\"><i class=\"fas fa-long-arrow-alt-right\" aria-hidden=\"true\"><\/i><a href=\"https:\/\/mwb.com.pl\/re\/2023\/10\/17\/dzialania-kulturalne-w-centrum-falstad\/\"rel=\"nofollow\"><\/a><\/div><div class=\"eael-entry-thumbnail \">\n                <img loading=\"lazy\" decoding=\"async\" width=\"300\" height=\"200\" src=\"https:\/\/mwb.com.pl\/re\/wp-content\/uploads\/2023\/10\/TBS_239_min-300x200.jpg\" class=\"attachment-medium size-medium wp-image-3227\" alt=\"Dzia\u0142ania kulturalne w Centrum Falstad\" srcset=\"https:\/\/mwb.com.pl\/re\/wp-content\/uploads\/2023\/10\/TBS_239_min-300x200.jpg 300w, https:\/\/mwb.com.pl\/re\/wp-content\/uploads\/2023\/10\/TBS_239_min-768x512.jpg 768w, https:\/\/mwb.com.pl\/re\/wp-content\/uploads\/2023\/10\/TBS_239_min-230x153.jpg 230w, https:\/\/mwb.com.pl\/re\/wp-content\/uploads\/2023\/10\/TBS_239_min-350x233.jpg 350w, https:\/\/mwb.com.pl\/re\/wp-content\/uploads\/2023\/10\/TBS_239_min-480x320.jpg 480w, https:\/\/mwb.com.pl\/re\/wp-content\/uploads\/2023\/10\/TBS_239_min.jpg 800w\" sizes=\"(max-width: 300px) 100vw, 300px\" \/>\n            <\/div>\n        <\/div><div class=\"eael-entry-wrapper\"><header class=\"eael-entry-header\"><h2 class=\"eael-entry-title\"><a class=\"eael-grid-post-link\" href=\"https:\/\/mwb.com.pl\/re\/2023\/10\/17\/dzialania-kulturalne-w-centrum-falstad\/\" title=\"Dzia\u0142ania kulturalne w Centrum Falstad\"rel=\"nofollow\">Dzia\u0142ania kulturalne w Centrum Falstad<\/a><\/h2><\/header><div class=\"eael-entry-content\">\n                        <div class=\"eael-grid-post-excerpt\"><p>Mieszka\u0144cy Ekne w Norwegii oraz wszyscy odwiedzaj\u0105cy Centrum Falstad b\u0119d\u0105...<\/p><a href=\"https:\/\/mwb.com.pl\/re\/2023\/10\/17\/dzialania-kulturalne-w-centrum-falstad\/\" class=\"eael-post-elements-readmore-btn\"rel=\"nofollow\">Wi\u0119cej ...<\/a><\/div>\n                    <\/div><\/div><\/div>\n        <\/div>\n    <\/article><article class=\"eael-grid-post  eael-post-grid-column eael-pg-post-3097 category-aktualnosci\" data-id=\"3097\">\n        <div class=\"eael-grid-post-holder\">\n            <div class=\"eael-grid-post-holder-inner\"><div class=\"eael-entry-media\"><div class=\"eael-entry-overlay fade-in\"><i class=\"fas fa-long-arrow-alt-right\" aria-hidden=\"true\"><\/i><a href=\"https:\/\/mwb.com.pl\/re\/2023\/08\/11\/kultura-na-osiedlu-wygoda\/\"rel=\"nofollow\"><\/a><\/div><div class=\"eael-entry-thumbnail \">\n                <img loading=\"lazy\" decoding=\"async\" width=\"300\" height=\"200\" src=\"https:\/\/mwb.com.pl\/re\/wp-content\/uploads\/2023\/08\/5-300x200.jpg\" class=\"attachment-medium size-medium wp-image-3098\" alt=\"Ludzie stoj\u0105 w kole\" srcset=\"https:\/\/mwb.com.pl\/re\/wp-content\/uploads\/2023\/08\/5-300x200.jpg 300w, https:\/\/mwb.com.pl\/re\/wp-content\/uploads\/2023\/08\/5-768x512.jpg 768w, https:\/\/mwb.com.pl\/re\/wp-content\/uploads\/2023\/08\/5-230x153.jpg 230w, https:\/\/mwb.com.pl\/re\/wp-content\/uploads\/2023\/08\/5-350x233.jpg 350w, https:\/\/mwb.com.pl\/re\/wp-content\/uploads\/2023\/08\/5-480x320.jpg 480w, https:\/\/mwb.com.pl\/re\/wp-content\/uploads\/2023\/08\/5.jpg 800w\" sizes=\"(max-width: 300px) 100vw, 300px\" \/>\n            <\/div>\n        <\/div><div class=\"eael-entry-wrapper\"><header class=\"eael-entry-header\"><h2 class=\"eael-entry-title\"><a class=\"eael-grid-post-link\" href=\"https:\/\/mwb.com.pl\/re\/2023\/08\/11\/kultura-na-osiedlu-wygoda\/\" title=\"Kultura na osiedlu Wygoda\"rel=\"nofollow\">Kultura na osiedlu Wygoda<\/a><\/h2><\/header><div class=\"eael-entry-content\">\n                        <div class=\"eael-grid-post-excerpt\"><p>W najbli\u017cszy wtorek (15 sierpnia) zapraszamy mieszka\u0144c\u00f3w osiedla Wygoda do...<\/p><a href=\"https:\/\/mwb.com.pl\/re\/2023\/08\/11\/kultura-na-osiedlu-wygoda\/\" class=\"eael-post-elements-readmore-btn\"rel=\"nofollow\">Wi\u0119cej ...<\/a><\/div>\n                    <\/div><\/div><\/div>\n        <\/div>\n    <\/article><\/div>\n            <div class=\"clearfix\"><\/div>\n        <\/div>            <div class=\"eael-load-more-button-wrap\">\n                <button class=\"eael-load-more-button\" id=\"eael-load-more-btn-b377c92\" data-widget-id=\"b377c92\" data-widget=\"b377c92\" data-page-id=\"13\" data-template=\"{&quot;dir&quot;:&quot;lite&quot;,&quot;file_name&quot;:&quot;one.php&quot;,&quot;name&quot;:&quot;Post-Grid&quot;}\" data-class=\"Essential_Addons_Elementor\\Elements\\Post_Grid\" data-layout=\"masonry\" data-page=\"1\" data-args=\"orderby=date&amp;order=desc&amp;ignore_sticky_posts=1&amp;post_status=publish&amp;posts_per_page=6&amp;offset=0&amp;post_type=post&amp;tax_query%5B0%5D%5Btaxonomy%5D=category&amp;tax_query%5B0%5D%5Bfield%5D=term_id&amp;tax_query%5B0%5D%5Bterms%5D%5B0%5D=3&amp;tax_query%5Brelation%5D=AND\" data-max-page=\"3\">\n                    <span class=\"eael-btn-loader button__loader\"><\/span>\n                    <span class=\"eael_load_more_text\">Wi\u0119cej wpis\u00f3w<\/span>\n                <\/button>\n            <\/div>\n            \t\t\t\t<\/div>\n\t\t\t\t<\/div>\n\t\t\t\t\t<\/div>\n\t\t<\/div>\n\t\t\t\t\t<\/div>\n\t\t<\/section>\n\t\t\t\t<\/div>\n\t\t","protected":false},"excerpt":{"rendered":"<p>Aktualno\u015bci Materia\u0142y poprojektowe Zapraszamy do zapoznania si\u0119 z materia\u0142ami poprojektowymi, kt\u00f3re publikujemy w&#8230; Wi\u0119cej &#8230; Konferencja \u201eJak rozmawia\u0107 o wojnie z uczestnikami [&hellip;]<\/p>\n","protected":false},"author":1,"featured_media":0,"parent":0,"menu_order":0,"comment_status":"closed","ping_status":"closed","template":"page-templates\/page_front-page.php","meta":{"footnotes":""},"class_list":["post-13","page","type-page","status-publish","hentry"],"_links":{"self":[{"href":"https:\/\/mwb.com.pl\/re\/wp-json\/wp\/v2\/pages\/13","targetHints":{"allow":["GET"]}}],"collection":[{"href":"https:\/\/mwb.com.pl\/re\/wp-json\/wp\/v2\/pages"}],"about":[{"href":"https:\/\/mwb.com.pl\/re\/wp-json\/wp\/v2\/types\/page"}],"author":[{"embeddable":true,"href":"https:\/\/mwb.com.pl\/re\/wp-json\/wp\/v2\/users\/1"}],"replies":[{"embeddable":true,"href":"https:\/\/mwb.com.pl\/re\/wp-json\/wp\/v2\/comments?post=13"}],"version-history":[{"count":71,"href":"https:\/\/mwb.com.pl\/re\/wp-json\/wp\/v2\/pages\/13\/revisions"}],"predecessor-version":[{"id":3929,"href":"https:\/\/mwb.com.pl\/re\/wp-json\/wp\/v2\/pages\/13\/revisions\/3929"}],"wp:attachment":[{"href":"https:\/\/mwb.com.pl\/re\/wp-json\/wp\/v2\/media?parent=13"}],"curies":[{"name":"wp","href":"https:\/\/api.w.org\/{rel}","templated":true}]}}