{"id":1272,"date":"2023-06-20T09:28:20","date_gmt":"2023-06-20T07:28:20","guid":{"rendered":"https:\/\/mwb.com.pl\/re\/?page_id=1272"},"modified":"2023-08-02T09:50:40","modified_gmt":"2023-08-02T07:50:40","slug":"urzedowe-zawiadomienie-o-zgonie-i-miejscu-pochowku-plutonowego-stefana-poraszki-poleglego-pod-monte-cassino","status":"publish","type":"page","link":"https:\/\/mwb.com.pl\/re\/wystawa\/urzedowe-zawiadomienie-o-zgonie-i-miejscu-pochowku-plutonowego-stefana-poraszki-poleglego-pod-monte-cassino\/","title":{"rendered":"Urz\u0119dowe zawiadomienie o zgonie i miejscu poch\u00f3wku plutonowego Stefana Poraszki poleg\u0142ego pod Monte Cassino"},"content":{"rendered":"\t\t<div data-elementor-type=\"wp-page\" data-elementor-id=\"1272\" class=\"elementor elementor-1272\">\n\t\t\t\t\t\t<section class=\"elementor-section elementor-top-section elementor-element elementor-element-844860a elementor-section-boxed elementor-section-height-default elementor-section-height-default\" data-id=\"844860a\" data-element_type=\"section\" data-e-type=\"section\">\n\t\t\t\t\t\t<div class=\"elementor-container elementor-column-gap-default\">\n\t\t\t\t\t<div class=\"elementor-column elementor-col-100 elementor-top-column elementor-element elementor-element-a4d52cb\" data-id=\"a4d52cb\" data-element_type=\"column\" data-e-type=\"column\">\n\t\t\t<div class=\"elementor-widget-wrap elementor-element-populated\">\n\t\t\t\t\t\t<div class=\"elementor-element elementor-element-56716ee elementor-widget elementor-widget-heading\" data-id=\"56716ee\" data-element_type=\"widget\" data-e-type=\"widget\" data-widget_type=\"heading.default\">\n\t\t\t\t<div class=\"elementor-widget-container\">\n\t\t\t\t\t<h4 class=\"elementor-heading-title elementor-size-default\">Urz\u0119dowe zawiadomienie o zgonie i miejscu poch\u00f3wku plutonowego Stefana Poraszki poleg\u0142ego pod Monte Cassino<\/h4>\t\t\t\t<\/div>\n\t\t\t\t<\/div>\n\t\t\t\t\t<\/div>\n\t\t<\/div>\n\t\t\t\t\t<\/div>\n\t\t<\/section>\n\t\t\t\t<section class=\"elementor-section elementor-top-section elementor-element elementor-element-3fa63c6 elementor-section-boxed elementor-section-height-default elementor-section-height-default\" data-id=\"3fa63c6\" data-element_type=\"section\" data-e-type=\"section\">\n\t\t\t\t\t\t<div class=\"elementor-container elementor-column-gap-default\">\n\t\t\t\t\t<div class=\"elementor-column elementor-col-100 elementor-top-column elementor-element elementor-element-491df4d\" data-id=\"491df4d\" data-element_type=\"column\" data-e-type=\"column\">\n\t\t\t<div class=\"elementor-widget-wrap elementor-element-populated\">\n\t\t\t\t\t\t<div class=\"elementor-element elementor-element-422a01b elementor-widget elementor-widget-image\" data-id=\"422a01b\" data-element_type=\"widget\" data-e-type=\"widget\" data-widget_type=\"image.default\">\n\t\t\t\t<div class=\"elementor-widget-container\">\n\t\t\t\t\t\t\t\t\t\t\t\t<figure class=\"wp-caption\">\n\t\t\t\t\t\t\t\t\t\t\t<a href=\"https:\/\/mwb.com.pl\/re\/wp-content\/uploads\/2023\/06\/41.jpg\" data-elementor-open-lightbox=\"yes\" data-elementor-lightbox-title=\"Urz\u0119dowe zawiadomienie o zgonie i miejscu poch\u00f3wku plutonowego Stefana Poraszki poleg\u0142ego pod Monte Cassino\" data-e-action-hash=\"#elementor-action%3Aaction%3Dlightbox%26settings%3DeyJpZCI6MTI3NCwidXJsIjoiaHR0cHM6XC9cL213Yi5jb20ucGxcL3JlXC93cC1jb250ZW50XC91cGxvYWRzXC8yMDIzXC8wNlwvNDEuanBnIn0%3D\">\n\t\t\t\t\t\t\t<img decoding=\"async\" src=\"https:\/\/mwb.com.pl\/re\/wp-content\/uploads\/elementor\/thumbs\/41-q88bv2kcv6dhiso5midiadtaxylb0okcdf8pd96qm0.jpg\" title=\"Urz\u0119dowe zawiadomienie o zgonie i miejscu poch\u00f3wku plutonowego Stefana Poraszki poleg\u0142ego pod Monte Cassino\" alt=\"Urz\u0119dowe zawiadomienie o zgonie i miejscu poch\u00f3wku plutonowego Stefana Poraszki poleg\u0142ego pod Monte Cassino\" loading=\"lazy\" \/>\t\t\t\t\t\t\t\t<\/a>\n\t\t\t\t\t\t\t\t\t\t\t<figcaption class=\"widget-image-caption wp-caption-text\">Zawiadomienie o zgonie i miejscu poch\u00f3wku Stefana Poraszki poleg\u0142ego pod Monte Cassino<\/br>(Muzeum Wojska w Bia\u0142ymstoku)<\/figcaption>\n\t\t\t\t\t\t\t\t\t\t<\/figure>\n\t\t\t\t\t\t\t\t\t<\/div>\n\t\t\t\t<\/div>\n\t\t\t\t\t<\/div>\n\t\t<\/div>\n\t\t\t\t\t<\/div>\n\t\t<\/section>\n\t\t\t\t<section class=\"elementor-section elementor-top-section elementor-element elementor-element-6531bd8 elementor-section-boxed elementor-section-height-default elementor-section-height-default\" data-id=\"6531bd8\" data-element_type=\"section\" data-e-type=\"section\">\n\t\t\t\t\t\t<div class=\"elementor-container elementor-column-gap-default\">\n\t\t\t\t\t<div class=\"elementor-column elementor-col-100 elementor-top-column elementor-element elementor-element-729c0fc\" data-id=\"729c0fc\" data-element_type=\"column\" data-e-type=\"column\">\n\t\t\t<div class=\"elementor-widget-wrap elementor-element-populated\">\n\t\t\t\t\t\t<div class=\"elementor-element elementor-element-52ecc7b elementor-widget elementor-widget-text-editor\" data-id=\"52ecc7b\" data-element_type=\"widget\" data-e-type=\"widget\" data-widget_type=\"text-editor.default\">\n\t\t\t\t<div class=\"elementor-widget-container\">\n\t\t\t\t\t\t\t\t\t<p>Dokument wypisany maszynowo. Jest to urz\u0119dowe zawiadomienie o zgonie z dnia 7 kwietnia 1948 r. Wydane Teresie Poraszko (c\u00f3rce poleg\u0142ego Stefana Poraszki) zamieszka\u0142ej we wsi Wincenta, gm. Czerwone, pow. \u0141om\u017ca. Dokument informuje, \u017ce \u015b.p. plutonowy Poraszka [b\u0142\u0119dnie wpisano \u201ePoraszko poleg\u0142 w dniu 12 maja 1944 r. na polu chwa\u0142y pod Monte Cassino w obronie wolno\u015bci i niepodleg\u0142o\u015bci Rzeczypospolitej Polskiej. <\/p>\t\t\t\t\t\t\t\t<\/div>\n\t\t\t\t<\/div>\n\t\t\t\t\t<\/div>\n\t\t<\/div>\n\t\t\t\t\t<\/div>\n\t\t<\/section>\n\t\t\t\t<section class=\"elementor-section elementor-top-section elementor-element elementor-element-02ac71b elementor-section-boxed elementor-section-height-default elementor-section-height-default\" data-id=\"02ac71b\" data-element_type=\"section\" data-e-type=\"section\">\n\t\t\t\t\t\t<div class=\"elementor-container elementor-column-gap-default\">\n\t\t\t\t\t<div class=\"elementor-column elementor-col-50 elementor-top-column elementor-element elementor-element-26c649f\" data-id=\"26c649f\" data-element_type=\"column\" data-e-type=\"column\">\n\t\t\t<div class=\"elementor-widget-wrap elementor-element-populated\">\n\t\t\t\t\t\t<div class=\"elementor-element elementor-element-1bfe60d elementor-align-center elementor-widget__width-initial elementor-widget elementor-widget-button\" data-id=\"1bfe60d\" data-element_type=\"widget\" data-e-type=\"widget\" data-widget_type=\"button.default\">\n\t\t\t\t<div class=\"elementor-widget-container\">\n\t\t\t\t\t\t\t\t\t<div class=\"elementor-button-wrapper\">\n\t\t\t\t\t<a class=\"elementor-button elementor-button-link elementor-size-sm\" href=\"https:\/\/mwb.com.pl\/re\/wystawa\">\n\t\t\t\t\t\t<span class=\"elementor-button-content-wrapper\">\n\t\t\t\t\t\t\t\t\t<span class=\"elementor-button-text\">Powr\u00f3t<\/span>\n\t\t\t\t\t<\/span>\n\t\t\t\t\t<\/a>\n\t\t\t\t<\/div>\n\t\t\t\t\t\t\t\t<\/div>\n\t\t\t\t<\/div>\n\t\t\t\t\t<\/div>\n\t\t<\/div>\n\t\t\t\t<div class=\"elementor-column elementor-col-50 elementor-top-column elementor-element elementor-element-ee10dd7\" data-id=\"ee10dd7\" data-element_type=\"column\" data-e-type=\"column\">\n\t\t\t<div class=\"elementor-widget-wrap elementor-element-populated\">\n\t\t\t\t\t\t<div class=\"elementor-element elementor-element-b9214c2 elementor-align-center elementor-widget__width-initial elementor-widget elementor-widget-button\" data-id=\"b9214c2\" data-element_type=\"widget\" data-e-type=\"widget\" data-widget_type=\"button.default\">\n\t\t\t\t<div class=\"elementor-widget-container\">\n\t\t\t\t\t\t\t\t\t<div class=\"elementor-button-wrapper\">\n\t\t\t\t\t<a class=\"elementor-button elementor-button-link elementor-size-sm\" href=\"https:\/\/mwb.com.pl\/re\/wystawa\/holokaust\/\">\n\t\t\t\t\t\t<span class=\"elementor-button-content-wrapper\">\n\t\t\t\t\t\t\t\t\t<span class=\"elementor-button-text\">Dalej<\/span>\n\t\t\t\t\t<\/span>\n\t\t\t\t\t<\/a>\n\t\t\t\t<\/div>\n\t\t\t\t\t\t\t\t<\/div>\n\t\t\t\t<\/div>\n\t\t\t\t\t<\/div>\n\t\t<\/div>\n\t\t\t\t\t<\/div>\n\t\t<\/section>\n\t\t\t\t<\/div>\n\t\t","protected":false},"excerpt":{"rendered":"<p>Urz\u0119dowe zawiadomienie o zgonie i miejscu poch\u00f3wku plutonowego Stefana Poraszki poleg\u0142ego pod Monte Cassino Zawiadomienie o zgonie i miejscu poch\u00f3wku Stefana Poraszki [&hellip;]<\/p>\n","protected":false},"author":1,"featured_media":0,"parent":726,"menu_order":0,"comment_status":"closed","ping_status":"closed","template":"page-templates\/page_front-page.php","meta":{"footnotes":""},"class_list":["post-1272","page","type-page","status-publish","hentry"],"_links":{"self":[{"href":"https:\/\/mwb.com.pl\/re\/wp-json\/wp\/v2\/pages\/1272","targetHints":{"allow":["GET"]}}],"collection":[{"href":"https:\/\/mwb.com.pl\/re\/wp-json\/wp\/v2\/pages"}],"about":[{"href":"https:\/\/mwb.com.pl\/re\/wp-json\/wp\/v2\/types\/page"}],"author":[{"embeddable":true,"href":"https:\/\/mwb.com.pl\/re\/wp-json\/wp\/v2\/users\/1"}],"replies":[{"embeddable":true,"href":"https:\/\/mwb.com.pl\/re\/wp-json\/wp\/v2\/comments?post=1272"}],"version-history":[{"count":13,"href":"https:\/\/mwb.com.pl\/re\/wp-json\/wp\/v2\/pages\/1272\/revisions"}],"predecessor-version":[{"id":2477,"href":"https:\/\/mwb.com.pl\/re\/wp-json\/wp\/v2\/pages\/1272\/revisions\/2477"}],"up":[{"embeddable":true,"href":"https:\/\/mwb.com.pl\/re\/wp-json\/wp\/v2\/pages\/726"}],"wp:attachment":[{"href":"https:\/\/mwb.com.pl\/re\/wp-json\/wp\/v2\/media?parent=1272"}],"curies":[{"name":"wp","href":"https:\/\/api.w.org\/{rel}","templated":true}]}}