{"id":1251,"date":"2023-06-20T09:16:29","date_gmt":"2023-06-20T07:16:29","guid":{"rendered":"https:\/\/mwb.com.pl\/re\/?page_id=1251"},"modified":"2023-08-02T09:43:16","modified_gmt":"2023-08-02T07:43:16","slug":"polskie-panstwo-podziemne","status":"publish","type":"page","link":"https:\/\/mwb.com.pl\/re\/wystawa\/polskie-panstwo-podziemne\/","title":{"rendered":"Polskie Pa\u0144stwo Podziemne"},"content":{"rendered":"\t\t<div data-elementor-type=\"wp-page\" data-elementor-id=\"1251\" class=\"elementor elementor-1251\">\n\t\t\t\t\t\t<section class=\"elementor-section elementor-top-section elementor-element elementor-element-f3e20f9 elementor-section-boxed elementor-section-height-default elementor-section-height-default\" data-id=\"f3e20f9\" data-element_type=\"section\" data-e-type=\"section\">\n\t\t\t\t\t\t<div class=\"elementor-container elementor-column-gap-default\">\n\t\t\t\t\t<div class=\"elementor-column elementor-col-100 elementor-top-column elementor-element elementor-element-b8608c9\" data-id=\"b8608c9\" data-element_type=\"column\" data-e-type=\"column\">\n\t\t\t<div class=\"elementor-widget-wrap elementor-element-populated\">\n\t\t\t\t\t\t<div class=\"elementor-element elementor-element-8d1b897 elementor-widget elementor-widget-heading\" data-id=\"8d1b897\" data-element_type=\"widget\" data-e-type=\"widget\" data-widget_type=\"heading.default\">\n\t\t\t\t<div class=\"elementor-widget-container\">\n\t\t\t\t\t<h4 class=\"elementor-heading-title elementor-size-default\">Polskie Pa\u0144stwo Podziemne<\/h4>\t\t\t\t<\/div>\n\t\t\t\t<\/div>\n\t\t\t\t\t<\/div>\n\t\t<\/div>\n\t\t\t\t\t<\/div>\n\t\t<\/section>\n\t\t\t\t<section class=\"elementor-section elementor-top-section elementor-element elementor-element-44c54e2 elementor-section-boxed elementor-section-height-default elementor-section-height-default\" data-id=\"44c54e2\" data-element_type=\"section\" data-e-type=\"section\">\n\t\t\t\t\t\t<div class=\"elementor-container elementor-column-gap-default\">\n\t\t\t\t\t<div class=\"elementor-column elementor-col-100 elementor-top-column elementor-element elementor-element-adff376\" data-id=\"adff376\" data-element_type=\"column\" data-e-type=\"column\">\n\t\t\t<div class=\"elementor-widget-wrap elementor-element-populated\">\n\t\t\t\t\t\t<div class=\"elementor-element elementor-element-579f519 elementor-widget elementor-widget-image\" data-id=\"579f519\" data-element_type=\"widget\" data-e-type=\"widget\" data-widget_type=\"image.default\">\n\t\t\t\t<div class=\"elementor-widget-container\">\n\t\t\t\t\t\t\t\t\t\t\t\t<figure class=\"wp-caption\">\n\t\t\t\t\t\t\t\t\t\t\t<a href=\"https:\/\/mwb.com.pl\/re\/wp-content\/uploads\/2023\/06\/4-2.jpg\" data-elementor-open-lightbox=\"yes\" data-elementor-lightbox-title=\"Polskie Pa\u0144stwo Podziemne\" data-e-action-hash=\"#elementor-action%3Aaction%3Dlightbox%26settings%3DeyJpZCI6MTI1MywidXJsIjoiaHR0cHM6XC9cL213Yi5jb20ucGxcL3JlXC93cC1jb250ZW50XC91cGxvYWRzXC8yMDIzXC8wNlwvNC0yLmpwZyJ9\">\n\t\t\t\t\t\t\t<img decoding=\"async\" src=\"https:\/\/mwb.com.pl\/re\/wp-content\/uploads\/elementor\/thumbs\/4-2-q88bfz9n4xpr46lbqzj596wvl8z5fmnhmq61zbk9qy.jpg\" title=\"Polskie Pa\u0144stwo Podziemne\" alt=\"Polskie Pa\u0144stwo Podziemne\" loading=\"lazy\" \/>\t\t\t\t\t\t\t\t<\/a>\n\t\t\t\t\t\t\t\t\t\t\t<figcaption class=\"widget-image-caption wp-caption-text\">Powstanie Warszawskie.<\/br>Jeden z oddzia\u0142\u00f3w powsta\u0144czych po zaj\u0119ciu magazyn\u00f3w niemieckich na Stawkach<\/br>(Wikipedia)<\/figcaption>\n\t\t\t\t\t\t\t\t\t\t<\/figure>\n\t\t\t\t\t\t\t\t\t<\/div>\n\t\t\t\t<\/div>\n\t\t\t\t\t<\/div>\n\t\t<\/div>\n\t\t\t\t\t<\/div>\n\t\t<\/section>\n\t\t\t\t<section class=\"elementor-section elementor-top-section elementor-element elementor-element-c1b0133 elementor-section-boxed elementor-section-height-default elementor-section-height-default\" data-id=\"c1b0133\" data-element_type=\"section\" data-e-type=\"section\">\n\t\t\t\t\t\t<div class=\"elementor-container elementor-column-gap-default\">\n\t\t\t\t\t<div class=\"elementor-column elementor-col-100 elementor-top-column elementor-element elementor-element-9533735\" data-id=\"9533735\" data-element_type=\"column\" data-e-type=\"column\">\n\t\t\t<div class=\"elementor-widget-wrap elementor-element-populated\">\n\t\t\t\t\t\t<div class=\"elementor-element elementor-element-f1cbece elementor-widget elementor-widget-text-editor\" data-id=\"f1cbece\" data-element_type=\"widget\" data-e-type=\"widget\" data-widget_type=\"text-editor.default\">\n\t\t\t\t<div class=\"elementor-widget-container\">\n\t\t\t\t\t\t\t\t\t<p>Ewakuacja cz\u0119\u015bci polskiej armii i w\u0142adz cywilnych nie zako\u0144czy\u0142a oporu jaki spo\u0142ecze\u0144stwo stawia\u0142o naje\u017ad\u017acom. Wraz z ko\u0144cem kampanii wrze\u015bniowej na terenach II RP zacz\u0119to budowa\u0107 struktury Polskiego Pa\u0144stwa Podziemnego. Tworzono je w oparciu o \u017co\u0142nierzy Wojska Polskiego, kt\u00f3rzy pozostali w kraju. Przewa\u017caj\u0105ca cz\u0119\u015b\u0107 polskiej konspiracji podlega\u0142a utworzonemu w Wielkiej Brytanii legalnemu rz\u0105dowi II RP. W porozumieniu z rz\u0105dem Jego Kr\u00f3lewskiej Mo\u015bci wysy\u0142a\u0142 do kraju bro\u0144, instruktor\u00f3w, pieni\u0105dze niezb\u0119dne do prowadzenia walki.<br \/>Armia Krajowa (AK), najwi\u0119ksza i najbardziej znana formacja zbrojna Polskiego Pa\u0144stwa Podziemnego, powsta\u0142a 14 lutego 1942 r. z rozkazu Naczelnego Wodza gen. W\u0142adys\u0142awa Sikorskiego. Opr\u00f3cz walki zbrojnej z okupantem zajmowa\u0142a si\u0119 r\u00f3wnie\u017c: propagand\u0105, wywiadem, \u0142\u0105czno\u015bci\u0105, itp. Za akcje dywersyjne i specjalne przeciw okupantom odpowiada\u0142 Kedyw, czyli Kierownictwo Dywersji Komendy G\u0142\u00f3wnej AK.<br \/>Dzia\u0142ania AK obejmowa\u0142y m.in. szkolenie cz\u0142onk\u00f3w oddzia\u0142\u00f3w konspiracyjnych, mobilizowanie spo\u0142ecze\u0144stwo do walki i oporu, prowadzenie akcje informacyjnej, gromadzenie broni. Rozbudowany wywiad przekazywa\u0142 wa\u017cne informacje aliantom zachodnim np. dotycz\u0105ce lokalizacji fabryk broni. Prowadzono akcje dywersyjne polegaj\u0105ce na przecinaniu linii zaopatrzeniowych, rozklejaniu czy malowaniu symboli walki z okupantem (kotwica), likwidowano niemieckich dygnitarzy oraz kolaborant\u00f3w, kt\u00f3rzy wsp\u00f3\u0142pracowali z wrogiem.<br \/>Kulminacyjnym momentem dzia\u0142alno\u015bci AK by\u0142a akcja \u201eBurza\u201d (1944\u20131945) i powstanie warszawskie (1 sierpnia 1944 r.). Postawa Sowiet\u00f3w, tj. rozbrajanie, aresztowanie i mordowanie polskich oficer\u00f3w oraz \u017co\u0142nierzy podziemia, a tak\u017ce kl\u0119ska powstania warszawskiego, doprowadzi\u0142y praktycznie do ko\u0144ca dzia\u0142alno\u015bci AK, kt\u00f3ra w styczniu 1945 r. zosta\u0142a rozwi\u0105zana.<\/p><p>Ale struktury konspiracyjne i wola walki pozosta\u0142a nadal. <\/p>\t\t\t\t\t\t\t\t<\/div>\n\t\t\t\t<\/div>\n\t\t\t\t\t<\/div>\n\t\t<\/div>\n\t\t\t\t\t<\/div>\n\t\t<\/section>\n\t\t\t\t<section class=\"elementor-section elementor-top-section elementor-element elementor-element-f691844 elementor-section-boxed elementor-section-height-default elementor-section-height-default\" data-id=\"f691844\" data-element_type=\"section\" data-e-type=\"section\">\n\t\t\t\t\t\t<div class=\"elementor-container elementor-column-gap-default\">\n\t\t\t\t\t<div class=\"elementor-column elementor-col-50 elementor-top-column elementor-element elementor-element-fb4f91f\" data-id=\"fb4f91f\" data-element_type=\"column\" data-e-type=\"column\">\n\t\t\t<div class=\"elementor-widget-wrap elementor-element-populated\">\n\t\t\t\t\t\t<div class=\"elementor-element elementor-element-e84766b elementor-align-center elementor-widget__width-initial elementor-widget elementor-widget-button\" data-id=\"e84766b\" data-element_type=\"widget\" data-e-type=\"widget\" data-widget_type=\"button.default\">\n\t\t\t\t<div class=\"elementor-widget-container\">\n\t\t\t\t\t\t\t\t\t<div class=\"elementor-button-wrapper\">\n\t\t\t\t\t<a class=\"elementor-button elementor-button-link elementor-size-sm\" href=\"https:\/\/mwb.com.pl\/re\/wystawa\">\n\t\t\t\t\t\t<span class=\"elementor-button-content-wrapper\">\n\t\t\t\t\t\t\t\t\t<span class=\"elementor-button-text\">Powr\u00f3t<\/span>\n\t\t\t\t\t<\/span>\n\t\t\t\t\t<\/a>\n\t\t\t\t<\/div>\n\t\t\t\t\t\t\t\t<\/div>\n\t\t\t\t<\/div>\n\t\t\t\t\t<\/div>\n\t\t<\/div>\n\t\t\t\t<div class=\"elementor-column elementor-col-50 elementor-top-column elementor-element elementor-element-ef6ceb4\" data-id=\"ef6ceb4\" data-element_type=\"column\" data-e-type=\"column\">\n\t\t\t<div class=\"elementor-widget-wrap elementor-element-populated\">\n\t\t\t\t\t\t<div class=\"elementor-element elementor-element-699cd0f elementor-align-center elementor-widget__width-initial elementor-widget elementor-widget-button\" data-id=\"699cd0f\" data-element_type=\"widget\" data-e-type=\"widget\" data-widget_type=\"button.default\">\n\t\t\t\t<div class=\"elementor-widget-container\">\n\t\t\t\t\t\t\t\t\t<div class=\"elementor-button-wrapper\">\n\t\t\t\t\t<a class=\"elementor-button elementor-button-link elementor-size-sm\" href=\"https:\/\/mwb.com.pl\/re\/wystawa\/urzedowe-zawiadomienie-o-zgonie-i-miejscu-pochowku-plutonowego-stefana-poraszki-poleglego-pod-monte-cassino\/\">\n\t\t\t\t\t\t<span class=\"elementor-button-content-wrapper\">\n\t\t\t\t\t\t\t\t\t<span class=\"elementor-button-text\">Dalej<\/span>\n\t\t\t\t\t<\/span>\n\t\t\t\t\t<\/a>\n\t\t\t\t<\/div>\n\t\t\t\t\t\t\t\t<\/div>\n\t\t\t\t<\/div>\n\t\t\t\t\t<\/div>\n\t\t<\/div>\n\t\t\t\t\t<\/div>\n\t\t<\/section>\n\t\t\t\t<\/div>\n\t\t","protected":false},"excerpt":{"rendered":"<p>Polskie Pa\u0144stwo Podziemne Powstanie Warszawskie.Jeden z oddzia\u0142\u00f3w powsta\u0144czych po zaj\u0119ciu magazyn\u00f3w niemieckich na Stawkach(Wikipedia) Ewakuacja cz\u0119\u015bci polskiej armii i w\u0142adz cywilnych nie [&hellip;]<\/p>\n","protected":false},"author":1,"featured_media":0,"parent":726,"menu_order":0,"comment_status":"closed","ping_status":"closed","template":"page-templates\/page_front-page.php","meta":{"footnotes":""},"class_list":["post-1251","page","type-page","status-publish","hentry"],"_links":{"self":[{"href":"https:\/\/mwb.com.pl\/re\/wp-json\/wp\/v2\/pages\/1251","targetHints":{"allow":["GET"]}}],"collection":[{"href":"https:\/\/mwb.com.pl\/re\/wp-json\/wp\/v2\/pages"}],"about":[{"href":"https:\/\/mwb.com.pl\/re\/wp-json\/wp\/v2\/types\/page"}],"author":[{"embeddable":true,"href":"https:\/\/mwb.com.pl\/re\/wp-json\/wp\/v2\/users\/1"}],"replies":[{"embeddable":true,"href":"https:\/\/mwb.com.pl\/re\/wp-json\/wp\/v2\/comments?post=1251"}],"version-history":[{"count":13,"href":"https:\/\/mwb.com.pl\/re\/wp-json\/wp\/v2\/pages\/1251\/revisions"}],"predecessor-version":[{"id":2468,"href":"https:\/\/mwb.com.pl\/re\/wp-json\/wp\/v2\/pages\/1251\/revisions\/2468"}],"up":[{"embeddable":true,"href":"https:\/\/mwb.com.pl\/re\/wp-json\/wp\/v2\/pages\/726"}],"wp:attachment":[{"href":"https:\/\/mwb.com.pl\/re\/wp-json\/wp\/v2\/media?parent=1251"}],"curies":[{"name":"wp","href":"https:\/\/api.w.org\/{rel}","templated":true}]}}