{"id":1230,"date":"2023-06-19T14:33:07","date_gmt":"2023-06-19T12:33:07","guid":{"rendered":"https:\/\/mwb.com.pl\/re\/?page_id=1230"},"modified":"2023-08-02T09:38:21","modified_gmt":"2023-08-02T07:38:21","slug":"okupacja-niemiecka-i-sowiecka","status":"publish","type":"page","link":"https:\/\/mwb.com.pl\/re\/wystawa\/okupacja-niemiecka-i-sowiecka\/","title":{"rendered":"Okupacja niemiecka i sowiecka"},"content":{"rendered":"\t\t<div data-elementor-type=\"wp-page\" data-elementor-id=\"1230\" class=\"elementor elementor-1230\">\n\t\t\t\t\t\t<section class=\"elementor-section elementor-top-section elementor-element elementor-element-4df63ca8 elementor-section-boxed elementor-section-height-default elementor-section-height-default\" data-id=\"4df63ca8\" data-element_type=\"section\" data-e-type=\"section\">\n\t\t\t\t\t\t<div class=\"elementor-container elementor-column-gap-default\">\n\t\t\t\t\t<div class=\"elementor-column elementor-col-100 elementor-top-column elementor-element elementor-element-13f36295\" data-id=\"13f36295\" data-element_type=\"column\" data-e-type=\"column\">\n\t\t\t<div class=\"elementor-widget-wrap elementor-element-populated\">\n\t\t\t\t\t\t<div class=\"elementor-element elementor-element-1cbf7a5f elementor-widget elementor-widget-heading\" data-id=\"1cbf7a5f\" data-element_type=\"widget\" data-e-type=\"widget\" data-widget_type=\"heading.default\">\n\t\t\t\t<div class=\"elementor-widget-container\">\n\t\t\t\t\t<h4 class=\"elementor-heading-title elementor-size-default\">Okupacja niemiecka i sowiecka<\/h4>\t\t\t\t<\/div>\n\t\t\t\t<\/div>\n\t\t\t\t\t<\/div>\n\t\t<\/div>\n\t\t\t\t\t<\/div>\n\t\t<\/section>\n\t\t\t\t<section class=\"elementor-section elementor-top-section elementor-element elementor-element-20b0d80d elementor-section-boxed elementor-section-height-default elementor-section-height-default\" data-id=\"20b0d80d\" data-element_type=\"section\" data-e-type=\"section\">\n\t\t\t\t\t\t<div class=\"elementor-container elementor-column-gap-default\">\n\t\t\t\t\t<div class=\"elementor-column elementor-col-100 elementor-top-column elementor-element elementor-element-4c73fd9a\" data-id=\"4c73fd9a\" data-element_type=\"column\" data-e-type=\"column\">\n\t\t\t<div class=\"elementor-widget-wrap elementor-element-populated\">\n\t\t\t\t\t\t<div class=\"elementor-element elementor-element-3e71d931 elementor-widget elementor-widget-image\" data-id=\"3e71d931\" data-element_type=\"widget\" data-e-type=\"widget\" data-widget_type=\"image.default\">\n\t\t\t\t<div class=\"elementor-widget-container\">\n\t\t\t\t\t\t\t\t\t\t\t\t<figure class=\"wp-caption\">\n\t\t\t\t\t\t\t\t\t\t\t<a href=\"https:\/\/mwb.com.pl\/re\/wp-content\/uploads\/2023\/06\/3-2.jpg\" data-elementor-open-lightbox=\"yes\" data-elementor-lightbox-title=\"Okupacja niemiecka i sowiecka\" data-e-action-hash=\"#elementor-action%3Aaction%3Dlightbox%26settings%3DeyJpZCI6MTI0MCwidXJsIjoiaHR0cHM6XC9cL213Yi5jb20ucGxcL3JlXC93cC1jb250ZW50XC91cGxvYWRzXC8yMDIzXC8wNlwvMy0yLmpwZyJ9\">\n\t\t\t\t\t\t\t<img decoding=\"async\" src=\"https:\/\/mwb.com.pl\/re\/wp-content\/uploads\/elementor\/thumbs\/3-2-q86zdvjvstc1ijnwc51wurzpjkfnnk9gfiecagszju.jpg\" title=\"Okupacja niemiecka i sowiecka\" alt=\"Okupacja niemiecka i sowiecka\" loading=\"lazy\" \/>\t\t\t\t\t\t\t\t<\/a>\n\t\t\t\t\t\t\t\t\t\t\t<figcaption class=\"widget-image-caption wp-caption-text\">Kontrola cywil\u00f3w na przedmie\u015bciach Warszawy w pierwszych tygodniach niemieckiej okupacji<\/br>(Muzeum Wojska w Bia\u0142ymstoku)<\/figcaption>\n\t\t\t\t\t\t\t\t\t\t<\/figure>\n\t\t\t\t\t\t\t\t\t<\/div>\n\t\t\t\t<\/div>\n\t\t\t\t\t<\/div>\n\t\t<\/div>\n\t\t\t\t\t<\/div>\n\t\t<\/section>\n\t\t\t\t<section class=\"elementor-section elementor-top-section elementor-element elementor-element-2ed4b01a elementor-section-boxed elementor-section-height-default elementor-section-height-default\" data-id=\"2ed4b01a\" data-element_type=\"section\" data-e-type=\"section\">\n\t\t\t\t\t\t<div class=\"elementor-container elementor-column-gap-default\">\n\t\t\t\t\t<div class=\"elementor-column elementor-col-100 elementor-top-column elementor-element elementor-element-3fd6ad9\" data-id=\"3fd6ad9\" data-element_type=\"column\" data-e-type=\"column\">\n\t\t\t<div class=\"elementor-widget-wrap elementor-element-populated\">\n\t\t\t\t\t\t<div class=\"elementor-element elementor-element-6a213d34 elementor-widget elementor-widget-text-editor\" data-id=\"6a213d34\" data-element_type=\"widget\" data-e-type=\"widget\" data-widget_type=\"text-editor.default\">\n\t\t\t\t<div class=\"elementor-widget-container\">\n\t\t\t\t\t\t\t\t\t<p>Od pocz\u0105tku Niemcy traktowali ziemie polskie jako zdobycz wojenn\u0105, kt\u00f3re wg. s\u0142\u00f3w samego Adolfa Hitlera, nale\u017ca\u0142o bez mi\u0142osierdzia wyeksploatowa\u0107, czyni\u0105c z nich rumowisko pod wzgl\u0119dem gospodarczym, spo\u0142ecznym, kulturalnym i politycznym. Na mieszka\u0144c\u00f3w polskich wsi na\u0142o\u017cono kontrybucj\u0119, czyli obowi\u0105zek dostaw \u017cywno\u015bci dla armii niemieckiej. Dzia\u0142ania te rujnowa\u0142y gospodarstwa i doprowadza\u0142y ludno\u015b\u0107 do n\u0119dzy. Mieszka\u0144cy miast nara\u017ceni byli na codzienne \u0142apanki, czyli niespodziewane akcje porywania Polak\u00f3w prosto z ulic. Zbrodnicza dzia\u0142alno\u015b\u0107 wymierzona by\u0142a przede wszystkim w inteligencj\u0119: wi\u0119ziono i mordowano profesor\u00f3w, dzia\u0142aczy politycznych, weteran\u00f3w wojennych, urz\u0119dnik\u00f3w, literat\u00f3w. Miejsca takie jak Palmiry, Pawiak czy aleja Szucha, sta\u0142y si\u0119 symbolami niemieckiego terroru i budzi\u0142y groz\u0119 w\u015br\u00f3d mieszka\u0144c\u00f3w okupowanych teren\u00f3w. Takich miejsc w ca\u0142ej Polsce by\u0142y dziesi\u0105tki. <br \/>Na terenach wschodnich, zaj\u0119tych przez ZSRS, tak\u017ce dominowa\u0142 opresyjny charakter okupacji. Mieszka\u0144cy byli poddani powszechnej i przymusowej paszportyzacji oraz sowietyzacji. Osoby zwi\u0105zane z aparatem w\u0142adzy II RP wi\u0119ziono, rozstrzeliwano lub wys\u0142ano z ca\u0142ymi rodzinami w odleg\u0142e terytorium ZSRS, gdzie panowa\u0142y nieludzkie warunki bytowe. Na ca\u0142ym terenie dawnej II RP, usuwane by\u0142y Polskie symbole narodowe, niszczone by\u0142y pomniki. <br \/>22 czerwca 1941 r. w wyniku agresji III Rzeszy na ZSRS, na teren Bia\u0142ostocczyzny ponownie wkroczyli Niemcy. Rozpocz\u0105\u0142 si\u0119 okres drugiej niemieckiej okupacji: wyw\u00f3zki na przymusowe roboty do Rzeszy, budowanie gett, eksterminacja Polak\u00f3w i \u017byd\u00f3w.<br \/><br \/>Niemiecka administracja realizowa\u0142a plan okupacyjny z ogromn\u0105 dok\u0142adno\u015bci\u0105.<\/p>\t\t\t\t\t\t\t\t<\/div>\n\t\t\t\t<\/div>\n\t\t\t\t\t<\/div>\n\t\t<\/div>\n\t\t\t\t\t<\/div>\n\t\t<\/section>\n\t\t\t\t<section class=\"elementor-section elementor-top-section elementor-element elementor-element-90f7596 elementor-section-boxed elementor-section-height-default elementor-section-height-default\" data-id=\"90f7596\" data-element_type=\"section\" data-e-type=\"section\">\n\t\t\t\t\t\t<div class=\"elementor-container elementor-column-gap-default\">\n\t\t\t\t\t<div class=\"elementor-column elementor-col-50 elementor-top-column elementor-element elementor-element-bc10f4e\" data-id=\"bc10f4e\" data-element_type=\"column\" data-e-type=\"column\">\n\t\t\t<div class=\"elementor-widget-wrap elementor-element-populated\">\n\t\t\t\t\t\t<div class=\"elementor-element elementor-element-58bb5e5 elementor-align-center elementor-widget__width-initial elementor-widget elementor-widget-button\" data-id=\"58bb5e5\" data-element_type=\"widget\" data-e-type=\"widget\" data-widget_type=\"button.default\">\n\t\t\t\t<div class=\"elementor-widget-container\">\n\t\t\t\t\t\t\t\t\t<div class=\"elementor-button-wrapper\">\n\t\t\t\t\t<a class=\"elementor-button elementor-button-link elementor-size-sm\" href=\"https:\/\/mwb.com.pl\/re\/wystawa\">\n\t\t\t\t\t\t<span class=\"elementor-button-content-wrapper\">\n\t\t\t\t\t\t\t\t\t<span class=\"elementor-button-text\">Powr\u00f3t<\/span>\n\t\t\t\t\t<\/span>\n\t\t\t\t\t<\/a>\n\t\t\t\t<\/div>\n\t\t\t\t\t\t\t\t<\/div>\n\t\t\t\t<\/div>\n\t\t\t\t\t<\/div>\n\t\t<\/div>\n\t\t\t\t<div class=\"elementor-column elementor-col-50 elementor-top-column elementor-element elementor-element-5571f26\" data-id=\"5571f26\" data-element_type=\"column\" data-e-type=\"column\">\n\t\t\t<div class=\"elementor-widget-wrap elementor-element-populated\">\n\t\t\t\t\t\t<div class=\"elementor-element elementor-element-70a4eb5 elementor-align-center elementor-widget__width-initial elementor-widget elementor-widget-button\" data-id=\"70a4eb5\" data-element_type=\"widget\" data-e-type=\"widget\" data-widget_type=\"button.default\">\n\t\t\t\t<div class=\"elementor-widget-container\">\n\t\t\t\t\t\t\t\t\t<div class=\"elementor-button-wrapper\">\n\t\t\t\t\t<a class=\"elementor-button elementor-button-link elementor-size-sm\" href=\"https:\/\/mwb.com.pl\/re\/wystawa\/polskie-panstwo-podziemne\/\">\n\t\t\t\t\t\t<span class=\"elementor-button-content-wrapper\">\n\t\t\t\t\t\t\t\t\t<span class=\"elementor-button-text\">Dalej<\/span>\n\t\t\t\t\t<\/span>\n\t\t\t\t\t<\/a>\n\t\t\t\t<\/div>\n\t\t\t\t\t\t\t\t<\/div>\n\t\t\t\t<\/div>\n\t\t\t\t\t<\/div>\n\t\t<\/div>\n\t\t\t\t\t<\/div>\n\t\t<\/section>\n\t\t\t\t<\/div>\n\t\t","protected":false},"excerpt":{"rendered":"<p>Okupacja niemiecka i sowiecka Kontrola cywil\u00f3w na przedmie\u015bciach Warszawy w pierwszych tygodniach niemieckiej okupacji(Muzeum Wojska w Bia\u0142ymstoku) Od pocz\u0105tku Niemcy traktowali ziemie [&hellip;]<\/p>\n","protected":false},"author":1,"featured_media":0,"parent":726,"menu_order":0,"comment_status":"closed","ping_status":"closed","template":"page-templates\/page_front-page.php","meta":{"footnotes":""},"class_list":["post-1230","page","type-page","status-publish","hentry"],"_links":{"self":[{"href":"https:\/\/mwb.com.pl\/re\/wp-json\/wp\/v2\/pages\/1230","targetHints":{"allow":["GET"]}}],"collection":[{"href":"https:\/\/mwb.com.pl\/re\/wp-json\/wp\/v2\/pages"}],"about":[{"href":"https:\/\/mwb.com.pl\/re\/wp-json\/wp\/v2\/types\/page"}],"author":[{"embeddable":true,"href":"https:\/\/mwb.com.pl\/re\/wp-json\/wp\/v2\/users\/1"}],"replies":[{"embeddable":true,"href":"https:\/\/mwb.com.pl\/re\/wp-json\/wp\/v2\/comments?post=1230"}],"version-history":[{"count":13,"href":"https:\/\/mwb.com.pl\/re\/wp-json\/wp\/v2\/pages\/1230\/revisions"}],"predecessor-version":[{"id":2459,"href":"https:\/\/mwb.com.pl\/re\/wp-json\/wp\/v2\/pages\/1230\/revisions\/2459"}],"up":[{"embeddable":true,"href":"https:\/\/mwb.com.pl\/re\/wp-json\/wp\/v2\/pages\/726"}],"wp:attachment":[{"href":"https:\/\/mwb.com.pl\/re\/wp-json\/wp\/v2\/media?parent=1230"}],"curies":[{"name":"wp","href":"https:\/\/api.w.org\/{rel}","templated":true}]}}