{"id":1213,"date":"2023-06-19T14:22:07","date_gmt":"2023-06-19T12:22:07","guid":{"rendered":"https:\/\/mwb.com.pl\/re\/?page_id=1213"},"modified":"2023-08-01T12:55:31","modified_gmt":"2023-08-01T10:55:31","slug":"dolna-polowa-znaku-tozsamosci-jenca-z-obozu-oflag-xviii-a-lienz-drau","status":"publish","type":"page","link":"https:\/\/mwb.com.pl\/re\/wystawa\/kampania-wrzesniowa\/dolna-polowa-znaku-tozsamosci-jenca-z-obozu-oflag-xviii-a-lienz-drau\/","title":{"rendered":"Dolna po\u0142owa znaku to\u017csamo\u015bci je\u0144ca z obozu oflag XVIII A LIENZ\/DRAU"},"content":{"rendered":"\t\t<div data-elementor-type=\"wp-page\" data-elementor-id=\"1213\" class=\"elementor elementor-1213\">\n\t\t\t\t\t\t<section class=\"elementor-section elementor-top-section elementor-element elementor-element-62f0dafa elementor-section-boxed elementor-section-height-default elementor-section-height-default\" data-id=\"62f0dafa\" data-element_type=\"section\" data-e-type=\"section\">\n\t\t\t\t\t\t<div class=\"elementor-container elementor-column-gap-default\">\n\t\t\t\t\t<div class=\"elementor-column elementor-col-100 elementor-top-column elementor-element elementor-element-1dfdb100\" data-id=\"1dfdb100\" data-element_type=\"column\" data-e-type=\"column\">\n\t\t\t<div class=\"elementor-widget-wrap elementor-element-populated\">\n\t\t\t\t\t\t<div class=\"elementor-element elementor-element-b06dd01 elementor-widget elementor-widget-heading\" data-id=\"b06dd01\" data-element_type=\"widget\" data-e-type=\"widget\" data-widget_type=\"heading.default\">\n\t\t\t\t<div class=\"elementor-widget-container\">\n\t\t\t\t\t<h4 class=\"elementor-heading-title elementor-size-default\">Dolna po\u0142owa znaku to\u017csamo\u015bci je\u0144ca z obozu oflag XVIII A LIENZ\/DRAU<\/h4>\t\t\t\t<\/div>\n\t\t\t\t<\/div>\n\t\t\t\t\t<\/div>\n\t\t<\/div>\n\t\t\t\t\t<\/div>\n\t\t<\/section>\n\t\t\t\t<section class=\"elementor-section elementor-top-section elementor-element elementor-element-33d99f0 elementor-section-boxed elementor-section-height-default elementor-section-height-default\" data-id=\"33d99f0\" data-element_type=\"section\" data-e-type=\"section\">\n\t\t\t\t\t\t<div class=\"elementor-container elementor-column-gap-default\">\n\t\t\t\t\t<div class=\"elementor-column elementor-col-100 elementor-top-column elementor-element elementor-element-20b8b478\" data-id=\"20b8b478\" data-element_type=\"column\" data-e-type=\"column\">\n\t\t\t<div class=\"elementor-widget-wrap elementor-element-populated\">\n\t\t\t\t\t\t<div class=\"elementor-element elementor-element-59b3c86c elementor-widget elementor-widget-image\" data-id=\"59b3c86c\" data-element_type=\"widget\" data-e-type=\"widget\" data-widget_type=\"image.default\">\n\t\t\t\t<div class=\"elementor-widget-container\">\n\t\t\t\t\t\t\t\t\t\t\t\t<figure class=\"wp-caption\">\n\t\t\t\t\t\t\t\t\t\t\t<a href=\"https:\/\/mwb.com.pl\/re\/wp-content\/uploads\/2023\/06\/21.jpg\" data-elementor-open-lightbox=\"yes\" data-elementor-lightbox-title=\"Dolna po\u0142owa znaku to\u017csamo\u015bci je\u0144ca z obozu oflag XVIII A LIENZ\/DRAU\" data-e-action-hash=\"#elementor-action%3Aaction%3Dlightbox%26settings%3DeyJpZCI6MTIyMywidXJsIjoiaHR0cHM6XC9cL213Yi5jb20ucGxcL3JlXC93cC1jb250ZW50XC91cGxvYWRzXC8yMDIzXC8wNlwvMjEuanBnIn0%3D\">\n\t\t\t\t\t\t\t<img decoding=\"async\" src=\"https:\/\/mwb.com.pl\/re\/wp-content\/uploads\/elementor\/thumbs\/21-q86y7okp0jkocoyapwgsxfatkwei4or7yo5orbd4n8.jpg\" title=\"Dolna po\u0142owa znaku to\u017csamo\u015bci je\u0144ca z obozu oflag XVIII A LIENZ\/DRAU\" alt=\"Dolna po\u0142owa znaku to\u017csamo\u015bci je\u0144ca z obozu oflag XVIII A LIENZ\/DRAU\" loading=\"lazy\" \/>\t\t\t\t\t\t\t\t<\/a>\n\t\t\t\t\t\t\t\t\t\t\t<figcaption class=\"widget-image-caption wp-caption-text\">Dolna po\u0142owa znaku to\u017csamo\u015bci je\u0144ca z obozu oflag XVIII A LIENZ\/DRAU<\/br>(Muzeum Wojska w Bia\u0142ymstoku)<\/figcaption>\n\t\t\t\t\t\t\t\t\t\t<\/figure>\n\t\t\t\t\t\t\t\t\t<\/div>\n\t\t\t\t<\/div>\n\t\t\t\t\t<\/div>\n\t\t<\/div>\n\t\t\t\t\t<\/div>\n\t\t<\/section>\n\t\t\t\t<section class=\"elementor-section elementor-top-section elementor-element elementor-element-76f8c16b elementor-section-boxed elementor-section-height-default elementor-section-height-default\" data-id=\"76f8c16b\" data-element_type=\"section\" data-e-type=\"section\">\n\t\t\t\t\t\t<div class=\"elementor-container elementor-column-gap-default\">\n\t\t\t\t\t<div class=\"elementor-column elementor-col-100 elementor-top-column elementor-element elementor-element-440ac114\" data-id=\"440ac114\" data-element_type=\"column\" data-e-type=\"column\">\n\t\t\t<div class=\"elementor-widget-wrap elementor-element-populated\">\n\t\t\t\t\t\t<div class=\"elementor-element elementor-element-41623470 elementor-widget elementor-widget-text-editor\" data-id=\"41623470\" data-element_type=\"widget\" data-e-type=\"widget\" data-widget_type=\"text-editor.default\">\n\t\t\t\t<div class=\"elementor-widget-container\">\n\t\t\t\t\t\t\t\t\t<p>Prostok\u0105tna, cynkowa blaszka, dolna po\u0142owa ca\u0142o\u015bci \u2013 prze\u0142amany nie\u015bmiertelnik wskazuje na \u015bmier\u0107 w\u0142a\u015bciciela. Na \u015brodku nie\u015bmiertelnika nad i pomi\u0119dzy trzema poziomymi liniami wybite w 3 rz\u0119dach nazwa obozu i nr ewidencyjny je\u0144ca: \u201eKG. OFLAG. XVIII A Nr: 4747\u201d.<\/p>\t\t\t\t\t\t\t\t<\/div>\n\t\t\t\t<\/div>\n\t\t\t\t\t<\/div>\n\t\t<\/div>\n\t\t\t\t\t<\/div>\n\t\t<\/section>\n\t\t\t\t<section class=\"elementor-section elementor-top-section elementor-element elementor-element-ad00f4d elementor-section-boxed elementor-section-height-default elementor-section-height-default\" data-id=\"ad00f4d\" data-element_type=\"section\" data-e-type=\"section\">\n\t\t\t\t\t\t<div class=\"elementor-container elementor-column-gap-default\">\n\t\t\t\t\t<div class=\"elementor-column elementor-col-50 elementor-top-column elementor-element elementor-element-ba254d5\" data-id=\"ba254d5\" data-element_type=\"column\" data-e-type=\"column\">\n\t\t\t<div class=\"elementor-widget-wrap elementor-element-populated\">\n\t\t\t\t\t\t<div class=\"elementor-element elementor-element-2743f98 elementor-align-center elementor-widget__width-initial elementor-widget elementor-widget-button\" data-id=\"2743f98\" data-element_type=\"widget\" data-e-type=\"widget\" data-widget_type=\"button.default\">\n\t\t\t\t<div class=\"elementor-widget-container\">\n\t\t\t\t\t\t\t\t\t<div class=\"elementor-button-wrapper\">\n\t\t\t\t\t<a class=\"elementor-button elementor-button-link elementor-size-sm\" href=\"https:\/\/mwb.com.pl\/re\/wystawa\">\n\t\t\t\t\t\t<span class=\"elementor-button-content-wrapper\">\n\t\t\t\t\t\t\t\t\t<span class=\"elementor-button-text\">Powr\u00f3t<\/span>\n\t\t\t\t\t<\/span>\n\t\t\t\t\t<\/a>\n\t\t\t\t<\/div>\n\t\t\t\t\t\t\t\t<\/div>\n\t\t\t\t<\/div>\n\t\t\t\t\t<\/div>\n\t\t<\/div>\n\t\t\t\t<div class=\"elementor-column elementor-col-50 elementor-top-column elementor-element elementor-element-1cba50b\" data-id=\"1cba50b\" data-element_type=\"column\" data-e-type=\"column\">\n\t\t\t<div class=\"elementor-widget-wrap elementor-element-populated\">\n\t\t\t\t\t\t<div class=\"elementor-element elementor-element-b5d9613 elementor-align-center elementor-widget__width-initial elementor-widget elementor-widget-button\" data-id=\"b5d9613\" data-element_type=\"widget\" data-e-type=\"widget\" data-widget_type=\"button.default\">\n\t\t\t\t<div class=\"elementor-widget-container\">\n\t\t\t\t\t\t\t\t\t<div class=\"elementor-button-wrapper\">\n\t\t\t\t\t<a class=\"elementor-button elementor-button-link elementor-size-sm\" href=\"https:\/\/mwb.com.pl\/re\/wystawa\/okupacja-niemiecka-i-sowiecka\/\">\n\t\t\t\t\t\t<span class=\"elementor-button-content-wrapper\">\n\t\t\t\t\t\t\t\t\t<span class=\"elementor-button-text\">Dalej<\/span>\n\t\t\t\t\t<\/span>\n\t\t\t\t\t<\/a>\n\t\t\t\t<\/div>\n\t\t\t\t\t\t\t\t<\/div>\n\t\t\t\t<\/div>\n\t\t\t\t\t<\/div>\n\t\t<\/div>\n\t\t\t\t\t<\/div>\n\t\t<\/section>\n\t\t\t\t<\/div>\n\t\t","protected":false},"excerpt":{"rendered":"<p>Dolna po\u0142owa znaku to\u017csamo\u015bci je\u0144ca z obozu oflag XVIII A LIENZ\/DRAU Dolna po\u0142owa znaku to\u017csamo\u015bci je\u0144ca z obozu oflag XVIII A LIENZ\/DRAU(Muzeum [&hellip;]<\/p>\n","protected":false},"author":1,"featured_media":0,"parent":1204,"menu_order":0,"comment_status":"closed","ping_status":"closed","template":"page-templates\/page_front-page.php","meta":{"footnotes":""},"class_list":["post-1213","page","type-page","status-publish","hentry"],"_links":{"self":[{"href":"https:\/\/mwb.com.pl\/re\/wp-json\/wp\/v2\/pages\/1213","targetHints":{"allow":["GET"]}}],"collection":[{"href":"https:\/\/mwb.com.pl\/re\/wp-json\/wp\/v2\/pages"}],"about":[{"href":"https:\/\/mwb.com.pl\/re\/wp-json\/wp\/v2\/types\/page"}],"author":[{"embeddable":true,"href":"https:\/\/mwb.com.pl\/re\/wp-json\/wp\/v2\/users\/1"}],"replies":[{"embeddable":true,"href":"https:\/\/mwb.com.pl\/re\/wp-json\/wp\/v2\/comments?post=1213"}],"version-history":[{"count":13,"href":"https:\/\/mwb.com.pl\/re\/wp-json\/wp\/v2\/pages\/1213\/revisions"}],"predecessor-version":[{"id":2382,"href":"https:\/\/mwb.com.pl\/re\/wp-json\/wp\/v2\/pages\/1213\/revisions\/2382"}],"up":[{"embeddable":true,"href":"https:\/\/mwb.com.pl\/re\/wp-json\/wp\/v2\/pages\/1204"}],"wp:attachment":[{"href":"https:\/\/mwb.com.pl\/re\/wp-json\/wp\/v2\/media?parent=1213"}],"curies":[{"name":"wp","href":"https:\/\/api.w.org\/{rel}","templated":true}]}}