{"id":1204,"date":"2023-06-19T14:13:16","date_gmt":"2023-06-19T12:13:16","guid":{"rendered":"https:\/\/mwb.com.pl\/re\/?page_id=1204"},"modified":"2023-08-01T12:53:48","modified_gmt":"2023-08-01T10:53:48","slug":"kampania-wrzesniowa","status":"publish","type":"page","link":"https:\/\/mwb.com.pl\/re\/wystawa\/kampania-wrzesniowa\/","title":{"rendered":"Kampania wrze\u015bniowa"},"content":{"rendered":"\t\t<div data-elementor-type=\"wp-page\" data-elementor-id=\"1204\" class=\"elementor elementor-1204\">\n\t\t\t\t\t\t<section class=\"elementor-section elementor-top-section elementor-element elementor-element-a1cf3e4 elementor-section-boxed elementor-section-height-default elementor-section-height-default\" data-id=\"a1cf3e4\" data-element_type=\"section\" data-e-type=\"section\">\n\t\t\t\t\t\t<div class=\"elementor-container elementor-column-gap-default\">\n\t\t\t\t\t<div class=\"elementor-column elementor-col-100 elementor-top-column elementor-element elementor-element-aa48774\" data-id=\"aa48774\" data-element_type=\"column\" data-e-type=\"column\">\n\t\t\t<div class=\"elementor-widget-wrap elementor-element-populated\">\n\t\t\t\t\t\t<div class=\"elementor-element elementor-element-2fbb6c0 elementor-widget elementor-widget-heading\" data-id=\"2fbb6c0\" data-element_type=\"widget\" data-e-type=\"widget\" data-widget_type=\"heading.default\">\n\t\t\t\t<div class=\"elementor-widget-container\">\n\t\t\t\t\t<h4 class=\"elementor-heading-title elementor-size-default\">Kampania wrze\u015bniowa<\/h4>\t\t\t\t<\/div>\n\t\t\t\t<\/div>\n\t\t\t\t\t<\/div>\n\t\t<\/div>\n\t\t\t\t\t<\/div>\n\t\t<\/section>\n\t\t\t\t<section class=\"elementor-section elementor-top-section elementor-element elementor-element-196337f elementor-section-boxed elementor-section-height-default elementor-section-height-default\" data-id=\"196337f\" data-element_type=\"section\" data-e-type=\"section\">\n\t\t\t\t\t\t<div class=\"elementor-container elementor-column-gap-default\">\n\t\t\t\t\t<div class=\"elementor-column elementor-col-100 elementor-top-column elementor-element elementor-element-8c58f62\" data-id=\"8c58f62\" data-element_type=\"column\" data-e-type=\"column\">\n\t\t\t<div class=\"elementor-widget-wrap elementor-element-populated\">\n\t\t\t\t\t\t<div class=\"elementor-element elementor-element-78b5010 elementor-widget elementor-widget-image\" data-id=\"78b5010\" data-element_type=\"widget\" data-e-type=\"widget\" data-widget_type=\"image.default\">\n\t\t\t\t<div class=\"elementor-widget-container\">\n\t\t\t\t\t\t\t\t\t\t\t\t<figure class=\"wp-caption\">\n\t\t\t\t\t\t\t\t\t\t\t<a href=\"https:\/\/mwb.com.pl\/re\/wp-content\/uploads\/2023\/06\/2-2.jpg\" data-elementor-open-lightbox=\"yes\" data-elementor-lightbox-title=\"Maszeruj\u0105ca polska piechota (Narodowe Archiwum Cyfrowe)\" data-e-action-hash=\"#elementor-action%3Aaction%3Dlightbox%26settings%3DeyJpZCI6MTIwNiwidXJsIjoiaHR0cHM6XC9cL213Yi5jb20ucGxcL3JlXC93cC1jb250ZW50XC91cGxvYWRzXC8yMDIzXC8wNlwvMi0yLmpwZyJ9\">\n\t\t\t\t\t\t\t<img decoding=\"async\" src=\"https:\/\/mwb.com.pl\/re\/wp-content\/uploads\/elementor\/thumbs\/2-2-q86xmslqpdfk1tnoj71ucr1d1nu0b3cvuo2kl2fn0m.jpg\" title=\"Maszeruj\u0105ca polska piechota (Narodowe Archiwum Cyfrowe)\" alt=\"Maszeruj\u0105ca polska piechota (Narodowe Archiwum Cyfrowe)\" loading=\"lazy\" \/>\t\t\t\t\t\t\t\t<\/a>\n\t\t\t\t\t\t\t\t\t\t\t<figcaption class=\"widget-image-caption wp-caption-text\">Maszeruj\u0105ca polska piechota<\/br>(Narodowe Archiwum Cyfrowe)<\/figcaption>\n\t\t\t\t\t\t\t\t\t\t<\/figure>\n\t\t\t\t\t\t\t\t\t<\/div>\n\t\t\t\t<\/div>\n\t\t\t\t\t<\/div>\n\t\t<\/div>\n\t\t\t\t\t<\/div>\n\t\t<\/section>\n\t\t\t\t<section class=\"elementor-section elementor-top-section elementor-element elementor-element-b1a0020 elementor-section-boxed elementor-section-height-default elementor-section-height-default\" data-id=\"b1a0020\" data-element_type=\"section\" data-e-type=\"section\">\n\t\t\t\t\t\t<div class=\"elementor-container elementor-column-gap-default\">\n\t\t\t\t\t<div class=\"elementor-column elementor-col-100 elementor-top-column elementor-element elementor-element-17cbda3\" data-id=\"17cbda3\" data-element_type=\"column\" data-e-type=\"column\">\n\t\t\t<div class=\"elementor-widget-wrap elementor-element-populated\">\n\t\t\t\t\t\t<div class=\"elementor-element elementor-element-6327049 elementor-widget elementor-widget-text-editor\" data-id=\"6327049\" data-element_type=\"widget\" data-e-type=\"widget\" data-widget_type=\"text-editor.default\">\n\t\t\t\t<div class=\"elementor-widget-container\">\n\t\t\t\t\t\t\t\t\t<p>Wszystko zacz\u0119\u0142o si\u0119 1 wrze\u015bnia 1939 r. <br \/>O godzinie 4.47 rano, pancernik \u201eSchleswig-Holstein\u201d otworzy\u0142 ogie\u0144 w kierunku Westerplatte, polskiej sk\u0142adnicy tranzytowej na terenie Wolnego Miasta Gda\u0144ska. Siedem minut wcze\u015bniej, niemieckie lotnictwo zbombardowa\u0142o Wielu\u0144 \u2013 miasto pozbawione znaczenia militarnego. Jednocze\u015bnie na tereny II Rzeczypospolitej wdziera\u0142y si\u0119 oddzia\u0142y Wehrmachtu. Pod ich naporem, Wojsko Polskie rozpocz\u0119\u0142o odwr\u00f3t, cofaj\u0105c si\u0119 coraz bardziej w g\u0142\u0105b kraju. Na zaj\u0119tych terenach Niemcy rozpocz\u0119li swoj\u0105 polityk\u0119 eksterminacyjn\u0105, dokonuj\u0105c pierwszych zbrodni na je\u0144cach wojennych i cywilach. Mimo przyt\u0142aczaj\u0105cej przewagi wojsk niemieckich, armia polska stawia\u0142a op\u00f3r. 17 wrze\u015bnia wype\u0142niaj\u0105c porozumienia paktu Ribbentrop-Mo\u0142otow, wschodni\u0105 granic\u0119 przekroczy\u0142a Armia Czerwona, zadaj\u0105c broni\u0105cym si\u0119 oddzia\u0142om polskim \u201ecios w plecy\u201d. Wojna by\u0142a przegrana. W\u0142adze pa\u0144stwowe i ocala\u0142e polskie jednostki ewakuowa\u0142y si\u0119 za granic\u0119 \u2013 do Rumunii aby w oparciu o zachodnich sojusznik\u00f3w \u2013 Francj\u0119 i Anglie kontynuowa\u0107 walk\u0119 z naje\u017ad\u017acami. <br \/>Bia\u0142ystok po kr\u00f3tkiej walce, zosta\u0142 zaj\u0119ty przez Niemc\u00f3w 15 wrze\u015bnia 1939 r. Po tygodniu niemieckiej niewoli spe\u0142niaj\u0105c postanowienia zawarte w pakcie Ribbentrop\u2013Mo\u0142otow, miasto 22 wrze\u015bnia przesz\u0142o pod okupacj\u0119 sowieck\u0105. IV rozbi\u00f3r Polski sta\u0142 si\u0119 faktem.<br \/><br \/>Dla mieszka\u0144c\u00f3w rozpoczyna si\u0119 prawie dwuletni okres sowieckich \u201eporz\u0105dk\u00f3w\u201d.<\/p>\t\t\t\t\t\t\t\t<\/div>\n\t\t\t\t<\/div>\n\t\t\t\t\t<\/div>\n\t\t<\/div>\n\t\t\t\t\t<\/div>\n\t\t<\/section>\n\t\t\t\t<section class=\"elementor-section elementor-top-section elementor-element elementor-element-048e020 elementor-section-boxed elementor-section-height-default elementor-section-height-default\" data-id=\"048e020\" data-element_type=\"section\" data-e-type=\"section\">\n\t\t\t\t\t\t<div class=\"elementor-container elementor-column-gap-default\">\n\t\t\t\t\t<div class=\"elementor-column elementor-col-50 elementor-top-column elementor-element elementor-element-227cd26\" data-id=\"227cd26\" data-element_type=\"column\" data-e-type=\"column\">\n\t\t\t<div class=\"elementor-widget-wrap elementor-element-populated\">\n\t\t\t\t\t\t<div class=\"elementor-element elementor-element-2270d29 elementor-align-center elementor-widget__width-initial elementor-widget elementor-widget-button\" data-id=\"2270d29\" data-element_type=\"widget\" data-e-type=\"widget\" data-widget_type=\"button.default\">\n\t\t\t\t<div class=\"elementor-widget-container\">\n\t\t\t\t\t\t\t\t\t<div class=\"elementor-button-wrapper\">\n\t\t\t\t\t<a class=\"elementor-button elementor-button-link elementor-size-sm\" href=\"https:\/\/mwb.com.pl\/re\/wystawa\">\n\t\t\t\t\t\t<span class=\"elementor-button-content-wrapper\">\n\t\t\t\t\t\t\t\t\t<span class=\"elementor-button-text\">Powr\u00f3t<\/span>\n\t\t\t\t\t<\/span>\n\t\t\t\t\t<\/a>\n\t\t\t\t<\/div>\n\t\t\t\t\t\t\t\t<\/div>\n\t\t\t\t<\/div>\n\t\t\t\t\t<\/div>\n\t\t<\/div>\n\t\t\t\t<div class=\"elementor-column elementor-col-50 elementor-top-column elementor-element elementor-element-0f98703\" data-id=\"0f98703\" data-element_type=\"column\" data-e-type=\"column\">\n\t\t\t<div class=\"elementor-widget-wrap elementor-element-populated\">\n\t\t\t\t\t\t<div class=\"elementor-element elementor-element-bb0dac9 elementor-align-center elementor-widget__width-initial elementor-widget elementor-widget-button\" data-id=\"bb0dac9\" data-element_type=\"widget\" data-e-type=\"widget\" data-widget_type=\"button.default\">\n\t\t\t\t<div class=\"elementor-widget-container\">\n\t\t\t\t\t\t\t\t\t<div class=\"elementor-button-wrapper\">\n\t\t\t\t\t<a class=\"elementor-button elementor-button-link elementor-size-sm\" href=\"https:\/\/mwb.com.pl\/re\/wystawa\/kampania-wrzesniowa\/dolna-polowa-znaku-tozsamosci-jenca-z-obozu-oflag-xviii-a-lienz-drau\/\">\n\t\t\t\t\t\t<span class=\"elementor-button-content-wrapper\">\n\t\t\t\t\t\t\t\t\t<span class=\"elementor-button-text\">Dalej<\/span>\n\t\t\t\t\t<\/span>\n\t\t\t\t\t<\/a>\n\t\t\t\t<\/div>\n\t\t\t\t\t\t\t\t<\/div>\n\t\t\t\t<\/div>\n\t\t\t\t\t<\/div>\n\t\t<\/div>\n\t\t\t\t\t<\/div>\n\t\t<\/section>\n\t\t\t\t<\/div>\n\t\t","protected":false},"excerpt":{"rendered":"<p>Kampania wrze\u015bniowa Maszeruj\u0105ca polska piechota(Narodowe Archiwum Cyfrowe) Wszystko zacz\u0119\u0142o si\u0119 1 wrze\u015bnia 1939 r. O godzinie 4.47 rano, pancernik \u201eSchleswig-Holstein\u201d otworzy\u0142 ogie\u0144 [&hellip;]<\/p>\n","protected":false},"author":1,"featured_media":0,"parent":726,"menu_order":0,"comment_status":"closed","ping_status":"closed","template":"page-templates\/page_front-page.php","meta":{"footnotes":""},"class_list":["post-1204","page","type-page","status-publish","hentry"],"_links":{"self":[{"href":"https:\/\/mwb.com.pl\/re\/wp-json\/wp\/v2\/pages\/1204","targetHints":{"allow":["GET"]}}],"collection":[{"href":"https:\/\/mwb.com.pl\/re\/wp-json\/wp\/v2\/pages"}],"about":[{"href":"https:\/\/mwb.com.pl\/re\/wp-json\/wp\/v2\/types\/page"}],"author":[{"embeddable":true,"href":"https:\/\/mwb.com.pl\/re\/wp-json\/wp\/v2\/users\/1"}],"replies":[{"embeddable":true,"href":"https:\/\/mwb.com.pl\/re\/wp-json\/wp\/v2\/comments?post=1204"}],"version-history":[{"count":22,"href":"https:\/\/mwb.com.pl\/re\/wp-json\/wp\/v2\/pages\/1204\/revisions"}],"predecessor-version":[{"id":2379,"href":"https:\/\/mwb.com.pl\/re\/wp-json\/wp\/v2\/pages\/1204\/revisions\/2379"}],"up":[{"embeddable":true,"href":"https:\/\/mwb.com.pl\/re\/wp-json\/wp\/v2\/pages\/726"}],"wp:attachment":[{"href":"https:\/\/mwb.com.pl\/re\/wp-json\/wp\/v2\/media?parent=1204"}],"curies":[{"name":"wp","href":"https:\/\/api.w.org\/{rel}","templated":true}]}}