{"id":1194,"date":"2023-06-19T13:46:42","date_gmt":"2023-06-19T11:46:42","guid":{"rendered":"https:\/\/mwb.com.pl\/re\/?page_id=1194"},"modified":"2023-08-01T12:29:24","modified_gmt":"2023-08-01T10:29:24","slug":"przed-burza","status":"publish","type":"page","link":"https:\/\/mwb.com.pl\/re\/wystawa\/przed-burza\/","title":{"rendered":"Przed burz\u0105"},"content":{"rendered":"\t\t<div data-elementor-type=\"wp-page\" data-elementor-id=\"1194\" class=\"elementor elementor-1194\">\n\t\t\t\t\t\t<section class=\"elementor-section elementor-top-section elementor-element elementor-element-fa7ae63 elementor-section-boxed elementor-section-height-default elementor-section-height-default\" data-id=\"fa7ae63\" data-element_type=\"section\" data-e-type=\"section\">\n\t\t\t\t\t\t<div class=\"elementor-container elementor-column-gap-default\">\n\t\t\t\t\t<div class=\"elementor-column elementor-col-100 elementor-top-column elementor-element elementor-element-5cac638\" data-id=\"5cac638\" data-element_type=\"column\" data-e-type=\"column\">\n\t\t\t<div class=\"elementor-widget-wrap elementor-element-populated\">\n\t\t\t\t\t\t<div class=\"elementor-element elementor-element-4bc7657 elementor-widget elementor-widget-heading\" data-id=\"4bc7657\" data-element_type=\"widget\" data-e-type=\"widget\" data-widget_type=\"heading.default\">\n\t\t\t\t<div class=\"elementor-widget-container\">\n\t\t\t\t\t<h4 class=\"elementor-heading-title elementor-size-default\">Przed burz\u0105<\/h4>\t\t\t\t<\/div>\n\t\t\t\t<\/div>\n\t\t\t\t\t<\/div>\n\t\t<\/div>\n\t\t\t\t\t<\/div>\n\t\t<\/section>\n\t\t\t\t<section class=\"elementor-section elementor-top-section elementor-element elementor-element-834dd09 elementor-section-boxed elementor-section-height-default elementor-section-height-default\" data-id=\"834dd09\" data-element_type=\"section\" data-e-type=\"section\">\n\t\t\t\t\t\t<div class=\"elementor-container elementor-column-gap-default\">\n\t\t\t\t\t<div class=\"elementor-column elementor-col-100 elementor-top-column elementor-element elementor-element-76f6702\" data-id=\"76f6702\" data-element_type=\"column\" data-e-type=\"column\">\n\t\t\t<div class=\"elementor-widget-wrap elementor-element-populated\">\n\t\t\t\t\t\t<div class=\"elementor-element elementor-element-cf46500 elementor-widget elementor-widget-image\" data-id=\"cf46500\" data-element_type=\"widget\" data-e-type=\"widget\" data-widget_type=\"image.default\">\n\t\t\t\t<div class=\"elementor-widget-container\">\n\t\t\t\t\t\t\t\t\t\t\t\t<figure class=\"wp-caption\">\n\t\t\t\t\t\t\t\t\t\t\t<a href=\"https:\/\/mwb.com.pl\/re\/wp-content\/uploads\/2023\/06\/1-2.jpg\" data-elementor-open-lightbox=\"yes\" data-elementor-lightbox-title=\"Powr\u00f3t \u017co\u0142nierzy 42. pu\u0142ku piechoty z manewr\u00f3w\" data-e-action-hash=\"#elementor-action%3Aaction%3Dlightbox%26settings%3DeyJpZCI6MTE5NywidXJsIjoiaHR0cHM6XC9cL213Yi5jb20ucGxcL3JlXC93cC1jb250ZW50XC91cGxvYWRzXC8yMDIzXC8wNlwvMS0yLmpwZyJ9\">\n\t\t\t\t\t\t\t<img decoding=\"async\" src=\"https:\/\/mwb.com.pl\/re\/wp-content\/uploads\/elementor\/thumbs\/1-2-q86who6050ooet0ztlhuxkn2qs1rbjkprqrhz5b6fe.jpg\" title=\"Powr\u00f3t \u017co\u0142nierzy 42. pu\u0142ku piechoty z manewr\u00f3w\" alt=\"Powr\u00f3t \u017co\u0142nierzy 42. pu\u0142ku piechoty z manewr\u00f3w (Muzeum Wojska w Bia\u0142ymstoku)\" loading=\"lazy\" \/>\t\t\t\t\t\t\t\t<\/a>\n\t\t\t\t\t\t\t\t\t\t\t<figcaption class=\"widget-image-caption wp-caption-text\">Powr\u00f3t \u017co\u0142nierzy 42. pu\u0142ku piechoty z manewr\u00f3w<\/br>(Muzeum Wojska w Bia\u0142ymstoku)<\/figcaption>\n\t\t\t\t\t\t\t\t\t\t<\/figure>\n\t\t\t\t\t\t\t\t\t<\/div>\n\t\t\t\t<\/div>\n\t\t\t\t\t<\/div>\n\t\t<\/div>\n\t\t\t\t\t<\/div>\n\t\t<\/section>\n\t\t\t\t<section class=\"elementor-section elementor-top-section elementor-element elementor-element-a641de1 elementor-section-boxed elementor-section-height-default elementor-section-height-default\" data-id=\"a641de1\" data-element_type=\"section\" data-e-type=\"section\">\n\t\t\t\t\t\t<div class=\"elementor-container elementor-column-gap-default\">\n\t\t\t\t\t<div class=\"elementor-column elementor-col-100 elementor-top-column elementor-element elementor-element-6dde392\" data-id=\"6dde392\" data-element_type=\"column\" data-e-type=\"column\">\n\t\t\t<div class=\"elementor-widget-wrap elementor-element-populated\">\n\t\t\t\t\t\t<div class=\"elementor-element elementor-element-c2c9315 elementor-widget elementor-widget-text-editor\" data-id=\"c2c9315\" data-element_type=\"widget\" data-e-type=\"widget\" data-widget_type=\"text-editor.default\">\n\t\t\t\t<div class=\"elementor-widget-container\">\n\t\t\t\t\t\t\t\t\t<p>Po zagarni\u0119ciu Austrii i Czechos\u0142owacji, kolejnym krajem, na kt\u00f3ry pad\u0142 cie\u0144 swastyki, by\u0142a II Rzeczypospolita Polska. Pa\u0144stwo, kt\u00f3re od dwudziestu lat podnosi\u0142o si\u0119 z ponad wieku zabor\u00f3w i zniszcze\u0144, w szybkim tempie pokonywa\u0142o przeszkody na drodze rozwoju. Po\u0142o\u017cenie geopolityczne stwarza\u0142o jednak ogromny problem: II RP znajdowa\u0142a si\u0119 miedzy dwoma totalitarnymi pa\u0144stwami \u2013 III Rzesz\u0105 (Zach\u00f3d) i ZSRS (Wsch\u00f3d), kt\u00f3re mia\u0142y bardzo ambitne plany co do rozszerzenia swoich wp\u0142yw\u00f3w. Ufaj\u0105c w moc sojuszy zagranicznych z Francj\u0105 i Wielk\u0105 Brytani\u0105, II RP rozbudowywa\u0142a swoj\u0105 armi\u0119. Spo\u0142ecze\u0144stwo, kt\u00f3re zna\u0142o smak niewoli, wierzy\u0142o, \u017ce zbli\u017caj\u0105ca si\u0119 zawierucha wojenna, sko\u0144czy si\u0119 jak w przypadku wojny polsko-bolszewickiej 1920 r. \u2013 odparciem najazdu przeciwnika.<\/p><p>\u015awiat jaki znali nasi dziadkowie, wkr\u00f3tce mia\u0142 przesta\u0107 istnie\u0107.<\/p>\t\t\t\t\t\t\t\t<\/div>\n\t\t\t\t<\/div>\n\t\t\t\t\t<\/div>\n\t\t<\/div>\n\t\t\t\t\t<\/div>\n\t\t<\/section>\n\t\t\t\t<section class=\"elementor-section elementor-top-section elementor-element elementor-element-bf65ca4 elementor-section-boxed elementor-section-height-default elementor-section-height-default\" data-id=\"bf65ca4\" data-element_type=\"section\" data-e-type=\"section\">\n\t\t\t\t\t\t<div class=\"elementor-container elementor-column-gap-default\">\n\t\t\t\t\t<div class=\"elementor-column elementor-col-50 elementor-top-column elementor-element elementor-element-6fd308f\" data-id=\"6fd308f\" data-element_type=\"column\" data-e-type=\"column\">\n\t\t\t<div class=\"elementor-widget-wrap elementor-element-populated\">\n\t\t\t\t\t\t<div class=\"elementor-element elementor-element-4f42b39 elementor-align-center elementor-widget__width-initial elementor-widget elementor-widget-button\" data-id=\"4f42b39\" data-element_type=\"widget\" data-e-type=\"widget\" data-widget_type=\"button.default\">\n\t\t\t\t<div class=\"elementor-widget-container\">\n\t\t\t\t\t\t\t\t\t<div class=\"elementor-button-wrapper\">\n\t\t\t\t\t<a class=\"elementor-button elementor-button-link elementor-size-sm\" href=\"https:\/\/mwb.com.pl\/re\/wystawa\">\n\t\t\t\t\t\t<span class=\"elementor-button-content-wrapper\">\n\t\t\t\t\t\t\t\t\t<span class=\"elementor-button-text\">Powr\u00f3t<\/span>\n\t\t\t\t\t<\/span>\n\t\t\t\t\t<\/a>\n\t\t\t\t<\/div>\n\t\t\t\t\t\t\t\t<\/div>\n\t\t\t\t<\/div>\n\t\t\t\t\t<\/div>\n\t\t<\/div>\n\t\t\t\t<div class=\"elementor-column elementor-col-50 elementor-top-column elementor-element elementor-element-ad3fd0c\" data-id=\"ad3fd0c\" data-element_type=\"column\" data-e-type=\"column\">\n\t\t\t<div class=\"elementor-widget-wrap elementor-element-populated\">\n\t\t\t\t\t\t<div class=\"elementor-element elementor-element-44d45bd elementor-align-center elementor-widget__width-initial elementor-mobile-align-center elementor-widget elementor-widget-button\" data-id=\"44d45bd\" data-element_type=\"widget\" data-e-type=\"widget\" data-widget_type=\"button.default\">\n\t\t\t\t<div class=\"elementor-widget-container\">\n\t\t\t\t\t\t\t\t\t<div class=\"elementor-button-wrapper\">\n\t\t\t\t\t<a class=\"elementor-button elementor-button-link elementor-size-sm\" href=\"https:\/\/mwb.com.pl\/re\/wystawa\/kampania-wrzesniowa\/\">\n\t\t\t\t\t\t<span class=\"elementor-button-content-wrapper\">\n\t\t\t\t\t\t\t\t\t<span class=\"elementor-button-text\">Dalej<\/span>\n\t\t\t\t\t<\/span>\n\t\t\t\t\t<\/a>\n\t\t\t\t<\/div>\n\t\t\t\t\t\t\t\t<\/div>\n\t\t\t\t<\/div>\n\t\t\t\t\t<\/div>\n\t\t<\/div>\n\t\t\t\t\t<\/div>\n\t\t<\/section>\n\t\t\t\t<\/div>\n\t\t","protected":false},"excerpt":{"rendered":"<p>Przed burz\u0105 Powr\u00f3t \u017co\u0142nierzy 42. pu\u0142ku piechoty z manewr\u00f3w(Muzeum Wojska w Bia\u0142ymstoku) Po zagarni\u0119ciu Austrii i Czechos\u0142owacji, kolejnym krajem, na kt\u00f3ry pad\u0142 [&hellip;]<\/p>\n","protected":false},"author":1,"featured_media":0,"parent":726,"menu_order":0,"comment_status":"closed","ping_status":"closed","template":"page-templates\/page_front-page.php","meta":{"footnotes":""},"class_list":["post-1194","page","type-page","status-publish","hentry"],"_links":{"self":[{"href":"https:\/\/mwb.com.pl\/re\/wp-json\/wp\/v2\/pages\/1194","targetHints":{"allow":["GET"]}}],"collection":[{"href":"https:\/\/mwb.com.pl\/re\/wp-json\/wp\/v2\/pages"}],"about":[{"href":"https:\/\/mwb.com.pl\/re\/wp-json\/wp\/v2\/types\/page"}],"author":[{"embeddable":true,"href":"https:\/\/mwb.com.pl\/re\/wp-json\/wp\/v2\/users\/1"}],"replies":[{"embeddable":true,"href":"https:\/\/mwb.com.pl\/re\/wp-json\/wp\/v2\/comments?post=1194"}],"version-history":[{"count":43,"href":"https:\/\/mwb.com.pl\/re\/wp-json\/wp\/v2\/pages\/1194\/revisions"}],"predecessor-version":[{"id":2354,"href":"https:\/\/mwb.com.pl\/re\/wp-json\/wp\/v2\/pages\/1194\/revisions\/2354"}],"up":[{"embeddable":true,"href":"https:\/\/mwb.com.pl\/re\/wp-json\/wp\/v2\/pages\/726"}],"wp:attachment":[{"href":"https:\/\/mwb.com.pl\/re\/wp-json\/wp\/v2\/media?parent=1194"}],"curies":[{"name":"wp","href":"https:\/\/api.w.org\/{rel}","templated":true}]}}