{"id":72,"date":"2014-07-07T11:57:16","date_gmt":"2014-07-07T11:57:16","guid":{"rendered":"http:\/\/mwb.com.pl\/policja\/?page_id=72"},"modified":"2014-07-10T12:07:49","modified_gmt":"2014-07-10T12:07:49","slug":"szkolnictwo-policyjne","status":"publish","type":"page","link":"https:\/\/mwb.com.pl\/policja\/?page_id=72","title":{"rendered":"szkolnictwo policyjne"},"content":{"rendered":"<div class=\"art-content-layout\">\n<div class=\"art-content-layout-row\">\n<div class=\"art-layout-cell layout-item-0\" style=\"width: 50%;\">\n<p class=\"MsoNoSpacing\"><span style=\"font-size: 15px;\">\u00a0 W\u015br\u00f3d wielu zarz\u0105dze\u0144 reguluj\u0105cych funkcjonalno\u015b\u0107 Policji Pa\u0144stwowej do\u015b\u0107 istotnymi zagadnieniami by\u0142y r\u00f3wnie\u017c kwestie zawodowego kszta\u0142cenia i szkolenia jej funkcjonariuszy. Pocz\u0105tkowo wszyscy szeregowi uko\u0144czy\u0107 musieli specjalne szko\u0142y dla posterunkowych lub przodownik\u00f3w, a oficerowie szko\u0142\u0119 dla wy\u017cszych funkcjonariuszy. Te pierwsze organizowano w my\u015bl ustawy policyjnej z 24 VII 1919 r. przy ka\u017cdej siedzibie komendy okr\u0119gowej PP, drug\u0105 za\u015b powo\u0142ano w Warszawie pod nazw\u0105 G\u0142\u00f3wnej Szko\u0142y Policyjnej. Przez pewien czas rol\u0119 szk\u00f3\u0142 spe\u0142nia\u0142y tak\u017ce Rezerwy Okr\u0119gowe PP, w kt\u00f3rych szkolono przysz\u0142ych posterunkowych w liczbie jednej kompanii (60 os\u00f3b). Bardziej specjalistyczne szkolenie z zakresu s\u0142u\u017cby kryminalnej przechodzili ponadto wywiadowcy zatrudnieni w organach policji \u015bledczej.<\/span><\/p>\n<p class=\"MsoNoSpacing\"><span style=\"font-size: 15px;\">\u00a0 \u00a0 \u00a0Konieczno\u015b\u0107 sta\u0142ego uzupe\u0142niania szereg\u00f3w policji odpowiednio wyszkolonymi lud\u017ami przyczyni\u0142a si\u0119 bezpo\u015brednio do licznych przeobra\u017ce\u0144 organizacyjnych dotychczasowego szkolnictwa policyjnego. W wyniku reform z 1924 r. w ramach rezerw okr\u0119gowych uruchomiono m.in. 6-tygodniowe kursy dla posterunkowych, a w szko\u0142ach okr\u0119gowych 3-miesi\u0119czne kursy dla przodownik\u00f3w. Wszyscy oficerowie do stopnia nadkomisarza zaliczy\u0107 musieli obowi\u0105zkowo tak\u017ce 5-miesi\u0119czny kurs dla wy\u017cszych funkcjonariuszy. Jednak i te zmiany nie by\u0142y ostateczne. Zdaj\u0105c sobie dobrze spraw\u0119 z tego, i\u017c warto\u015b\u0107 szkolenia policjant\u00f3w we wszystkich okr\u0119gach jest r\u00f3\u017cnorodna zdecydowano si\u0119 ponownie zreorganizowa\u0107 istniej\u0105cy system kszta\u0142cenia. Na mocy urz\u0119dowego rozporz\u0105dzenia MSW z 25 V 1928 r. zlikwidowano wszystkie okr\u0119gowe o\u015brodki szkolne, powo\u0142uj\u0105c w ich miejsce nowe jednostki sta\u0142e: Szko\u0142\u0119 Oficersk\u0105 PP w Warszawie i trzy szko\u0142y dla szeregowych PP w \u017byrardowie, Sosnowcu i Mostach Wielkich. Dla podniesienia fachowego poziomu wyszkolenia organizowano ponadto w tych plac\u00f3wkach 6-miesi\u0119czne kursy i szkolenia z zakresu s\u0142u\u017cby \u015bledczej, daktyloskopii czy pracy w laboratorium \u015bledczym. W ramach oszcz\u0119dno\u015bci finansowych zlikwidowano do 1935 r. bezpowrotnie szko\u0142y policyjne w \u017byrardowie i Sosnowcu, kszta\u0142c\u0105c przysz\u0142ych posterunkowych tylko w\u00a0 jednej w Mostach Wielkich. Zanim to mog\u0142o nast\u0105pi\u0107 nale\u017ca\u0142o jednak odby\u0107 kontraktow\u0105 s\u0142u\u017cb\u0119 w powo\u0142ywanych od 1936 r. kompaniach rezerwy, przygotowuj\u0105cych kandydat\u00f3w do pracy w organach policyjnych. Uregulowana w ten spos\u00f3b kwestia zawodowego kszta\u0142cenia polskiego policjanta, z ma\u0142o istotnymi poprawkami w dziedzinie szkolenia, utrzyma\u0142a si\u0119 do wrze\u015bnia 1939 r.<\/span><\/p>\n<p class=\"MsoNoSpacing\"><span style=\"font-size: 15px;\">\u00a0 Na terenie bia\u0142ostockiego okr\u0119gu PP fachowe szkolnictwo policyjne zacz\u0119\u0142o funkcjonowa\u0107 do\u015b\u0107 szybko, bo ju\u017c 20 X 1919 r. Tego dnia \u00f3wczesny komendant okr\u0119gowy PP inspektor Henryk Jasie\u0144ski dokona\u0142 oficjalnego otwarcia szko\u0142y dla posterunkowych, mieszcz\u0105cej si\u0119 w jednym z budynk\u00f3w fabryki Beckera. Skoszarowanych przy komendzie 69 kandydat\u00f3w na funkcjonariuszy PP uczono nie tylko z zakresu przepis\u00f3w prawa karnego, ale i ze znajomo\u015bci historii\u00a0 oraz j\u0119zyka polskiego (w mowie i pi\u015bmie). W miesi\u0105c p\u00f3\u017aniej podobn\u0105 szko\u0142\u0119 licz\u0105c\u0105 50 uczni\u00f3w zorganizowano r\u00f3wnie\u017c przy Rezerwie Okr\u0119gowej PP w Bia\u0142ymstoku. Podnoszenie poziomu kwalifikacji miejscowych policjant\u00f3w boryka\u0142o si\u0119 jednak z ci\u0105g\u0142ymi trudno\u015bciami organizacyjnymi. Na tworzenie szk\u00f3\u0142 i jednostek policyjnych potrzebowano bowiem sporych nak\u0142ad\u00f3w finansowych, kt\u00f3rych posiadano i tak niewiele. Dlatego te\u017c w nast\u0119pnych latach organizowano eksternistyczne kursy dokszta\u0142caj\u0105ce dla oddelegowanych posterunkowych nie tylko w Bia\u0142ymstoku, ale i w Suwa\u0142kach.<\/span><\/p>\n<p class=\"MsoNoSpacing\"><span style=\"font-size: 15px;\">\u00a0 \u00a0 W po\u0142owie 1924 r. na og\u00f3ln\u0105 liczb\u0119 3047 wy\u017cszych i ni\u017cszych funkcjonariuszy PP okr\u0119gu bia\u0142ostockiego odpowiednie wyszkolenie policyjne posiada\u0142o 47 oficer\u00f3w, 293 przodownik\u00f3w i 650 posterunkowych.\u00a0 Dzi\u0119ki staraniom kadry nauczycielskiej policyjnej szko\u0142y okr\u0119gowej, kierowanej kilka lat przez podkomisarza J\u00f3zefa Tarkowskiego, poziom wyszkolenia stale wzrasta\u0142. W statystycznym por\u00f3wnaniu z innymi okr\u0119gami policyjnymi, datowanym na koniec 1925 r., nie wygl\u0105da\u0142o to jednak zbyt optymistycznie. W liczbie wyszkolonych oficer\u00f3w okr\u0119g bia\u0142ostocki posiada\u0142 ich 70%, przodownik\u00f3w 69%, a posterunkowych tylko 38%. W zwi\u0105zku z coraz wi\u0119kszymi trudno\u015bciami bud\u017cetowymi z dniem 1 I 1926 r. zawieszono w Bia\u0142ymstoku dzia\u0142alno\u015b\u0107 okr\u0119gowej szko\u0142y dla przodownik\u00f3w. Od tej pory specjalistyczne szkolenie pobiera\u0107 mogli oni wy\u0142\u0105cznie w podwarszawskim \u017byrardowie. W ramach kasacji etat\u00f3w policyjnych we wszystkich okr\u0119gach stacjonuj\u0105c\u0105 dot\u0105d w Brze\u015bciu nad Bugiem kompani\u0119 rezerwy policyjnej na wniosek MSW przeniesiono do Bia\u0142egostoku. Funkcjonowa\u0142a tu bowiem jeszcze okr\u0119gowa szko\u0142a dla posterunkowych, do kt\u00f3rej oddelegowywano r\u00f3wnie\u017c posterunkowych PP wojew\u00f3dztwa nowogr\u00f3dzkiego.<\/span><\/p>\n<p class=\"MsoNoSpacing\"><span style=\"font-size: 15px;\">\u00a0 \u00a0Po przeprowadzeniu gruntownej reorganizacji szkolnictwa w 1928 r. dzia\u0142aj\u0105c\u0105 dot\u0105d w Bia\u0142ymstoku okr\u0119gow\u0105 plac\u00f3wk\u0119 ostatecznie zlikwidowano. W celu podniesienia poziomu intelektualnego policjant\u00f3w niekt\u00f3re komendy powiatowe PP wojew\u00f3dztwa bia\u0142ostockiego, w porozumieniu z lokalnymi w\u0142adzami szkolnymi, organizowa\u0142y samodzielnie kilkumiesi\u0119czne kursy dokszta\u0142caj\u0105ce z zakresu wykszta\u0142cenia og\u00f3lnego. W 1929 r. tego typu zaj\u0119cia prowadzono m.in. w Bia\u0142ymstoku (230 s\u0142uchaczy), Wo\u0142kowysku (106 s\u0142uchaczy) i Suwa\u0142kach. W 1930 r. na terenie okr\u0119gu ucz\u0119szcza\u0142o na nie ju\u017c 748 policjant\u00f3w, pobieraj\u0105cych nauki w zakresie 4, 5, 6 i 7 klasy szko\u0142y powszechnej. Po 1935 r. fachowe wykszta\u0142cenie z zakresu s\u0142u\u017cby policyjnej kandydaci na posterunkowego PP mogli uzyska\u0107 jedynie po zaliczeniu egzamin\u00f3w w Szkole dla Szeregowych PP w Mostach Wielkich, a przyszli oficerowie po uko\u0144czeniu Szko\u0142y Oficerskiej w Warszawie.<\/span><\/p>\n<\/div>\n<div class=\"art-layout-cell layout-item-0\" style=\"width: 50%;\"><!-- default-view.php -->\n<div\n\tclass=\"ngg-galleryoverview default-view\n\t ngg-ajax-pagination-none\t\"\n\tid=\"ngg-gallery-cf6d5b3bc9205eae112e4279da5c23d3-1\"\n\tdata-gallery-id=\"9\">\n\n\t\t<!-- Thumbnails -->\n\t\t\t\t<div id=\"ngg-image-0\" class=\"ngg-gallery-thumbnail-box\n\t\t\t\t\t\t\t\tngg-2-columns\t\t\t\"\n\t\t\t>\n\t\t\t\t\t\t<div class=\"ngg-gallery-thumbnail\">\n\t\t\t<a href=\"https:\/\/mwb.com.pl\/policja\/wp-content\/gallery\/szkolnictwo\/1.jpg\"\n\t\t\t\ttitle=\"Uczniowie i kadra nauczycielska szko\u0142y policyjnej w Bia\u0142ymstoku. 1925 r.\"\n\t\t\t\tdata-src=\"https:\/\/mwb.com.pl\/policja\/wp-content\/gallery\/szkolnictwo\/1.jpg\"\n\t\t\t\tdata-thumbnail=\"https:\/\/mwb.com.pl\/policja\/wp-content\/gallery\/szkolnictwo\/thumbs\/thumbs_1.jpg\"\n\t\t\t\tdata-image-id=\"133\"\n\t\t\t\tdata-title=\"1\"\n\t\t\t\tdata-description=\"Uczniowie i kadra nauczycielska szko\u0142y policyjnej w Bia\u0142ymstoku. 1925 r.\"\n\t\t\t\tdata-image-slug=\"1-7\"\n\t\t\t\t\t\t\t\t\t\t\t\t\t\t\t\t\t\t\t\tclass=\"ngg-fancybox\" rel=\"cf6d5b3bc9205eae112e4279da5c23d3\">\n\t\t\t\t\t\t\t\t<img\n\t\t\t\t\ttitle=\"1\"\n\t\t\t\t\talt=\"1\"\n\t\t\t\t\tsrc=\"https:\/\/mwb.com.pl\/policja\/index.php\/nextgen-image\/133\/250x250x100\/crop\/30138bc3479fb79c386a3f49f9709f1d\"\n\t\t\t\t\twidth=\"250\"\n\t\t\t\t\theight=\"250\"\n\t\t\t\t\tstyle=\"max-width:100%;\"\n\t\t\t\t\/>\n\t\t\t<\/a>\n\t\t<\/div>\n\t\t\t\t\t\t\t<\/div>\n\t\t\t\n\t\t\t\t<div id=\"ngg-image-1\" class=\"ngg-gallery-thumbnail-box\n\t\t\t\t\t\t\t\tngg-2-columns\t\t\t\"\n\t\t\t>\n\t\t\t\t\t\t<div class=\"ngg-gallery-thumbnail\">\n\t\t\t<a href=\"https:\/\/mwb.com.pl\/policja\/wp-content\/gallery\/szkolnictwo\/2.jpg\"\n\t\t\t\ttitle=\"St. posterunkowy Antoni Amszej z kolegami w czasie nauki w Szkole dla Szeregowych PP w Mostach Wielkich. Lata 1930-1936.\"\n\t\t\t\tdata-src=\"https:\/\/mwb.com.pl\/policja\/wp-content\/gallery\/szkolnictwo\/2.jpg\"\n\t\t\t\tdata-thumbnail=\"https:\/\/mwb.com.pl\/policja\/wp-content\/gallery\/szkolnictwo\/thumbs\/thumbs_2.jpg\"\n\t\t\t\tdata-image-id=\"134\"\n\t\t\t\tdata-title=\"2\"\n\t\t\t\tdata-description=\"St. posterunkowy Antoni Amszej z kolegami w czasie nauki w Szkole dla Szeregowych PP w Mostach Wielkich. Lata 1930-1936.\"\n\t\t\t\tdata-image-slug=\"2-7\"\n\t\t\t\t\t\t\t\t\t\t\t\t\t\t\t\t\t\t\t\tclass=\"ngg-fancybox\" rel=\"cf6d5b3bc9205eae112e4279da5c23d3\">\n\t\t\t\t\t\t\t\t<img\n\t\t\t\t\ttitle=\"2\"\n\t\t\t\t\talt=\"2\"\n\t\t\t\t\tsrc=\"https:\/\/mwb.com.pl\/policja\/index.php\/nextgen-image\/134\/250x250x100\/crop\/45b1aa195299bc6fdfa35205463ae551\"\n\t\t\t\t\twidth=\"250\"\n\t\t\t\t\theight=\"250\"\n\t\t\t\t\tstyle=\"max-width:100%;\"\n\t\t\t\t\/>\n\t\t\t<\/a>\n\t\t<\/div>\n\t\t\t\t\t\t\t<\/div>\n\t\t\t\n\t\t\t\t<div id=\"ngg-image-2\" class=\"ngg-gallery-thumbnail-box\n\t\t\t\t\t\t\t\tngg-2-columns\t\t\t\"\n\t\t\t>\n\t\t\t\t\t\t<div class=\"ngg-gallery-thumbnail\">\n\t\t\t<a href=\"https:\/\/mwb.com.pl\/policja\/wp-content\/gallery\/szkolnictwo\/3.jpg\"\n\t\t\t\ttitle=\"Policjanci w czasie kurs\u00f3w w Szkole dla  Szeregowych PP w Mostach Wielkich. Lata 1930-1935.\"\n\t\t\t\tdata-src=\"https:\/\/mwb.com.pl\/policja\/wp-content\/gallery\/szkolnictwo\/3.jpg\"\n\t\t\t\tdata-thumbnail=\"https:\/\/mwb.com.pl\/policja\/wp-content\/gallery\/szkolnictwo\/thumbs\/thumbs_3.jpg\"\n\t\t\t\tdata-image-id=\"135\"\n\t\t\t\tdata-title=\"3\"\n\t\t\t\tdata-description=\"Policjanci w czasie kurs\u00f3w w Szkole dla  Szeregowych PP w Mostach Wielkich. Lata 1930-1935.\"\n\t\t\t\tdata-image-slug=\"3-7\"\n\t\t\t\t\t\t\t\t\t\t\t\t\t\t\t\t\t\t\t\tclass=\"ngg-fancybox\" rel=\"cf6d5b3bc9205eae112e4279da5c23d3\">\n\t\t\t\t\t\t\t\t<img\n\t\t\t\t\ttitle=\"3\"\n\t\t\t\t\talt=\"3\"\n\t\t\t\t\tsrc=\"https:\/\/mwb.com.pl\/policja\/index.php\/nextgen-image\/135\/250x250x100\/crop\/ac3b35e2015659b0a5916486a4926ef3\"\n\t\t\t\t\twidth=\"250\"\n\t\t\t\t\theight=\"250\"\n\t\t\t\t\tstyle=\"max-width:100%;\"\n\t\t\t\t\/>\n\t\t\t<\/a>\n\t\t<\/div>\n\t\t\t\t\t\t\t<\/div>\n\t\t\t\n\t\t\t\t<div id=\"ngg-image-3\" class=\"ngg-gallery-thumbnail-box\n\t\t\t\t\t\t\t\tngg-2-columns\t\t\t\"\n\t\t\t>\n\t\t\t\t\t\t<div class=\"ngg-gallery-thumbnail\">\n\t\t\t<a href=\"https:\/\/mwb.com.pl\/policja\/wp-content\/gallery\/szkolnictwo\/4.jpg\"\n\t\t\t\ttitle=\"Szkolenie przeciwgazowe funkcjonariuszy PP powiatu  Ostr\u00f3w Mazowiecka. Lata 1935-1936.\"\n\t\t\t\tdata-src=\"https:\/\/mwb.com.pl\/policja\/wp-content\/gallery\/szkolnictwo\/4.jpg\"\n\t\t\t\tdata-thumbnail=\"https:\/\/mwb.com.pl\/policja\/wp-content\/gallery\/szkolnictwo\/thumbs\/thumbs_4.jpg\"\n\t\t\t\tdata-image-id=\"136\"\n\t\t\t\tdata-title=\"4\"\n\t\t\t\tdata-description=\"Szkolenie przeciwgazowe funkcjonariuszy PP powiatu  Ostr\u00f3w Mazowiecka. Lata 1935-1936.\"\n\t\t\t\tdata-image-slug=\"4-7\"\n\t\t\t\t\t\t\t\t\t\t\t\t\t\t\t\t\t\t\t\tclass=\"ngg-fancybox\" rel=\"cf6d5b3bc9205eae112e4279da5c23d3\">\n\t\t\t\t\t\t\t\t<img\n\t\t\t\t\ttitle=\"4\"\n\t\t\t\t\talt=\"4\"\n\t\t\t\t\tsrc=\"https:\/\/mwb.com.pl\/policja\/index.php\/nextgen-image\/136\/250x250x100\/crop\/0cdd64d0b2651e1ae6b84e7823e59434\"\n\t\t\t\t\twidth=\"250\"\n\t\t\t\t\theight=\"250\"\n\t\t\t\t\tstyle=\"max-width:100%;\"\n\t\t\t\t\/>\n\t\t\t<\/a>\n\t\t<\/div>\n\t\t\t\t\t\t\t<\/div>\n\t\t\t\n\t\t\t\t<div id=\"ngg-image-4\" class=\"ngg-gallery-thumbnail-box\n\t\t\t\t\t\t\t\tngg-2-columns\t\t\t\"\n\t\t\t>\n\t\t\t\t\t\t<div class=\"ngg-gallery-thumbnail\">\n\t\t\t<a href=\"https:\/\/mwb.com.pl\/policja\/wp-content\/gallery\/szkolnictwo\/5.jpg\"\n\t\t\t\ttitle=\"Uczestnicy kursu w szkole policyjnej w Mostach Wielkich k. Lwowa. 1930 r.\"\n\t\t\t\tdata-src=\"https:\/\/mwb.com.pl\/policja\/wp-content\/gallery\/szkolnictwo\/5.jpg\"\n\t\t\t\tdata-thumbnail=\"https:\/\/mwb.com.pl\/policja\/wp-content\/gallery\/szkolnictwo\/thumbs\/thumbs_5.jpg\"\n\t\t\t\tdata-image-id=\"137\"\n\t\t\t\tdata-title=\"5\"\n\t\t\t\tdata-description=\"Uczestnicy kursu w szkole policyjnej w Mostach Wielkich k. Lwowa. 1930 r.\"\n\t\t\t\tdata-image-slug=\"5-6\"\n\t\t\t\t\t\t\t\t\t\t\t\t\t\t\t\t\t\t\t\tclass=\"ngg-fancybox\" rel=\"cf6d5b3bc9205eae112e4279da5c23d3\">\n\t\t\t\t\t\t\t\t<img\n\t\t\t\t\ttitle=\"5\"\n\t\t\t\t\talt=\"5\"\n\t\t\t\t\tsrc=\"https:\/\/mwb.com.pl\/policja\/index.php\/nextgen-image\/137\/250x250x100\/crop\/2fea03e05ceecd453d3cab2e4c2b19bf\"\n\t\t\t\t\twidth=\"250\"\n\t\t\t\t\theight=\"250\"\n\t\t\t\t\tstyle=\"max-width:100%;\"\n\t\t\t\t\/>\n\t\t\t<\/a>\n\t\t<\/div>\n\t\t\t\t\t\t\t<\/div>\n\t\t\t\n\t\t\t\t<div id=\"ngg-image-5\" class=\"ngg-gallery-thumbnail-box\n\t\t\t\t\t\t\t\tngg-2-columns\t\t\t\"\n\t\t\t>\n\t\t\t\t\t\t<div class=\"ngg-gallery-thumbnail\">\n\t\t\t<a href=\"https:\/\/mwb.com.pl\/policja\/wp-content\/gallery\/szkolnictwo\/6.jpg\"\n\t\t\t\ttitle=\"Uczestnicy kursu dokszta\u0142caj\u0105cego dla posterunkowych PP powiatu Wysokie Mazowieckie. Lata 1929-1930.\"\n\t\t\t\tdata-src=\"https:\/\/mwb.com.pl\/policja\/wp-content\/gallery\/szkolnictwo\/6.jpg\"\n\t\t\t\tdata-thumbnail=\"https:\/\/mwb.com.pl\/policja\/wp-content\/gallery\/szkolnictwo\/thumbs\/thumbs_6.jpg\"\n\t\t\t\tdata-image-id=\"138\"\n\t\t\t\tdata-title=\"6\"\n\t\t\t\tdata-description=\"Uczestnicy kursu dokszta\u0142caj\u0105cego dla posterunkowych PP powiatu Wysokie Mazowieckie. Lata 1929-1930.\"\n\t\t\t\tdata-image-slug=\"6-6\"\n\t\t\t\t\t\t\t\t\t\t\t\t\t\t\t\t\t\t\t\tclass=\"ngg-fancybox\" rel=\"cf6d5b3bc9205eae112e4279da5c23d3\">\n\t\t\t\t\t\t\t\t<img\n\t\t\t\t\ttitle=\"6\"\n\t\t\t\t\talt=\"6\"\n\t\t\t\t\tsrc=\"https:\/\/mwb.com.pl\/policja\/index.php\/nextgen-image\/138\/250x250x100\/crop\/5ea414f2b68f41fbb000dc2e805a0624\"\n\t\t\t\t\twidth=\"250\"\n\t\t\t\t\theight=\"250\"\n\t\t\t\t\tstyle=\"max-width:100%;\"\n\t\t\t\t\/>\n\t\t\t<\/a>\n\t\t<\/div>\n\t\t\t\t\t\t\t<\/div>\n\t\t\t\n\t\t\t\t<div id=\"ngg-image-6\" class=\"ngg-gallery-thumbnail-box\n\t\t\t\t\t\t\t\tngg-2-columns\t\t\t\"\n\t\t\t>\n\t\t\t\t\t\t<div class=\"ngg-gallery-thumbnail\">\n\t\t\t<a href=\"https:\/\/mwb.com.pl\/policja\/wp-content\/gallery\/szkolnictwo\/7.jpg\"\n\t\t\t\ttitle=\"Posterunkowy Edward Andrzejkowicz z okresu nauki w Szkole dla Szeregowych PP w Mostach Wielkich. 1936 r.\"\n\t\t\t\tdata-src=\"https:\/\/mwb.com.pl\/policja\/wp-content\/gallery\/szkolnictwo\/7.jpg\"\n\t\t\t\tdata-thumbnail=\"https:\/\/mwb.com.pl\/policja\/wp-content\/gallery\/szkolnictwo\/thumbs\/thumbs_7.jpg\"\n\t\t\t\tdata-image-id=\"139\"\n\t\t\t\tdata-title=\"7\"\n\t\t\t\tdata-description=\"Posterunkowy Edward Andrzejkowicz z okresu nauki w Szkole dla Szeregowych PP w Mostach Wielkich. 1936 r.\"\n\t\t\t\tdata-image-slug=\"7-6\"\n\t\t\t\t\t\t\t\t\t\t\t\t\t\t\t\t\t\t\t\tclass=\"ngg-fancybox\" rel=\"cf6d5b3bc9205eae112e4279da5c23d3\">\n\t\t\t\t\t\t\t\t<img\n\t\t\t\t\ttitle=\"7\"\n\t\t\t\t\talt=\"7\"\n\t\t\t\t\tsrc=\"https:\/\/mwb.com.pl\/policja\/index.php\/nextgen-image\/139\/250x250x100\/crop\/2c278fe56bb7370c31cb1e78537b1c13\"\n\t\t\t\t\twidth=\"250\"\n\t\t\t\t\theight=\"250\"\n\t\t\t\t\tstyle=\"max-width:100%;\"\n\t\t\t\t\/>\n\t\t\t<\/a>\n\t\t<\/div>\n\t\t\t\t\t\t\t<\/div>\n\t\t\t\n\t\n\t<br style=\"clear: both\" \/>\n\n\t\n\t\t<!-- Pagination -->\n\t\t<div class='ngg-clear'><\/div>\t<\/div>\n<\/div>\n<\/div>\n<\/div>\n","protected":false},"excerpt":{"rendered":"<p>\u00a0 W\u015br\u00f3d wielu zarz\u0105dze\u0144 reguluj\u0105cych funkcjonalno\u015b\u0107 Policji Pa\u0144stwowej do\u015b\u0107 istotnymi zagadnieniami by\u0142y r\u00f3wnie\u017c kwestie zawodowego kszta\u0142cenia i szkolenia jej funkcjonariuszy. Pocz\u0105tkowo wszyscy szeregowi uko\u0144czy\u0107 musieli specjalne szko\u0142y dla posterunkowych lub przodownik\u00f3w, a oficerowie szko\u0142\u0119 dla wy\u017cszych funkcjonariuszy. Te pierwsze organizowano w my\u015bl ustawy policyjnej z 24 VII 1919 r. przy ka\u017cdej siedzibie komendy okr\u0119gowej PP, [&hellip;]<\/p>\n","protected":false},"author":3,"featured_media":0,"parent":0,"menu_order":11,"comment_status":"closed","ping_status":"open","template":"","meta":{"ngg_post_thumbnail":0,"footnotes":""},"class_list":["post-72","page","type-page","status-publish","hentry"],"_links":{"self":[{"href":"https:\/\/mwb.com.pl\/policja\/index.php?rest_route=\/wp\/v2\/pages\/72","targetHints":{"allow":["GET"]}}],"collection":[{"href":"https:\/\/mwb.com.pl\/policja\/index.php?rest_route=\/wp\/v2\/pages"}],"about":[{"href":"https:\/\/mwb.com.pl\/policja\/index.php?rest_route=\/wp\/v2\/types\/page"}],"author":[{"embeddable":true,"href":"https:\/\/mwb.com.pl\/policja\/index.php?rest_route=\/wp\/v2\/users\/3"}],"replies":[{"embeddable":true,"href":"https:\/\/mwb.com.pl\/policja\/index.php?rest_route=%2Fwp%2Fv2%2Fcomments&post=72"}],"version-history":[{"count":4,"href":"https:\/\/mwb.com.pl\/policja\/index.php?rest_route=\/wp\/v2\/pages\/72\/revisions"}],"predecessor-version":[{"id":1143,"href":"https:\/\/mwb.com.pl\/policja\/index.php?rest_route=\/wp\/v2\/pages\/72\/revisions\/1143"}],"wp:attachment":[{"href":"https:\/\/mwb.com.pl\/policja\/index.php?rest_route=%2Fwp%2Fv2%2Fmedia&parent=72"}],"curies":[{"name":"wp","href":"https:\/\/api.w.org\/{rel}","templated":true}]}}