{"id":102,"date":"2017-05-24T14:39:20","date_gmt":"2017-05-24T12:39:20","guid":{"rendered":"http:\/\/mwb.com.pl\/obrazy\/?page_id=102"},"modified":"2017-06-09T15:11:40","modified_gmt":"2017-06-09T13:11:40","slug":"ulan-z-koniem-u-wodopoju","status":"publish","type":"page","link":"https:\/\/mwb.com.pl\/obrazy\/ulan-z-koniem-u-wodopoju\/","title":{"rendered":"\u201eU\u0142an z koniem u wodopoju\u201d"},"content":{"rendered":"<h6><img loading=\"lazy\" decoding=\"async\" class=\"alignleft size-medium wp-image-103\" src=\"http:\/\/mwb.com.pl\/obrazy\/wp-content\/uploads\/2017\/05\/krzy\u017cak-300x215.jpg\" alt=\"U\u0142an z koniem u wodopoju\" width=\"300\" height=\"215\" srcset=\"https:\/\/mwb.com.pl\/obrazy\/wp-content\/uploads\/2017\/05\/krzy\u017cak-300x215.jpg 300w, https:\/\/mwb.com.pl\/obrazy\/wp-content\/uploads\/2017\/05\/krzy\u017cak-768x550.jpg 768w, https:\/\/mwb.com.pl\/obrazy\/wp-content\/uploads\/2017\/05\/krzy\u017cak-1024x734.jpg 1024w, https:\/\/mwb.com.pl\/obrazy\/wp-content\/uploads\/2017\/05\/krzy\u017cak-360x258.jpg 360w\" sizes=\"auto, (max-width: 300px) 100vw, 300px\" \/>Mieczys\u0142aw Krzy\u017cak *(1914 \u2013 1984), &#8222;<em>U\u0142an z koniem u wodopoju\u201d, brak daty powstania; olej, p\u0142\u00f3tno; wym. 58 X 43 cm; sygn. <\/em><em>MWB\/3144<\/em><\/h6>\n<h6>Na pierwszym planie, lewym bokiem, u\u0142an na koniu pij\u0105cym wod\u0119 z rzeki. M\u0119\u017cczyzna w mundurze 3 Pu\u0142ku U\u0142an\u00f3w Kr\u00f3lestwa Kongresowego.** Kurtka u\u0142a\u0144ska granatowa z wy\u0142ogami, wypustkami i ko\u0142nierzem barwy \u017c\u00f3\u0142tej; spodnie granatowe, z \u017c\u00f3\u0142tymi lampasami. Buty do jazdy konnej. Na g\u0142owie wysoka, \u017c\u00f3\u0142ta czapka u\u0142anka. W prawej d\u0142oni u\u0142ana lanca z \u017c\u00f3\u0142to-bia\u0142ym proporczykiem. Na dalszym planie, po drugiej stronie rzeki oddzia\u0142 konny i brzozy. W lewym dolnym rogu sygnatura \u201eM. Krzy\u017cak\u201d.<\/h6>\n<h6><em>*Mieczys\u0142aw Krzy\u017cak (1914-1984) by\u0142 malarzem krakowskim, uczniem Wojciecha i Jerzego Kossak\u00f3w. Studiowa\u0142 w Akademii Sztuk Pi\u0119knych w pracowni Wojciecha Weissa. Malowa\u0142 g\u0142\u00f3wnie sceny batalistyczne i pejza\u017ce, cz\u0119sto zaczerpni\u0119te z tw\u00f3rczo\u015bci Kossak\u00f3w. Tematami, kt\u00f3re artysta cz\u0119sto podejmowa\u0142, by\u0142y: u\u0142ani, krakowskie wesele, ucieczka przed wilkami oraz polowanie.<\/em><\/h6>\n<h6><em>**W wydanym w 1903 roku w Krakowie albumie pt. \u201eWojsko Polskie 1815 \u2013 1830\u201d przy opisie umundurowania \u017co\u0142nierzy 3 Pu\u0142ku U\u0142an\u00f3w czytamy [pisownia zachowana]: \u201eNie by\u0142oby s\u0142usznem ujmowa\u0107 zas\u0142ugi piechocie na rzecz jazdy, lecz przyzna\u0107 nale\u017cy, \u017ce obraz pi\u0119knego je\u017ad\u017aca na pysznym koniu wi\u0119cej przemawia\u0142 do wyobra\u017ani og\u00f3\u0142u, ani\u017celi najwspanialszy nawet grenadier. R\u00f3wna lecz pe\u0142na \u017cycia i ognia linia je\u017ad\u017ac\u00f3w z furcz\u0105cemi kolorowymi chor\u0105giewkami wi\u0119kszy wzbudza\u0142a w widzach zachwyt, ni\u017c prosta, nieruchoma linia piechoty; wreszcie s\u0142awa nie\u015bmiertelnych atak\u00f3w lekkiej jazdy polskiej wi\u0119cej jeszcze sta\u0142a si\u0119 drog\u0105 we wspomnieniach, ani\u017celi nieustraszona sta\u0142o\u015b\u0107 piechoty. St\u0105d narodowy u\u0142an sta\u0142 si\u0119 symbolem \u017co\u0142nierza polskiego, i to z zapomnieniem niejakiem o innych broniach, okrytych na r\u00f3wni z nim wawrzynami.\u00a0<\/em><\/h6>\n","protected":false},"excerpt":{"rendered":"<p>Mieczys\u0142aw Krzy\u017cak *(1914 \u2013 1984), &#8222;U\u0142an z koniem u wodopoju\u201d, brak daty powstania; olej, p\u0142\u00f3tno; wym. 58 X 43 cm; sygn. MWB\/3144 Na pierwszym planie, lewym bokiem, u\u0142an na koniu pij\u0105cym wod\u0119 z rzeki. M\u0119\u017cczyzna w mundurze 3 Pu\u0142ku U\u0142an\u00f3w <a href=\"https:\/\/mwb.com.pl\/obrazy\/ulan-z-koniem-u-wodopoju\/\" class=\"read-more\">Czytaj wi\u0119cej<\/a><\/p>\n","protected":false},"author":2,"featured_media":0,"parent":0,"menu_order":0,"comment_status":"closed","ping_status":"closed","template":"","meta":{"footnotes":""},"class_list":["post-102","page","type-page","status-publish","hentry"],"_links":{"self":[{"href":"https:\/\/mwb.com.pl\/obrazy\/wp-json\/wp\/v2\/pages\/102","targetHints":{"allow":["GET"]}}],"collection":[{"href":"https:\/\/mwb.com.pl\/obrazy\/wp-json\/wp\/v2\/pages"}],"about":[{"href":"https:\/\/mwb.com.pl\/obrazy\/wp-json\/wp\/v2\/types\/page"}],"author":[{"embeddable":true,"href":"https:\/\/mwb.com.pl\/obrazy\/wp-json\/wp\/v2\/users\/2"}],"replies":[{"embeddable":true,"href":"https:\/\/mwb.com.pl\/obrazy\/wp-json\/wp\/v2\/comments?post=102"}],"version-history":[{"count":3,"href":"https:\/\/mwb.com.pl\/obrazy\/wp-json\/wp\/v2\/pages\/102\/revisions"}],"predecessor-version":[{"id":188,"href":"https:\/\/mwb.com.pl\/obrazy\/wp-json\/wp\/v2\/pages\/102\/revisions\/188"}],"wp:attachment":[{"href":"https:\/\/mwb.com.pl\/obrazy\/wp-json\/wp\/v2\/media?parent=102"}],"curies":[{"name":"wp","href":"https:\/\/api.w.org\/{rel}","templated":true}]}}