{"id":9970,"date":"2022-10-06T09:03:20","date_gmt":"2022-10-06T07:03:20","guid":{"rendered":"https:\/\/mwb.com.pl\/mwb2017\/?page_id=9970"},"modified":"2022-12-14T12:56:35","modified_gmt":"2022-12-14T11:56:35","slug":"remembrance-education-edukacja-kulturalna-osob-doroslych","status":"publish","type":"page","link":"https:\/\/mwb.com.pl\/mwb2017\/oferta\/projekty\/remembrance-education-edukacja-kulturalna-osob-doroslych\/","title":{"rendered":"Remembrance Education. Edukacja kulturalna os\u00f3b doros\u0142ych"},"content":{"rendered":"<p><img decoding=\"async\" class=\"wp-image-9954 alignright\" src=\"https:\/\/mwb.com.pl\/mwb2017\/wp-content\/uploads\/2022\/10\/re_baner.jpg\" alt=\"Remembrance Education. Edukacja kulturalna os\u00f3b doros\u0142ych\" width=\"292\" height=\"167\" srcset=\"https:\/\/mwb.com.pl\/mwb2017\/wp-content\/uploads\/2022\/10\/re_baner.jpg 549w, https:\/\/mwb.com.pl\/mwb2017\/wp-content\/uploads\/2022\/10\/re_baner-300x171.jpg 300w, https:\/\/mwb.com.pl\/mwb2017\/wp-content\/uploads\/2022\/10\/re_baner-274x156.jpg 274w, https:\/\/mwb.com.pl\/mwb2017\/wp-content\/uploads\/2022\/10\/re_baner-500x285.jpg 500w\" sizes=\"(max-width: 292px) 100vw, 292px\" \/><\/p>\n<p>Muzeum Wojska w Bia\u0142ymstoku realizuje projekt pn. \u201eRemembrance Education. Edukacja kulturalna os\u00f3b doros\u0142ych\u201d. Partnerami zadania s\u0105 Ksi\u0105\u017cnica Podlaska im. \u0141ukasza G\u00f3rnickiego w Bia\u0142ymstoku oraz Centrum Falstad w Ekne.<\/p>\n<p>&nbsp;<\/p>\n<p>Istot\u0105 projektu jest rozw\u00f3j wsp\u00f3\u0142pracy pomi\u0119dzy Muzeum i partnerami, a osobami doros\u0142ymi zamieszkuj\u0105cymi osiedla Bia\u0142egostoku o ograniczonym dost\u0119pie do kultury. \u017bycie kulturalne miasta skupia si\u0119 w jego \u015bcis\u0142ym centrum. Osoby doros\u0142e w wieku oko\u0142o 30-49 lat niech\u0119tnie anga\u017cuj\u0105 si\u0119 w \u017cycie kulturalne, a je\u015bli nawet, to ich udzia\u0142 jest powierzchowny. Projekt zak\u0142ada zbadanie potrzeb kulturalnych os\u00f3b doros\u0142ych w odniesieniu do militarnej kolekcji Muzeum. Badanie to zostanie przeprowadzone na drodze nowatorskich dzia\u0142a\u0144 kulturalnych zaprojektowanych przez interdyscyplinarny zesp\u00f3\u0142 edukator\u00f3w wspierany przez ekspert\u00f3w z Polski i Norwegii.<\/p>\n<p>Punktem wyj\u015bcia do dzia\u0142a\u0144 kulturalnych na bia\u0142ostockich osiedlach b\u0119dzie m.in. wojenna historia Bia\u0142egostoku. Ide\u0105 projektu jest odej\u015bcie od popularnej interpretacji zbior\u00f3w muzealnych, rozumianych jako \u015bwiadectwo rozwoju techniki wojskowej. Dlatego m.in. przywo\u0142ane zostan\u0105 historie ludzi (wojskowych i cywil\u00f3w) uwik\u0142anych w dzia\u0142ania II wojny \u015bwiatowej, kt\u00f3re w wymiarze lokalnym s\u0105 wci\u0105\u017c ma\u0142o znane. Wsp\u00f3\u0142praca z norweskim partnerem pozwoli na por\u00f3wnanie wojennych do\u015bwiadcze\u0144 Bia\u0142egostoku i Ekne oraz przyczyni si\u0119 do wypracowania uniwersalnych tre\u015bci na temat warto\u015bci pokoju i konsekwencji prowadzenia wojen. Zebrane wnioski stan\u0105 si\u0119 punktem wyj\u015bcia do opracowania strategii rozwoju publiczno\u015bci Muzeum. B\u0119dzie to dokument wyznaczaj\u0105cy dalsze kroki do budowania spo\u0142eczno\u015bci wok\u00f3\u0142 instytucji i rozwoju edukacji pami\u0119ci. Zaplanowana na koniec projektu og\u00f3lnopolska konferencja edukator\u00f3w stworzy przestrze\u0144 do popularyzacji efekt\u00f3w projektu, jak te\u017c budowania kompetencji specjalist\u00f3w z ca\u0142ej Polski, ze szczeg\u00f3lnym uwzgl\u0119dnieniem edukator\u00f3w z muze\u00f3w wojskowych i wojennych.<\/p>\n<p>Projekt b\u0119dzie realizowany do marca 2024 r.<\/p>\n<p>Zadanie otrzyma\u0142o pozytywn\u0105 ocen\u0119 w konkursie grantowym Programu Kultura finansowanego z Mechanizmu Finansowego Europejskiego Obszaru Gospodarczego oraz bud\u017cetu pa\u0144stwa. Decyzj\u0105 Ministra Kultury i Dziedzictwa Narodowego przyznano Muzeum dofinansowanie w wysoko\u015bci ponad 100 tysi\u0119cy euro. Zadanie b\u0119dzie tak\u017ce dofinansowane ze \u015brodk\u00f3w Bud\u017cetu Miasta Bia\u0142ystok.<\/p>\n<p>Koordynator projektu:<br \/>\nMarzena Wilczko<br \/>\nmwilczko@mwb.com.pl<br \/>\ntel. 536 123 424<\/p>\n<div style=\"text-align: center; width: 100%; float: left;\">\n<div align=\"center\"><a href=\"https:\/\/eogkultura.mkidn.gov.pl\/pages\/pl\/aktualnosci.php\" rel=\"noopener\"><img decoding=\"async\" src=\"https:\/\/mwb.com.pl\/mwb2017\/wp-content\/uploads\/projekty\/eog200.jpg\" alt=\"EOG\" width=\"180\"><\/a>&nbsp;<a href=\"https:\/\/www.gov.pl\/web\/kultura\" rel=\"noopener\"><img decoding=\"async\" src=\"https:\/\/mwb.com.pl\/mwb2017\/wp-content\/uploads\/projekty\/mkidn380.jpg\" alt=\"MKiDN\" width=\"380\"><\/a><\/br><\/br>Wsp\u00f3lnie dzia\u0142amy na rzecz Europy zielonej, konkurencyjnej i&nbsp;sprzyjaj\u0105cej integracji spo\u0142ecznej.<a href=\"https:\/\/bialystok.pl\" rel=\"noopener\"><img decoding=\"async\" src=\"https:\/\/mwb.com.pl\/mwb2017\/wp-content\/uploads\/projekty\/bialystok200.jpg\" alt=\"Miasto Bia\u0142ystok\" width=\"200\"><\/a>&nbsp;<a href=\"https:\/\/falstadsenteret.no\/\" rel=\"noopener\"><img decoding=\"async\" src=\"https:\/\/mwb.com.pl\/mwb2017\/wp-content\/uploads\/projekty\/falstad200.jpg\" alt=\"Falstad\" width=\"180\"><\/a>&nbsp;<a href=\"https:\/\/ksiaznicapodlaska.pl\/\" rel=\"noopener\"><img decoding=\"async\" src=\"https:\/\/mwb.com.pl\/mwb2017\/wp-content\/uploads\/projekty\/kp200.jpg\" alt=\"Ksi\u0105\u017cnica Podlaska\" width=\"200\"><\/a><\/div>\n<\/div>\n<p>&nbsp;<br \/>\n&nbsp;<\/p>\n","protected":false},"excerpt":{"rendered":"<p>Muzeum Wojska w Bia\u0142ymstoku realizuje projekt pn. \u201eRemembrance Education. Edukacja kulturalna os\u00f3b doros\u0142ych\u201d. Partnerami zadania s\u0105 Ksi\u0105\u017cnica Podlaska im. \u0141ukasza G\u00f3rnickiego w Bia\u0142ymstoku oraz Centrum Falstad w Ekne. &nbsp; Istot\u0105 projektu jest rozw\u00f3j wsp\u00f3\u0142pracy pomi\u0119dzy Muzeum i partnerami, a osobami doros\u0142ymi zamieszkuj\u0105cymi osiedla Bia\u0142egostoku o ograniczonym dost\u0119pie do kultury. \u017bycie kulturalne miasta skupia si\u0119 w [&hellip;]<\/p>\n","protected":false},"author":1,"featured_media":0,"parent":28,"menu_order":0,"comment_status":"closed","ping_status":"closed","template":"","meta":{"ngg_post_thumbnail":0,"h5ap_radio_sources":[],"_vp_format_video_url":"","_vp_image_focal_point":[],"footnotes":""},"class_list":["post-9970","page","type-page","status-publish","hentry"],"_links":{"self":[{"href":"https:\/\/mwb.com.pl\/mwb2017\/wp-json\/wp\/v2\/pages\/9970","targetHints":{"allow":["GET"]}}],"collection":[{"href":"https:\/\/mwb.com.pl\/mwb2017\/wp-json\/wp\/v2\/pages"}],"about":[{"href":"https:\/\/mwb.com.pl\/mwb2017\/wp-json\/wp\/v2\/types\/page"}],"author":[{"embeddable":true,"href":"https:\/\/mwb.com.pl\/mwb2017\/wp-json\/wp\/v2\/users\/1"}],"replies":[{"embeddable":true,"href":"https:\/\/mwb.com.pl\/mwb2017\/wp-json\/wp\/v2\/comments?post=9970"}],"version-history":[{"count":24,"href":"https:\/\/mwb.com.pl\/mwb2017\/wp-json\/wp\/v2\/pages\/9970\/revisions"}],"predecessor-version":[{"id":10250,"href":"https:\/\/mwb.com.pl\/mwb2017\/wp-json\/wp\/v2\/pages\/9970\/revisions\/10250"}],"up":[{"embeddable":true,"href":"https:\/\/mwb.com.pl\/mwb2017\/wp-json\/wp\/v2\/pages\/28"}],"wp:attachment":[{"href":"https:\/\/mwb.com.pl\/mwb2017\/wp-json\/wp\/v2\/media?parent=9970"}],"curies":[{"name":"wp","href":"https:\/\/api.w.org\/{rel}","templated":true}]}}