{"id":9618,"date":"2022-08-25T08:29:33","date_gmt":"2022-08-25T06:29:33","guid":{"rendered":"https:\/\/mwb.com.pl\/mwb2017\/?page_id=9618"},"modified":"2022-09-06T10:39:03","modified_gmt":"2022-09-06T08:39:03","slug":"wojskowe-abc","status":"publish","type":"page","link":"https:\/\/mwb.com.pl\/mwb2017\/oferta\/edukacja\/wojskowe-abc\/","title":{"rendered":"Wojskowe ABC"},"content":{"rendered":"<p><strong>Poziom edukacji: przedszkola i klasy 1-3<\/strong><\/p>\n<p>A jak amunicja, b jak bro\u0144, c jak\u2026? Czo\u0142g! Celem zaj\u0119\u0107 jest przybli\u017cenie zagadnie\u0144 zwi\u0105zanych z umundurowaniem i wyposa\u017ceniem \u017co\u0142nierzy. Uczestnicy poznaj\u0105 zgromadzone na wystawach eksponaty, kt\u00f3rych nazwy rozpoczynaj\u0105 si\u0119 na wybrane litery alfabetu. Dowiedz\u0105 jak wygl\u0105da\u0142 u\u0142an, po czym pozna\u0107 czo\u0142gist\u0119 oraz czego u\u017cywa wsp\u00f3\u0142czesny \u017co\u0142nierz. Za pomoc\u0105 zmys\u0142u dotyku spr\u00f3buj\u0105 rozpozna\u0107 eksponaty ukryte w tajemniczym pudle. Na koniec pokoloruj\u0105 \u017co\u0142nierzy w wybranym przez siebie kamufla\u017cu. Plakat z \u017co\u0142nierzami naklejonymi i podpisanymi imionami uczestnik\u00f3w b\u0119dzie znakomit\u0105 pami\u0105tk\u0105 z zaj\u0119\u0107. <\/p>\n<p>#\u017co\u0142nierz #ekwipunek #mundur<\/p>\n<p> Temat realizowany na salach wystawowych Muzeum Wojska w Bia\u0142ymstoku.<\/p>\n<div align=\"center\"><a href=\"https:\/\/mwb.com.pl\/rezerwacja\/przedszkola-i-klasy-i-iii\/wojskowe-abc\/\" target=\"_blank\" rel=\"noopener noreferrer\"><img decoding=\"async\" class=\"aligncenter wp-image-2736 size-thumbnail\" src=\"https:\/\/mwb.com.pl\/mwb2017\/wp-content\/uploads\/2019\/01\/booking-150x150.png\" alt=\"ikona rezerwacji\" width=\"150\" height=\"150\" srcset=\"https:\/\/mwb.com.pl\/mwb2017\/wp-content\/uploads\/2019\/01\/booking-150x150.png 150w, https:\/\/mwb.com.pl\/mwb2017\/wp-content\/uploads\/2019\/01\/booking.png 256w\" sizes=\"(max-width: 150px) 100vw, 150px\" \/><br \/>\nZarezerwuj online<\/a><\/div>\n","protected":false},"excerpt":{"rendered":"<p>Poziom edukacji: przedszkola i klasy 1-3 A jak amunicja, b jak bro\u0144, c jak\u2026? Czo\u0142g! Celem zaj\u0119\u0107 jest przybli\u017cenie zagadnie\u0144 zwi\u0105zanych z umundurowaniem i wyposa\u017ceniem \u017co\u0142nierzy. Uczestnicy poznaj\u0105 zgromadzone na wystawach eksponaty, kt\u00f3rych nazwy rozpoczynaj\u0105 si\u0119 na wybrane litery alfabetu. Dowiedz\u0105 jak wygl\u0105da\u0142 u\u0142an, po czym pozna\u0107 czo\u0142gist\u0119 oraz czego u\u017cywa wsp\u00f3\u0142czesny \u017co\u0142nierz. Za pomoc\u0105 [&hellip;]<\/p>\n","protected":false},"author":10,"featured_media":0,"parent":18,"menu_order":0,"comment_status":"closed","ping_status":"closed","template":"","meta":{"ngg_post_thumbnail":0,"h5ap_radio_sources":[],"_vp_format_video_url":"","_vp_image_focal_point":[],"footnotes":""},"class_list":["post-9618","page","type-page","status-publish","hentry"],"_links":{"self":[{"href":"https:\/\/mwb.com.pl\/mwb2017\/wp-json\/wp\/v2\/pages\/9618","targetHints":{"allow":["GET"]}}],"collection":[{"href":"https:\/\/mwb.com.pl\/mwb2017\/wp-json\/wp\/v2\/pages"}],"about":[{"href":"https:\/\/mwb.com.pl\/mwb2017\/wp-json\/wp\/v2\/types\/page"}],"author":[{"embeddable":true,"href":"https:\/\/mwb.com.pl\/mwb2017\/wp-json\/wp\/v2\/users\/10"}],"replies":[{"embeddable":true,"href":"https:\/\/mwb.com.pl\/mwb2017\/wp-json\/wp\/v2\/comments?post=9618"}],"version-history":[{"count":3,"href":"https:\/\/mwb.com.pl\/mwb2017\/wp-json\/wp\/v2\/pages\/9618\/revisions"}],"predecessor-version":[{"id":9810,"href":"https:\/\/mwb.com.pl\/mwb2017\/wp-json\/wp\/v2\/pages\/9618\/revisions\/9810"}],"up":[{"embeddable":true,"href":"https:\/\/mwb.com.pl\/mwb2017\/wp-json\/wp\/v2\/pages\/18"}],"wp:attachment":[{"href":"https:\/\/mwb.com.pl\/mwb2017\/wp-json\/wp\/v2\/media?parent=9618"}],"curies":[{"name":"wp","href":"https:\/\/api.w.org\/{rel}","templated":true}]}}