{"id":9275,"date":"2022-06-15T13:51:46","date_gmt":"2022-06-15T11:51:46","guid":{"rendered":"https:\/\/mwb.com.pl\/mwb2017\/?page_id=9275"},"modified":"2024-06-24T08:40:35","modified_gmt":"2024-06-24T06:40:35","slug":"klauzule-informacyjne","status":"publish","type":"page","link":"https:\/\/mwb.com.pl\/mwb2017\/muzeum\/klauzule-informacyjne\/","title":{"rendered":"Klauzule informacyjne"},"content":{"rendered":"<p>1. <a href=\"https:\/\/mwb.com.pl\/mwb2017\/wp-content\/uploads\/klauzule\/1.docx\" rel=\"noopener noreferrer\">Klauzula dla obs\u0142ugi BIP<\/a><\/p>\n<p>2. <a href=\"https:\/\/mwb.com.pl\/mwb2017\/wp-content\/uploads\/klauzule\/2.docx\" rel=\"noopener noreferrer\">Klauzula dla uczestnik\u00f3w bada\u0144 naukowych<\/a><\/p>\n<p>3. <a href=\"https:\/\/mwb.com.pl\/mwb2017\/wp-content\/uploads\/klauzule\/3.docx\" rel=\"noopener noreferrer\">Klauzula dla uczestnik\u00f3w konkurs\u00f3w i zaj\u0119\u0107 edukacyjnych<\/a><\/p>\n<p>4. <a href=\"https:\/\/mwb.com.pl\/mwb2017\/wp-content\/uploads\/klauzule\/4.docx\" rel=\"noopener noreferrer\">Klauzula informacyjna dla bazy marketingowej<\/a><\/p>\n<p>5. <a href=\"https:\/\/mwb.com.pl\/mwb2017\/wp-content\/uploads\/klauzule\/5.docx\" rel=\"noopener noreferrer\">Klauzula informacyjna dla cz\u0142onk\u00f3w Rady Muzeum<\/a><\/p>\n<p>6. <a href=\"https:\/\/mwb.com.pl\/mwb2017\/wp-content\/uploads\/klauzule\/6.docx\" rel=\"noopener noreferrer\">Klauzula informacyjna dla czytelnik\u00f3w biblioteki<\/a><\/p>\n<p>7. <a href=\"https:\/\/mwb.com.pl\/mwb2017\/wp-content\/uploads\/klauzule\/7.docx\" rel=\"noopener noreferrer\">Klauzula informacyjna dla klient\u00f3w sklepiku muzealnego<\/a><\/p>\n<p>8. <a href=\"https:\/\/mwb.com.pl\/mwb2017\/wp-content\/uploads\/klauzule\/8.docx\" rel=\"noopener noreferrer\">Klauzula informacyjna dla os\u00f3b, od kt\u00f3rych pozyskuje si\u0119 obiekty do zbior\u00f3w<\/a><\/p>\n<p>9. <a href=\"https:\/\/mwb.com.pl\/mwb2017\/wp-content\/uploads\/klauzule\/9.docx\" rel=\"noopener noreferrer\">Klauzula informacyjna dla os\u00f3b uczestnicz\u0105cych w zam\u00f3wieniu publicznym (oferenci)<\/a><\/p>\n<p>10. <a href=\"https:\/\/mwb.com.pl\/mwb2017\/wp-content\/uploads\/klauzule\/10.docx\" rel=\"noopener noreferrer\">Klauzula informacyjna dla rejestru skarg i za\u017cale\u0144<\/a><\/p>\n<p>11. <a href=\"https:\/\/mwb.com.pl\/mwb2017\/wp-content\/uploads\/klauzule\/11.docx\" rel=\"noopener noreferrer\">Klauzula informacyjna dla um\u00f3w-zlece\u0144, um\u00f3w o dzie\u0142o oraz z kontrahentami (CEIDG)<\/a><\/p>\n<p>12. <a href=\"https:\/\/mwb.com.pl\/mwb2017\/wp-content\/uploads\/klauzule\/12.docx\" rel=\"noopener noreferrer\">Klauzula informacyjna dla wolontariuszy<\/a><\/p>\n<p>13. <a href=\"https:\/\/mwb.com.pl\/mwb2017\/wp-content\/uploads\/klauzule\/13.docx\" rel=\"noopener noreferrer\">Klauzula informacyjna ZF\u015aS<\/a><\/p>\n<p>14. <a href=\"https:\/\/mwb.com.pl\/mwb2017\/wp-content\/uploads\/klauzule\/14.docx\" rel=\"noopener noreferrer\">Klauzula informacyjna monitoring wizyjny<\/a><\/p>\n<p>15. Klauzula informacyjna dla fanpage Administratora na Facebooku &#8211; <a href=\"https:\/\/mwb.com.pl\/mwb2017\/wp-content\/uploads\/klauzule\/15.docx\" rel=\"noopener noreferrer\">w formacie docx<\/a>, <a href=\"https:\/\/mwb.com.pl\/mwb2017\/wp-content\/uploads\/klauzule\/15.pdf\" rel=\"noopener noreferrer\">w formacie pdf<\/a><\/p>\n<p>16. Klauzula informacyjna dla YouTube &#8211; <a href=\"https:\/\/mwb.com.pl\/mwb2017\/wp-content\/uploads\/klauzule\/16.docx\" rel=\"noopener noreferrer\">w formacie docx<\/a>, <a href=\"https:\/\/mwb.com.pl\/mwb2017\/wp-content\/uploads\/klauzule\/16.pdf\" rel=\"noopener noreferrer\">w formacie pdf<\/a><\/p>\n","protected":false},"excerpt":{"rendered":"<p>1. Klauzula dla obs\u0142ugi BIP 2. Klauzula dla uczestnik\u00f3w bada\u0144 naukowych 3. Klauzula dla uczestnik\u00f3w konkurs\u00f3w i zaj\u0119\u0107 edukacyjnych 4. Klauzula informacyjna dla bazy marketingowej 5. Klauzula informacyjna dla cz\u0142onk\u00f3w Rady Muzeum 6. Klauzula informacyjna dla czytelnik\u00f3w biblioteki 7. Klauzula informacyjna dla klient\u00f3w sklepiku muzealnego 8. Klauzula informacyjna dla os\u00f3b, od kt\u00f3rych pozyskuje si\u0119 obiekty [&hellip;]<\/p>\n","protected":false},"author":1,"featured_media":0,"parent":12,"menu_order":0,"comment_status":"closed","ping_status":"closed","template":"","meta":{"ngg_post_thumbnail":0,"h5ap_radio_sources":[],"_vp_format_video_url":"","_vp_image_focal_point":[],"footnotes":""},"class_list":["post-9275","page","type-page","status-publish","hentry"],"_links":{"self":[{"href":"https:\/\/mwb.com.pl\/mwb2017\/wp-json\/wp\/v2\/pages\/9275","targetHints":{"allow":["GET"]}}],"collection":[{"href":"https:\/\/mwb.com.pl\/mwb2017\/wp-json\/wp\/v2\/pages"}],"about":[{"href":"https:\/\/mwb.com.pl\/mwb2017\/wp-json\/wp\/v2\/types\/page"}],"author":[{"embeddable":true,"href":"https:\/\/mwb.com.pl\/mwb2017\/wp-json\/wp\/v2\/users\/1"}],"replies":[{"embeddable":true,"href":"https:\/\/mwb.com.pl\/mwb2017\/wp-json\/wp\/v2\/comments?post=9275"}],"version-history":[{"count":7,"href":"https:\/\/mwb.com.pl\/mwb2017\/wp-json\/wp\/v2\/pages\/9275\/revisions"}],"predecessor-version":[{"id":13243,"href":"https:\/\/mwb.com.pl\/mwb2017\/wp-json\/wp\/v2\/pages\/9275\/revisions\/13243"}],"up":[{"embeddable":true,"href":"https:\/\/mwb.com.pl\/mwb2017\/wp-json\/wp\/v2\/pages\/12"}],"wp:attachment":[{"href":"https:\/\/mwb.com.pl\/mwb2017\/wp-json\/wp\/v2\/media?parent=9275"}],"curies":[{"name":"wp","href":"https:\/\/api.w.org\/{rel}","templated":true}]}}